{"id":7516,"date":"2025-02-10T08:42:20","date_gmt":"2025-02-10T08:42:20","guid":{"rendered":"https:\/\/divljarijeka.com\/?page_id=7516"},"modified":"2025-02-10T08:53:07","modified_gmt":"2025-02-10T08:53:07","slug":"canyoning","status":"publish","type":"page","link":"https:\/\/divljarijeka.com\/cs\/aktivity\/canyoning\/","title":{"rendered":"Canyoning"},"content":{"rendered":"\t\t<div data-elementor-type=\"wp-page\" data-elementor-id=\"7516\" class=\"elementor elementor-7516 elementor-145\">\n\t\t\t\t\t\t<div class=\"elementor-inner\">\n\t\t\t\t<div class=\"elementor-section-wrap\">\n\t\t\t\t\t\t\t\t\t<section class=\"elementor-section elementor-top-section elementor-element elementor-element-606f24a5 elementor-section-full_width elementor-section-height-min-height elementor-section-height-default elementor-section-items-middle\" data-id=\"606f24a5\" data-element_type=\"section\" data-settings=\"{&quot;background_background&quot;:&quot;classic&quot;}\">\n\t\t\t\t\t\t\t<div class=\"elementor-background-overlay\"><\/div>\n\t\t\t\t\t\t\t<div class=\"elementor-container elementor-column-gap-default\">\n\t\t\t\t\t\t\t<div class=\"elementor-row\">\n\t\t\t\t\t<div class=\"elementor-column elementor-col-100 elementor-top-column elementor-element elementor-element-5d026152\" data-id=\"5d026152\" data-element_type=\"column\">\n\t\t\t<div class=\"elementor-column-wrap elementor-element-populated\">\n\t\t\t\t\t\t\t<div class=\"elementor-widget-wrap\">\n\t\t\t\t\t\t<div class=\"elementor-element elementor-element-6fbad44e elementor-view-default elementor-position-top elementor-widget elementor-widget-themo-header\" data-id=\"6fbad44e\" data-element_type=\"widget\" data-widget_type=\"themo-header.default\">\n\t\t\t\t<div class=\"elementor-widget-container\">\n\t\t\t\t\t<div class=\"th-header-wrap\">\n        <div class=\"elementor-icon-box-wrapper \">\n                            <div class=\"elementor-icon-box-content\">\n                    <h1 class=\"elementor-icon-box-title\">\n                        Canyoning                    <\/h1>\n                                        <p class=\"elementor-icon-box-description\"><\/p>\n\n                                    <\/div>\n            <\/div>\n\n        <\/div>\n\n\t\t\t\t<\/div>\n\t\t\t\t<\/div>\n\t\t\t\t\t\t<\/div>\n\t\t\t\t\t<\/div>\n\t\t<\/div>\n\t\t\t\t\t\t\t\t<\/div>\n\t\t\t\t\t<\/div>\n\t\t<\/section>\n\t\t\t\t<section class=\"elementor-section elementor-top-section elementor-element elementor-element-56b0f26f elementor-section-boxed elementor-section-height-default elementor-section-height-default\" data-id=\"56b0f26f\" data-element_type=\"section\">\n\t\t\t\t\t\t<div class=\"elementor-container elementor-column-gap-default\">\n\t\t\t\t\t\t\t<div class=\"elementor-row\">\n\t\t\t\t\t<div class=\"elementor-column elementor-col-100 elementor-top-column elementor-element elementor-element-5f851ee\" data-id=\"5f851ee\" data-element_type=\"column\">\n\t\t\t<div class=\"elementor-column-wrap elementor-element-populated\">\n\t\t\t\t\t\t\t<div class=\"elementor-widget-wrap\">\n\t\t\t\t\t\t<div class=\"elementor-element elementor-element-6c660d8d elementor-widget elementor-widget-spacer\" data-id=\"6c660d8d\" data-element_type=\"widget\" data-widget_type=\"spacer.default\">\n\t\t\t\t<div class=\"elementor-widget-container\">\n\t\t\t\t\t<div class=\"elementor-spacer\">\n\t\t\t<div class=\"elementor-spacer-inner\"><\/div>\n\t\t<\/div>\n\t\t\t\t<\/div>\n\t\t\t\t<\/div>\n\t\t\t\t<div class=\"elementor-element elementor-element-30f755ab elementor-view-default elementor-position-top elementor-widget elementor-widget-themo-header\" data-id=\"30f755ab\" data-element_type=\"widget\" data-widget_type=\"themo-header.default\">\n\t\t\t\t<div class=\"elementor-widget-container\">\n\t\t\t\t\t<div class=\"th-header-wrap\">\n        <div class=\"elementor-icon-box-wrapper th-show-icon\">\n                            <div class=\"elementor-icon-box-icon th-icon-size-lg\">\n                    <span class=\"elementor-icon \">\n                        <i class=\"th-trip travelpack-mountains-snow\" aria-hidden=\"true\" fff><\/i>                    <\/span>\n                <\/div>\n                                <div class=\"elementor-icon-box-content\">\n                    <h2 class=\"elementor-icon-box-title\">\n                        Canyoning                    <\/h2>\n                                        <p class=\"elementor-icon-box-description\">Canyoning je extr\u00e9mn\u00ed sportovn\u00ed aktivita, kter\u00e1 zahrnuje pr\u016fjezd nehostinn\u00fdmi ka\u0148ony v kombinaci s p\u0159ekon\u00e1v\u00e1n\u00edm p\u0159\u00edrodn\u00edch p\u0159ek\u00e1\u017eek (vodop\u00e1dy, p\u0159\u00edrodn\u00ed jez\u00edrka, \u00fazk\u00e9 kamenit\u00e9 cesty) tvo\u0159en\u00e9 rychl\u00fdmi horsk\u00fdmi \u0159ekami. P\u0159\u00edroda m\u016f\u017ee b\u00fdt odm\u011bnou pro ty, kte\u0159\u00ed se neboj\u00ed, co\u017e znamen\u00e1, \u017ee najdete p\u0159\u00edrodn\u00ed krajiny a scen\u00e9rie, kter\u00e9 jste si ani nedok\u00e1zali p\u0159edstavit.<\/p>\n\n                                    <\/div>\n            <\/div>\n\n        <\/div>\n\n\t\t\t\t<\/div>\n\t\t\t\t<\/div>\n\t\t\t\t\t\t<\/div>\n\t\t\t\t\t<\/div>\n\t\t<\/div>\n\t\t\t\t\t\t\t\t<\/div>\n\t\t\t\t\t<\/div>\n\t\t<\/section>\n\t\t\t\t<section class=\"elementor-section elementor-top-section elementor-element elementor-element-3d7f61c5 elementor-section-boxed elementor-section-height-default elementor-section-height-default\" data-id=\"3d7f61c5\" data-element_type=\"section\">\n\t\t\t\t\t\t<div class=\"elementor-container elementor-column-gap-default\">\n\t\t\t\t\t\t\t<div class=\"elementor-row\">\n\t\t\t\t\t<div class=\"elementor-column elementor-col-100 elementor-top-column elementor-element elementor-element-1e10d79b\" data-id=\"1e10d79b\" data-element_type=\"column\">\n\t\t\t<div class=\"elementor-column-wrap elementor-element-populated\">\n\t\t\t\t\t\t\t<div class=\"elementor-widget-wrap\">\n\t\t\t\t\t\t<div class=\"elementor-element elementor-element-54d3f9c6 elementor-widget elementor-widget-spacer\" data-id=\"54d3f9c6\" data-element_type=\"widget\" data-widget_type=\"spacer.default\">\n\t\t\t\t<div class=\"elementor-widget-container\">\n\t\t\t\t\t<div class=\"elementor-spacer\">\n\t\t\t<div class=\"elementor-spacer-inner\"><\/div>\n\t\t<\/div>\n\t\t\t\t<\/div>\n\t\t\t\t<\/div>\n\t\t\t\t\t\t<\/div>\n\t\t\t\t\t<\/div>\n\t\t<\/div>\n\t\t\t\t\t\t\t\t<\/div>\n\t\t\t\t\t<\/div>\n\t\t<\/section>\n\t\t\t\t<section class=\"elementor-section elementor-top-section elementor-element elementor-element-74597cbf elementor-section-boxed elementor-section-height-default elementor-section-height-default\" data-id=\"74597cbf\" data-element_type=\"section\">\n\t\t\t\t\t\t<div class=\"elementor-container elementor-column-gap-default\">\n\t\t\t\t\t\t\t<div class=\"elementor-row\">\n\t\t\t\t\t<div class=\"elementor-column elementor-col-100 elementor-top-column elementor-element elementor-element-71e84eb2\" data-id=\"71e84eb2\" data-element_type=\"column\">\n\t\t\t<div class=\"elementor-column-wrap elementor-element-populated\">\n\t\t\t\t\t\t\t<div class=\"elementor-widget-wrap\">\n\t\t\t\t\t\t<div class=\"elementor-element elementor-element-57d28eff elementor-widget elementor-widget-themo-tour-grid\" data-id=\"57d28eff\" data-element_type=\"widget\" data-widget_type=\"themo-tour-grid.default\">\n\t\t\t\t<div class=\"elementor-widget-container\">\n\t\t\t\n                <div id=\"th-portfolio-content-6a0926f186f9f\" class=\"th-portfolio\">\n\n            \n            <div id=\"th-portfolio-row\" class=\"th-portfolio-row row portfolio_content  three-columns th-port-gutter\">\n\n                                        <div id=\"post-7720\" class=\"th-portfolio-item item col-md-4 col-sm-6 p-canyoning-cs p-np-durmitor-cs p-one-day-tours post-7720 themo_tour type-themo_tour status-publish format-standard has-post-thumbnail hentry themo_tour_type-canyoning-cs themo_tour_type-np-durmitor-cs themo_tour_type-one-day-tours\">\n                            <div class=\"th-port-wrap\">\n                                <img decoding=\"async\" width=\"605\" height=\"605\" src=\"https:\/\/divljarijeka.com\/wp-content\/uploads\/2025\/01\/IMG_20230625_153135_025-605x605.webp\" class=\"img-responsive th-port-img wp-post-image\" alt=\"hrcavka canyoning\" \/>\n                                <div class=\"th-port-overlay\"><\/div>\n                                <div class=\"th-port-inner\">\n                                                                            <div class=\"th-port-top-text\">Canyoning - Jednodenn\u00ed V\u00fdlet<\/div>\n                                                                        <div class=\"th-port-center\">\n                                        <h3 class=\"th-port-title\">Hr\u010davka Canyoning - Ultim\u00e1tn\u00ed Dobrodru\u017estv\u00ed<\/h3>\n                                        <p class=\"th-port-sub\">Za\u017eijte dobrodru\u017estv\u00ed na cel\u00fd \u017eivot v ka\u0148onu Hr\u010davky!<\/p>                                                                                    <span class=\"th-port-btn\">ZOBRAZIT PROHL\u00cdDKU<\/span>\n                                                                            <\/div>\n                                    <a href=\"https:\/\/divljarijeka.com\/cs\/tour\/hrcavka-canyoning\/\" class=\"th-port-link\" ><\/a>                                <\/div>\n                            <\/div>\n                        <\/div>\n                                                <div id=\"post-7806\" class=\"th-portfolio-item item col-md-4 col-sm-6 p-canyoning-cs p-np-durmitor-cs p-one-day-tours post-7806 themo_tour type-themo_tour status-publish format-standard has-post-thumbnail hentry themo_tour_type-canyoning-cs themo_tour_type-np-durmitor-cs themo_tour_type-one-day-tours\">\n                            <div class=\"th-port-wrap\">\n                                <img decoding=\"async\" width=\"605\" height=\"605\" src=\"https:\/\/divljarijeka.com\/wp-content\/uploads\/2018\/04\/adrenaline-canyoning-nevidio-605x605.jpg\" class=\"img-responsive th-port-img wp-post-image\" alt=\"Canyoning\" \/>\n                                <div class=\"th-port-overlay\"><\/div>\n                                <div class=\"th-port-inner\">\n                                                                            <div class=\"th-port-top-text\">Canyoning \u2013 Jednodenn\u00ed v\u00fdlet<\/div>\n                                                                        <div class=\"th-port-center\">\n                                        <h3 class=\"th-port-title\">Adrenalinov\u00fd canyoning - Nevidio<\/h3>\n                                        <p class=\"th-port-sub\">Ka\u0148on Nevidio je jedn\u00edm z posledn\u00edch dobyt\u00fdch ka\u0148on\u016f Evropy.<\/p>                                                                                    <span class=\"th-port-btn\">Pod\u00edvejte se na v\u00fdlet<\/span>\n                                                                            <\/div>\n                                    <a href=\"https:\/\/divljarijeka.com\/cs\/tour\/canyoning-nevidio\/\" class=\"th-port-link\" ><\/a>                                <\/div>\n                            <\/div>\n                        <\/div>\n                        \n            <\/div>\n\n        <\/div>\n\n        \t\t<\/div>\n\t\t\t\t<\/div>\n\t\t\t\t\t\t<\/div>\n\t\t\t\t\t<\/div>\n\t\t<\/div>\n\t\t\t\t\t\t\t\t<\/div>\n\t\t\t\t\t<\/div>\n\t\t<\/section>\n\t\t\t\t\t\t\t\t\t<\/div>\n\t\t\t<\/div>\n\t\t\t\t\t<\/div>\n\t\t","protected":false},"excerpt":{"rendered":"<p>Canyoning Canyoning Canyoning je extr\u00e9mn\u00ed sportovn\u00ed aktivita, kter\u00e1 zahrnuje pr\u016fjezd nehostinn\u00fdmi ka\u0148ony v kombinaci s p\u0159ekon\u00e1v\u00e1n\u00edm p\u0159\u00edrodn\u00edch p\u0159ek\u00e1\u017eek (vodop\u00e1dy, p\u0159\u00edrodn\u00ed jez\u00edrka, \u00fazk\u00e9 kamenit\u00e9 cesty) tvo\u0159en\u00e9 rychl\u00fdmi horsk\u00fdmi \u0159ekami. P\u0159\u00edroda m\u016f\u017ee b\u00fdt odm\u011bnou pro ty, kte\u0159\u00ed se neboj\u00ed, co\u017e znamen\u00e1, \u017ee &hellip; <a href=\"https:\/\/divljarijeka.com\/cs\/tour\/canyoning-nevidio\/\">Read More<\/a><\/p>\n","protected":false},"author":6,"featured_media":329,"parent":7514,"menu_order":3,"comment_status":"closed","ping_status":"closed","template":"","meta":{"inline_featured_image":false,"footnotes":""},"class_list":["post-7516","page","type-page","status-publish","has-post-thumbnail","hentry"],"yoast_head":"<!-- This site is optimized with the Yoast SEO Premium plugin v27.4 (Yoast SEO v27.4) - https:\/\/yoast.com\/product\/yoast-seo-premium-wordpress\/ -->\n<title>Canyoning - Ultimate Adventures | Rafting Tara Divlja Rijeka<\/title>\n<meta name=\"description\" content=\"Canyoning je extr\u00e9mn\u00ed sportovn\u00ed aktivita, kter\u00e1 zahrnuje pr\u016fjezd nehostinn\u00fdmi ka\u0148ony v kombinaci s p\u0159ekon\u00e1v\u00e1n\u00edm p\u0159\u00edrodn\u00edch p\u0159ek\u00e1\u017eek.\" \/>\n<meta name=\"robots\" content=\"index, follow, max-snippet:-1, max-image-preview:large, max-video-preview:-1\" \/>\n<link rel=\"canonical\" href=\"https:\/\/divljarijeka.com\/cs\/aktivity\/canyoning\/\" \/>\n<meta property=\"og:locale\" content=\"cs_CZ\" \/>\n<meta property=\"og:type\" content=\"article\" \/>\n<meta property=\"og:title\" content=\"Canyoning\" \/>\n<meta property=\"og:description\" content=\"Canyoning je extr\u00e9mn\u00ed sportovn\u00ed aktivita, kter\u00e1 zahrnuje pr\u016fjezd nehostinn\u00fdmi ka\u0148ony v kombinaci s p\u0159ekon\u00e1v\u00e1n\u00edm p\u0159\u00edrodn\u00edch p\u0159ek\u00e1\u017eek.\" \/>\n<meta property=\"og:url\" content=\"https:\/\/divljarijeka.com\/cs\/aktivity\/canyoning\/\" \/>\n<meta property=\"og:site_name\" content=\"Rafting Tara Divlja Rijeka\" \/>\n<meta property=\"article:publisher\" content=\"https:\/\/www.facebook.com\/kampdivljarijeka\/\" \/>\n<meta property=\"article:modified_time\" content=\"2025-02-10T08:53:07+00:00\" \/>\n<meta property=\"og:image\" content=\"https:\/\/divljarijeka.com\/wp-content\/uploads\/2018\/04\/adrenaline-canyoning-nevidio.jpg\" \/>\n\t<meta property=\"og:image:width\" content=\"1300\" \/>\n\t<meta property=\"og:image:height\" content=\"975\" \/>\n\t<meta property=\"og:image:type\" content=\"image\/jpeg\" \/>\n<meta name=\"twitter:card\" content=\"summary_large_image\" \/>\n<meta name=\"twitter:site\" content=\"@DivljaRijeka\" \/>\n<meta name=\"twitter:label1\" content=\"Odhadovan\u00e1 doba \u010dten\u00ed\" \/>\n\t<meta name=\"twitter:data1\" content=\"1 minuta\" \/>\n<script type=\"application\/ld+json\" class=\"yoast-schema-graph\">{\"@context\":\"https:\\\/\\\/schema.org\",\"@graph\":[{\"@type\":\"WebPage\",\"@id\":\"https:\\\/\\\/divljarijeka.com\\\/cs\\\/aktivity\\\/canyoning\\\/\",\"url\":\"https:\\\/\\\/divljarijeka.com\\\/cs\\\/aktivity\\\/canyoning\\\/\",\"name\":\"Canyoning - Ultimate Adventures | Rafting Tara Divlja Rijeka\",\"isPartOf\":{\"@id\":\"https:\\\/\\\/divljarijeka.com\\\/cs\\\/#website\"},\"primaryImageOfPage\":{\"@id\":\"https:\\\/\\\/divljarijeka.com\\\/cs\\\/aktivity\\\/canyoning\\\/#primaryimage\"},\"image\":{\"@id\":\"https:\\\/\\\/divljarijeka.com\\\/cs\\\/aktivity\\\/canyoning\\\/#primaryimage\"},\"thumbnailUrl\":\"https:\\\/\\\/divljarijeka.com\\\/wp-content\\\/uploads\\\/2018\\\/04\\\/adrenaline-canyoning-nevidio.jpg\",\"datePublished\":\"2025-02-10T08:42:20+00:00\",\"dateModified\":\"2025-02-10T08:53:07+00:00\",\"description\":\"Canyoning je extr\u00e9mn\u00ed sportovn\u00ed aktivita, kter\u00e1 zahrnuje pr\u016fjezd nehostinn\u00fdmi ka\u0148ony v kombinaci s p\u0159ekon\u00e1v\u00e1n\u00edm p\u0159\u00edrodn\u00edch p\u0159ek\u00e1\u017eek.\",\"breadcrumb\":{\"@id\":\"https:\\\/\\\/divljarijeka.com\\\/cs\\\/aktivity\\\/canyoning\\\/#breadcrumb\"},\"inLanguage\":\"cs\",\"potentialAction\":[{\"@type\":\"ReadAction\",\"target\":[\"https:\\\/\\\/divljarijeka.com\\\/cs\\\/aktivity\\\/canyoning\\\/\"]}]},{\"@type\":\"ImageObject\",\"inLanguage\":\"cs\",\"@id\":\"https:\\\/\\\/divljarijeka.com\\\/cs\\\/aktivity\\\/canyoning\\\/#primaryimage\",\"url\":\"https:\\\/\\\/divljarijeka.com\\\/wp-content\\\/uploads\\\/2018\\\/04\\\/adrenaline-canyoning-nevidio.jpg\",\"contentUrl\":\"https:\\\/\\\/divljarijeka.com\\\/wp-content\\\/uploads\\\/2018\\\/04\\\/adrenaline-canyoning-nevidio.jpg\",\"width\":1300,\"height\":975,\"caption\":\"Canyoning\"},{\"@type\":\"BreadcrumbList\",\"@id\":\"https:\\\/\\\/divljarijeka.com\\\/cs\\\/aktivity\\\/canyoning\\\/#breadcrumb\",\"itemListElement\":[{\"@type\":\"ListItem\",\"position\":1,\"name\":\"Home\",\"item\":\"https:\\\/\\\/divljarijeka.com\\\/cs\\\/\"},{\"@type\":\"ListItem\",\"position\":2,\"name\":\"Aktivity\",\"item\":\"https:\\\/\\\/divljarijeka.com\\\/cs\\\/aktivity\\\/\"},{\"@type\":\"ListItem\",\"position\":3,\"name\":\"Canyoning\"}]},{\"@type\":\"WebSite\",\"@id\":\"https:\\\/\\\/divljarijeka.com\\\/cs\\\/#website\",\"url\":\"https:\\\/\\\/divljarijeka.com\\\/cs\\\/\",\"name\":\"Rafting Tara Divlja Rijeka\",\"description\":\"\",\"publisher\":{\"@id\":\"https:\\\/\\\/divljarijeka.com\\\/cs\\\/#organization\"},\"potentialAction\":[{\"@type\":\"SearchAction\",\"target\":{\"@type\":\"EntryPoint\",\"urlTemplate\":\"https:\\\/\\\/divljarijeka.com\\\/cs\\\/?s={search_term_string}\"},\"query-input\":{\"@type\":\"PropertyValueSpecification\",\"valueRequired\":true,\"valueName\":\"search_term_string\"}}],\"inLanguage\":\"cs\"},{\"@type\":\"Organization\",\"@id\":\"https:\\\/\\\/divljarijeka.com\\\/cs\\\/#organization\",\"name\":\"Rafting Tara Divlja Rijeka\",\"url\":\"https:\\\/\\\/divljarijeka.com\\\/cs\\\/\",\"logo\":{\"@type\":\"ImageObject\",\"inLanguage\":\"cs\",\"@id\":\"https:\\\/\\\/divljarijeka.com\\\/cs\\\/#\\\/schema\\\/logo\\\/image\\\/\",\"url\":\"https:\\\/\\\/divljarijeka.com\\\/wp-content\\\/uploads\\\/2018\\\/08\\\/cropped-divlja-rijeka-rafting-publisher.png\",\"contentUrl\":\"https:\\\/\\\/divljarijeka.com\\\/wp-content\\\/uploads\\\/2018\\\/08\\\/cropped-divlja-rijeka-rafting-publisher.png\",\"width\":104,\"height\":60,\"caption\":\"Rafting Tara Divlja Rijeka\"},\"image\":{\"@id\":\"https:\\\/\\\/divljarijeka.com\\\/cs\\\/#\\\/schema\\\/logo\\\/image\\\/\"},\"sameAs\":[\"https:\\\/\\\/www.facebook.com\\\/kampdivljarijeka\\\/\",\"https:\\\/\\\/x.com\\\/DivljaRijeka\",\"https:\\\/\\\/www.instagram.com\\\/kampdivljarijeka\\\/\"]}]}<\/script>\n<!-- \/ Yoast SEO Premium plugin. -->","yoast_head_json":{"title":"Canyoning - Ultimate Adventures | Rafting Tara Divlja Rijeka","description":"Canyoning je extr\u00e9mn\u00ed sportovn\u00ed aktivita, kter\u00e1 zahrnuje pr\u016fjezd nehostinn\u00fdmi ka\u0148ony v kombinaci s p\u0159ekon\u00e1v\u00e1n\u00edm p\u0159\u00edrodn\u00edch p\u0159ek\u00e1\u017eek.","robots":{"index":"index","follow":"follow","max-snippet":"max-snippet:-1","max-image-preview":"max-image-preview:large","max-video-preview":"max-video-preview:-1"},"canonical":"https:\/\/divljarijeka.com\/cs\/aktivity\/canyoning\/","og_locale":"cs_CZ","og_type":"article","og_title":"Canyoning","og_description":"Canyoning je extr\u00e9mn\u00ed sportovn\u00ed aktivita, kter\u00e1 zahrnuje pr\u016fjezd nehostinn\u00fdmi ka\u0148ony v kombinaci s p\u0159ekon\u00e1v\u00e1n\u00edm p\u0159\u00edrodn\u00edch p\u0159ek\u00e1\u017eek.","og_url":"https:\/\/divljarijeka.com\/cs\/aktivity\/canyoning\/","og_site_name":"Rafting Tara Divlja Rijeka","article_publisher":"https:\/\/www.facebook.com\/kampdivljarijeka\/","article_modified_time":"2025-02-10T08:53:07+00:00","og_image":[{"width":1300,"height":975,"url":"https:\/\/divljarijeka.com\/wp-content\/uploads\/2018\/04\/adrenaline-canyoning-nevidio.jpg","type":"image\/jpeg"}],"twitter_card":"summary_large_image","twitter_site":"@DivljaRijeka","twitter_misc":{"Odhadovan\u00e1 doba \u010dten\u00ed":"1 minuta"},"schema":{"@context":"https:\/\/schema.org","@graph":[{"@type":"WebPage","@id":"https:\/\/divljarijeka.com\/cs\/aktivity\/canyoning\/","url":"https:\/\/divljarijeka.com\/cs\/aktivity\/canyoning\/","name":"Canyoning - Ultimate Adventures | Rafting Tara Divlja Rijeka","isPartOf":{"@id":"https:\/\/divljarijeka.com\/cs\/#website"},"primaryImageOfPage":{"@id":"https:\/\/divljarijeka.com\/cs\/aktivity\/canyoning\/#primaryimage"},"image":{"@id":"https:\/\/divljarijeka.com\/cs\/aktivity\/canyoning\/#primaryimage"},"thumbnailUrl":"https:\/\/divljarijeka.com\/wp-content\/uploads\/2018\/04\/adrenaline-canyoning-nevidio.jpg","datePublished":"2025-02-10T08:42:20+00:00","dateModified":"2025-02-10T08:53:07+00:00","description":"Canyoning je extr\u00e9mn\u00ed sportovn\u00ed aktivita, kter\u00e1 zahrnuje pr\u016fjezd nehostinn\u00fdmi ka\u0148ony v kombinaci s p\u0159ekon\u00e1v\u00e1n\u00edm p\u0159\u00edrodn\u00edch p\u0159ek\u00e1\u017eek.","breadcrumb":{"@id":"https:\/\/divljarijeka.com\/cs\/aktivity\/canyoning\/#breadcrumb"},"inLanguage":"cs","potentialAction":[{"@type":"ReadAction","target":["https:\/\/divljarijeka.com\/cs\/aktivity\/canyoning\/"]}]},{"@type":"ImageObject","inLanguage":"cs","@id":"https:\/\/divljarijeka.com\/cs\/aktivity\/canyoning\/#primaryimage","url":"https:\/\/divljarijeka.com\/wp-content\/uploads\/2018\/04\/adrenaline-canyoning-nevidio.jpg","contentUrl":"https:\/\/divljarijeka.com\/wp-content\/uploads\/2018\/04\/adrenaline-canyoning-nevidio.jpg","width":1300,"height":975,"caption":"Canyoning"},{"@type":"BreadcrumbList","@id":"https:\/\/divljarijeka.com\/cs\/aktivity\/canyoning\/#breadcrumb","itemListElement":[{"@type":"ListItem","position":1,"name":"Home","item":"https:\/\/divljarijeka.com\/cs\/"},{"@type":"ListItem","position":2,"name":"Aktivity","item":"https:\/\/divljarijeka.com\/cs\/aktivity\/"},{"@type":"ListItem","position":3,"name":"Canyoning"}]},{"@type":"WebSite","@id":"https:\/\/divljarijeka.com\/cs\/#website","url":"https:\/\/divljarijeka.com\/cs\/","name":"Rafting Tara Divlja Rijeka","description":"","publisher":{"@id":"https:\/\/divljarijeka.com\/cs\/#organization"},"potentialAction":[{"@type":"SearchAction","target":{"@type":"EntryPoint","urlTemplate":"https:\/\/divljarijeka.com\/cs\/?s={search_term_string}"},"query-input":{"@type":"PropertyValueSpecification","valueRequired":true,"valueName":"search_term_string"}}],"inLanguage":"cs"},{"@type":"Organization","@id":"https:\/\/divljarijeka.com\/cs\/#organization","name":"Rafting Tara Divlja Rijeka","url":"https:\/\/divljarijeka.com\/cs\/","logo":{"@type":"ImageObject","inLanguage":"cs","@id":"https:\/\/divljarijeka.com\/cs\/#\/schema\/logo\/image\/","url":"https:\/\/divljarijeka.com\/wp-content\/uploads\/2018\/08\/cropped-divlja-rijeka-rafting-publisher.png","contentUrl":"https:\/\/divljarijeka.com\/wp-content\/uploads\/2018\/08\/cropped-divlja-rijeka-rafting-publisher.png","width":104,"height":60,"caption":"Rafting Tara Divlja Rijeka"},"image":{"@id":"https:\/\/divljarijeka.com\/cs\/#\/schema\/logo\/image\/"},"sameAs":["https:\/\/www.facebook.com\/kampdivljarijeka\/","https:\/\/x.com\/DivljaRijeka","https:\/\/www.instagram.com\/kampdivljarijeka\/"]}]}},"_links":{"self":[{"href":"https:\/\/divljarijeka.com\/cs\/wp-json\/wp\/v2\/pages\/7516","targetHints":{"allow":["GET"]}}],"collection":[{"href":"https:\/\/divljarijeka.com\/cs\/wp-json\/wp\/v2\/pages"}],"about":[{"href":"https:\/\/divljarijeka.com\/cs\/wp-json\/wp\/v2\/types\/page"}],"author":[{"embeddable":true,"href":"https:\/\/divljarijeka.com\/cs\/wp-json\/wp\/v2\/users\/6"}],"replies":[{"embeddable":true,"href":"https:\/\/divljarijeka.com\/cs\/wp-json\/wp\/v2\/comments?post=7516"}],"version-history":[{"count":4,"href":"https:\/\/divljarijeka.com\/cs\/wp-json\/wp\/v2\/pages\/7516\/revisions"}],"predecessor-version":[{"id":7532,"href":"https:\/\/divljarijeka.com\/cs\/wp-json\/wp\/v2\/pages\/7516\/revisions\/7532"}],"up":[{"embeddable":true,"href":"https:\/\/divljarijeka.com\/cs\/wp-json\/wp\/v2\/pages\/7514"}],"wp:featuredmedia":[{"embeddable":true,"href":"https:\/\/divljarijeka.com\/cs\/wp-json\/wp\/v2\/media\/329"}],"wp:attachment":[{"href":"https:\/\/divljarijeka.com\/cs\/wp-json\/wp\/v2\/media?parent=7516"}],"curies":[{"name":"wp","href":"https:\/\/api.w.org\/{rel}","templated":true}]}}