{"id":7518,"date":"2025-02-10T08:45:56","date_gmt":"2025-02-10T08:45:56","guid":{"rendered":"https:\/\/divljarijeka.com\/?page_id=7518"},"modified":"2025-02-17T12:20:42","modified_gmt":"2025-02-17T12:20:42","slug":"pesi-turistika","status":"publish","type":"page","link":"https:\/\/divljarijeka.com\/cs\/aktivity\/pesi-turistika\/","title":{"rendered":"P\u011b\u0161\u00ed Turistika"},"content":{"rendered":"\t\t<div data-elementor-type=\"wp-page\" data-elementor-id=\"7518\" class=\"elementor elementor-7518 elementor-144 elementor-bc-flex-widget\">\n\t\t\t\t\t\t<div class=\"elementor-inner\">\n\t\t\t\t<div class=\"elementor-section-wrap\">\n\t\t\t\t\t\t\t\t\t<section class=\"elementor-section elementor-top-section elementor-element elementor-element-dc5bbc3 elementor-section-full_width elementor-section-height-min-height elementor-section-height-default elementor-section-items-middle\" data-id=\"dc5bbc3\" data-element_type=\"section\" data-settings=\"{&quot;background_background&quot;:&quot;classic&quot;}\">\n\t\t\t\t\t\t\t<div class=\"elementor-background-overlay\"><\/div>\n\t\t\t\t\t\t\t<div class=\"elementor-container elementor-column-gap-default\">\n\t\t\t\t\t\t\t<div class=\"elementor-row\">\n\t\t\t\t\t<div class=\"elementor-column elementor-col-100 elementor-top-column elementor-element elementor-element-572df3c0\" data-id=\"572df3c0\" data-element_type=\"column\">\n\t\t\t<div class=\"elementor-column-wrap elementor-element-populated\">\n\t\t\t\t\t\t\t<div class=\"elementor-widget-wrap\">\n\t\t\t\t\t\t<div class=\"elementor-element elementor-element-79c5b425 elementor-view-default elementor-position-top elementor-widget elementor-widget-themo-header\" data-id=\"79c5b425\" data-element_type=\"widget\" data-widget_type=\"themo-header.default\">\n\t\t\t\t<div class=\"elementor-widget-container\">\n\t\t\t\t\t<div class=\"th-header-wrap\">\n        <div class=\"elementor-icon-box-wrapper \">\n                            <div class=\"elementor-icon-box-content\">\n                    <h1 class=\"elementor-icon-box-title\">\n                        P\u011b\u0161\u00ed turistika                    <\/h1>\n                                        <p class=\"elementor-icon-box-description\"><\/p>\n\n                                    <\/div>\n            <\/div>\n\n        <\/div>\n\n\t\t\t\t<\/div>\n\t\t\t\t<\/div>\n\t\t\t\t\t\t<\/div>\n\t\t\t\t\t<\/div>\n\t\t<\/div>\n\t\t\t\t\t\t\t\t<\/div>\n\t\t\t\t\t<\/div>\n\t\t<\/section>\n\t\t\t\t<section class=\"elementor-section elementor-top-section elementor-element elementor-element-87761cf elementor-section-boxed elementor-section-height-default elementor-section-height-default\" data-id=\"87761cf\" data-element_type=\"section\">\n\t\t\t\t\t\t<div class=\"elementor-container elementor-column-gap-default\">\n\t\t\t\t\t\t\t<div class=\"elementor-row\">\n\t\t\t\t\t<div class=\"elementor-column elementor-col-100 elementor-top-column elementor-element elementor-element-79c46363\" data-id=\"79c46363\" data-element_type=\"column\">\n\t\t\t<div class=\"elementor-column-wrap elementor-element-populated\">\n\t\t\t\t\t\t\t<div class=\"elementor-widget-wrap\">\n\t\t\t\t\t\t<div class=\"elementor-element elementor-element-60753e37 elementor-widget elementor-widget-spacer\" data-id=\"60753e37\" data-element_type=\"widget\" data-widget_type=\"spacer.default\">\n\t\t\t\t<div class=\"elementor-widget-container\">\n\t\t\t\t\t<div class=\"elementor-spacer\">\n\t\t\t<div class=\"elementor-spacer-inner\"><\/div>\n\t\t<\/div>\n\t\t\t\t<\/div>\n\t\t\t\t<\/div>\n\t\t\t\t<div class=\"elementor-element elementor-element-48263053 elementor-view-default elementor-position-top elementor-widget elementor-widget-themo-header\" data-id=\"48263053\" data-element_type=\"widget\" data-widget_type=\"themo-header.default\">\n\t\t\t\t<div class=\"elementor-widget-container\">\n\t\t\t\t\t<div class=\"th-header-wrap\">\n        <div class=\"elementor-icon-box-wrapper th-show-icon\">\n                            <div class=\"elementor-icon-box-icon th-icon-size-lg\">\n                    <span class=\"elementor-icon \">\n                        <i class=\"th-trip travelpack-mountains-snow\" aria-hidden=\"true\" fff><\/i>                    <\/span>\n                <\/div>\n                                <div class=\"elementor-icon-box-content\">\n                    <h2 class=\"elementor-icon-box-title\">\n                        P\u011b\u0161\u00ed turistika na Balk\u00e1n\u011b                    <\/h2>\n                                        <p class=\"elementor-icon-box-description\">Kdy\u017e se rozhodnete pro p\u011b\u0161\u00ed turistiku v Bosn\u011b nebo \u010cern\u00e9 Ho\u0159e, nikdy nebudete zklam\u00e1ni. Stezky na\u0161ich hor v\u00e1s spoj\u00ed s \u00fa\u017easnou p\u0159\u00edrodou, v\u0159el\u00fdmi a pohostinn\u00fdmi lidmi a umo\u017en\u00ed v\u00e1m prozkoumat j\u00eddlo, hudbu a starosv\u011btsk\u00e9 d\u011bdictv\u00ed, kter\u00e9 v tomto kout\u011b Evropy st\u00e1le existuje.<\/p>\n\n                                    <\/div>\n            <\/div>\n\n        <\/div>\n\n\t\t\t\t<\/div>\n\t\t\t\t<\/div>\n\t\t\t\t\t\t<\/div>\n\t\t\t\t\t<\/div>\n\t\t<\/div>\n\t\t\t\t\t\t\t\t<\/div>\n\t\t\t\t\t<\/div>\n\t\t<\/section>\n\t\t\t\t<section class=\"elementor-section elementor-top-section elementor-element elementor-element-2e980062 elementor-section-boxed elementor-section-height-default elementor-section-height-default\" data-id=\"2e980062\" data-element_type=\"section\">\n\t\t\t\t\t\t<div class=\"elementor-container elementor-column-gap-default\">\n\t\t\t\t\t\t\t<div class=\"elementor-row\">\n\t\t\t\t\t<div class=\"elementor-column elementor-col-100 elementor-top-column elementor-element elementor-element-22cd2fbc\" data-id=\"22cd2fbc\" data-element_type=\"column\">\n\t\t\t<div class=\"elementor-column-wrap elementor-element-populated\">\n\t\t\t\t\t\t\t<div class=\"elementor-widget-wrap\">\n\t\t\t\t\t\t<div class=\"elementor-element elementor-element-5970a54b elementor-widget elementor-widget-spacer\" data-id=\"5970a54b\" data-element_type=\"widget\" data-widget_type=\"spacer.default\">\n\t\t\t\t<div class=\"elementor-widget-container\">\n\t\t\t\t\t<div class=\"elementor-spacer\">\n\t\t\t<div class=\"elementor-spacer-inner\"><\/div>\n\t\t<\/div>\n\t\t\t\t<\/div>\n\t\t\t\t<\/div>\n\t\t\t\t\t\t<\/div>\n\t\t\t\t\t<\/div>\n\t\t<\/div>\n\t\t\t\t\t\t\t\t<\/div>\n\t\t\t\t\t<\/div>\n\t\t<\/section>\n\t\t\t\t<section class=\"elementor-section elementor-top-section elementor-element elementor-element-50e7508 elementor-section-boxed elementor-section-height-default elementor-section-height-default\" data-id=\"50e7508\" data-element_type=\"section\">\n\t\t\t\t\t\t<div class=\"elementor-container elementor-column-gap-default\">\n\t\t\t\t\t\t\t<div class=\"elementor-row\">\n\t\t\t\t\t<div class=\"elementor-column elementor-col-100 elementor-top-column elementor-element elementor-element-f71d845\" data-id=\"f71d845\" data-element_type=\"column\">\n\t\t\t<div class=\"elementor-column-wrap elementor-element-populated\">\n\t\t\t\t\t\t\t<div class=\"elementor-widget-wrap\">\n\t\t\t\t\t\t<div class=\"elementor-element elementor-element-d4e3cce elementor-widget elementor-widget-themo-tour-grid\" data-id=\"d4e3cce\" data-element_type=\"widget\" data-widget_type=\"themo-tour-grid.default\">\n\t\t\t\t<div class=\"elementor-widget-container\">\n\t\t\t\n                <div id=\"th-portfolio-content-6a092a1df1d8f\" class=\"th-portfolio\">\n\n            \n            <div id=\"th-portfolio-row\" class=\"th-portfolio-row row portfolio_content  three-columns th-port-gutter\">\n\n                                        <div id=\"post-7834\" class=\"th-portfolio-item item col-md-4 col-sm-6 p-hiking p-maglic-cs p-np-sutjeska-cs p-one-day-tours p-perucica-cs p-trekking-cs post-7834 themo_tour type-themo_tour status-publish format-standard has-post-thumbnail hentry themo_tour_type-hiking themo_tour_type-maglic-cs themo_tour_type-np-sutjeska-cs themo_tour_type-one-day-tours themo_tour_type-perucica-cs themo_tour_type-trekking-cs\">\n                            <div class=\"th-port-wrap\">\n                                <img decoding=\"async\" width=\"394\" height=\"394\" src=\"https:\/\/divljarijeka.com\/wp-content\/uploads\/2018\/04\/maglic-montain-hike-001-394x394.jpg\" class=\"img-responsive th-port-img wp-post-image\" alt=\"Hiking\" \/>\n                                <div class=\"th-port-overlay\"><\/div>\n                                <div class=\"th-port-inner\">\n                                                                            <div class=\"th-port-top-text\">P\u011b\u0161\u00ed turistika \u2013 jednodenn\u00ed v\u00fdlet<\/div>\n                                                                        <div class=\"th-port-center\">\n                                        <h3 class=\"th-port-title\">Magli\u0107 - Nejvy\u0161\u0161\u00ed vrchol<\/h3>\n                                        <p class=\"th-port-sub\">Magli\u0107 (2386 m nm) je nejvy\u0161\u0161\u00ed hora Bosny a Hercegoviny.<\/p>                                                                                    <span class=\"th-port-btn\">Pod\u00edvejte se na v\u00fdlet!<\/span>\n                                                                            <\/div>\n                                    <a href=\"https:\/\/divljarijeka.com\/cs\/tour\/maglic\/\" class=\"th-port-link\" ><\/a>                                <\/div>\n                            <\/div>\n                        <\/div>\n                                                <div id=\"post-7843\" class=\"th-portfolio-item item col-md-4 col-sm-6 p-educational p-hiking p-np-sutjeska-cs p-one-day-tours p-perucica-cs p-trekking-cs post-7843 themo_tour type-themo_tour status-publish format-standard has-post-thumbnail hentry themo_tour_type-educational themo_tour_type-hiking themo_tour_type-np-sutjeska-cs themo_tour_type-one-day-tours themo_tour_type-perucica-cs themo_tour_type-trekking-cs\">\n                            <div class=\"th-port-wrap\">\n                                <img decoding=\"async\" width=\"394\" height=\"394\" src=\"https:\/\/divljarijeka.com\/wp-content\/uploads\/2018\/04\/perucica-hiking-002-394x394.jpg\" class=\"img-responsive th-port-img wp-post-image\" alt=\"\" \/>\n                                <div class=\"th-port-overlay\"><\/div>\n                                <div class=\"th-port-inner\">\n                                                                            <div class=\"th-port-top-text\">P\u011b\u0161\u00ed turistika - Jednodenn\u00ed v\u00fdlet<\/div>\n                                                                        <div class=\"th-port-center\">\n                                        <h3 class=\"th-port-title\">Peru\u0107ica - Podivn\u00fd les<\/h3>\n                                        <p class=\"th-port-sub\">Prales, kter\u00fd v\u00e1m bere dech<\/p>                                                                                    <span class=\"th-port-btn\">Pod\u00edvejte se na v\u00fdlet!<\/span>\n                                                                            <\/div>\n                                    <a href=\"https:\/\/divljarijeka.com\/cs\/tour\/destny-prales-perucica\/\" class=\"th-port-link\" ><\/a>                                <\/div>\n                            <\/div>\n                        <\/div>\n                                                <div id=\"post-7867\" class=\"th-portfolio-item item col-md-4 col-sm-6 p-hiking p-maglic-cs p-np-sutjeska-cs p-one-day-tours p-perucica-cs p-trnovacko-lake post-7867 themo_tour type-themo_tour status-publish format-standard has-post-thumbnail hentry themo_tour_type-hiking themo_tour_type-maglic-cs themo_tour_type-np-sutjeska-cs themo_tour_type-one-day-tours themo_tour_type-perucica-cs themo_tour_type-trnovacko-lake\">\n                            <div class=\"th-port-wrap\">\n                                <img decoding=\"async\" width=\"605\" height=\"605\" src=\"https:\/\/divljarijeka.com\/wp-content\/uploads\/2018\/04\/lake-trnovacko-.hiking-001-605x605.jpg\" class=\"img-responsive th-port-img wp-post-image\" alt=\"Trnova\u010dko lake, Vi\u0161egrad and Andri\u0107grad\" \/>\n                                <div class=\"th-port-overlay\"><\/div>\n                                <div class=\"th-port-inner\">\n                                                                            <div class=\"th-port-top-text\">P\u011b\u0161\u00ed turistika \u2013 jednodenn\u00ed v\u00fdlet<\/div>\n                                                                        <div class=\"th-port-center\">\n                                        <h3 class=\"th-port-title\">Jezero Trnova\u010dko<\/h3>\n                                        <p class=\"th-port-sub\">Kr\u00e1sn\u00e9 horsk\u00e9 jezero na \u00fapat\u00ed nejvy\u0161\u0161\u00ed hory Bosny a Hercegoviny.<\/p>                                                                                    <span class=\"th-port-btn\">Pod\u00edvejte se na v\u00fdlet<\/span>\n                                                                            <\/div>\n                                    <a href=\"https:\/\/divljarijeka.com\/cs\/tour\/jezero-trnovacko\/\" class=\"th-port-link\" ><\/a>                                <\/div>\n                            <\/div>\n                        <\/div>\n                        \n            <\/div>\n\n        <\/div>\n\n        \t\t<\/div>\n\t\t\t\t<\/div>\n\t\t\t\t\t\t<\/div>\n\t\t\t\t\t<\/div>\n\t\t<\/div>\n\t\t\t\t\t\t\t\t<\/div>\n\t\t\t\t\t<\/div>\n\t\t<\/section>\n\t\t\t\t\t\t\t\t\t<\/div>\n\t\t\t<\/div>\n\t\t\t\t\t<\/div>\n\t\t","protected":false},"excerpt":{"rendered":"<p>P\u011b\u0161\u00ed turistika P\u011b\u0161\u00ed turistika na Balk\u00e1n\u011b Kdy\u017e se rozhodnete pro p\u011b\u0161\u00ed turistiku v Bosn\u011b nebo \u010cern\u00e9 Ho\u0159e, nikdy nebudete zklam\u00e1ni. Stezky na\u0161ich hor v\u00e1s spoj\u00ed s \u00fa\u017easnou p\u0159\u00edrodou, v\u0159el\u00fdmi a pohostinn\u00fdmi lidmi a umo\u017en\u00ed v\u00e1m prozkoumat j\u00eddlo, hudbu a starosv\u011btsk\u00e9 &hellip; <a href=\"https:\/\/divljarijeka.com\/cs\/tour\/jezero-trnovacko\/\">Read More<\/a><\/p>\n","protected":false},"author":6,"featured_media":376,"parent":7514,"menu_order":4,"comment_status":"closed","ping_status":"closed","template":"","meta":{"inline_featured_image":false,"footnotes":""},"class_list":["post-7518","page","type-page","status-publish","has-post-thumbnail","hentry"],"yoast_head":"<!-- This site is optimized with the Yoast SEO Premium plugin v27.4 (Yoast SEO v27.4) - https:\/\/yoast.com\/product\/yoast-seo-premium-wordpress\/ -->\n<title>P\u011b\u0161\u00ed turistika v Bosn\u011b nebo \u010cern\u00e9 Ho\u0159e - Camp Divlja Rijeka<\/title>\n<meta name=\"description\" content=\"Kdy\u017e se rozhodnete pro p\u011b\u0161\u00ed turistiku v Bosn\u011b nebo \u010cern\u00e9 Ho\u0159e, nikdy nebudete zklam\u00e1ni. Na\u0161e horsk\u00e9 stezky v\u00e1s spoj\u00ed s p\u0159\u00edrodou.\" \/>\n<meta name=\"robots\" content=\"index, follow, max-snippet:-1, max-image-preview:large, max-video-preview:-1\" \/>\n<link rel=\"canonical\" href=\"https:\/\/divljarijeka.com\/cs\/aktivity\/pesi-turistika\/\" \/>\n<meta property=\"og:locale\" content=\"cs_CZ\" \/>\n<meta property=\"og:type\" content=\"article\" \/>\n<meta property=\"og:title\" content=\"P\u011b\u0161\u00ed Turistika\" \/>\n<meta property=\"og:description\" content=\"Kdy\u017e se rozhodnete pro p\u011b\u0161\u00ed turistiku v Bosn\u011b nebo \u010cern\u00e9 Ho\u0159e, nikdy nebudete zklam\u00e1ni. Na\u0161e horsk\u00e9 stezky v\u00e1s spoj\u00ed s p\u0159\u00edrodou.\" \/>\n<meta property=\"og:url\" content=\"https:\/\/divljarijeka.com\/cs\/aktivity\/pesi-turistika\/\" \/>\n<meta property=\"og:site_name\" content=\"Rafting Tara Divlja Rijeka\" \/>\n<meta property=\"article:publisher\" content=\"https:\/\/www.facebook.com\/kampdivljarijeka\/\" \/>\n<meta property=\"article:modified_time\" content=\"2025-02-17T12:20:42+00:00\" \/>\n<meta property=\"og:image\" content=\"https:\/\/divljarijeka.com\/wp-content\/uploads\/2018\/04\/maglic-montain-hike-001.jpg\" \/>\n\t<meta property=\"og:image:width\" content=\"900\" \/>\n\t<meta property=\"og:image:height\" content=\"601\" \/>\n\t<meta property=\"og:image:type\" content=\"image\/jpeg\" \/>\n<meta name=\"twitter:card\" content=\"summary_large_image\" \/>\n<meta name=\"twitter:site\" content=\"@DivljaRijeka\" \/>\n<meta name=\"twitter:label1\" content=\"Odhadovan\u00e1 doba \u010dten\u00ed\" \/>\n\t<meta name=\"twitter:data1\" content=\"1 minuta\" \/>\n<script type=\"application\/ld+json\" class=\"yoast-schema-graph\">{\"@context\":\"https:\\\/\\\/schema.org\",\"@graph\":[{\"@type\":\"WebPage\",\"@id\":\"https:\\\/\\\/divljarijeka.com\\\/cs\\\/aktivity\\\/pesi-turistika\\\/\",\"url\":\"https:\\\/\\\/divljarijeka.com\\\/cs\\\/aktivity\\\/pesi-turistika\\\/\",\"name\":\"P\u011b\u0161\u00ed turistika v Bosn\u011b nebo \u010cern\u00e9 Ho\u0159e - Camp Divlja Rijeka\",\"isPartOf\":{\"@id\":\"https:\\\/\\\/divljarijeka.com\\\/cs\\\/#website\"},\"primaryImageOfPage\":{\"@id\":\"https:\\\/\\\/divljarijeka.com\\\/cs\\\/aktivity\\\/pesi-turistika\\\/#primaryimage\"},\"image\":{\"@id\":\"https:\\\/\\\/divljarijeka.com\\\/cs\\\/aktivity\\\/pesi-turistika\\\/#primaryimage\"},\"thumbnailUrl\":\"https:\\\/\\\/divljarijeka.com\\\/wp-content\\\/uploads\\\/2018\\\/04\\\/maglic-montain-hike-001.jpg\",\"datePublished\":\"2025-02-10T08:45:56+00:00\",\"dateModified\":\"2025-02-17T12:20:42+00:00\",\"description\":\"Kdy\u017e se rozhodnete pro p\u011b\u0161\u00ed turistiku v Bosn\u011b nebo \u010cern\u00e9 Ho\u0159e, nikdy nebudete zklam\u00e1ni. Na\u0161e horsk\u00e9 stezky v\u00e1s spoj\u00ed s p\u0159\u00edrodou.\",\"breadcrumb\":{\"@id\":\"https:\\\/\\\/divljarijeka.com\\\/cs\\\/aktivity\\\/pesi-turistika\\\/#breadcrumb\"},\"inLanguage\":\"cs\",\"potentialAction\":[{\"@type\":\"ReadAction\",\"target\":[\"https:\\\/\\\/divljarijeka.com\\\/cs\\\/aktivity\\\/pesi-turistika\\\/\"]}]},{\"@type\":\"ImageObject\",\"inLanguage\":\"cs\",\"@id\":\"https:\\\/\\\/divljarijeka.com\\\/cs\\\/aktivity\\\/pesi-turistika\\\/#primaryimage\",\"url\":\"https:\\\/\\\/divljarijeka.com\\\/wp-content\\\/uploads\\\/2018\\\/04\\\/maglic-montain-hike-001.jpg\",\"contentUrl\":\"https:\\\/\\\/divljarijeka.com\\\/wp-content\\\/uploads\\\/2018\\\/04\\\/maglic-montain-hike-001.jpg\",\"width\":900,\"height\":601,\"caption\":\"Hiking\"},{\"@type\":\"BreadcrumbList\",\"@id\":\"https:\\\/\\\/divljarijeka.com\\\/cs\\\/aktivity\\\/pesi-turistika\\\/#breadcrumb\",\"itemListElement\":[{\"@type\":\"ListItem\",\"position\":1,\"name\":\"Home\",\"item\":\"https:\\\/\\\/divljarijeka.com\\\/cs\\\/\"},{\"@type\":\"ListItem\",\"position\":2,\"name\":\"Aktivity\",\"item\":\"https:\\\/\\\/divljarijeka.com\\\/cs\\\/aktivity\\\/\"},{\"@type\":\"ListItem\",\"position\":3,\"name\":\"P\u011b\u0161\u00ed Turistika\"}]},{\"@type\":\"WebSite\",\"@id\":\"https:\\\/\\\/divljarijeka.com\\\/cs\\\/#website\",\"url\":\"https:\\\/\\\/divljarijeka.com\\\/cs\\\/\",\"name\":\"Rafting Tara Divlja Rijeka\",\"description\":\"\",\"publisher\":{\"@id\":\"https:\\\/\\\/divljarijeka.com\\\/cs\\\/#organization\"},\"potentialAction\":[{\"@type\":\"SearchAction\",\"target\":{\"@type\":\"EntryPoint\",\"urlTemplate\":\"https:\\\/\\\/divljarijeka.com\\\/cs\\\/?s={search_term_string}\"},\"query-input\":{\"@type\":\"PropertyValueSpecification\",\"valueRequired\":true,\"valueName\":\"search_term_string\"}}],\"inLanguage\":\"cs\"},{\"@type\":\"Organization\",\"@id\":\"https:\\\/\\\/divljarijeka.com\\\/cs\\\/#organization\",\"name\":\"Rafting Tara Divlja Rijeka\",\"url\":\"https:\\\/\\\/divljarijeka.com\\\/cs\\\/\",\"logo\":{\"@type\":\"ImageObject\",\"inLanguage\":\"cs\",\"@id\":\"https:\\\/\\\/divljarijeka.com\\\/cs\\\/#\\\/schema\\\/logo\\\/image\\\/\",\"url\":\"https:\\\/\\\/divljarijeka.com\\\/wp-content\\\/uploads\\\/2018\\\/08\\\/cropped-divlja-rijeka-rafting-publisher.png\",\"contentUrl\":\"https:\\\/\\\/divljarijeka.com\\\/wp-content\\\/uploads\\\/2018\\\/08\\\/cropped-divlja-rijeka-rafting-publisher.png\",\"width\":104,\"height\":60,\"caption\":\"Rafting Tara Divlja Rijeka\"},\"image\":{\"@id\":\"https:\\\/\\\/divljarijeka.com\\\/cs\\\/#\\\/schema\\\/logo\\\/image\\\/\"},\"sameAs\":[\"https:\\\/\\\/www.facebook.com\\\/kampdivljarijeka\\\/\",\"https:\\\/\\\/x.com\\\/DivljaRijeka\",\"https:\\\/\\\/www.instagram.com\\\/kampdivljarijeka\\\/\"]}]}<\/script>\n<!-- \/ Yoast SEO Premium plugin. -->","yoast_head_json":{"title":"P\u011b\u0161\u00ed turistika v Bosn\u011b nebo \u010cern\u00e9 Ho\u0159e - Camp Divlja Rijeka","description":"Kdy\u017e se rozhodnete pro p\u011b\u0161\u00ed turistiku v Bosn\u011b nebo \u010cern\u00e9 Ho\u0159e, nikdy nebudete zklam\u00e1ni. Na\u0161e horsk\u00e9 stezky v\u00e1s spoj\u00ed s p\u0159\u00edrodou.","robots":{"index":"index","follow":"follow","max-snippet":"max-snippet:-1","max-image-preview":"max-image-preview:large","max-video-preview":"max-video-preview:-1"},"canonical":"https:\/\/divljarijeka.com\/cs\/aktivity\/pesi-turistika\/","og_locale":"cs_CZ","og_type":"article","og_title":"P\u011b\u0161\u00ed Turistika","og_description":"Kdy\u017e se rozhodnete pro p\u011b\u0161\u00ed turistiku v Bosn\u011b nebo \u010cern\u00e9 Ho\u0159e, nikdy nebudete zklam\u00e1ni. Na\u0161e horsk\u00e9 stezky v\u00e1s spoj\u00ed s p\u0159\u00edrodou.","og_url":"https:\/\/divljarijeka.com\/cs\/aktivity\/pesi-turistika\/","og_site_name":"Rafting Tara Divlja Rijeka","article_publisher":"https:\/\/www.facebook.com\/kampdivljarijeka\/","article_modified_time":"2025-02-17T12:20:42+00:00","og_image":[{"width":900,"height":601,"url":"https:\/\/divljarijeka.com\/wp-content\/uploads\/2018\/04\/maglic-montain-hike-001.jpg","type":"image\/jpeg"}],"twitter_card":"summary_large_image","twitter_site":"@DivljaRijeka","twitter_misc":{"Odhadovan\u00e1 doba \u010dten\u00ed":"1 minuta"},"schema":{"@context":"https:\/\/schema.org","@graph":[{"@type":"WebPage","@id":"https:\/\/divljarijeka.com\/cs\/aktivity\/pesi-turistika\/","url":"https:\/\/divljarijeka.com\/cs\/aktivity\/pesi-turistika\/","name":"P\u011b\u0161\u00ed turistika v Bosn\u011b nebo \u010cern\u00e9 Ho\u0159e - Camp Divlja Rijeka","isPartOf":{"@id":"https:\/\/divljarijeka.com\/cs\/#website"},"primaryImageOfPage":{"@id":"https:\/\/divljarijeka.com\/cs\/aktivity\/pesi-turistika\/#primaryimage"},"image":{"@id":"https:\/\/divljarijeka.com\/cs\/aktivity\/pesi-turistika\/#primaryimage"},"thumbnailUrl":"https:\/\/divljarijeka.com\/wp-content\/uploads\/2018\/04\/maglic-montain-hike-001.jpg","datePublished":"2025-02-10T08:45:56+00:00","dateModified":"2025-02-17T12:20:42+00:00","description":"Kdy\u017e se rozhodnete pro p\u011b\u0161\u00ed turistiku v Bosn\u011b nebo \u010cern\u00e9 Ho\u0159e, nikdy nebudete zklam\u00e1ni. Na\u0161e horsk\u00e9 stezky v\u00e1s spoj\u00ed s p\u0159\u00edrodou.","breadcrumb":{"@id":"https:\/\/divljarijeka.com\/cs\/aktivity\/pesi-turistika\/#breadcrumb"},"inLanguage":"cs","potentialAction":[{"@type":"ReadAction","target":["https:\/\/divljarijeka.com\/cs\/aktivity\/pesi-turistika\/"]}]},{"@type":"ImageObject","inLanguage":"cs","@id":"https:\/\/divljarijeka.com\/cs\/aktivity\/pesi-turistika\/#primaryimage","url":"https:\/\/divljarijeka.com\/wp-content\/uploads\/2018\/04\/maglic-montain-hike-001.jpg","contentUrl":"https:\/\/divljarijeka.com\/wp-content\/uploads\/2018\/04\/maglic-montain-hike-001.jpg","width":900,"height":601,"caption":"Hiking"},{"@type":"BreadcrumbList","@id":"https:\/\/divljarijeka.com\/cs\/aktivity\/pesi-turistika\/#breadcrumb","itemListElement":[{"@type":"ListItem","position":1,"name":"Home","item":"https:\/\/divljarijeka.com\/cs\/"},{"@type":"ListItem","position":2,"name":"Aktivity","item":"https:\/\/divljarijeka.com\/cs\/aktivity\/"},{"@type":"ListItem","position":3,"name":"P\u011b\u0161\u00ed Turistika"}]},{"@type":"WebSite","@id":"https:\/\/divljarijeka.com\/cs\/#website","url":"https:\/\/divljarijeka.com\/cs\/","name":"Rafting Tara Divlja Rijeka","description":"","publisher":{"@id":"https:\/\/divljarijeka.com\/cs\/#organization"},"potentialAction":[{"@type":"SearchAction","target":{"@type":"EntryPoint","urlTemplate":"https:\/\/divljarijeka.com\/cs\/?s={search_term_string}"},"query-input":{"@type":"PropertyValueSpecification","valueRequired":true,"valueName":"search_term_string"}}],"inLanguage":"cs"},{"@type":"Organization","@id":"https:\/\/divljarijeka.com\/cs\/#organization","name":"Rafting Tara Divlja Rijeka","url":"https:\/\/divljarijeka.com\/cs\/","logo":{"@type":"ImageObject","inLanguage":"cs","@id":"https:\/\/divljarijeka.com\/cs\/#\/schema\/logo\/image\/","url":"https:\/\/divljarijeka.com\/wp-content\/uploads\/2018\/08\/cropped-divlja-rijeka-rafting-publisher.png","contentUrl":"https:\/\/divljarijeka.com\/wp-content\/uploads\/2018\/08\/cropped-divlja-rijeka-rafting-publisher.png","width":104,"height":60,"caption":"Rafting Tara Divlja Rijeka"},"image":{"@id":"https:\/\/divljarijeka.com\/cs\/#\/schema\/logo\/image\/"},"sameAs":["https:\/\/www.facebook.com\/kampdivljarijeka\/","https:\/\/x.com\/DivljaRijeka","https:\/\/www.instagram.com\/kampdivljarijeka\/"]}]}},"_links":{"self":[{"href":"https:\/\/divljarijeka.com\/cs\/wp-json\/wp\/v2\/pages\/7518","targetHints":{"allow":["GET"]}}],"collection":[{"href":"https:\/\/divljarijeka.com\/cs\/wp-json\/wp\/v2\/pages"}],"about":[{"href":"https:\/\/divljarijeka.com\/cs\/wp-json\/wp\/v2\/types\/page"}],"author":[{"embeddable":true,"href":"https:\/\/divljarijeka.com\/cs\/wp-json\/wp\/v2\/users\/6"}],"replies":[{"embeddable":true,"href":"https:\/\/divljarijeka.com\/cs\/wp-json\/wp\/v2\/comments?post=7518"}],"version-history":[{"count":7,"href":"https:\/\/divljarijeka.com\/cs\/wp-json\/wp\/v2\/pages\/7518\/revisions"}],"predecessor-version":[{"id":7977,"href":"https:\/\/divljarijeka.com\/cs\/wp-json\/wp\/v2\/pages\/7518\/revisions\/7977"}],"up":[{"embeddable":true,"href":"https:\/\/divljarijeka.com\/cs\/wp-json\/wp\/v2\/pages\/7514"}],"wp:featuredmedia":[{"embeddable":true,"href":"https:\/\/divljarijeka.com\/cs\/wp-json\/wp\/v2\/media\/376"}],"wp:attachment":[{"href":"https:\/\/divljarijeka.com\/cs\/wp-json\/wp\/v2\/media?parent=7518"}],"curies":[{"name":"wp","href":"https:\/\/api.w.org\/{rel}","templated":true}]}}