{"id":7523,"date":"2025-02-10T08:49:24","date_gmt":"2025-02-10T08:49:24","guid":{"rendered":"https:\/\/divljarijeka.com\/?page_id=7523"},"modified":"2025-02-17T12:19:16","modified_gmt":"2025-02-17T12:19:16","slug":"jizda-na-kajaku","status":"publish","type":"page","link":"https:\/\/divljarijeka.com\/cs\/aktivity\/jizda-na-kajaku\/","title":{"rendered":"J\u00edzda na kajaku"},"content":{"rendered":"\t\t<div data-elementor-type=\"wp-page\" data-elementor-id=\"7523\" class=\"elementor elementor-7523 elementor-143 elementor-bc-flex-widget\">\n\t\t\t\t\t\t<div class=\"elementor-inner\">\n\t\t\t\t<div class=\"elementor-section-wrap\">\n\t\t\t\t\t\t\t\t\t<section class=\"elementor-section elementor-top-section elementor-element elementor-element-1b4727f8 elementor-section-full_width elementor-section-height-min-height elementor-section-height-default elementor-section-items-middle\" data-id=\"1b4727f8\" data-element_type=\"section\" data-settings=\"{&quot;background_background&quot;:&quot;classic&quot;}\">\n\t\t\t\t\t\t\t<div class=\"elementor-background-overlay\"><\/div>\n\t\t\t\t\t\t\t<div class=\"elementor-container elementor-column-gap-default\">\n\t\t\t\t\t\t\t<div class=\"elementor-row\">\n\t\t\t\t\t<div class=\"elementor-column elementor-col-100 elementor-top-column elementor-element elementor-element-7c1dfb8d\" data-id=\"7c1dfb8d\" data-element_type=\"column\">\n\t\t\t<div class=\"elementor-column-wrap elementor-element-populated\">\n\t\t\t\t\t\t\t<div class=\"elementor-widget-wrap\">\n\t\t\t\t\t\t<div class=\"elementor-element elementor-element-64dda616 elementor-view-default elementor-position-top elementor-widget elementor-widget-themo-header\" data-id=\"64dda616\" data-element_type=\"widget\" data-widget_type=\"themo-header.default\">\n\t\t\t\t<div class=\"elementor-widget-container\">\n\t\t\t\t\t<div class=\"th-header-wrap\">\n        <div class=\"elementor-icon-box-wrapper \">\n                            <div class=\"elementor-icon-box-content\">\n                    <h1 class=\"elementor-icon-box-title\">\n                        J\u00edzda na kajaku                    <\/h1>\n                                        <p class=\"elementor-icon-box-description\"><\/p>\n\n                                    <\/div>\n            <\/div>\n\n        <\/div>\n\n\t\t\t\t<\/div>\n\t\t\t\t<\/div>\n\t\t\t\t\t\t<\/div>\n\t\t\t\t\t<\/div>\n\t\t<\/div>\n\t\t\t\t\t\t\t\t<\/div>\n\t\t\t\t\t<\/div>\n\t\t<\/section>\n\t\t\t\t<section class=\"elementor-section elementor-top-section elementor-element elementor-element-37f9c390 elementor-section-boxed elementor-section-height-default elementor-section-height-default\" data-id=\"37f9c390\" data-element_type=\"section\">\n\t\t\t\t\t\t<div class=\"elementor-container elementor-column-gap-default\">\n\t\t\t\t\t\t\t<div class=\"elementor-row\">\n\t\t\t\t\t<div class=\"elementor-column elementor-col-100 elementor-top-column elementor-element elementor-element-55fc8605\" data-id=\"55fc8605\" data-element_type=\"column\">\n\t\t\t<div class=\"elementor-column-wrap elementor-element-populated\">\n\t\t\t\t\t\t\t<div class=\"elementor-widget-wrap\">\n\t\t\t\t\t\t<div class=\"elementor-element elementor-element-e4cac88 elementor-widget elementor-widget-spacer\" data-id=\"e4cac88\" data-element_type=\"widget\" data-widget_type=\"spacer.default\">\n\t\t\t\t<div class=\"elementor-widget-container\">\n\t\t\t\t\t<div class=\"elementor-spacer\">\n\t\t\t<div class=\"elementor-spacer-inner\"><\/div>\n\t\t<\/div>\n\t\t\t\t<\/div>\n\t\t\t\t<\/div>\n\t\t\t\t<div class=\"elementor-element elementor-element-3679ee3b elementor-view-default elementor-position-top elementor-widget elementor-widget-themo-header\" data-id=\"3679ee3b\" data-element_type=\"widget\" data-widget_type=\"themo-header.default\">\n\t\t\t\t<div class=\"elementor-widget-container\">\n\t\t\t\t\t<div class=\"th-header-wrap\">\n        <div class=\"elementor-icon-box-wrapper th-show-icon\">\n                            <div class=\"elementor-icon-box-icon th-icon-size-lg\">\n                    <span class=\"elementor-icon \">\n                        <i class=\"th-trip travelpack-kayak\" aria-hidden=\"true\" fff><\/i>                    <\/span>\n                <\/div>\n                                <div class=\"elementor-icon-box-content\">\n                    <h2 class=\"elementor-icon-box-title\">\n                        J\u00edzda na kajaku v na\u0161\u00ed oblasti                    <\/h2>\n                                        <p class=\"elementor-icon-box-description\">Po\u010d\u00e1tky raftingu Tara a Drina se datuj\u00ed na za\u010d\u00e1tek 20. stolet\u00ed. Prvn\u00edmi turisty v t\u011bchto oblastech byli Britov\u00e9 a N\u011bmci, n\u011bkdy v roce 1923. Kajak\u00e1\u0159i p\u0159i\u0161li v roce 1931. Prvn\u00ed kajak\u00e1\u0159i p\u0159i\u0161li z Rakouska a \u010ceskoslovenska. N\u011bkter\u00e9 historick\u00e9 spisy z muzea Fo\u010da v\u0161ak nazna\u010duj\u00ed, \u017ee bohat\u00ed Raku\u0161an\u00e9 provozovali rafting Tara a u\u017e\u00edvali si kouzlo t\u00e9to evropsk\u00e9 kr\u00e1sy ji\u017e v roce 1905. P\u0159es pe\u0159eje Tara a Drina jim pom\u00e1hali vysoce kvalifikovan\u00ed horalov\u00e9, takzvan\u00ed Trifta\u0159i.<\/p>\n\n                                    <\/div>\n            <\/div>\n\n        <\/div>\n\n\t\t\t\t<\/div>\n\t\t\t\t<\/div>\n\t\t\t\t\t\t<\/div>\n\t\t\t\t\t<\/div>\n\t\t<\/div>\n\t\t\t\t\t\t\t\t<\/div>\n\t\t\t\t\t<\/div>\n\t\t<\/section>\n\t\t\t\t<section class=\"elementor-section elementor-top-section elementor-element elementor-element-12d2266c elementor-section-boxed elementor-section-height-default elementor-section-height-default\" data-id=\"12d2266c\" data-element_type=\"section\">\n\t\t\t\t\t\t<div class=\"elementor-container elementor-column-gap-default\">\n\t\t\t\t\t\t\t<div class=\"elementor-row\">\n\t\t\t\t\t<div class=\"elementor-column elementor-col-100 elementor-top-column elementor-element elementor-element-51a3ad44\" data-id=\"51a3ad44\" data-element_type=\"column\">\n\t\t\t<div class=\"elementor-column-wrap elementor-element-populated\">\n\t\t\t\t\t\t\t<div class=\"elementor-widget-wrap\">\n\t\t\t\t\t\t<div class=\"elementor-element elementor-element-20f0175 elementor-widget elementor-widget-spacer\" data-id=\"20f0175\" data-element_type=\"widget\" data-widget_type=\"spacer.default\">\n\t\t\t\t<div class=\"elementor-widget-container\">\n\t\t\t\t\t<div class=\"elementor-spacer\">\n\t\t\t<div class=\"elementor-spacer-inner\"><\/div>\n\t\t<\/div>\n\t\t\t\t<\/div>\n\t\t\t\t<\/div>\n\t\t\t\t\t\t<\/div>\n\t\t\t\t\t<\/div>\n\t\t<\/div>\n\t\t\t\t\t\t\t\t<\/div>\n\t\t\t\t\t<\/div>\n\t\t<\/section>\n\t\t\t\t<section class=\"elementor-section elementor-top-section elementor-element elementor-element-7555504 elementor-section-boxed elementor-section-height-default elementor-section-height-default\" data-id=\"7555504\" data-element_type=\"section\">\n\t\t\t\t\t\t<div class=\"elementor-container elementor-column-gap-default\">\n\t\t\t\t\t\t\t<div class=\"elementor-row\">\n\t\t\t\t\t<div class=\"elementor-column elementor-col-100 elementor-top-column elementor-element elementor-element-eb7ec31\" data-id=\"eb7ec31\" data-element_type=\"column\">\n\t\t\t<div class=\"elementor-column-wrap elementor-element-populated\">\n\t\t\t\t\t\t\t<div class=\"elementor-widget-wrap\">\n\t\t\t\t\t\t<div class=\"elementor-element elementor-element-fe741cc elementor-widget elementor-widget-themo-tour-grid\" data-id=\"fe741cc\" data-element_type=\"widget\" data-widget_type=\"themo-tour-grid.default\">\n\t\t\t\t<div class=\"elementor-widget-container\">\n\t\t\t\n                <div id=\"th-portfolio-content-6a0928e94df86\" class=\"th-portfolio\">\n\n            \n            <div id=\"th-portfolio-row\" class=\"th-portfolio-row row portfolio_content  three-columns th-port-gutter\">\n\n                                        <div id=\"post-7785\" class=\"th-portfolio-item item col-md-4 col-sm-6 p-jednodnevni-izleti p-kajaking p-kayaking p-tara-cs post-7785 themo_tour type-themo_tour status-publish format-standard has-post-thumbnail hentry themo_tour_type-jednodnevni-izleti themo_tour_type-kajaking themo_tour_type-kayaking themo_tour_type-tara-cs\">\n                            <div class=\"th-port-wrap\">\n                                <img decoding=\"async\" width=\"605\" height=\"605\" src=\"https:\/\/divljarijeka.com\/wp-content\/uploads\/2018\/04\/tara-kayaking-tour-605x605.jpg\" class=\"img-responsive th-port-img wp-post-image\" alt=\"\" \/>\n                                <div class=\"th-port-overlay\"><\/div>\n                                <div class=\"th-port-inner\">\n                                                                            <div class=\"th-port-top-text\">Tara Kayaking - Jednodenn\u00ed v\u00fdlet<\/div>\n                                                                        <div class=\"th-port-center\">\n                                        <h3 class=\"th-port-title\">Prozkoumejte Taru na kajaku<\/h3>\n                                        <p class=\"th-port-sub\">Za\u017eijte ka\u0148on Tara z jin\u00e9 perspektivy.<\/p>                                                                                    <span class=\"th-port-btn\">ZOBRAZIT PROHL\u00cdDKU!<\/span>\n                                                                            <\/div>\n                                    <a href=\"https:\/\/divljarijeka.com\/cs\/tour\/jizda-na-kajaku-na-tara\/\" class=\"th-port-link\" ><\/a>                                <\/div>\n                            <\/div>\n                        <\/div>\n                                                <div id=\"post-7815\" class=\"th-portfolio-item item col-md-4 col-sm-6 p-drina-cs p-educational p-kayaking p-one-day-tours post-7815 themo_tour type-themo_tour status-publish format-standard has-post-thumbnail hentry themo_tour_type-drina-cs themo_tour_type-educational themo_tour_type-kayaking themo_tour_type-one-day-tours\">\n                            <div class=\"th-port-wrap\">\n                                <img decoding=\"async\" width=\"605\" height=\"605\" src=\"https:\/\/divljarijeka.com\/wp-content\/uploads\/2018\/04\/kayaking-on-drina-003-605x605.jpg\" class=\"img-responsive th-port-img wp-post-image\" alt=\"Drina kayaking tour wtih two kayaks\" \/>\n                                <div class=\"th-port-overlay\"><\/div>\n                                <div class=\"th-port-inner\">\n                                                                            <div class=\"th-port-top-text\">J\u00edzda na kajaku \u2013 jednodenn\u00ed v\u00fdlet<\/div>\n                                                                        <div class=\"th-port-center\">\n                                        <h3 class=\"th-port-title\">J\u00edzda na kajaku na Drin\u011b<\/h3>\n                                        <p class=\"th-port-sub\">Kajak\u00e1\u0159i objevili kr\u00e1su \u0159eky Driny ji\u017e v roce 1923. Nau\u010dte se z\u00e1klady j\u00edzdy na kajaku na divok\u00e9 vod\u011b.<\/p>                                                                                    <span class=\"th-port-btn\">Pod\u00edvejte se na v\u00fdlet!<\/span>\n                                                                            <\/div>\n                                    <a href=\"https:\/\/divljarijeka.com\/cs\/tour\/jizda-na-kajaku-na-drina\/\" class=\"th-port-link\" ><\/a>                                <\/div>\n                            <\/div>\n                        <\/div>\n                        \n            <\/div>\n\n        <\/div>\n\n        \t\t<\/div>\n\t\t\t\t<\/div>\n\t\t\t\t\t\t<\/div>\n\t\t\t\t\t<\/div>\n\t\t<\/div>\n\t\t\t\t\t\t\t\t<\/div>\n\t\t\t\t\t<\/div>\n\t\t<\/section>\n\t\t\t\t\t\t\t\t\t<\/div>\n\t\t\t<\/div>\n\t\t\t\t\t<\/div>\n\t\t","protected":false},"excerpt":{"rendered":"<p>J\u00edzda na kajaku J\u00edzda na kajaku v na\u0161\u00ed oblasti Po\u010d\u00e1tky raftingu Tara a Drina se datuj\u00ed na za\u010d\u00e1tek 20. stolet\u00ed. Prvn\u00edmi turisty v t\u011bchto oblastech byli Britov\u00e9 a N\u011bmci, n\u011bkdy v roce 1923. Kajak\u00e1\u0159i p\u0159i\u0161li v roce 1931. Prvn\u00ed kajak\u00e1\u0159i &hellip; <a href=\"https:\/\/divljarijeka.com\/cs\/tour\/jizda-na-kajaku-na-drina\/\">Read More<\/a><\/p>\n","protected":false},"author":6,"featured_media":347,"parent":7514,"menu_order":7,"comment_status":"closed","ping_status":"closed","template":"","meta":{"inline_featured_image":false,"footnotes":""},"class_list":["post-7523","page","type-page","status-publish","has-post-thumbnail","hentry"],"yoast_head":"<!-- This site is optimized with the Yoast SEO Premium plugin v27.4 (Yoast SEO v27.4) - https:\/\/yoast.com\/product\/yoast-seo-premium-wordpress\/ -->\n<title>J\u00edzda na kajaku - Drina a Tara | Rafting Tara Divlja Rijeka<\/title>\n<meta name=\"description\" content=\"Kemp Divlja Rijeka nab\u00edz\u00ed \u00fa\u017easn\u00e9 dobrodru\u017estv\u00ed Tara na kajaku a raftingu. Nab\u00edz\u00edme dva r\u016fzn\u00e9 jednodenn\u00ed z\u00e1jezdy na Drinu a Taru.\" \/>\n<meta name=\"robots\" content=\"index, follow, max-snippet:-1, max-image-preview:large, max-video-preview:-1\" \/>\n<link rel=\"canonical\" href=\"https:\/\/divljarijeka.com\/cs\/aktivity\/jizda-na-kajaku\/\" \/>\n<meta property=\"og:locale\" content=\"cs_CZ\" \/>\n<meta property=\"og:type\" content=\"article\" \/>\n<meta property=\"og:title\" content=\"J\u00edzda na kajaku\" \/>\n<meta property=\"og:description\" content=\"Kemp Divlja Rijeka nab\u00edz\u00ed \u00fa\u017easn\u00e9 dobrodru\u017estv\u00ed Tara na kajaku a raftingu. Nab\u00edz\u00edme dva r\u016fzn\u00e9 jednodenn\u00ed z\u00e1jezdy na Drinu a Taru.\" \/>\n<meta property=\"og:url\" content=\"https:\/\/divljarijeka.com\/cs\/aktivity\/jizda-na-kajaku\/\" \/>\n<meta property=\"og:site_name\" content=\"Rafting Tara Divlja Rijeka\" \/>\n<meta property=\"article:publisher\" content=\"https:\/\/www.facebook.com\/kampdivljarijeka\/\" \/>\n<meta property=\"article:modified_time\" content=\"2025-02-17T12:19:16+00:00\" \/>\n<meta property=\"og:image\" content=\"https:\/\/divljarijeka.com\/wp-content\/uploads\/2018\/04\/kayaking-on-drina-003.jpg\" \/>\n\t<meta property=\"og:image:width\" content=\"1200\" \/>\n\t<meta property=\"og:image:height\" content=\"900\" \/>\n\t<meta property=\"og:image:type\" content=\"image\/jpeg\" \/>\n<meta name=\"twitter:card\" content=\"summary_large_image\" \/>\n<meta name=\"twitter:site\" content=\"@DivljaRijeka\" \/>\n<meta name=\"twitter:label1\" content=\"Odhadovan\u00e1 doba \u010dten\u00ed\" \/>\n\t<meta name=\"twitter:data1\" content=\"1 minuta\" \/>\n<script type=\"application\/ld+json\" class=\"yoast-schema-graph\">{\"@context\":\"https:\\\/\\\/schema.org\",\"@graph\":[{\"@type\":\"WebPage\",\"@id\":\"https:\\\/\\\/divljarijeka.com\\\/cs\\\/aktivity\\\/jizda-na-kajaku\\\/\",\"url\":\"https:\\\/\\\/divljarijeka.com\\\/cs\\\/aktivity\\\/jizda-na-kajaku\\\/\",\"name\":\"J\u00edzda na kajaku - Drina a Tara | Rafting Tara Divlja Rijeka\",\"isPartOf\":{\"@id\":\"https:\\\/\\\/divljarijeka.com\\\/cs\\\/#website\"},\"primaryImageOfPage\":{\"@id\":\"https:\\\/\\\/divljarijeka.com\\\/cs\\\/aktivity\\\/jizda-na-kajaku\\\/#primaryimage\"},\"image\":{\"@id\":\"https:\\\/\\\/divljarijeka.com\\\/cs\\\/aktivity\\\/jizda-na-kajaku\\\/#primaryimage\"},\"thumbnailUrl\":\"https:\\\/\\\/divljarijeka.com\\\/wp-content\\\/uploads\\\/2018\\\/04\\\/kayaking-on-drina-003.jpg\",\"datePublished\":\"2025-02-10T08:49:24+00:00\",\"dateModified\":\"2025-02-17T12:19:16+00:00\",\"description\":\"Kemp Divlja Rijeka nab\u00edz\u00ed \u00fa\u017easn\u00e9 dobrodru\u017estv\u00ed Tara na kajaku a raftingu. Nab\u00edz\u00edme dva r\u016fzn\u00e9 jednodenn\u00ed z\u00e1jezdy na Drinu a Taru.\",\"breadcrumb\":{\"@id\":\"https:\\\/\\\/divljarijeka.com\\\/cs\\\/aktivity\\\/jizda-na-kajaku\\\/#breadcrumb\"},\"inLanguage\":\"cs\",\"potentialAction\":[{\"@type\":\"ReadAction\",\"target\":[\"https:\\\/\\\/divljarijeka.com\\\/cs\\\/aktivity\\\/jizda-na-kajaku\\\/\"]}]},{\"@type\":\"ImageObject\",\"inLanguage\":\"cs\",\"@id\":\"https:\\\/\\\/divljarijeka.com\\\/cs\\\/aktivity\\\/jizda-na-kajaku\\\/#primaryimage\",\"url\":\"https:\\\/\\\/divljarijeka.com\\\/wp-content\\\/uploads\\\/2018\\\/04\\\/kayaking-on-drina-003.jpg\",\"contentUrl\":\"https:\\\/\\\/divljarijeka.com\\\/wp-content\\\/uploads\\\/2018\\\/04\\\/kayaking-on-drina-003.jpg\",\"width\":1200,\"height\":900,\"caption\":\"Drina kayaking tour wtih two kayaks\"},{\"@type\":\"BreadcrumbList\",\"@id\":\"https:\\\/\\\/divljarijeka.com\\\/cs\\\/aktivity\\\/jizda-na-kajaku\\\/#breadcrumb\",\"itemListElement\":[{\"@type\":\"ListItem\",\"position\":1,\"name\":\"Home\",\"item\":\"https:\\\/\\\/divljarijeka.com\\\/cs\\\/\"},{\"@type\":\"ListItem\",\"position\":2,\"name\":\"Aktivity\",\"item\":\"https:\\\/\\\/divljarijeka.com\\\/cs\\\/aktivity\\\/\"},{\"@type\":\"ListItem\",\"position\":3,\"name\":\"J\u00edzda na kajaku\"}]},{\"@type\":\"WebSite\",\"@id\":\"https:\\\/\\\/divljarijeka.com\\\/cs\\\/#website\",\"url\":\"https:\\\/\\\/divljarijeka.com\\\/cs\\\/\",\"name\":\"Rafting Tara Divlja Rijeka\",\"description\":\"\",\"publisher\":{\"@id\":\"https:\\\/\\\/divljarijeka.com\\\/cs\\\/#organization\"},\"potentialAction\":[{\"@type\":\"SearchAction\",\"target\":{\"@type\":\"EntryPoint\",\"urlTemplate\":\"https:\\\/\\\/divljarijeka.com\\\/cs\\\/?s={search_term_string}\"},\"query-input\":{\"@type\":\"PropertyValueSpecification\",\"valueRequired\":true,\"valueName\":\"search_term_string\"}}],\"inLanguage\":\"cs\"},{\"@type\":\"Organization\",\"@id\":\"https:\\\/\\\/divljarijeka.com\\\/cs\\\/#organization\",\"name\":\"Rafting Tara Divlja Rijeka\",\"url\":\"https:\\\/\\\/divljarijeka.com\\\/cs\\\/\",\"logo\":{\"@type\":\"ImageObject\",\"inLanguage\":\"cs\",\"@id\":\"https:\\\/\\\/divljarijeka.com\\\/cs\\\/#\\\/schema\\\/logo\\\/image\\\/\",\"url\":\"https:\\\/\\\/divljarijeka.com\\\/wp-content\\\/uploads\\\/2018\\\/08\\\/cropped-divlja-rijeka-rafting-publisher.png\",\"contentUrl\":\"https:\\\/\\\/divljarijeka.com\\\/wp-content\\\/uploads\\\/2018\\\/08\\\/cropped-divlja-rijeka-rafting-publisher.png\",\"width\":104,\"height\":60,\"caption\":\"Rafting Tara Divlja Rijeka\"},\"image\":{\"@id\":\"https:\\\/\\\/divljarijeka.com\\\/cs\\\/#\\\/schema\\\/logo\\\/image\\\/\"},\"sameAs\":[\"https:\\\/\\\/www.facebook.com\\\/kampdivljarijeka\\\/\",\"https:\\\/\\\/x.com\\\/DivljaRijeka\",\"https:\\\/\\\/www.instagram.com\\\/kampdivljarijeka\\\/\"]}]}<\/script>\n<!-- \/ Yoast SEO Premium plugin. -->","yoast_head_json":{"title":"J\u00edzda na kajaku - Drina a Tara | Rafting Tara Divlja Rijeka","description":"Kemp Divlja Rijeka nab\u00edz\u00ed \u00fa\u017easn\u00e9 dobrodru\u017estv\u00ed Tara na kajaku a raftingu. Nab\u00edz\u00edme dva r\u016fzn\u00e9 jednodenn\u00ed z\u00e1jezdy na Drinu a Taru.","robots":{"index":"index","follow":"follow","max-snippet":"max-snippet:-1","max-image-preview":"max-image-preview:large","max-video-preview":"max-video-preview:-1"},"canonical":"https:\/\/divljarijeka.com\/cs\/aktivity\/jizda-na-kajaku\/","og_locale":"cs_CZ","og_type":"article","og_title":"J\u00edzda na kajaku","og_description":"Kemp Divlja Rijeka nab\u00edz\u00ed \u00fa\u017easn\u00e9 dobrodru\u017estv\u00ed Tara na kajaku a raftingu. Nab\u00edz\u00edme dva r\u016fzn\u00e9 jednodenn\u00ed z\u00e1jezdy na Drinu a Taru.","og_url":"https:\/\/divljarijeka.com\/cs\/aktivity\/jizda-na-kajaku\/","og_site_name":"Rafting Tara Divlja Rijeka","article_publisher":"https:\/\/www.facebook.com\/kampdivljarijeka\/","article_modified_time":"2025-02-17T12:19:16+00:00","og_image":[{"width":1200,"height":900,"url":"https:\/\/divljarijeka.com\/wp-content\/uploads\/2018\/04\/kayaking-on-drina-003.jpg","type":"image\/jpeg"}],"twitter_card":"summary_large_image","twitter_site":"@DivljaRijeka","twitter_misc":{"Odhadovan\u00e1 doba \u010dten\u00ed":"1 minuta"},"schema":{"@context":"https:\/\/schema.org","@graph":[{"@type":"WebPage","@id":"https:\/\/divljarijeka.com\/cs\/aktivity\/jizda-na-kajaku\/","url":"https:\/\/divljarijeka.com\/cs\/aktivity\/jizda-na-kajaku\/","name":"J\u00edzda na kajaku - Drina a Tara | Rafting Tara Divlja Rijeka","isPartOf":{"@id":"https:\/\/divljarijeka.com\/cs\/#website"},"primaryImageOfPage":{"@id":"https:\/\/divljarijeka.com\/cs\/aktivity\/jizda-na-kajaku\/#primaryimage"},"image":{"@id":"https:\/\/divljarijeka.com\/cs\/aktivity\/jizda-na-kajaku\/#primaryimage"},"thumbnailUrl":"https:\/\/divljarijeka.com\/wp-content\/uploads\/2018\/04\/kayaking-on-drina-003.jpg","datePublished":"2025-02-10T08:49:24+00:00","dateModified":"2025-02-17T12:19:16+00:00","description":"Kemp Divlja Rijeka nab\u00edz\u00ed \u00fa\u017easn\u00e9 dobrodru\u017estv\u00ed Tara na kajaku a raftingu. Nab\u00edz\u00edme dva r\u016fzn\u00e9 jednodenn\u00ed z\u00e1jezdy na Drinu a Taru.","breadcrumb":{"@id":"https:\/\/divljarijeka.com\/cs\/aktivity\/jizda-na-kajaku\/#breadcrumb"},"inLanguage":"cs","potentialAction":[{"@type":"ReadAction","target":["https:\/\/divljarijeka.com\/cs\/aktivity\/jizda-na-kajaku\/"]}]},{"@type":"ImageObject","inLanguage":"cs","@id":"https:\/\/divljarijeka.com\/cs\/aktivity\/jizda-na-kajaku\/#primaryimage","url":"https:\/\/divljarijeka.com\/wp-content\/uploads\/2018\/04\/kayaking-on-drina-003.jpg","contentUrl":"https:\/\/divljarijeka.com\/wp-content\/uploads\/2018\/04\/kayaking-on-drina-003.jpg","width":1200,"height":900,"caption":"Drina kayaking tour wtih two kayaks"},{"@type":"BreadcrumbList","@id":"https:\/\/divljarijeka.com\/cs\/aktivity\/jizda-na-kajaku\/#breadcrumb","itemListElement":[{"@type":"ListItem","position":1,"name":"Home","item":"https:\/\/divljarijeka.com\/cs\/"},{"@type":"ListItem","position":2,"name":"Aktivity","item":"https:\/\/divljarijeka.com\/cs\/aktivity\/"},{"@type":"ListItem","position":3,"name":"J\u00edzda na kajaku"}]},{"@type":"WebSite","@id":"https:\/\/divljarijeka.com\/cs\/#website","url":"https:\/\/divljarijeka.com\/cs\/","name":"Rafting Tara Divlja Rijeka","description":"","publisher":{"@id":"https:\/\/divljarijeka.com\/cs\/#organization"},"potentialAction":[{"@type":"SearchAction","target":{"@type":"EntryPoint","urlTemplate":"https:\/\/divljarijeka.com\/cs\/?s={search_term_string}"},"query-input":{"@type":"PropertyValueSpecification","valueRequired":true,"valueName":"search_term_string"}}],"inLanguage":"cs"},{"@type":"Organization","@id":"https:\/\/divljarijeka.com\/cs\/#organization","name":"Rafting Tara Divlja Rijeka","url":"https:\/\/divljarijeka.com\/cs\/","logo":{"@type":"ImageObject","inLanguage":"cs","@id":"https:\/\/divljarijeka.com\/cs\/#\/schema\/logo\/image\/","url":"https:\/\/divljarijeka.com\/wp-content\/uploads\/2018\/08\/cropped-divlja-rijeka-rafting-publisher.png","contentUrl":"https:\/\/divljarijeka.com\/wp-content\/uploads\/2018\/08\/cropped-divlja-rijeka-rafting-publisher.png","width":104,"height":60,"caption":"Rafting Tara Divlja Rijeka"},"image":{"@id":"https:\/\/divljarijeka.com\/cs\/#\/schema\/logo\/image\/"},"sameAs":["https:\/\/www.facebook.com\/kampdivljarijeka\/","https:\/\/x.com\/DivljaRijeka","https:\/\/www.instagram.com\/kampdivljarijeka\/"]}]}},"_links":{"self":[{"href":"https:\/\/divljarijeka.com\/cs\/wp-json\/wp\/v2\/pages\/7523","targetHints":{"allow":["GET"]}}],"collection":[{"href":"https:\/\/divljarijeka.com\/cs\/wp-json\/wp\/v2\/pages"}],"about":[{"href":"https:\/\/divljarijeka.com\/cs\/wp-json\/wp\/v2\/types\/page"}],"author":[{"embeddable":true,"href":"https:\/\/divljarijeka.com\/cs\/wp-json\/wp\/v2\/users\/6"}],"replies":[{"embeddable":true,"href":"https:\/\/divljarijeka.com\/cs\/wp-json\/wp\/v2\/comments?post=7523"}],"version-history":[{"count":7,"href":"https:\/\/divljarijeka.com\/cs\/wp-json\/wp\/v2\/pages\/7523\/revisions"}],"predecessor-version":[{"id":7974,"href":"https:\/\/divljarijeka.com\/cs\/wp-json\/wp\/v2\/pages\/7523\/revisions\/7974"}],"up":[{"embeddable":true,"href":"https:\/\/divljarijeka.com\/cs\/wp-json\/wp\/v2\/pages\/7514"}],"wp:featuredmedia":[{"embeddable":true,"href":"https:\/\/divljarijeka.com\/cs\/wp-json\/wp\/v2\/media\/347"}],"wp:attachment":[{"href":"https:\/\/divljarijeka.com\/cs\/wp-json\/wp\/v2\/media?parent=7523"}],"curies":[{"name":"wp","href":"https:\/\/api.w.org\/{rel}","templated":true}]}}