{"id":7549,"date":"2025-02-10T09:01:58","date_gmt":"2025-02-10T09:01:58","guid":{"rendered":"https:\/\/divljarijeka.com\/?page_id=7549"},"modified":"2025-02-10T09:02:32","modified_gmt":"2025-02-10T09:02:32","slug":"kanon-hrcavka","status":"publish","type":"page","link":"https:\/\/divljarijeka.com\/cs\/atrakce\/kanon-hrcavka\/","title":{"rendered":"Ka\u0148on Hr\u010davka"},"content":{"rendered":"\t\t<div data-elementor-type=\"wp-page\" data-elementor-id=\"7549\" class=\"elementor elementor-7549 elementor-156\">\n\t\t\t\t\t\t<div class=\"elementor-inner\">\n\t\t\t\t<div class=\"elementor-section-wrap\">\n\t\t\t\t\t\t\t\t\t<section class=\"elementor-section elementor-top-section elementor-element elementor-element-6980c24a elementor-section-full_width elementor-section-height-min-height elementor-section-height-default elementor-section-items-middle\" data-id=\"6980c24a\" data-element_type=\"section\" data-settings=\"{&quot;background_background&quot;:&quot;classic&quot;}\">\n\t\t\t\t\t\t\t<div class=\"elementor-background-overlay\"><\/div>\n\t\t\t\t\t\t\t<div class=\"elementor-container elementor-column-gap-default\">\n\t\t\t\t\t\t\t<div class=\"elementor-row\">\n\t\t\t\t\t<div class=\"elementor-column elementor-col-100 elementor-top-column elementor-element elementor-element-1345e226\" data-id=\"1345e226\" data-element_type=\"column\">\n\t\t\t<div class=\"elementor-column-wrap elementor-element-populated\">\n\t\t\t\t\t\t\t<div class=\"elementor-widget-wrap\">\n\t\t\t\t\t\t<div class=\"elementor-element elementor-element-3d5219d5 elementor-view-default elementor-position-top elementor-widget elementor-widget-themo-header\" data-id=\"3d5219d5\" data-element_type=\"widget\" data-widget_type=\"themo-header.default\">\n\t\t\t\t<div class=\"elementor-widget-container\">\n\t\t\t\t\t<div class=\"th-header-wrap\">\n        <div class=\"elementor-icon-box-wrapper \">\n                            <div class=\"elementor-icon-box-content\">\n                    <h1 class=\"elementor-icon-box-title\">\n                        Ka\u0148on Hr\u010davka                    <\/h1>\n                                        <p class=\"elementor-icon-box-description\"><\/p>\n\n                                    <\/div>\n            <\/div>\n\n        <\/div>\n\n\t\t\t\t<\/div>\n\t\t\t\t<\/div>\n\t\t\t\t\t\t<\/div>\n\t\t\t\t\t<\/div>\n\t\t<\/div>\n\t\t\t\t\t\t\t\t<\/div>\n\t\t\t\t\t<\/div>\n\t\t<\/section>\n\t\t\t\t<section class=\"elementor-section elementor-top-section elementor-element elementor-element-2796d77d elementor-section-boxed elementor-section-height-default elementor-section-height-default\" data-id=\"2796d77d\" data-element_type=\"section\">\n\t\t\t\t\t\t<div class=\"elementor-container elementor-column-gap-default\">\n\t\t\t\t\t\t\t<div class=\"elementor-row\">\n\t\t\t\t\t<div class=\"elementor-column elementor-col-100 elementor-top-column elementor-element elementor-element-655d7c96\" data-id=\"655d7c96\" data-element_type=\"column\">\n\t\t\t<div class=\"elementor-column-wrap elementor-element-populated\">\n\t\t\t\t\t\t\t<div class=\"elementor-widget-wrap\">\n\t\t\t\t\t\t<div class=\"elementor-element elementor-element-16a90070 elementor-widget elementor-widget-spacer\" data-id=\"16a90070\" data-element_type=\"widget\" data-widget_type=\"spacer.default\">\n\t\t\t\t<div class=\"elementor-widget-container\">\n\t\t\t\t\t<div class=\"elementor-spacer\">\n\t\t\t<div class=\"elementor-spacer-inner\"><\/div>\n\t\t<\/div>\n\t\t\t\t<\/div>\n\t\t\t\t<\/div>\n\t\t\t\t<div class=\"elementor-element elementor-element-47e1a44d elementor-view-default elementor-position-top elementor-widget elementor-widget-themo-header\" data-id=\"47e1a44d\" data-element_type=\"widget\" data-widget_type=\"themo-header.default\">\n\t\t\t\t<div class=\"elementor-widget-container\">\n\t\t\t\t\t<div class=\"th-header-wrap\">\n        <div class=\"elementor-icon-box-wrapper th-show-icon\">\n                            <div class=\"elementor-icon-box-icon th-icon-size-lg\">\n                    <span class=\"elementor-icon \">\n                        <i class=\"th-trip travelpack-mountains-snow\" aria-hidden=\"true\" fff><\/i>                    <\/span>\n                <\/div>\n                                <div class=\"elementor-icon-box-content\">\n                    <h2 class=\"elementor-icon-box-title\">\n                        Ka\u0148on Hr\u010davka                    <\/h2>\n                                        <p class=\"elementor-icon-box-description\">Ka\u0148on Hr\u010davka, kter\u00fd se nach\u00e1z\u00ed v N\u00e1rodn\u00edm parku Sujeska, byl teprve ned\u00e1vno prozkoum\u00e1n a prvn\u00ed komer\u010dn\u00ed prohl\u00eddky za\u010daly v roce 2014. Skl\u00e1d\u00e1 se z r\u016fzn\u00fdch kask\u00e1d a vodop\u00e1d\u016f, co\u017e je skv\u011bl\u00e9 m\u00edsto pro nezapomenuteln\u00e1 dobrodru\u017estv\u00ed.<\/p>\n\n                                    <\/div>\n            <\/div>\n\n        <\/div>\n\n\t\t\t\t<\/div>\n\t\t\t\t<\/div>\n\t\t\t\t\t\t<\/div>\n\t\t\t\t\t<\/div>\n\t\t<\/div>\n\t\t\t\t\t\t\t\t<\/div>\n\t\t\t\t\t<\/div>\n\t\t<\/section>\n\t\t\t\t<section class=\"elementor-section elementor-top-section elementor-element elementor-element-7adc5c07 elementor-section-boxed elementor-section-height-default elementor-section-height-default\" data-id=\"7adc5c07\" data-element_type=\"section\">\n\t\t\t\t\t\t<div class=\"elementor-container elementor-column-gap-default\">\n\t\t\t\t\t\t\t<div class=\"elementor-row\">\n\t\t\t\t\t<div class=\"elementor-column elementor-col-100 elementor-top-column elementor-element elementor-element-406cc8dd\" data-id=\"406cc8dd\" data-element_type=\"column\">\n\t\t\t<div class=\"elementor-column-wrap elementor-element-populated\">\n\t\t\t\t\t\t\t<div class=\"elementor-widget-wrap\">\n\t\t\t\t\t\t<div class=\"elementor-element elementor-element-67cd1f29 elementor-widget elementor-widget-spacer\" data-id=\"67cd1f29\" data-element_type=\"widget\" data-widget_type=\"spacer.default\">\n\t\t\t\t<div class=\"elementor-widget-container\">\n\t\t\t\t\t<div class=\"elementor-spacer\">\n\t\t\t<div class=\"elementor-spacer-inner\"><\/div>\n\t\t<\/div>\n\t\t\t\t<\/div>\n\t\t\t\t<\/div>\n\t\t\t\t\t\t<\/div>\n\t\t\t\t\t<\/div>\n\t\t<\/div>\n\t\t\t\t\t\t\t\t<\/div>\n\t\t\t\t\t<\/div>\n\t\t<\/section>\n\t\t\t\t<section class=\"elementor-section elementor-top-section elementor-element elementor-element-23e5467a elementor-section-boxed elementor-section-height-default elementor-section-height-default\" data-id=\"23e5467a\" data-element_type=\"section\">\n\t\t\t\t\t\t<div class=\"elementor-container elementor-column-gap-default\">\n\t\t\t\t\t\t\t<div class=\"elementor-row\">\n\t\t\t\t\t<div class=\"elementor-column elementor-col-100 elementor-top-column elementor-element elementor-element-16816936\" data-id=\"16816936\" data-element_type=\"column\">\n\t\t\t<div class=\"elementor-column-wrap elementor-element-populated\">\n\t\t\t\t\t\t\t<div class=\"elementor-widget-wrap\">\n\t\t\t\t\t\t<div class=\"elementor-element elementor-element-5212eedf elementor-widget elementor-widget-themo-tour-grid\" data-id=\"5212eedf\" data-element_type=\"widget\" data-widget_type=\"themo-tour-grid.default\">\n\t\t\t\t<div class=\"elementor-widget-container\">\n\t\t\t\n                <div id=\"th-portfolio-content-6a092a1fde820\" class=\"th-portfolio\">\n\n            \n            <div id=\"th-portfolio-row\" class=\"th-portfolio-row row portfolio_content  three-columns th-port-gutter\">\n\n                                        <div id=\"post-7720\" class=\"th-portfolio-item item col-md-4 col-sm-6 p-canyoning-cs p-np-durmitor-cs p-one-day-tours post-7720 themo_tour type-themo_tour status-publish format-standard has-post-thumbnail hentry themo_tour_type-canyoning-cs themo_tour_type-np-durmitor-cs themo_tour_type-one-day-tours\">\n                            <div class=\"th-port-wrap\">\n                                <img decoding=\"async\" width=\"605\" height=\"605\" src=\"https:\/\/divljarijeka.com\/wp-content\/uploads\/2025\/01\/IMG_20230625_153135_025-605x605.webp\" class=\"img-responsive th-port-img wp-post-image\" alt=\"hrcavka canyoning\" \/>\n                                <div class=\"th-port-overlay\"><\/div>\n                                <div class=\"th-port-inner\">\n                                                                            <div class=\"th-port-top-text\">Canyoning - Jednodenn\u00ed V\u00fdlet<\/div>\n                                                                        <div class=\"th-port-center\">\n                                        <h3 class=\"th-port-title\">Hr\u010davka Canyoning - Ultim\u00e1tn\u00ed Dobrodru\u017estv\u00ed<\/h3>\n                                        <p class=\"th-port-sub\">Za\u017eijte dobrodru\u017estv\u00ed na cel\u00fd \u017eivot v ka\u0148onu Hr\u010davky!<\/p>                                                                                    <span class=\"th-port-btn\">ZOBRAZIT PROHL\u00cdDKU<\/span>\n                                                                            <\/div>\n                                    <a href=\"https:\/\/divljarijeka.com\/cs\/tour\/hrcavka-canyoning\/\" class=\"th-port-link\" ><\/a>                                <\/div>\n                            <\/div>\n                        <\/div>\n                        \n            <\/div>\n\n        <\/div>\n\n        \t\t<\/div>\n\t\t\t\t<\/div>\n\t\t\t\t<div class=\"elementor-element elementor-element-2920fa6 elementor-widget elementor-widget-html\" data-id=\"2920fa6\" data-element_type=\"widget\" data-widget_type=\"html.default\">\n\t\t\t\t<div class=\"elementor-widget-container\">\n\t\t\t<iframe loading=\"lazy\" src=\"https:\/\/www.google.com\/maps\/d\/embed?mid=1bgdl3_OKAVfaB-N-8VNkh7Jc3CI8vHMg\" width=\"640\" height=\"480\"><\/iframe>\t\t<\/div>\n\t\t\t\t<\/div>\n\t\t\t\t\t\t<\/div>\n\t\t\t\t\t<\/div>\n\t\t<\/div>\n\t\t\t\t\t\t\t\t<\/div>\n\t\t\t\t\t<\/div>\n\t\t<\/section>\n\t\t\t\t<section class=\"elementor-section elementor-top-section elementor-element elementor-element-3b0441ca elementor-section-boxed elementor-section-height-default elementor-section-height-default\" data-id=\"3b0441ca\" data-element_type=\"section\">\n\t\t\t\t\t\t<div class=\"elementor-container elementor-column-gap-default\">\n\t\t\t\t\t\t\t<div class=\"elementor-row\">\n\t\t\t\t\t<div class=\"elementor-column elementor-col-100 elementor-top-column elementor-element elementor-element-78a80f0a\" data-id=\"78a80f0a\" data-element_type=\"column\">\n\t\t\t<div class=\"elementor-column-wrap\">\n\t\t\t\t\t\t\t<div class=\"elementor-widget-wrap\">\n\t\t\t\t\t\t\t\t<\/div>\n\t\t\t\t\t<\/div>\n\t\t<\/div>\n\t\t\t\t\t\t\t\t<\/div>\n\t\t\t\t\t<\/div>\n\t\t<\/section>\n\t\t\t\t\t\t\t\t\t<\/div>\n\t\t\t<\/div>\n\t\t\t\t\t<\/div>\n\t\t","protected":false},"excerpt":{"rendered":"<p>Ka\u0148on Hr\u010davka Ka\u0148on Hr\u010davka Ka\u0148on Hr\u010davka, kter\u00fd se nach\u00e1z\u00ed v N\u00e1rodn\u00edm parku Sujeska, byl teprve ned\u00e1vno prozkoum\u00e1n a prvn\u00ed komer\u010dn\u00ed prohl\u00eddky za\u010daly v roce 2014. Skl\u00e1d\u00e1 se z r\u016fzn\u00fdch kask\u00e1d a vodop\u00e1d\u016f, co\u017e je skv\u011bl\u00e9 m\u00edsto pro nezapomenuteln\u00e1 dobrodru\u017estv\u00ed. Sorry, &hellip; <a href=\"https:\/\/divljarijeka.com\/cs\/tour\/hrcavka-canyoning\/\">Read More<\/a><\/p>\n","protected":false},"author":6,"featured_media":1236,"parent":7542,"menu_order":0,"comment_status":"closed","ping_status":"closed","template":"","meta":{"inline_featured_image":false,"footnotes":""},"class_list":["post-7549","page","type-page","status-publish","has-post-thumbnail","hentry"],"yoast_head":"<!-- This site is optimized with the Yoast SEO Premium plugin v27.4 (Yoast SEO v27.4) - https:\/\/yoast.com\/product\/yoast-seo-premium-wordpress\/ -->\n<title>Ka\u0148on Hr\u010davka - Ultimate Adventure |Rafting Tara Divlja Rijeka<\/title>\n<meta name=\"description\" content=\"Ka\u0148on Hr\u010davka, kter\u00fd se nach\u00e1z\u00ed v n\u00e1rodn\u00edm parku Sujeska, se skl\u00e1d\u00e1 z r\u016fzn\u00fdch kask\u00e1d a vodop\u00e1d\u016f, co\u017e je skv\u011bl\u00e9 dobrodru\u017en\u00e9 m\u00edsto pro z\u00e1bavu!\" \/>\n<meta name=\"robots\" content=\"index, follow, max-snippet:-1, max-image-preview:large, max-video-preview:-1\" \/>\n<link rel=\"canonical\" href=\"https:\/\/divljarijeka.com\/cs\/atrakce\/kanon-hrcavka\/\" \/>\n<meta property=\"og:locale\" content=\"cs_CZ\" \/>\n<meta property=\"og:type\" content=\"article\" \/>\n<meta property=\"og:title\" content=\"Ka\u0148on Hr\u010davka\" \/>\n<meta property=\"og:description\" content=\"Ka\u0148on Hr\u010davka, kter\u00fd se nach\u00e1z\u00ed v n\u00e1rodn\u00edm parku Sujeska, se skl\u00e1d\u00e1 z r\u016fzn\u00fdch kask\u00e1d a vodop\u00e1d\u016f, co\u017e je skv\u011bl\u00e9 dobrodru\u017en\u00e9 m\u00edsto pro z\u00e1bavu!\" \/>\n<meta property=\"og:url\" content=\"https:\/\/divljarijeka.com\/cs\/atrakce\/kanon-hrcavka\/\" \/>\n<meta property=\"og:site_name\" content=\"Rafting Tara Divlja Rijeka\" \/>\n<meta property=\"article:publisher\" content=\"https:\/\/www.facebook.com\/kampdivljarijeka\/\" \/>\n<meta property=\"article:modified_time\" content=\"2025-02-10T09:02:32+00:00\" \/>\n<meta property=\"og:image\" content=\"https:\/\/divljarijeka.com\/wp-content\/uploads\/2018\/04\/can-003.jpg\" \/>\n\t<meta property=\"og:image:width\" content=\"1300\" \/>\n\t<meta property=\"og:image:height\" content=\"867\" \/>\n\t<meta property=\"og:image:type\" content=\"image\/jpeg\" \/>\n<meta name=\"twitter:card\" content=\"summary_large_image\" \/>\n<meta name=\"twitter:site\" content=\"@DivljaRijeka\" \/>\n<meta name=\"twitter:label1\" content=\"Odhadovan\u00e1 doba \u010dten\u00ed\" \/>\n\t<meta name=\"twitter:data1\" content=\"1 minuta\" \/>\n<script type=\"application\/ld+json\" class=\"yoast-schema-graph\">{\"@context\":\"https:\\\/\\\/schema.org\",\"@graph\":[{\"@type\":\"WebPage\",\"@id\":\"https:\\\/\\\/divljarijeka.com\\\/cs\\\/atrakce\\\/kanon-hrcavka\\\/\",\"url\":\"https:\\\/\\\/divljarijeka.com\\\/cs\\\/atrakce\\\/kanon-hrcavka\\\/\",\"name\":\"Ka\u0148on Hr\u010davka - Ultimate Adventure |Rafting Tara Divlja Rijeka\",\"isPartOf\":{\"@id\":\"https:\\\/\\\/divljarijeka.com\\\/cs\\\/#website\"},\"primaryImageOfPage\":{\"@id\":\"https:\\\/\\\/divljarijeka.com\\\/cs\\\/atrakce\\\/kanon-hrcavka\\\/#primaryimage\"},\"image\":{\"@id\":\"https:\\\/\\\/divljarijeka.com\\\/cs\\\/atrakce\\\/kanon-hrcavka\\\/#primaryimage\"},\"thumbnailUrl\":\"https:\\\/\\\/divljarijeka.com\\\/wp-content\\\/uploads\\\/2018\\\/04\\\/can-003.jpg\",\"datePublished\":\"2025-02-10T09:01:58+00:00\",\"dateModified\":\"2025-02-10T09:02:32+00:00\",\"description\":\"Ka\u0148on Hr\u010davka, kter\u00fd se nach\u00e1z\u00ed v n\u00e1rodn\u00edm parku Sujeska, se skl\u00e1d\u00e1 z r\u016fzn\u00fdch kask\u00e1d a vodop\u00e1d\u016f, co\u017e je skv\u011bl\u00e9 dobrodru\u017en\u00e9 m\u00edsto pro z\u00e1bavu!\",\"breadcrumb\":{\"@id\":\"https:\\\/\\\/divljarijeka.com\\\/cs\\\/atrakce\\\/kanon-hrcavka\\\/#breadcrumb\"},\"inLanguage\":\"cs\",\"potentialAction\":[{\"@type\":\"ReadAction\",\"target\":[\"https:\\\/\\\/divljarijeka.com\\\/cs\\\/atrakce\\\/kanon-hrcavka\\\/\"]}]},{\"@type\":\"ImageObject\",\"inLanguage\":\"cs\",\"@id\":\"https:\\\/\\\/divljarijeka.com\\\/cs\\\/atrakce\\\/kanon-hrcavka\\\/#primaryimage\",\"url\":\"https:\\\/\\\/divljarijeka.com\\\/wp-content\\\/uploads\\\/2018\\\/04\\\/can-003.jpg\",\"contentUrl\":\"https:\\\/\\\/divljarijeka.com\\\/wp-content\\\/uploads\\\/2018\\\/04\\\/can-003.jpg\",\"width\":1300,\"height\":867,\"caption\":\"Hr\u010davka Canyon, Checkout\"},{\"@type\":\"BreadcrumbList\",\"@id\":\"https:\\\/\\\/divljarijeka.com\\\/cs\\\/atrakce\\\/kanon-hrcavka\\\/#breadcrumb\",\"itemListElement\":[{\"@type\":\"ListItem\",\"position\":1,\"name\":\"Home\",\"item\":\"https:\\\/\\\/divljarijeka.com\\\/cs\\\/\"},{\"@type\":\"ListItem\",\"position\":2,\"name\":\"Atrakce\",\"item\":\"https:\\\/\\\/divljarijeka.com\\\/cs\\\/atrakce\\\/\"},{\"@type\":\"ListItem\",\"position\":3,\"name\":\"Ka\u0148on Hr\u010davka\"}]},{\"@type\":\"WebSite\",\"@id\":\"https:\\\/\\\/divljarijeka.com\\\/cs\\\/#website\",\"url\":\"https:\\\/\\\/divljarijeka.com\\\/cs\\\/\",\"name\":\"Rafting Tara Divlja Rijeka\",\"description\":\"\",\"publisher\":{\"@id\":\"https:\\\/\\\/divljarijeka.com\\\/cs\\\/#organization\"},\"potentialAction\":[{\"@type\":\"SearchAction\",\"target\":{\"@type\":\"EntryPoint\",\"urlTemplate\":\"https:\\\/\\\/divljarijeka.com\\\/cs\\\/?s={search_term_string}\"},\"query-input\":{\"@type\":\"PropertyValueSpecification\",\"valueRequired\":true,\"valueName\":\"search_term_string\"}}],\"inLanguage\":\"cs\"},{\"@type\":\"Organization\",\"@id\":\"https:\\\/\\\/divljarijeka.com\\\/cs\\\/#organization\",\"name\":\"Rafting Tara Divlja Rijeka\",\"url\":\"https:\\\/\\\/divljarijeka.com\\\/cs\\\/\",\"logo\":{\"@type\":\"ImageObject\",\"inLanguage\":\"cs\",\"@id\":\"https:\\\/\\\/divljarijeka.com\\\/cs\\\/#\\\/schema\\\/logo\\\/image\\\/\",\"url\":\"https:\\\/\\\/divljarijeka.com\\\/wp-content\\\/uploads\\\/2018\\\/08\\\/cropped-divlja-rijeka-rafting-publisher.png\",\"contentUrl\":\"https:\\\/\\\/divljarijeka.com\\\/wp-content\\\/uploads\\\/2018\\\/08\\\/cropped-divlja-rijeka-rafting-publisher.png\",\"width\":104,\"height\":60,\"caption\":\"Rafting Tara Divlja Rijeka\"},\"image\":{\"@id\":\"https:\\\/\\\/divljarijeka.com\\\/cs\\\/#\\\/schema\\\/logo\\\/image\\\/\"},\"sameAs\":[\"https:\\\/\\\/www.facebook.com\\\/kampdivljarijeka\\\/\",\"https:\\\/\\\/x.com\\\/DivljaRijeka\",\"https:\\\/\\\/www.instagram.com\\\/kampdivljarijeka\\\/\"]}]}<\/script>\n<!-- \/ Yoast SEO Premium plugin. -->","yoast_head_json":{"title":"Ka\u0148on Hr\u010davka - Ultimate Adventure |Rafting Tara Divlja Rijeka","description":"Ka\u0148on Hr\u010davka, kter\u00fd se nach\u00e1z\u00ed v n\u00e1rodn\u00edm parku Sujeska, se skl\u00e1d\u00e1 z r\u016fzn\u00fdch kask\u00e1d a vodop\u00e1d\u016f, co\u017e je skv\u011bl\u00e9 dobrodru\u017en\u00e9 m\u00edsto pro z\u00e1bavu!","robots":{"index":"index","follow":"follow","max-snippet":"max-snippet:-1","max-image-preview":"max-image-preview:large","max-video-preview":"max-video-preview:-1"},"canonical":"https:\/\/divljarijeka.com\/cs\/atrakce\/kanon-hrcavka\/","og_locale":"cs_CZ","og_type":"article","og_title":"Ka\u0148on Hr\u010davka","og_description":"Ka\u0148on Hr\u010davka, kter\u00fd se nach\u00e1z\u00ed v n\u00e1rodn\u00edm parku Sujeska, se skl\u00e1d\u00e1 z r\u016fzn\u00fdch kask\u00e1d a vodop\u00e1d\u016f, co\u017e je skv\u011bl\u00e9 dobrodru\u017en\u00e9 m\u00edsto pro z\u00e1bavu!","og_url":"https:\/\/divljarijeka.com\/cs\/atrakce\/kanon-hrcavka\/","og_site_name":"Rafting Tara Divlja Rijeka","article_publisher":"https:\/\/www.facebook.com\/kampdivljarijeka\/","article_modified_time":"2025-02-10T09:02:32+00:00","og_image":[{"width":1300,"height":867,"url":"https:\/\/divljarijeka.com\/wp-content\/uploads\/2018\/04\/can-003.jpg","type":"image\/jpeg"}],"twitter_card":"summary_large_image","twitter_site":"@DivljaRijeka","twitter_misc":{"Odhadovan\u00e1 doba \u010dten\u00ed":"1 minuta"},"schema":{"@context":"https:\/\/schema.org","@graph":[{"@type":"WebPage","@id":"https:\/\/divljarijeka.com\/cs\/atrakce\/kanon-hrcavka\/","url":"https:\/\/divljarijeka.com\/cs\/atrakce\/kanon-hrcavka\/","name":"Ka\u0148on Hr\u010davka - Ultimate Adventure |Rafting Tara Divlja Rijeka","isPartOf":{"@id":"https:\/\/divljarijeka.com\/cs\/#website"},"primaryImageOfPage":{"@id":"https:\/\/divljarijeka.com\/cs\/atrakce\/kanon-hrcavka\/#primaryimage"},"image":{"@id":"https:\/\/divljarijeka.com\/cs\/atrakce\/kanon-hrcavka\/#primaryimage"},"thumbnailUrl":"https:\/\/divljarijeka.com\/wp-content\/uploads\/2018\/04\/can-003.jpg","datePublished":"2025-02-10T09:01:58+00:00","dateModified":"2025-02-10T09:02:32+00:00","description":"Ka\u0148on Hr\u010davka, kter\u00fd se nach\u00e1z\u00ed v n\u00e1rodn\u00edm parku Sujeska, se skl\u00e1d\u00e1 z r\u016fzn\u00fdch kask\u00e1d a vodop\u00e1d\u016f, co\u017e je skv\u011bl\u00e9 dobrodru\u017en\u00e9 m\u00edsto pro z\u00e1bavu!","breadcrumb":{"@id":"https:\/\/divljarijeka.com\/cs\/atrakce\/kanon-hrcavka\/#breadcrumb"},"inLanguage":"cs","potentialAction":[{"@type":"ReadAction","target":["https:\/\/divljarijeka.com\/cs\/atrakce\/kanon-hrcavka\/"]}]},{"@type":"ImageObject","inLanguage":"cs","@id":"https:\/\/divljarijeka.com\/cs\/atrakce\/kanon-hrcavka\/#primaryimage","url":"https:\/\/divljarijeka.com\/wp-content\/uploads\/2018\/04\/can-003.jpg","contentUrl":"https:\/\/divljarijeka.com\/wp-content\/uploads\/2018\/04\/can-003.jpg","width":1300,"height":867,"caption":"Hr\u010davka Canyon, Checkout"},{"@type":"BreadcrumbList","@id":"https:\/\/divljarijeka.com\/cs\/atrakce\/kanon-hrcavka\/#breadcrumb","itemListElement":[{"@type":"ListItem","position":1,"name":"Home","item":"https:\/\/divljarijeka.com\/cs\/"},{"@type":"ListItem","position":2,"name":"Atrakce","item":"https:\/\/divljarijeka.com\/cs\/atrakce\/"},{"@type":"ListItem","position":3,"name":"Ka\u0148on Hr\u010davka"}]},{"@type":"WebSite","@id":"https:\/\/divljarijeka.com\/cs\/#website","url":"https:\/\/divljarijeka.com\/cs\/","name":"Rafting Tara Divlja Rijeka","description":"","publisher":{"@id":"https:\/\/divljarijeka.com\/cs\/#organization"},"potentialAction":[{"@type":"SearchAction","target":{"@type":"EntryPoint","urlTemplate":"https:\/\/divljarijeka.com\/cs\/?s={search_term_string}"},"query-input":{"@type":"PropertyValueSpecification","valueRequired":true,"valueName":"search_term_string"}}],"inLanguage":"cs"},{"@type":"Organization","@id":"https:\/\/divljarijeka.com\/cs\/#organization","name":"Rafting Tara Divlja Rijeka","url":"https:\/\/divljarijeka.com\/cs\/","logo":{"@type":"ImageObject","inLanguage":"cs","@id":"https:\/\/divljarijeka.com\/cs\/#\/schema\/logo\/image\/","url":"https:\/\/divljarijeka.com\/wp-content\/uploads\/2018\/08\/cropped-divlja-rijeka-rafting-publisher.png","contentUrl":"https:\/\/divljarijeka.com\/wp-content\/uploads\/2018\/08\/cropped-divlja-rijeka-rafting-publisher.png","width":104,"height":60,"caption":"Rafting Tara Divlja Rijeka"},"image":{"@id":"https:\/\/divljarijeka.com\/cs\/#\/schema\/logo\/image\/"},"sameAs":["https:\/\/www.facebook.com\/kampdivljarijeka\/","https:\/\/x.com\/DivljaRijeka","https:\/\/www.instagram.com\/kampdivljarijeka\/"]}]}},"_links":{"self":[{"href":"https:\/\/divljarijeka.com\/cs\/wp-json\/wp\/v2\/pages\/7549","targetHints":{"allow":["GET"]}}],"collection":[{"href":"https:\/\/divljarijeka.com\/cs\/wp-json\/wp\/v2\/pages"}],"about":[{"href":"https:\/\/divljarijeka.com\/cs\/wp-json\/wp\/v2\/types\/page"}],"author":[{"embeddable":true,"href":"https:\/\/divljarijeka.com\/cs\/wp-json\/wp\/v2\/users\/6"}],"replies":[{"embeddable":true,"href":"https:\/\/divljarijeka.com\/cs\/wp-json\/wp\/v2\/comments?post=7549"}],"version-history":[{"count":4,"href":"https:\/\/divljarijeka.com\/cs\/wp-json\/wp\/v2\/pages\/7549\/revisions"}],"predecessor-version":[{"id":7554,"href":"https:\/\/divljarijeka.com\/cs\/wp-json\/wp\/v2\/pages\/7549\/revisions\/7554"}],"up":[{"embeddable":true,"href":"https:\/\/divljarijeka.com\/cs\/wp-json\/wp\/v2\/pages\/7542"}],"wp:featuredmedia":[{"embeddable":true,"href":"https:\/\/divljarijeka.com\/cs\/wp-json\/wp\/v2\/media\/1236"}],"wp:attachment":[{"href":"https:\/\/divljarijeka.com\/cs\/wp-json\/wp\/v2\/media?parent=7549"}],"curies":[{"name":"wp","href":"https:\/\/api.w.org\/{rel}","templated":true}]}}