{"id":7555,"date":"2025-02-10T09:03:45","date_gmt":"2025-02-10T09:03:45","guid":{"rendered":"https:\/\/divljarijeka.com\/?page_id=7555"},"modified":"2025-02-10T09:04:52","modified_gmt":"2025-02-10T09:04:52","slug":"maglic","status":"publish","type":"page","link":"https:\/\/divljarijeka.com\/cs\/atrakce\/maglic\/","title":{"rendered":"Magli\u0107"},"content":{"rendered":"\t\t<div data-elementor-type=\"wp-page\" data-elementor-id=\"7555\" class=\"elementor elementor-7555 elementor-162 elementor-bc-flex-widget\">\n\t\t\t\t\t\t<div class=\"elementor-inner\">\n\t\t\t\t<div class=\"elementor-section-wrap\">\n\t\t\t\t\t\t\t\t\t<section class=\"elementor-section elementor-top-section elementor-element elementor-element-76bec753 elementor-section-full_width elementor-section-height-min-height elementor-section-height-default elementor-section-items-middle\" data-id=\"76bec753\" data-element_type=\"section\" data-settings=\"{&quot;background_background&quot;:&quot;classic&quot;}\">\n\t\t\t\t\t\t\t<div class=\"elementor-background-overlay\"><\/div>\n\t\t\t\t\t\t\t<div class=\"elementor-container elementor-column-gap-default\">\n\t\t\t\t\t\t\t<div class=\"elementor-row\">\n\t\t\t\t\t<div class=\"elementor-column elementor-col-100 elementor-top-column elementor-element elementor-element-6758c85a\" data-id=\"6758c85a\" data-element_type=\"column\">\n\t\t\t<div class=\"elementor-column-wrap elementor-element-populated\">\n\t\t\t\t\t\t\t<div class=\"elementor-widget-wrap\">\n\t\t\t\t\t\t<div class=\"elementor-element elementor-element-b09a170 elementor-view-default elementor-position-top elementor-widget elementor-widget-themo-header\" data-id=\"b09a170\" data-element_type=\"widget\" data-widget_type=\"themo-header.default\">\n\t\t\t\t<div class=\"elementor-widget-container\">\n\t\t\t\t\t<div class=\"th-header-wrap\">\n        <div class=\"elementor-icon-box-wrapper \">\n                            <div class=\"elementor-icon-box-content\">\n                    <h1 class=\"elementor-icon-box-title\">\n                        Magli\u0107                    <\/h1>\n                                        <p class=\"elementor-icon-box-description\"><\/p>\n\n                                    <\/div>\n            <\/div>\n\n        <\/div>\n\n\t\t\t\t<\/div>\n\t\t\t\t<\/div>\n\t\t\t\t\t\t<\/div>\n\t\t\t\t\t<\/div>\n\t\t<\/div>\n\t\t\t\t\t\t\t\t<\/div>\n\t\t\t\t\t<\/div>\n\t\t<\/section>\n\t\t\t\t<section class=\"elementor-section elementor-top-section elementor-element elementor-element-22e626f2 elementor-section-boxed elementor-section-height-default elementor-section-height-default\" data-id=\"22e626f2\" data-element_type=\"section\">\n\t\t\t\t\t\t<div class=\"elementor-container elementor-column-gap-default\">\n\t\t\t\t\t\t\t<div class=\"elementor-row\">\n\t\t\t\t\t<div class=\"elementor-column elementor-col-100 elementor-top-column elementor-element elementor-element-5fdf7df4\" data-id=\"5fdf7df4\" data-element_type=\"column\">\n\t\t\t<div class=\"elementor-column-wrap elementor-element-populated\">\n\t\t\t\t\t\t\t<div class=\"elementor-widget-wrap\">\n\t\t\t\t\t\t<div class=\"elementor-element elementor-element-1dcb1dc0 elementor-widget elementor-widget-spacer\" data-id=\"1dcb1dc0\" data-element_type=\"widget\" data-widget_type=\"spacer.default\">\n\t\t\t\t<div class=\"elementor-widget-container\">\n\t\t\t\t\t<div class=\"elementor-spacer\">\n\t\t\t<div class=\"elementor-spacer-inner\"><\/div>\n\t\t<\/div>\n\t\t\t\t<\/div>\n\t\t\t\t<\/div>\n\t\t\t\t<div class=\"elementor-element elementor-element-2334fcd6 elementor-view-default elementor-position-top elementor-widget elementor-widget-themo-header\" data-id=\"2334fcd6\" data-element_type=\"widget\" data-widget_type=\"themo-header.default\">\n\t\t\t\t<div class=\"elementor-widget-container\">\n\t\t\t\t\t<div class=\"th-header-wrap\">\n        <div class=\"elementor-icon-box-wrapper th-show-icon\">\n                            <div class=\"elementor-icon-box-icon th-icon-size-lg\">\n                    <span class=\"elementor-icon \">\n                        <i class=\"th-trip travelpack-mountains-snow\" aria-hidden=\"true\" fff><\/i>                    <\/span>\n                <\/div>\n                                <div class=\"elementor-icon-box-content\">\n                    <h2 class=\"elementor-icon-box-title\">\n                        Hora Magli\u0107                    <\/h2>\n                                        <p class=\"elementor-icon-box-description\">Magli\u0107 je nejvy\u0161\u0161\u00ed vrchol Bosny a Hercegoviny s nadmo\u0159skou v\u00fd\u0161kou 2 386 m nm, d\u00edky strm\u00fdm svah\u016fm byla tato hora v\u017edy v\u00fdzvou pro profesion\u00e1ln\u00ed horolezce, sportovce a dobrodruhy. Hora je pokryta bukem a st\u00e1lezelen\u00fdmi lesy a \u00fapat\u00ed a v\u0161echny svahy jsou bohat\u00e9 na vodu, . Ve v\u00fd\u0161ce 2000 m na m\u00edst\u011b zn\u00e1m\u00e9m jako Carev Do se nach\u00e1z\u00ed pramen vody, kter\u00fd je v t\u00e9to nadmo\u0159sk\u00e9 v\u00fd\u0161ce raritou. Na sam\u00e9m vrcholu je hranice mezi Bosnou a Hercegovinou a \u010cernou Horou. Na \u00fapat\u00ed hory Trnova\u010dko se nach\u00e1z\u00ed jezero, nejkr\u00e1sn\u011bj\u0161\u00ed ledovcov\u00e9 jezero v t\u00e9to oblasti, obl\u00edben\u00e9 m\u00edsto pro setk\u00e1v\u00e1n\u00ed horolezc\u016f, t\u00e1born\u00edk\u016f a dobrodruh\u016f.<\/p>\n\n                                    <\/div>\n            <\/div>\n\n        <\/div>\n\n\t\t\t\t<\/div>\n\t\t\t\t<\/div>\n\t\t\t\t\t\t<\/div>\n\t\t\t\t\t<\/div>\n\t\t<\/div>\n\t\t\t\t\t\t\t\t<\/div>\n\t\t\t\t\t<\/div>\n\t\t<\/section>\n\t\t\t\t<section class=\"elementor-section elementor-top-section elementor-element elementor-element-3ca2db09 elementor-section-boxed elementor-section-height-default elementor-section-height-default\" data-id=\"3ca2db09\" data-element_type=\"section\">\n\t\t\t\t\t\t<div class=\"elementor-container elementor-column-gap-default\">\n\t\t\t\t\t\t\t<div class=\"elementor-row\">\n\t\t\t\t\t<div class=\"elementor-column elementor-col-100 elementor-top-column elementor-element elementor-element-63f999d4\" data-id=\"63f999d4\" data-element_type=\"column\">\n\t\t\t<div class=\"elementor-column-wrap elementor-element-populated\">\n\t\t\t\t\t\t\t<div class=\"elementor-widget-wrap\">\n\t\t\t\t\t\t<div class=\"elementor-element elementor-element-1d41a29c elementor-widget elementor-widget-spacer\" data-id=\"1d41a29c\" data-element_type=\"widget\" data-widget_type=\"spacer.default\">\n\t\t\t\t<div class=\"elementor-widget-container\">\n\t\t\t\t\t<div class=\"elementor-spacer\">\n\t\t\t<div class=\"elementor-spacer-inner\"><\/div>\n\t\t<\/div>\n\t\t\t\t<\/div>\n\t\t\t\t<\/div>\n\t\t\t\t\t\t<\/div>\n\t\t\t\t\t<\/div>\n\t\t<\/div>\n\t\t\t\t\t\t\t\t<\/div>\n\t\t\t\t\t<\/div>\n\t\t<\/section>\n\t\t\t\t<section class=\"elementor-section elementor-top-section elementor-element elementor-element-324c24f6 elementor-section-boxed elementor-section-height-default elementor-section-height-default\" data-id=\"324c24f6\" data-element_type=\"section\">\n\t\t\t\t\t\t<div class=\"elementor-container elementor-column-gap-default\">\n\t\t\t\t\t\t\t<div class=\"elementor-row\">\n\t\t\t\t\t<div class=\"elementor-column elementor-col-100 elementor-top-column elementor-element elementor-element-290e92a9\" data-id=\"290e92a9\" data-element_type=\"column\">\n\t\t\t<div class=\"elementor-column-wrap elementor-element-populated\">\n\t\t\t\t\t\t\t<div class=\"elementor-widget-wrap\">\n\t\t\t\t\t\t<div class=\"elementor-element elementor-element-662475a2 elementor-widget elementor-widget-themo-tour-grid\" data-id=\"662475a2\" data-element_type=\"widget\" data-widget_type=\"themo-tour-grid.default\">\n\t\t\t\t<div class=\"elementor-widget-container\">\n\t\t\t\n                <div id=\"th-portfolio-content-6a093ab5a2343\" class=\"th-portfolio\">\n\n            \n            <div id=\"th-portfolio-row\" class=\"th-portfolio-row row portfolio_content  three-columns th-port-gutter\">\n\n                                        <div id=\"post-7834\" class=\"th-portfolio-item item col-md-4 col-sm-6 p-hiking p-maglic-cs p-np-sutjeska-cs p-one-day-tours p-perucica-cs p-trekking-cs post-7834 themo_tour type-themo_tour status-publish format-standard has-post-thumbnail hentry themo_tour_type-hiking themo_tour_type-maglic-cs themo_tour_type-np-sutjeska-cs themo_tour_type-one-day-tours themo_tour_type-perucica-cs themo_tour_type-trekking-cs\">\n                            <div class=\"th-port-wrap\">\n                                <img decoding=\"async\" width=\"394\" height=\"394\" src=\"https:\/\/divljarijeka.com\/wp-content\/uploads\/2018\/04\/maglic-montain-hike-001-394x394.jpg\" class=\"img-responsive th-port-img wp-post-image\" alt=\"Hiking\" \/>\n                                <div class=\"th-port-overlay\"><\/div>\n                                <div class=\"th-port-inner\">\n                                                                            <div class=\"th-port-top-text\">P\u011b\u0161\u00ed turistika \u2013 jednodenn\u00ed v\u00fdlet<\/div>\n                                                                        <div class=\"th-port-center\">\n                                        <h3 class=\"th-port-title\">Magli\u0107 - Nejvy\u0161\u0161\u00ed vrchol<\/h3>\n                                        <p class=\"th-port-sub\">Magli\u0107 (2386 m nm) je nejvy\u0161\u0161\u00ed hora Bosny a Hercegoviny.<\/p>                                                                                    <span class=\"th-port-btn\">Pod\u00edvejte se na v\u00fdlet!<\/span>\n                                                                            <\/div>\n                                    <a href=\"https:\/\/divljarijeka.com\/cs\/tour\/maglic\/\" class=\"th-port-link\" ><\/a>                                <\/div>\n                            <\/div>\n                        <\/div>\n                                                <div id=\"post-7867\" class=\"th-portfolio-item item col-md-4 col-sm-6 p-hiking p-maglic-cs p-np-sutjeska-cs p-one-day-tours p-perucica-cs p-trnovacko-lake post-7867 themo_tour type-themo_tour status-publish format-standard has-post-thumbnail hentry themo_tour_type-hiking themo_tour_type-maglic-cs themo_tour_type-np-sutjeska-cs themo_tour_type-one-day-tours themo_tour_type-perucica-cs themo_tour_type-trnovacko-lake\">\n                            <div class=\"th-port-wrap\">\n                                <img decoding=\"async\" width=\"605\" height=\"605\" src=\"https:\/\/divljarijeka.com\/wp-content\/uploads\/2018\/04\/lake-trnovacko-.hiking-001-605x605.jpg\" class=\"img-responsive th-port-img wp-post-image\" alt=\"Trnova\u010dko lake, Vi\u0161egrad and Andri\u0107grad\" \/>\n                                <div class=\"th-port-overlay\"><\/div>\n                                <div class=\"th-port-inner\">\n                                                                            <div class=\"th-port-top-text\">P\u011b\u0161\u00ed turistika \u2013 jednodenn\u00ed v\u00fdlet<\/div>\n                                                                        <div class=\"th-port-center\">\n                                        <h3 class=\"th-port-title\">Jezero Trnova\u010dko<\/h3>\n                                        <p class=\"th-port-sub\">Kr\u00e1sn\u00e9 horsk\u00e9 jezero na \u00fapat\u00ed nejvy\u0161\u0161\u00ed hory Bosny a Hercegoviny.<\/p>                                                                                    <span class=\"th-port-btn\">Pod\u00edvejte se na v\u00fdlet<\/span>\n                                                                            <\/div>\n                                    <a href=\"https:\/\/divljarijeka.com\/cs\/tour\/jezero-trnovacko\/\" class=\"th-port-link\" ><\/a>                                <\/div>\n                            <\/div>\n                        <\/div>\n                                                <div id=\"post-7881\" class=\"th-portfolio-item item col-md-4 col-sm-6 p-jeep-safari-cs p-maglic-cs p-np-sutjeska-cs p-one-day-tours p-zelengora-cs post-7881 themo_tour type-themo_tour status-publish format-standard has-post-thumbnail hentry themo_tour_type-jeep-safari-cs themo_tour_type-maglic-cs themo_tour_type-np-sutjeska-cs themo_tour_type-one-day-tours themo_tour_type-zelengora-cs\">\n                            <div class=\"th-port-wrap\">\n                                <img decoding=\"async\" width=\"605\" height=\"605\" src=\"https:\/\/divljarijeka.com\/wp-content\/uploads\/2018\/04\/jeep-safari-sutjeska-bosnia-003-605x605.jpg\" class=\"img-responsive th-port-img wp-post-image\" alt=\"jeep safari sutjeska\" \/>\n                                <div class=\"th-port-overlay\"><\/div>\n                                <div class=\"th-port-inner\">\n                                                                            <div class=\"th-port-top-text\">Jednodenn\u00ed v\u00fdlet Jeep Safari Tour<\/div>\n                                                                        <div class=\"th-port-center\">\n                                        <h3 class=\"th-port-title\">Jeep safari Sutjeska \u2013 Bosna<\/h3>\n                                        <p class=\"th-port-sub\">Prozkoumejte kr\u00e1snou oblast n\u00e1rodn\u00edho parku Sutjeska na j\u00edzd\u011b 4x4.<\/p>                                                                                    <span class=\"th-port-btn\">Pod\u00edvejte se na v\u00fdlet!<\/span>\n                                                                            <\/div>\n                                    <a href=\"https:\/\/divljarijeka.com\/cs\/tour\/jeep-safari-sutjeska\/\" class=\"th-port-link\" ><\/a>                                <\/div>\n                            <\/div>\n                        <\/div>\n                        \n            <\/div>\n\n        <\/div>\n\n        \t\t<\/div>\n\t\t\t\t<\/div>\n\t\t\t\t\t\t<\/div>\n\t\t\t\t\t<\/div>\n\t\t<\/div>\n\t\t\t\t\t\t\t\t<\/div>\n\t\t\t\t\t<\/div>\n\t\t<\/section>\n\t\t\t\t<section class=\"elementor-section elementor-top-section elementor-element elementor-element-481ad577 elementor-section-boxed elementor-section-height-default elementor-section-height-default\" data-id=\"481ad577\" data-element_type=\"section\">\n\t\t\t\t\t\t<div class=\"elementor-container elementor-column-gap-default\">\n\t\t\t\t\t\t\t<div class=\"elementor-row\">\n\t\t\t\t\t<div class=\"elementor-column elementor-col-100 elementor-top-column elementor-element elementor-element-ca4eaf4\" data-id=\"ca4eaf4\" data-element_type=\"column\">\n\t\t\t<div class=\"elementor-column-wrap elementor-element-populated\">\n\t\t\t\t\t\t\t<div class=\"elementor-widget-wrap\">\n\t\t\t\t\t\t<div class=\"elementor-element elementor-element-fdf3d8c elementor-widget elementor-widget-html\" data-id=\"fdf3d8c\" data-element_type=\"widget\" data-widget_type=\"html.default\">\n\t\t\t\t<div class=\"elementor-widget-container\">\n\t\t\t<iframe loading=\"lazy\" src=\"https:\/\/www.google.com\/maps\/d\/embed?mid=12qwbkYBGm8oSTmweopFLhkuWuHXi1LpL\" width=\"640\" height=\"480\"><\/iframe>\t\t<\/div>\n\t\t\t\t<\/div>\n\t\t\t\t\t\t<\/div>\n\t\t\t\t\t<\/div>\n\t\t<\/div>\n\t\t\t\t\t\t\t\t<\/div>\n\t\t\t\t\t<\/div>\n\t\t<\/section>\n\t\t\t\t\t\t\t\t\t<\/div>\n\t\t\t<\/div>\n\t\t\t\t\t<\/div>\n\t\t","protected":false},"excerpt":{"rendered":"<p>Magli\u0107 Hora Magli\u0107 Magli\u0107 je nejvy\u0161\u0161\u00ed vrchol Bosny a Hercegoviny s nadmo\u0159skou v\u00fd\u0161kou 2 386 m nm, d\u00edky strm\u00fdm svah\u016fm byla tato hora v\u017edy v\u00fdzvou pro profesion\u00e1ln\u00ed horolezce, sportovce a dobrodruhy. Hora je pokryta bukem a st\u00e1lezelen\u00fdmi lesy a \u00fapat\u00ed &hellip; <a href=\"https:\/\/divljarijeka.com\/cs\/tour\/jeep-safari-sutjeska\/\">Read More<\/a><\/p>\n","protected":false},"author":6,"featured_media":657,"parent":7542,"menu_order":0,"comment_status":"closed","ping_status":"closed","template":"","meta":{"inline_featured_image":false,"footnotes":""},"class_list":["post-7555","page","type-page","status-publish","has-post-thumbnail","hentry"],"yoast_head":"<!-- This site is optimized with the Yoast SEO Premium plugin v27.4 (Yoast SEO v27.4) - https:\/\/yoast.com\/product\/yoast-seo-premium-wordpress\/ -->\n<title>Magli\u0107 - Nejvy\u0161\u0161\u00ed vrchol Bosny | Rafting Tara Divlja Rijeka<\/title>\n<meta name=\"description\" content=\"Magli\u0107 je nejvy\u0161\u0161\u00ed hora Bosny a Hercegoviny. Horu pokr\u00fdvaj\u00ed bukov\u00e9 a st\u00e1lezelen\u00e9 lesy a v\u0161echny svahy jsou bohat\u00e9 na vodu.\" \/>\n<meta name=\"robots\" content=\"index, follow, max-snippet:-1, max-image-preview:large, max-video-preview:-1\" \/>\n<link rel=\"canonical\" href=\"https:\/\/divljarijeka.com\/cs\/atrakce\/maglic\/\" \/>\n<meta property=\"og:locale\" content=\"cs_CZ\" \/>\n<meta property=\"og:type\" content=\"article\" \/>\n<meta property=\"og:title\" content=\"Magli\u0107\" \/>\n<meta property=\"og:description\" content=\"Magli\u0107 je nejvy\u0161\u0161\u00ed hora Bosny a Hercegoviny. Horu pokr\u00fdvaj\u00ed bukov\u00e9 a st\u00e1lezelen\u00e9 lesy a v\u0161echny svahy jsou bohat\u00e9 na vodu.\" \/>\n<meta property=\"og:url\" content=\"https:\/\/divljarijeka.com\/cs\/atrakce\/maglic\/\" \/>\n<meta property=\"og:site_name\" content=\"Rafting Tara Divlja Rijeka\" \/>\n<meta property=\"article:publisher\" content=\"https:\/\/www.facebook.com\/kampdivljarijeka\/\" \/>\n<meta property=\"article:modified_time\" content=\"2025-02-10T09:04:52+00:00\" \/>\n<meta property=\"og:image\" content=\"https:\/\/divljarijeka.com\/wp-content\/uploads\/2018\/04\/jeep-safari-sutjeska-bosnia-001.jpg\" \/>\n\t<meta property=\"og:image:width\" content=\"1300\" \/>\n\t<meta property=\"og:image:height\" content=\"868\" \/>\n\t<meta property=\"og:image:type\" content=\"image\/jpeg\" \/>\n<meta name=\"twitter:card\" content=\"summary_large_image\" \/>\n<meta name=\"twitter:site\" content=\"@DivljaRijeka\" \/>\n<meta name=\"twitter:label1\" content=\"Odhadovan\u00e1 doba \u010dten\u00ed\" \/>\n\t<meta name=\"twitter:data1\" content=\"1 minuta\" \/>\n<script type=\"application\/ld+json\" class=\"yoast-schema-graph\">{\"@context\":\"https:\\\/\\\/schema.org\",\"@graph\":[{\"@type\":\"WebPage\",\"@id\":\"https:\\\/\\\/divljarijeka.com\\\/cs\\\/atrakce\\\/maglic\\\/\",\"url\":\"https:\\\/\\\/divljarijeka.com\\\/cs\\\/atrakce\\\/maglic\\\/\",\"name\":\"Magli\u0107 - Nejvy\u0161\u0161\u00ed vrchol Bosny | Rafting Tara Divlja Rijeka\",\"isPartOf\":{\"@id\":\"https:\\\/\\\/divljarijeka.com\\\/cs\\\/#website\"},\"primaryImageOfPage\":{\"@id\":\"https:\\\/\\\/divljarijeka.com\\\/cs\\\/atrakce\\\/maglic\\\/#primaryimage\"},\"image\":{\"@id\":\"https:\\\/\\\/divljarijeka.com\\\/cs\\\/atrakce\\\/maglic\\\/#primaryimage\"},\"thumbnailUrl\":\"https:\\\/\\\/divljarijeka.com\\\/wp-content\\\/uploads\\\/2018\\\/04\\\/jeep-safari-sutjeska-bosnia-001.jpg\",\"datePublished\":\"2025-02-10T09:03:45+00:00\",\"dateModified\":\"2025-02-10T09:04:52+00:00\",\"description\":\"Magli\u0107 je nejvy\u0161\u0161\u00ed hora Bosny a Hercegoviny. Horu pokr\u00fdvaj\u00ed bukov\u00e9 a st\u00e1lezelen\u00e9 lesy a v\u0161echny svahy jsou bohat\u00e9 na vodu.\",\"breadcrumb\":{\"@id\":\"https:\\\/\\\/divljarijeka.com\\\/cs\\\/atrakce\\\/maglic\\\/#breadcrumb\"},\"inLanguage\":\"cs\",\"potentialAction\":[{\"@type\":\"ReadAction\",\"target\":[\"https:\\\/\\\/divljarijeka.com\\\/cs\\\/atrakce\\\/maglic\\\/\"]}]},{\"@type\":\"ImageObject\",\"inLanguage\":\"cs\",\"@id\":\"https:\\\/\\\/divljarijeka.com\\\/cs\\\/atrakce\\\/maglic\\\/#primaryimage\",\"url\":\"https:\\\/\\\/divljarijeka.com\\\/wp-content\\\/uploads\\\/2018\\\/04\\\/jeep-safari-sutjeska-bosnia-001.jpg\",\"contentUrl\":\"https:\\\/\\\/divljarijeka.com\\\/wp-content\\\/uploads\\\/2018\\\/04\\\/jeep-safari-sutjeska-bosnia-001.jpg\",\"width\":1300,\"height\":868,\"caption\":\"jeep safari sutjeska, Magli\u0107\"},{\"@type\":\"BreadcrumbList\",\"@id\":\"https:\\\/\\\/divljarijeka.com\\\/cs\\\/atrakce\\\/maglic\\\/#breadcrumb\",\"itemListElement\":[{\"@type\":\"ListItem\",\"position\":1,\"name\":\"Home\",\"item\":\"https:\\\/\\\/divljarijeka.com\\\/cs\\\/\"},{\"@type\":\"ListItem\",\"position\":2,\"name\":\"Atrakce\",\"item\":\"https:\\\/\\\/divljarijeka.com\\\/cs\\\/atrakce\\\/\"},{\"@type\":\"ListItem\",\"position\":3,\"name\":\"Magli\u0107\"}]},{\"@type\":\"WebSite\",\"@id\":\"https:\\\/\\\/divljarijeka.com\\\/cs\\\/#website\",\"url\":\"https:\\\/\\\/divljarijeka.com\\\/cs\\\/\",\"name\":\"Rafting Tara Divlja Rijeka\",\"description\":\"\",\"publisher\":{\"@id\":\"https:\\\/\\\/divljarijeka.com\\\/cs\\\/#organization\"},\"potentialAction\":[{\"@type\":\"SearchAction\",\"target\":{\"@type\":\"EntryPoint\",\"urlTemplate\":\"https:\\\/\\\/divljarijeka.com\\\/cs\\\/?s={search_term_string}\"},\"query-input\":{\"@type\":\"PropertyValueSpecification\",\"valueRequired\":true,\"valueName\":\"search_term_string\"}}],\"inLanguage\":\"cs\"},{\"@type\":\"Organization\",\"@id\":\"https:\\\/\\\/divljarijeka.com\\\/cs\\\/#organization\",\"name\":\"Rafting Tara Divlja Rijeka\",\"url\":\"https:\\\/\\\/divljarijeka.com\\\/cs\\\/\",\"logo\":{\"@type\":\"ImageObject\",\"inLanguage\":\"cs\",\"@id\":\"https:\\\/\\\/divljarijeka.com\\\/cs\\\/#\\\/schema\\\/logo\\\/image\\\/\",\"url\":\"https:\\\/\\\/divljarijeka.com\\\/wp-content\\\/uploads\\\/2018\\\/08\\\/cropped-divlja-rijeka-rafting-publisher.png\",\"contentUrl\":\"https:\\\/\\\/divljarijeka.com\\\/wp-content\\\/uploads\\\/2018\\\/08\\\/cropped-divlja-rijeka-rafting-publisher.png\",\"width\":104,\"height\":60,\"caption\":\"Rafting Tara Divlja Rijeka\"},\"image\":{\"@id\":\"https:\\\/\\\/divljarijeka.com\\\/cs\\\/#\\\/schema\\\/logo\\\/image\\\/\"},\"sameAs\":[\"https:\\\/\\\/www.facebook.com\\\/kampdivljarijeka\\\/\",\"https:\\\/\\\/x.com\\\/DivljaRijeka\",\"https:\\\/\\\/www.instagram.com\\\/kampdivljarijeka\\\/\"]}]}<\/script>\n<!-- \/ Yoast SEO Premium plugin. -->","yoast_head_json":{"title":"Magli\u0107 - Nejvy\u0161\u0161\u00ed vrchol Bosny | Rafting Tara Divlja Rijeka","description":"Magli\u0107 je nejvy\u0161\u0161\u00ed hora Bosny a Hercegoviny. Horu pokr\u00fdvaj\u00ed bukov\u00e9 a st\u00e1lezelen\u00e9 lesy a v\u0161echny svahy jsou bohat\u00e9 na vodu.","robots":{"index":"index","follow":"follow","max-snippet":"max-snippet:-1","max-image-preview":"max-image-preview:large","max-video-preview":"max-video-preview:-1"},"canonical":"https:\/\/divljarijeka.com\/cs\/atrakce\/maglic\/","og_locale":"cs_CZ","og_type":"article","og_title":"Magli\u0107","og_description":"Magli\u0107 je nejvy\u0161\u0161\u00ed hora Bosny a Hercegoviny. Horu pokr\u00fdvaj\u00ed bukov\u00e9 a st\u00e1lezelen\u00e9 lesy a v\u0161echny svahy jsou bohat\u00e9 na vodu.","og_url":"https:\/\/divljarijeka.com\/cs\/atrakce\/maglic\/","og_site_name":"Rafting Tara Divlja Rijeka","article_publisher":"https:\/\/www.facebook.com\/kampdivljarijeka\/","article_modified_time":"2025-02-10T09:04:52+00:00","og_image":[{"width":1300,"height":868,"url":"https:\/\/divljarijeka.com\/wp-content\/uploads\/2018\/04\/jeep-safari-sutjeska-bosnia-001.jpg","type":"image\/jpeg"}],"twitter_card":"summary_large_image","twitter_site":"@DivljaRijeka","twitter_misc":{"Odhadovan\u00e1 doba \u010dten\u00ed":"1 minuta"},"schema":{"@context":"https:\/\/schema.org","@graph":[{"@type":"WebPage","@id":"https:\/\/divljarijeka.com\/cs\/atrakce\/maglic\/","url":"https:\/\/divljarijeka.com\/cs\/atrakce\/maglic\/","name":"Magli\u0107 - Nejvy\u0161\u0161\u00ed vrchol Bosny | Rafting Tara Divlja Rijeka","isPartOf":{"@id":"https:\/\/divljarijeka.com\/cs\/#website"},"primaryImageOfPage":{"@id":"https:\/\/divljarijeka.com\/cs\/atrakce\/maglic\/#primaryimage"},"image":{"@id":"https:\/\/divljarijeka.com\/cs\/atrakce\/maglic\/#primaryimage"},"thumbnailUrl":"https:\/\/divljarijeka.com\/wp-content\/uploads\/2018\/04\/jeep-safari-sutjeska-bosnia-001.jpg","datePublished":"2025-02-10T09:03:45+00:00","dateModified":"2025-02-10T09:04:52+00:00","description":"Magli\u0107 je nejvy\u0161\u0161\u00ed hora Bosny a Hercegoviny. Horu pokr\u00fdvaj\u00ed bukov\u00e9 a st\u00e1lezelen\u00e9 lesy a v\u0161echny svahy jsou bohat\u00e9 na vodu.","breadcrumb":{"@id":"https:\/\/divljarijeka.com\/cs\/atrakce\/maglic\/#breadcrumb"},"inLanguage":"cs","potentialAction":[{"@type":"ReadAction","target":["https:\/\/divljarijeka.com\/cs\/atrakce\/maglic\/"]}]},{"@type":"ImageObject","inLanguage":"cs","@id":"https:\/\/divljarijeka.com\/cs\/atrakce\/maglic\/#primaryimage","url":"https:\/\/divljarijeka.com\/wp-content\/uploads\/2018\/04\/jeep-safari-sutjeska-bosnia-001.jpg","contentUrl":"https:\/\/divljarijeka.com\/wp-content\/uploads\/2018\/04\/jeep-safari-sutjeska-bosnia-001.jpg","width":1300,"height":868,"caption":"jeep safari sutjeska, Magli\u0107"},{"@type":"BreadcrumbList","@id":"https:\/\/divljarijeka.com\/cs\/atrakce\/maglic\/#breadcrumb","itemListElement":[{"@type":"ListItem","position":1,"name":"Home","item":"https:\/\/divljarijeka.com\/cs\/"},{"@type":"ListItem","position":2,"name":"Atrakce","item":"https:\/\/divljarijeka.com\/cs\/atrakce\/"},{"@type":"ListItem","position":3,"name":"Magli\u0107"}]},{"@type":"WebSite","@id":"https:\/\/divljarijeka.com\/cs\/#website","url":"https:\/\/divljarijeka.com\/cs\/","name":"Rafting Tara Divlja Rijeka","description":"","publisher":{"@id":"https:\/\/divljarijeka.com\/cs\/#organization"},"potentialAction":[{"@type":"SearchAction","target":{"@type":"EntryPoint","urlTemplate":"https:\/\/divljarijeka.com\/cs\/?s={search_term_string}"},"query-input":{"@type":"PropertyValueSpecification","valueRequired":true,"valueName":"search_term_string"}}],"inLanguage":"cs"},{"@type":"Organization","@id":"https:\/\/divljarijeka.com\/cs\/#organization","name":"Rafting Tara Divlja Rijeka","url":"https:\/\/divljarijeka.com\/cs\/","logo":{"@type":"ImageObject","inLanguage":"cs","@id":"https:\/\/divljarijeka.com\/cs\/#\/schema\/logo\/image\/","url":"https:\/\/divljarijeka.com\/wp-content\/uploads\/2018\/08\/cropped-divlja-rijeka-rafting-publisher.png","contentUrl":"https:\/\/divljarijeka.com\/wp-content\/uploads\/2018\/08\/cropped-divlja-rijeka-rafting-publisher.png","width":104,"height":60,"caption":"Rafting Tara Divlja Rijeka"},"image":{"@id":"https:\/\/divljarijeka.com\/cs\/#\/schema\/logo\/image\/"},"sameAs":["https:\/\/www.facebook.com\/kampdivljarijeka\/","https:\/\/x.com\/DivljaRijeka","https:\/\/www.instagram.com\/kampdivljarijeka\/"]}]}},"_links":{"self":[{"href":"https:\/\/divljarijeka.com\/cs\/wp-json\/wp\/v2\/pages\/7555","targetHints":{"allow":["GET"]}}],"collection":[{"href":"https:\/\/divljarijeka.com\/cs\/wp-json\/wp\/v2\/pages"}],"about":[{"href":"https:\/\/divljarijeka.com\/cs\/wp-json\/wp\/v2\/types\/page"}],"author":[{"embeddable":true,"href":"https:\/\/divljarijeka.com\/cs\/wp-json\/wp\/v2\/users\/6"}],"replies":[{"embeddable":true,"href":"https:\/\/divljarijeka.com\/cs\/wp-json\/wp\/v2\/comments?post=7555"}],"version-history":[{"count":4,"href":"https:\/\/divljarijeka.com\/cs\/wp-json\/wp\/v2\/pages\/7555\/revisions"}],"predecessor-version":[{"id":7560,"href":"https:\/\/divljarijeka.com\/cs\/wp-json\/wp\/v2\/pages\/7555\/revisions\/7560"}],"up":[{"embeddable":true,"href":"https:\/\/divljarijeka.com\/cs\/wp-json\/wp\/v2\/pages\/7542"}],"wp:featuredmedia":[{"embeddable":true,"href":"https:\/\/divljarijeka.com\/cs\/wp-json\/wp\/v2\/media\/657"}],"wp:attachment":[{"href":"https:\/\/divljarijeka.com\/cs\/wp-json\/wp\/v2\/media?parent=7555"}],"curies":[{"name":"wp","href":"https:\/\/api.w.org\/{rel}","templated":true}]}}