{"id":7683,"date":"2025-02-10T09:54:12","date_gmt":"2025-02-10T09:54:12","guid":{"rendered":"https:\/\/divljarijeka.com\/?page_id=7683"},"modified":"2025-02-10T09:58:02","modified_gmt":"2025-02-10T09:58:02","slug":"vzdelavaci","status":"publish","type":"page","link":"https:\/\/divljarijeka.com\/cs\/exkurze\/vzdelavaci\/","title":{"rendered":"Vzd\u011bl\u00e1vac\u00ed"},"content":{"rendered":"\t\t<div data-elementor-type=\"wp-page\" data-elementor-id=\"7683\" class=\"elementor elementor-7683 elementor-138 elementor-bc-flex-widget\">\n\t\t\t\t\t\t<div class=\"elementor-inner\">\n\t\t\t\t<div class=\"elementor-section-wrap\">\n\t\t\t\t\t\t\t\t\t<section class=\"elementor-section elementor-top-section elementor-element elementor-element-3d3eec7 elementor-section-boxed elementor-section-height-default elementor-section-height-default\" data-id=\"3d3eec7\" data-element_type=\"section\">\n\t\t\t\t\t\t<div class=\"elementor-container elementor-column-gap-default\">\n\t\t\t\t\t\t\t<div class=\"elementor-row\">\n\t\t\t\t\t<div class=\"elementor-column elementor-col-100 elementor-top-column elementor-element elementor-element-d238e30\" data-id=\"d238e30\" data-element_type=\"column\">\n\t\t\t<div class=\"elementor-column-wrap elementor-element-populated\">\n\t\t\t\t\t\t\t<div class=\"elementor-widget-wrap\">\n\t\t\t\t\t\t<div class=\"elementor-element elementor-element-1386d2f elementor-widget elementor-widget-themo-tour-grid\" data-id=\"1386d2f\" data-element_type=\"widget\" data-widget_type=\"themo-tour-grid.default\">\n\t\t\t\t<div class=\"elementor-widget-container\">\n\t\t\t\n                <div id=\"th-portfolio-content-6a093bf5b9998\" class=\"th-portfolio\">\n\n            \n            <div id=\"th-portfolio-row\" class=\"th-portfolio-row row portfolio_content  three-columns th-port-gutter\">\n\n                                        <div id=\"post-7843\" class=\"th-portfolio-item item col-md-4 col-sm-6 p-educational p-hiking p-np-sutjeska-cs p-one-day-tours p-perucica-cs p-trekking-cs post-7843 themo_tour type-themo_tour status-publish format-standard has-post-thumbnail hentry themo_tour_type-educational themo_tour_type-hiking themo_tour_type-np-sutjeska-cs themo_tour_type-one-day-tours themo_tour_type-perucica-cs themo_tour_type-trekking-cs\">\n                            <div class=\"th-port-wrap\">\n                                <img decoding=\"async\" width=\"394\" height=\"394\" src=\"https:\/\/divljarijeka.com\/wp-content\/uploads\/2018\/04\/perucica-hiking-002-394x394.jpg\" class=\"img-responsive th-port-img wp-post-image\" alt=\"\" \/>\n                                <div class=\"th-port-overlay\"><\/div>\n                                <div class=\"th-port-inner\">\n                                                                            <div class=\"th-port-top-text\">P\u011b\u0161\u00ed turistika - Jednodenn\u00ed v\u00fdlet<\/div>\n                                                                        <div class=\"th-port-center\">\n                                        <h3 class=\"th-port-title\">Peru\u0107ica - Podivn\u00fd les<\/h3>\n                                        <p class=\"th-port-sub\">Prales, kter\u00fd v\u00e1m bere dech<\/p>                                                                                    <span class=\"th-port-btn\">Pod\u00edvejte se na v\u00fdlet!<\/span>\n                                                                            <\/div>\n                                    <a href=\"https:\/\/divljarijeka.com\/cs\/tour\/destny-prales-perucica\/\" class=\"th-port-link\" ><\/a>                                <\/div>\n                            <\/div>\n                        <\/div>\n                                                <div id=\"post-7909\" class=\"th-portfolio-item item col-md-4 col-sm-6 p-educational p-expeditions p-multi-day-tours p-np-durmitor-cs p-rafting-cs p-tara-cs post-7909 themo_tour type-themo_tour status-publish format-standard has-post-thumbnail hentry themo_tour_type-educational themo_tour_type-expeditions themo_tour_type-multi-day-tours themo_tour_type-np-durmitor-cs themo_tour_type-rafting-cs themo_tour_type-tara-cs\">\n                            <div class=\"th-port-wrap\">\n                                <img decoding=\"async\" width=\"605\" height=\"605\" src=\"https:\/\/divljarijeka.com\/wp-content\/uploads\/2018\/04\/tara-canyon-expedition-001-1-605x605.jpg\" class=\"img-responsive th-port-img wp-post-image\" alt=\"tara canyon\" \/>\n                                <div class=\"th-port-overlay\"><\/div>\n                                <div class=\"th-port-inner\">\n                                                                            <div class=\"th-port-top-text\">Rafting - V\u00edcedenn\u00ed v\u00fdlet<\/div>\n                                                                        <div class=\"th-port-center\">\n                                        <h3 class=\"th-port-title\">Expedice \u2013 N\u00e1vrat ke ko\u0159en\u016fm<\/h3>\n                                        <p class=\"th-port-sub\">Otestujte sv\u00e9 limity, nau\u010dte se nov\u00e9 dovednosti a objevte ka\u0148on Tara v tomto jedine\u010dn\u00e9m uspo\u0159\u00e1d\u00e1n\u00ed.<\/p>                                                                                    <span class=\"th-port-btn\">Pod\u00edvejte se na v\u00fdlet!<\/span>\n                                                                            <\/div>\n                                    <a href=\"https:\/\/divljarijeka.com\/cs\/tour\/expedice-do-kanonu-tara\/\" class=\"th-port-link\" ><\/a>                                <\/div>\n                            <\/div>\n                        <\/div>\n                                                <div id=\"post-7937\" class=\"th-portfolio-item item col-md-4 col-sm-6 p-multi-day-tours p-np-durmitor post-7937 themo_tour type-themo_tour status-publish format-standard has-post-thumbnail hentry themo_tour_type-multi-day-tours themo_tour_type-np-durmitor\">\n                            <div class=\"th-port-wrap\">\n                                <img decoding=\"async\" width=\"605\" height=\"605\" src=\"https:\/\/divljarijeka.com\/wp-content\/uploads\/2018\/04\/true-tara-rafting-experience-605x605.jpg\" class=\"img-responsive th-port-img wp-post-image\" alt=\"Divlja Rijeka, True tara rafting expiriance with 5 man in deepest canyon in Europe\" \/>\n                                <div class=\"th-port-overlay\"><\/div>\n                                <div class=\"th-port-inner\">\n                                                                            <div class=\"th-port-top-text\">Tara Rafting - V\u00edcedenn\u00ed v\u00fdlet<\/div>\n                                                                        <div class=\"th-port-center\">\n                                        <h3 class=\"th-port-title\">Skute\u010dn\u00fd z\u00e1\u017eitek z raftingu Tara<\/h3>\n                                        <p class=\"th-port-sub\">Sportovn\u00ed rafting na 2 dny v nejhlub\u0161\u00edm evropsk\u00e9m ka\u0148onu.<\/p>                                                                                    <span class=\"th-port-btn\">Pod\u00edvejte se na v\u00fdlet!<\/span>\n                                                                            <\/div>\n                                    <a href=\"https:\/\/divljarijeka.com\/cs\/tour\/skutecny-zazitek-z-raftingu-tara\/\" class=\"th-port-link\" ><\/a>                                <\/div>\n                            <\/div>\n                        <\/div>\n                        \n            <\/div>\n\n        <\/div>\n\n        \t\t<\/div>\n\t\t\t\t<\/div>\n\t\t\t\t\t\t<\/div>\n\t\t\t\t\t<\/div>\n\t\t<\/div>\n\t\t\t\t\t\t\t\t<\/div>\n\t\t\t\t\t<\/div>\n\t\t<\/section>\n\t\t\t\t\t\t\t\t\t<\/div>\n\t\t\t<\/div>\n\t\t\t\t\t<\/div>\n\t\t","protected":false},"excerpt":{"rendered":"<p>Hiking &#8211; One Day Tour Peru\u0107ica &#8211; Strange Forest Primeval Forest That Takes Your Breath Away VIEW TOUR Tara Rafting &#8211; Multi-Day Tour True Tara Rafting Experience Sport rafting tour for 2 days in the deepest European canyon. VIEW TOUR &hellip; <a href=\"https:\/\/divljarijeka.com\/cs\/tour\/skutecny-zazitek-z-raftingu-tara\/\">Read More<\/a><\/p>\n","protected":false},"author":6,"featured_media":415,"parent":7678,"menu_order":0,"comment_status":"closed","ping_status":"closed","template":"","meta":{"inline_featured_image":false,"footnotes":""},"class_list":["post-7683","page","type-page","status-publish","has-post-thumbnail","hentry"],"yoast_head":"<!-- This site is optimized with the Yoast SEO Premium plugin v27.4 (Yoast SEO v27.4) - https:\/\/yoast.com\/product\/yoast-seo-premium-wordpress\/ -->\n<title>Vzd\u011bl\u00e1vac\u00ed - Rafting Tara Divlja Rijeka | Kone\u010dn\u00e1 dobrodru\u017estv\u00ed<\/title>\n<meta name=\"description\" content=\"Nejlep\u0161\u00ed dobrodru\u017estv\u00ed v nejhlub\u0161\u00edm evropsk\u00e9m ka\u0148onu - ka\u0148onu \u0159eky Tara. Nau\u010dte se nov\u00e9 dovednosti a objevte vzd\u011bl\u00e1vac\u00ed a dobrodru\u017en\u00e9!\" \/>\n<meta name=\"robots\" content=\"index, follow, max-snippet:-1, max-image-preview:large, max-video-preview:-1\" \/>\n<link rel=\"canonical\" href=\"https:\/\/divljarijeka.com\/cs\/exkurze\/vzdelavaci\/\" \/>\n<meta property=\"og:locale\" content=\"cs_CZ\" \/>\n<meta property=\"og:type\" content=\"article\" \/>\n<meta property=\"og:title\" content=\"Vzd\u011bl\u00e1vac\u00ed\" \/>\n<meta property=\"og:description\" content=\"Nejlep\u0161\u00ed dobrodru\u017estv\u00ed v nejhlub\u0161\u00edm evropsk\u00e9m ka\u0148onu - ka\u0148onu \u0159eky Tara. Nau\u010dte se nov\u00e9 dovednosti a objevte vzd\u011bl\u00e1vac\u00ed a dobrodru\u017en\u00e9!\" \/>\n<meta property=\"og:url\" content=\"https:\/\/divljarijeka.com\/cs\/exkurze\/vzdelavaci\/\" \/>\n<meta property=\"og:site_name\" content=\"Rafting Tara Divlja Rijeka\" \/>\n<meta property=\"article:publisher\" content=\"https:\/\/www.facebook.com\/kampdivljarijeka\/\" \/>\n<meta property=\"article:modified_time\" content=\"2025-02-10T09:58:02+00:00\" \/>\n<meta property=\"og:image\" content=\"https:\/\/divljarijeka.com\/wp-content\/uploads\/2018\/04\/lake-trnovacko-hiking-002.jpg\" \/>\n\t<meta property=\"og:image:width\" content=\"900\" \/>\n\t<meta property=\"og:image:height\" content=\"601\" \/>\n\t<meta property=\"og:image:type\" content=\"image\/jpeg\" \/>\n<meta name=\"twitter:card\" content=\"summary_large_image\" \/>\n<meta name=\"twitter:site\" content=\"@DivljaRijeka\" \/>\n<meta name=\"twitter:label1\" content=\"Odhadovan\u00e1 doba \u010dten\u00ed\" \/>\n\t<meta name=\"twitter:data1\" content=\"2 minuty\" \/>\n<script type=\"application\/ld+json\" class=\"yoast-schema-graph\">{\"@context\":\"https:\\\/\\\/schema.org\",\"@graph\":[{\"@type\":\"WebPage\",\"@id\":\"https:\\\/\\\/divljarijeka.com\\\/cs\\\/exkurze\\\/vzdelavaci\\\/\",\"url\":\"https:\\\/\\\/divljarijeka.com\\\/cs\\\/exkurze\\\/vzdelavaci\\\/\",\"name\":\"Vzd\u011bl\u00e1vac\u00ed - Rafting Tara Divlja Rijeka | Kone\u010dn\u00e1 dobrodru\u017estv\u00ed\",\"isPartOf\":{\"@id\":\"https:\\\/\\\/divljarijeka.com\\\/cs\\\/#website\"},\"primaryImageOfPage\":{\"@id\":\"https:\\\/\\\/divljarijeka.com\\\/cs\\\/exkurze\\\/vzdelavaci\\\/#primaryimage\"},\"image\":{\"@id\":\"https:\\\/\\\/divljarijeka.com\\\/cs\\\/exkurze\\\/vzdelavaci\\\/#primaryimage\"},\"thumbnailUrl\":\"https:\\\/\\\/divljarijeka.com\\\/wp-content\\\/uploads\\\/2018\\\/04\\\/lake-trnovacko-hiking-002.jpg\",\"datePublished\":\"2025-02-10T09:54:12+00:00\",\"dateModified\":\"2025-02-10T09:58:02+00:00\",\"description\":\"Nejlep\u0161\u00ed dobrodru\u017estv\u00ed v nejhlub\u0161\u00edm evropsk\u00e9m ka\u0148onu - ka\u0148onu \u0159eky Tara. Nau\u010dte se nov\u00e9 dovednosti a objevte vzd\u011bl\u00e1vac\u00ed a dobrodru\u017en\u00e9!\",\"breadcrumb\":{\"@id\":\"https:\\\/\\\/divljarijeka.com\\\/cs\\\/exkurze\\\/vzdelavaci\\\/#breadcrumb\"},\"inLanguage\":\"cs\",\"potentialAction\":[{\"@type\":\"ReadAction\",\"target\":[\"https:\\\/\\\/divljarijeka.com\\\/cs\\\/exkurze\\\/vzdelavaci\\\/\"]}]},{\"@type\":\"ImageObject\",\"inLanguage\":\"cs\",\"@id\":\"https:\\\/\\\/divljarijeka.com\\\/cs\\\/exkurze\\\/vzdelavaci\\\/#primaryimage\",\"url\":\"https:\\\/\\\/divljarijeka.com\\\/wp-content\\\/uploads\\\/2018\\\/04\\\/lake-trnovacko-hiking-002.jpg\",\"contentUrl\":\"https:\\\/\\\/divljarijeka.com\\\/wp-content\\\/uploads\\\/2018\\\/04\\\/lake-trnovacko-hiking-002.jpg\",\"width\":900,\"height\":601,\"caption\":\"Educational\"},{\"@type\":\"BreadcrumbList\",\"@id\":\"https:\\\/\\\/divljarijeka.com\\\/cs\\\/exkurze\\\/vzdelavaci\\\/#breadcrumb\",\"itemListElement\":[{\"@type\":\"ListItem\",\"position\":1,\"name\":\"Home\",\"item\":\"https:\\\/\\\/divljarijeka.com\\\/cs\\\/\"},{\"@type\":\"ListItem\",\"position\":2,\"name\":\"Exkurze\",\"item\":\"https:\\\/\\\/divljarijeka.com\\\/cs\\\/tours\\\/\"},{\"@type\":\"ListItem\",\"position\":3,\"name\":\"Vzd\u011bl\u00e1vac\u00ed\"}]},{\"@type\":\"WebSite\",\"@id\":\"https:\\\/\\\/divljarijeka.com\\\/cs\\\/#website\",\"url\":\"https:\\\/\\\/divljarijeka.com\\\/cs\\\/\",\"name\":\"Rafting Tara Divlja Rijeka\",\"description\":\"\",\"publisher\":{\"@id\":\"https:\\\/\\\/divljarijeka.com\\\/cs\\\/#organization\"},\"potentialAction\":[{\"@type\":\"SearchAction\",\"target\":{\"@type\":\"EntryPoint\",\"urlTemplate\":\"https:\\\/\\\/divljarijeka.com\\\/cs\\\/?s={search_term_string}\"},\"query-input\":{\"@type\":\"PropertyValueSpecification\",\"valueRequired\":true,\"valueName\":\"search_term_string\"}}],\"inLanguage\":\"cs\"},{\"@type\":\"Organization\",\"@id\":\"https:\\\/\\\/divljarijeka.com\\\/cs\\\/#organization\",\"name\":\"Rafting Tara Divlja Rijeka\",\"url\":\"https:\\\/\\\/divljarijeka.com\\\/cs\\\/\",\"logo\":{\"@type\":\"ImageObject\",\"inLanguage\":\"cs\",\"@id\":\"https:\\\/\\\/divljarijeka.com\\\/cs\\\/#\\\/schema\\\/logo\\\/image\\\/\",\"url\":\"https:\\\/\\\/divljarijeka.com\\\/wp-content\\\/uploads\\\/2018\\\/08\\\/cropped-divlja-rijeka-rafting-publisher.png\",\"contentUrl\":\"https:\\\/\\\/divljarijeka.com\\\/wp-content\\\/uploads\\\/2018\\\/08\\\/cropped-divlja-rijeka-rafting-publisher.png\",\"width\":104,\"height\":60,\"caption\":\"Rafting Tara Divlja Rijeka\"},\"image\":{\"@id\":\"https:\\\/\\\/divljarijeka.com\\\/cs\\\/#\\\/schema\\\/logo\\\/image\\\/\"},\"sameAs\":[\"https:\\\/\\\/www.facebook.com\\\/kampdivljarijeka\\\/\",\"https:\\\/\\\/x.com\\\/DivljaRijeka\",\"https:\\\/\\\/www.instagram.com\\\/kampdivljarijeka\\\/\"]}]}<\/script>\n<!-- \/ Yoast SEO Premium plugin. -->","yoast_head_json":{"title":"Vzd\u011bl\u00e1vac\u00ed - Rafting Tara Divlja Rijeka | Kone\u010dn\u00e1 dobrodru\u017estv\u00ed","description":"Nejlep\u0161\u00ed dobrodru\u017estv\u00ed v nejhlub\u0161\u00edm evropsk\u00e9m ka\u0148onu - ka\u0148onu \u0159eky Tara. Nau\u010dte se nov\u00e9 dovednosti a objevte vzd\u011bl\u00e1vac\u00ed a dobrodru\u017en\u00e9!","robots":{"index":"index","follow":"follow","max-snippet":"max-snippet:-1","max-image-preview":"max-image-preview:large","max-video-preview":"max-video-preview:-1"},"canonical":"https:\/\/divljarijeka.com\/cs\/exkurze\/vzdelavaci\/","og_locale":"cs_CZ","og_type":"article","og_title":"Vzd\u011bl\u00e1vac\u00ed","og_description":"Nejlep\u0161\u00ed dobrodru\u017estv\u00ed v nejhlub\u0161\u00edm evropsk\u00e9m ka\u0148onu - ka\u0148onu \u0159eky Tara. Nau\u010dte se nov\u00e9 dovednosti a objevte vzd\u011bl\u00e1vac\u00ed a dobrodru\u017en\u00e9!","og_url":"https:\/\/divljarijeka.com\/cs\/exkurze\/vzdelavaci\/","og_site_name":"Rafting Tara Divlja Rijeka","article_publisher":"https:\/\/www.facebook.com\/kampdivljarijeka\/","article_modified_time":"2025-02-10T09:58:02+00:00","og_image":[{"width":900,"height":601,"url":"https:\/\/divljarijeka.com\/wp-content\/uploads\/2018\/04\/lake-trnovacko-hiking-002.jpg","type":"image\/jpeg"}],"twitter_card":"summary_large_image","twitter_site":"@DivljaRijeka","twitter_misc":{"Odhadovan\u00e1 doba \u010dten\u00ed":"2 minuty"},"schema":{"@context":"https:\/\/schema.org","@graph":[{"@type":"WebPage","@id":"https:\/\/divljarijeka.com\/cs\/exkurze\/vzdelavaci\/","url":"https:\/\/divljarijeka.com\/cs\/exkurze\/vzdelavaci\/","name":"Vzd\u011bl\u00e1vac\u00ed - Rafting Tara Divlja Rijeka | Kone\u010dn\u00e1 dobrodru\u017estv\u00ed","isPartOf":{"@id":"https:\/\/divljarijeka.com\/cs\/#website"},"primaryImageOfPage":{"@id":"https:\/\/divljarijeka.com\/cs\/exkurze\/vzdelavaci\/#primaryimage"},"image":{"@id":"https:\/\/divljarijeka.com\/cs\/exkurze\/vzdelavaci\/#primaryimage"},"thumbnailUrl":"https:\/\/divljarijeka.com\/wp-content\/uploads\/2018\/04\/lake-trnovacko-hiking-002.jpg","datePublished":"2025-02-10T09:54:12+00:00","dateModified":"2025-02-10T09:58:02+00:00","description":"Nejlep\u0161\u00ed dobrodru\u017estv\u00ed v nejhlub\u0161\u00edm evropsk\u00e9m ka\u0148onu - ka\u0148onu \u0159eky Tara. Nau\u010dte se nov\u00e9 dovednosti a objevte vzd\u011bl\u00e1vac\u00ed a dobrodru\u017en\u00e9!","breadcrumb":{"@id":"https:\/\/divljarijeka.com\/cs\/exkurze\/vzdelavaci\/#breadcrumb"},"inLanguage":"cs","potentialAction":[{"@type":"ReadAction","target":["https:\/\/divljarijeka.com\/cs\/exkurze\/vzdelavaci\/"]}]},{"@type":"ImageObject","inLanguage":"cs","@id":"https:\/\/divljarijeka.com\/cs\/exkurze\/vzdelavaci\/#primaryimage","url":"https:\/\/divljarijeka.com\/wp-content\/uploads\/2018\/04\/lake-trnovacko-hiking-002.jpg","contentUrl":"https:\/\/divljarijeka.com\/wp-content\/uploads\/2018\/04\/lake-trnovacko-hiking-002.jpg","width":900,"height":601,"caption":"Educational"},{"@type":"BreadcrumbList","@id":"https:\/\/divljarijeka.com\/cs\/exkurze\/vzdelavaci\/#breadcrumb","itemListElement":[{"@type":"ListItem","position":1,"name":"Home","item":"https:\/\/divljarijeka.com\/cs\/"},{"@type":"ListItem","position":2,"name":"Exkurze","item":"https:\/\/divljarijeka.com\/cs\/tours\/"},{"@type":"ListItem","position":3,"name":"Vzd\u011bl\u00e1vac\u00ed"}]},{"@type":"WebSite","@id":"https:\/\/divljarijeka.com\/cs\/#website","url":"https:\/\/divljarijeka.com\/cs\/","name":"Rafting Tara Divlja Rijeka","description":"","publisher":{"@id":"https:\/\/divljarijeka.com\/cs\/#organization"},"potentialAction":[{"@type":"SearchAction","target":{"@type":"EntryPoint","urlTemplate":"https:\/\/divljarijeka.com\/cs\/?s={search_term_string}"},"query-input":{"@type":"PropertyValueSpecification","valueRequired":true,"valueName":"search_term_string"}}],"inLanguage":"cs"},{"@type":"Organization","@id":"https:\/\/divljarijeka.com\/cs\/#organization","name":"Rafting Tara Divlja Rijeka","url":"https:\/\/divljarijeka.com\/cs\/","logo":{"@type":"ImageObject","inLanguage":"cs","@id":"https:\/\/divljarijeka.com\/cs\/#\/schema\/logo\/image\/","url":"https:\/\/divljarijeka.com\/wp-content\/uploads\/2018\/08\/cropped-divlja-rijeka-rafting-publisher.png","contentUrl":"https:\/\/divljarijeka.com\/wp-content\/uploads\/2018\/08\/cropped-divlja-rijeka-rafting-publisher.png","width":104,"height":60,"caption":"Rafting Tara Divlja Rijeka"},"image":{"@id":"https:\/\/divljarijeka.com\/cs\/#\/schema\/logo\/image\/"},"sameAs":["https:\/\/www.facebook.com\/kampdivljarijeka\/","https:\/\/x.com\/DivljaRijeka","https:\/\/www.instagram.com\/kampdivljarijeka\/"]}]}},"_links":{"self":[{"href":"https:\/\/divljarijeka.com\/cs\/wp-json\/wp\/v2\/pages\/7683","targetHints":{"allow":["GET"]}}],"collection":[{"href":"https:\/\/divljarijeka.com\/cs\/wp-json\/wp\/v2\/pages"}],"about":[{"href":"https:\/\/divljarijeka.com\/cs\/wp-json\/wp\/v2\/types\/page"}],"author":[{"embeddable":true,"href":"https:\/\/divljarijeka.com\/cs\/wp-json\/wp\/v2\/users\/6"}],"replies":[{"embeddable":true,"href":"https:\/\/divljarijeka.com\/cs\/wp-json\/wp\/v2\/comments?post=7683"}],"version-history":[{"count":1,"href":"https:\/\/divljarijeka.com\/cs\/wp-json\/wp\/v2\/pages\/7683\/revisions"}],"predecessor-version":[{"id":7684,"href":"https:\/\/divljarijeka.com\/cs\/wp-json\/wp\/v2\/pages\/7683\/revisions\/7684"}],"up":[{"embeddable":true,"href":"https:\/\/divljarijeka.com\/cs\/wp-json\/wp\/v2\/pages\/7678"}],"wp:featuredmedia":[{"embeddable":true,"href":"https:\/\/divljarijeka.com\/cs\/wp-json\/wp\/v2\/media\/415"}],"wp:attachment":[{"href":"https:\/\/divljarijeka.com\/cs\/wp-json\/wp\/v2\/media?parent=7683"}],"curies":[{"name":"wp","href":"https:\/\/api.w.org\/{rel}","templated":true}]}}