{"id":7689,"date":"2025-02-10T10:01:53","date_gmt":"2025-02-10T10:01:53","guid":{"rendered":"https:\/\/divljarijeka.com\/?page_id=7689"},"modified":"2025-02-17T12:17:30","modified_gmt":"2025-02-17T12:17:30","slug":"vicedenni-zajezdy","status":"publish","type":"page","link":"https:\/\/divljarijeka.com\/cs\/exkurze\/vicedenni-zajezdy\/","title":{"rendered":"V\u00edcedenn\u00ed z\u00e1jezdy"},"content":{"rendered":"\t\t<div data-elementor-type=\"wp-page\" data-elementor-id=\"7689\" class=\"elementor elementor-7689 elementor-136\">\n\t\t\t\t\t\t<div class=\"elementor-inner\">\n\t\t\t\t<div class=\"elementor-section-wrap\">\n\t\t\t\t\t\t\t\t\t<section class=\"elementor-section elementor-top-section elementor-element elementor-element-761aa81 elementor-section-boxed elementor-section-height-default elementor-section-height-default\" data-id=\"761aa81\" data-element_type=\"section\">\n\t\t\t\t\t\t<div class=\"elementor-container elementor-column-gap-default\">\n\t\t\t\t\t\t\t<div class=\"elementor-row\">\n\t\t\t\t\t<div class=\"elementor-column elementor-col-100 elementor-top-column elementor-element elementor-element-5383127\" data-id=\"5383127\" data-element_type=\"column\">\n\t\t\t<div class=\"elementor-column-wrap elementor-element-populated\">\n\t\t\t\t\t\t\t<div class=\"elementor-widget-wrap\">\n\t\t\t\t\t\t<div class=\"elementor-element elementor-element-25f4600 elementor-widget elementor-widget-themo-tour-grid\" data-id=\"25f4600\" data-element_type=\"widget\" data-widget_type=\"themo-tour-grid.default\">\n\t\t\t\t<div class=\"elementor-widget-container\">\n\t\t\t\n                <div id=\"th-portfolio-content-6a09287a9ca79\" class=\"th-portfolio\">\n\n            \n            <div id=\"th-portfolio-row\" class=\"th-portfolio-row row portfolio_content  three-columns th-port-gutter\">\n\n                                        <div id=\"post-7794\" class=\"th-portfolio-item item col-md-4 col-sm-6 p-mehrtaegige-touren p-multi-day-tours p-rafting-cs p-tara-cs post-7794 themo_tour type-themo_tour status-publish format-standard has-post-thumbnail hentry themo_tour_type-mehrtaegige-touren themo_tour_type-multi-day-tours themo_tour_type-rafting-cs themo_tour_type-tara-cs\">\n                            <div class=\"th-port-wrap\">\n                                <img decoding=\"async\" width=\"605\" height=\"605\" src=\"https:\/\/divljarijeka.com\/wp-content\/uploads\/2018\/04\/rafting-tara-chill-605x605.jpg\" class=\"img-responsive th-port-img wp-post-image\" alt=\"Cart\" \/>\n                                <div class=\"th-port-overlay\"><\/div>\n                                <div class=\"th-port-inner\">\n                                                                            <div class=\"th-port-top-text\">Tara Rafting - V\u00edcedenn\u00ed v\u00fdlet<\/div>\n                                                                        <div class=\"th-port-center\">\n                                        <h3 class=\"th-port-title\">Dvoudenn\u00ed raftingov\u00fd bal\u00ed\u010dek<\/h3>\n                                        <p class=\"th-port-sub\">Ute\u010dte z letn\u00edch veder a relaxujte.<\/p>                                                                                    <span class=\"th-port-btn\">Pod\u00edvejte se na v\u00fdlet<\/span>\n                                                                            <\/div>\n                                    <a href=\"https:\/\/divljarijeka.com\/cs\/tour\/dvoudenni-raftingovy-balicek\/\" class=\"th-port-link\" ><\/a>                                <\/div>\n                            <\/div>\n                        <\/div>\n                                                <div id=\"post-7858\" class=\"th-portfolio-item item col-md-4 col-sm-6 p-multi-day-tours p-rafting-cs p-tara-cs p-visednevni-izleti post-7858 themo_tour type-themo_tour status-publish format-standard has-post-thumbnail hentry themo_tour_type-multi-day-tours themo_tour_type-rafting-cs themo_tour_type-tara-cs themo_tour_type-visednevni-izleti\">\n                            <div class=\"th-port-wrap\">\n                                <img decoding=\"async\" width=\"605\" height=\"605\" src=\"https:\/\/divljarijeka.com\/wp-content\/uploads\/2018\/04\/rafting-tara-chill-605x605.jpg\" class=\"img-responsive th-port-img wp-post-image\" alt=\"\" \/>\n                                <div class=\"th-port-overlay\"><\/div>\n                                <div class=\"th-port-inner\">\n                                                                            <div class=\"th-port-top-text\">Tara Rafting - V\u00edcedenn\u00ed v\u00fdlet<\/div>\n                                                                        <div class=\"th-port-center\">\n                                        <h3 class=\"th-port-title\">T\u0159\u00eddenn\u00ed raftingov\u00fd bal\u00ed\u010dek<\/h3>\n                                        <p class=\"th-port-sub\">Bal\u00ed\u010dek na 2 noci, 5 j\u00eddel a rafting na \u0159ece Tara.<\/p>                                                                                    <span class=\"th-port-btn\">POD\u00cdVEJTE SE NA V\u00ddLET!<\/span>\n                                                                            <\/div>\n                                    <a href=\"https:\/\/divljarijeka.com\/cs\/tour\/tridenni-raftingovy-balicek\/\" class=\"th-port-link\" ><\/a>                                <\/div>\n                            <\/div>\n                        <\/div>\n                                                <div id=\"post-7909\" class=\"th-portfolio-item item col-md-4 col-sm-6 p-educational p-expeditions p-multi-day-tours p-np-durmitor-cs p-rafting-cs p-tara-cs post-7909 themo_tour type-themo_tour status-publish format-standard has-post-thumbnail hentry themo_tour_type-educational themo_tour_type-expeditions themo_tour_type-multi-day-tours themo_tour_type-np-durmitor-cs themo_tour_type-rafting-cs themo_tour_type-tara-cs\">\n                            <div class=\"th-port-wrap\">\n                                <img decoding=\"async\" width=\"605\" height=\"605\" src=\"https:\/\/divljarijeka.com\/wp-content\/uploads\/2018\/04\/tara-canyon-expedition-001-1-605x605.jpg\" class=\"img-responsive th-port-img wp-post-image\" alt=\"tara canyon\" \/>\n                                <div class=\"th-port-overlay\"><\/div>\n                                <div class=\"th-port-inner\">\n                                                                            <div class=\"th-port-top-text\">Rafting - V\u00edcedenn\u00ed v\u00fdlet<\/div>\n                                                                        <div class=\"th-port-center\">\n                                        <h3 class=\"th-port-title\">Expedice \u2013 N\u00e1vrat ke ko\u0159en\u016fm<\/h3>\n                                        <p class=\"th-port-sub\">Otestujte sv\u00e9 limity, nau\u010dte se nov\u00e9 dovednosti a objevte ka\u0148on Tara v tomto jedine\u010dn\u00e9m uspo\u0159\u00e1d\u00e1n\u00ed.<\/p>                                                                                    <span class=\"th-port-btn\">Pod\u00edvejte se na v\u00fdlet!<\/span>\n                                                                            <\/div>\n                                    <a href=\"https:\/\/divljarijeka.com\/cs\/tour\/expedice-do-kanonu-tara\/\" class=\"th-port-link\" ><\/a>                                <\/div>\n                            <\/div>\n                        <\/div>\n                                                <div id=\"post-7919\" class=\"th-portfolio-item item col-md-4 col-sm-6 p-multi-day-tours p-np-durmitor-cs p-rafting-cs p-tara-cs post-7919 themo_tour type-themo_tour status-publish format-standard has-post-thumbnail hentry themo_tour_type-multi-day-tours themo_tour_type-np-durmitor-cs themo_tour_type-rafting-cs themo_tour_type-tara-cs\">\n                            <div class=\"th-port-wrap\">\n                                <img decoding=\"async\" width=\"605\" height=\"605\" src=\"https:\/\/divljarijeka.com\/wp-content\/uploads\/2018\/04\/full-cool-605x605.jpg\" class=\"img-responsive th-port-img wp-post-image\" alt=\"\" \/>\n                                <div class=\"th-port-overlay\"><\/div>\n                                <div class=\"th-port-inner\">\n                                                                            <div class=\"th-port-top-text\">Tara Rafting - V\u00edcedenn\u00ed v\u00fdlet<\/div>\n                                                                        <div class=\"th-port-center\">\n                                        <h3 class=\"th-port-title\">Full Cool - Tara Rafting<\/h3>\n                                        <p class=\"th-port-sub\">Pln\u00e9 vzru\u0161en\u00ed a po\u017eitku<\/p>                                                                                    <span class=\"th-port-btn\">Pod\u00edvejte se na v\u00fdlet!<\/span>\n                                                                            <\/div>\n                                    <a href=\"https:\/\/divljarijeka.com\/cs\/tour\/full-cool-tara-rafting\/\" class=\"th-port-link\" ><\/a>                                <\/div>\n                            <\/div>\n                        <\/div>\n                                                <div id=\"post-7928\" class=\"th-portfolio-item item col-md-4 col-sm-6 p-educational p-family-tours p-multi-day-tours p-np-durmitor-cs p-rafting-cs p-tara-cs post-7928 themo_tour type-themo_tour status-publish format-standard has-post-thumbnail hentry themo_tour_type-educational themo_tour_type-family-tours themo_tour_type-multi-day-tours themo_tour_type-np-durmitor-cs themo_tour_type-rafting-cs themo_tour_type-tara-cs\">\n                            <div class=\"th-port-wrap\">\n                                <img decoding=\"async\" width=\"605\" height=\"605\" src=\"https:\/\/divljarijeka.com\/wp-content\/uploads\/2018\/04\/family-tara-rafting-experience-001-605x605.jpg\" class=\"img-responsive th-port-img wp-post-image\" alt=\"\" \/>\n                                <div class=\"th-port-overlay\"><\/div>\n                                <div class=\"th-port-inner\">\n                                                                            <div class=\"th-port-top-text\">Rafting - v\u00edcedenn\u00ed v\u00fdlet<\/div>\n                                                                        <div class=\"th-port-center\">\n                                        <h3 class=\"th-port-title\">Rodinn\u00fd rafting Tara Experience<\/h3>\n                                        <p class=\"th-port-sub\">Dobrodru\u017estv\u00ed upraven\u00e9 jen pro v\u00e1s a va\u0161i rodinu.<\/p>                                                                                    <span class=\"th-port-btn\">Pod\u00edvejte se na v\u00fdlet!<\/span>\n                                                                            <\/div>\n                                    <a href=\"https:\/\/divljarijeka.com\/cs\/tour\/rodinny-rafting-tara-zazitek\/\" class=\"th-port-link\" ><\/a>                                <\/div>\n                            <\/div>\n                        <\/div>\n                                                <div id=\"post-7937\" class=\"th-portfolio-item item col-md-4 col-sm-6 p-multi-day-tours p-np-durmitor post-7937 themo_tour type-themo_tour status-publish format-standard has-post-thumbnail hentry themo_tour_type-multi-day-tours themo_tour_type-np-durmitor\">\n                            <div class=\"th-port-wrap\">\n                                <img decoding=\"async\" width=\"605\" height=\"605\" src=\"https:\/\/divljarijeka.com\/wp-content\/uploads\/2018\/04\/true-tara-rafting-experience-605x605.jpg\" class=\"img-responsive th-port-img wp-post-image\" alt=\"Divlja Rijeka, True tara rafting expiriance with 5 man in deepest canyon in Europe\" \/>\n                                <div class=\"th-port-overlay\"><\/div>\n                                <div class=\"th-port-inner\">\n                                                                            <div class=\"th-port-top-text\">Tara Rafting - V\u00edcedenn\u00ed v\u00fdlet<\/div>\n                                                                        <div class=\"th-port-center\">\n                                        <h3 class=\"th-port-title\">Skute\u010dn\u00fd z\u00e1\u017eitek z raftingu Tara<\/h3>\n                                        <p class=\"th-port-sub\">Sportovn\u00ed rafting na 2 dny v nejhlub\u0161\u00edm evropsk\u00e9m ka\u0148onu.<\/p>                                                                                    <span class=\"th-port-btn\">Pod\u00edvejte se na v\u00fdlet!<\/span>\n                                                                            <\/div>\n                                    <a href=\"https:\/\/divljarijeka.com\/cs\/tour\/skutecny-zazitek-z-raftingu-tara\/\" class=\"th-port-link\" ><\/a>                                <\/div>\n                            <\/div>\n                        <\/div>\n                        \n            <\/div>\n\n        <\/div>\n\n        \t\t<\/div>\n\t\t\t\t<\/div>\n\t\t\t\t\t\t<\/div>\n\t\t\t\t\t<\/div>\n\t\t<\/div>\n\t\t\t\t\t\t\t\t<\/div>\n\t\t\t\t\t<\/div>\n\t\t<\/section>\n\t\t\t\t\t\t\t\t\t<\/div>\n\t\t\t<\/div>\n\t\t\t\t\t<\/div>\n\t\t","protected":false},"excerpt":{"rendered":"<p>Tara Rafting &#8211; Multi-Day Tour Chill Out &#8211; Tara Rafting Escape from the summer heat and relax. VIEW TOUR Rafting &#8211; Multi-Day Tour Family Rafting Tara Experience Adventure adjusted just for you and your family. VIEW TOUR Tara Rafting &#8211; &hellip; <a href=\"https:\/\/divljarijeka.com\/cs\/tour\/skutecny-zazitek-z-raftingu-tara\/\">Read More<\/a><\/p>\n","protected":false},"author":6,"featured_media":1967,"parent":7678,"menu_order":0,"comment_status":"closed","ping_status":"closed","template":"","meta":{"inline_featured_image":false,"footnotes":""},"class_list":["post-7689","page","type-page","status-publish","has-post-thumbnail","hentry"],"yoast_head":"<!-- This site is optimized with the Yoast SEO Premium plugin v27.4 (Yoast SEO v27.4) - https:\/\/yoast.com\/product\/yoast-seo-premium-wordpress\/ -->\n<title>V\u00edcedenn\u00ed z\u00e1jezdy - Rafting Tara Divlja Rijeka | Kone\u010dn\u00e1 dobrodru\u017estv\u00ed<\/title>\n<meta name=\"description\" content=\"Pod\u00edvejte se zde V\u00edcedenn\u00ed v\u00fdlety! P\u0159ij\u010fte a p\u0159ipojte se k vzru\u0161en\u00ed a vzru\u0161en\u00ed z raftingu na divok\u00e9 vod\u011b se zku\u0161en\u00fdm t\u00fdmem dobrodru\u017en\u00e9ho.\" \/>\n<meta name=\"robots\" content=\"index, follow, max-snippet:-1, max-image-preview:large, max-video-preview:-1\" \/>\n<link rel=\"canonical\" href=\"https:\/\/divljarijeka.com\/cs\/exkurze\/vicedenni-zajezdy\/\" \/>\n<meta property=\"og:locale\" content=\"cs_CZ\" \/>\n<meta property=\"og:type\" content=\"article\" \/>\n<meta property=\"og:title\" content=\"V\u00edcedenn\u00ed z\u00e1jezdy\" \/>\n<meta property=\"og:description\" content=\"Pod\u00edvejte se zde V\u00edcedenn\u00ed v\u00fdlety! P\u0159ij\u010fte a p\u0159ipojte se k vzru\u0161en\u00ed a vzru\u0161en\u00ed z raftingu na divok\u00e9 vod\u011b se zku\u0161en\u00fdm t\u00fdmem dobrodru\u017en\u00e9ho.\" \/>\n<meta property=\"og:url\" content=\"https:\/\/divljarijeka.com\/cs\/exkurze\/vicedenni-zajezdy\/\" \/>\n<meta property=\"og:site_name\" content=\"Rafting Tara Divlja Rijeka\" \/>\n<meta property=\"article:publisher\" content=\"https:\/\/www.facebook.com\/kampdivljarijeka\/\" \/>\n<meta property=\"article:modified_time\" content=\"2025-02-17T12:17:30+00:00\" \/>\n<meta property=\"og:image\" content=\"https:\/\/divljarijeka.com\/wp-content\/uploads\/2018\/08\/rafting-na-tari-001.jpg\" \/>\n\t<meta property=\"og:image:width\" content=\"900\" \/>\n\t<meta property=\"og:image:height\" content=\"582\" \/>\n\t<meta property=\"og:image:type\" content=\"image\/jpeg\" \/>\n<meta name=\"twitter:card\" content=\"summary_large_image\" \/>\n<meta name=\"twitter:site\" content=\"@DivljaRijeka\" \/>\n<meta name=\"twitter:label1\" content=\"Odhadovan\u00e1 doba \u010dten\u00ed\" \/>\n\t<meta name=\"twitter:data1\" content=\"1 minuta\" \/>\n<script type=\"application\/ld+json\" class=\"yoast-schema-graph\">{\"@context\":\"https:\\\/\\\/schema.org\",\"@graph\":[{\"@type\":\"WebPage\",\"@id\":\"https:\\\/\\\/divljarijeka.com\\\/cs\\\/exkurze\\\/vicedenni-zajezdy\\\/\",\"url\":\"https:\\\/\\\/divljarijeka.com\\\/cs\\\/exkurze\\\/vicedenni-zajezdy\\\/\",\"name\":\"V\u00edcedenn\u00ed z\u00e1jezdy - Rafting Tara Divlja Rijeka | Kone\u010dn\u00e1 dobrodru\u017estv\u00ed\",\"isPartOf\":{\"@id\":\"https:\\\/\\\/divljarijeka.com\\\/cs\\\/#website\"},\"primaryImageOfPage\":{\"@id\":\"https:\\\/\\\/divljarijeka.com\\\/cs\\\/exkurze\\\/vicedenni-zajezdy\\\/#primaryimage\"},\"image\":{\"@id\":\"https:\\\/\\\/divljarijeka.com\\\/cs\\\/exkurze\\\/vicedenni-zajezdy\\\/#primaryimage\"},\"thumbnailUrl\":\"https:\\\/\\\/divljarijeka.com\\\/wp-content\\\/uploads\\\/2018\\\/08\\\/rafting-na-tari-001.jpg\",\"datePublished\":\"2025-02-10T10:01:53+00:00\",\"dateModified\":\"2025-02-17T12:17:30+00:00\",\"description\":\"Pod\u00edvejte se zde V\u00edcedenn\u00ed v\u00fdlety! P\u0159ij\u010fte a p\u0159ipojte se k vzru\u0161en\u00ed a vzru\u0161en\u00ed z raftingu na divok\u00e9 vod\u011b se zku\u0161en\u00fdm t\u00fdmem dobrodru\u017en\u00e9ho.\",\"breadcrumb\":{\"@id\":\"https:\\\/\\\/divljarijeka.com\\\/cs\\\/exkurze\\\/vicedenni-zajezdy\\\/#breadcrumb\"},\"inLanguage\":\"cs\",\"potentialAction\":[{\"@type\":\"ReadAction\",\"target\":[\"https:\\\/\\\/divljarijeka.com\\\/cs\\\/exkurze\\\/vicedenni-zajezdy\\\/\"]}]},{\"@type\":\"ImageObject\",\"inLanguage\":\"cs\",\"@id\":\"https:\\\/\\\/divljarijeka.com\\\/cs\\\/exkurze\\\/vicedenni-zajezdy\\\/#primaryimage\",\"url\":\"https:\\\/\\\/divljarijeka.com\\\/wp-content\\\/uploads\\\/2018\\\/08\\\/rafting-na-tari-001.jpg\",\"contentUrl\":\"https:\\\/\\\/divljarijeka.com\\\/wp-content\\\/uploads\\\/2018\\\/08\\\/rafting-na-tari-001.jpg\",\"width\":900,\"height\":582,\"caption\":\"rafting-na-tari-001, Multi-day Tours\"},{\"@type\":\"BreadcrumbList\",\"@id\":\"https:\\\/\\\/divljarijeka.com\\\/cs\\\/exkurze\\\/vicedenni-zajezdy\\\/#breadcrumb\",\"itemListElement\":[{\"@type\":\"ListItem\",\"position\":1,\"name\":\"Home\",\"item\":\"https:\\\/\\\/divljarijeka.com\\\/cs\\\/\"},{\"@type\":\"ListItem\",\"position\":2,\"name\":\"Exkurze\",\"item\":\"https:\\\/\\\/divljarijeka.com\\\/cs\\\/tours\\\/\"},{\"@type\":\"ListItem\",\"position\":3,\"name\":\"V\u00edcedenn\u00ed z\u00e1jezdy\"}]},{\"@type\":\"WebSite\",\"@id\":\"https:\\\/\\\/divljarijeka.com\\\/cs\\\/#website\",\"url\":\"https:\\\/\\\/divljarijeka.com\\\/cs\\\/\",\"name\":\"Rafting Tara Divlja Rijeka\",\"description\":\"\",\"publisher\":{\"@id\":\"https:\\\/\\\/divljarijeka.com\\\/cs\\\/#organization\"},\"potentialAction\":[{\"@type\":\"SearchAction\",\"target\":{\"@type\":\"EntryPoint\",\"urlTemplate\":\"https:\\\/\\\/divljarijeka.com\\\/cs\\\/?s={search_term_string}\"},\"query-input\":{\"@type\":\"PropertyValueSpecification\",\"valueRequired\":true,\"valueName\":\"search_term_string\"}}],\"inLanguage\":\"cs\"},{\"@type\":\"Organization\",\"@id\":\"https:\\\/\\\/divljarijeka.com\\\/cs\\\/#organization\",\"name\":\"Rafting Tara Divlja Rijeka\",\"url\":\"https:\\\/\\\/divljarijeka.com\\\/cs\\\/\",\"logo\":{\"@type\":\"ImageObject\",\"inLanguage\":\"cs\",\"@id\":\"https:\\\/\\\/divljarijeka.com\\\/cs\\\/#\\\/schema\\\/logo\\\/image\\\/\",\"url\":\"https:\\\/\\\/divljarijeka.com\\\/wp-content\\\/uploads\\\/2018\\\/08\\\/cropped-divlja-rijeka-rafting-publisher.png\",\"contentUrl\":\"https:\\\/\\\/divljarijeka.com\\\/wp-content\\\/uploads\\\/2018\\\/08\\\/cropped-divlja-rijeka-rafting-publisher.png\",\"width\":104,\"height\":60,\"caption\":\"Rafting Tara Divlja Rijeka\"},\"image\":{\"@id\":\"https:\\\/\\\/divljarijeka.com\\\/cs\\\/#\\\/schema\\\/logo\\\/image\\\/\"},\"sameAs\":[\"https:\\\/\\\/www.facebook.com\\\/kampdivljarijeka\\\/\",\"https:\\\/\\\/x.com\\\/DivljaRijeka\",\"https:\\\/\\\/www.instagram.com\\\/kampdivljarijeka\\\/\"]}]}<\/script>\n<!-- \/ Yoast SEO Premium plugin. -->","yoast_head_json":{"title":"V\u00edcedenn\u00ed z\u00e1jezdy - Rafting Tara Divlja Rijeka | Kone\u010dn\u00e1 dobrodru\u017estv\u00ed","description":"Pod\u00edvejte se zde V\u00edcedenn\u00ed v\u00fdlety! P\u0159ij\u010fte a p\u0159ipojte se k vzru\u0161en\u00ed a vzru\u0161en\u00ed z raftingu na divok\u00e9 vod\u011b se zku\u0161en\u00fdm t\u00fdmem dobrodru\u017en\u00e9ho.","robots":{"index":"index","follow":"follow","max-snippet":"max-snippet:-1","max-image-preview":"max-image-preview:large","max-video-preview":"max-video-preview:-1"},"canonical":"https:\/\/divljarijeka.com\/cs\/exkurze\/vicedenni-zajezdy\/","og_locale":"cs_CZ","og_type":"article","og_title":"V\u00edcedenn\u00ed z\u00e1jezdy","og_description":"Pod\u00edvejte se zde V\u00edcedenn\u00ed v\u00fdlety! P\u0159ij\u010fte a p\u0159ipojte se k vzru\u0161en\u00ed a vzru\u0161en\u00ed z raftingu na divok\u00e9 vod\u011b se zku\u0161en\u00fdm t\u00fdmem dobrodru\u017en\u00e9ho.","og_url":"https:\/\/divljarijeka.com\/cs\/exkurze\/vicedenni-zajezdy\/","og_site_name":"Rafting Tara Divlja Rijeka","article_publisher":"https:\/\/www.facebook.com\/kampdivljarijeka\/","article_modified_time":"2025-02-17T12:17:30+00:00","og_image":[{"width":900,"height":582,"url":"https:\/\/divljarijeka.com\/wp-content\/uploads\/2018\/08\/rafting-na-tari-001.jpg","type":"image\/jpeg"}],"twitter_card":"summary_large_image","twitter_site":"@DivljaRijeka","twitter_misc":{"Odhadovan\u00e1 doba \u010dten\u00ed":"1 minuta"},"schema":{"@context":"https:\/\/schema.org","@graph":[{"@type":"WebPage","@id":"https:\/\/divljarijeka.com\/cs\/exkurze\/vicedenni-zajezdy\/","url":"https:\/\/divljarijeka.com\/cs\/exkurze\/vicedenni-zajezdy\/","name":"V\u00edcedenn\u00ed z\u00e1jezdy - Rafting Tara Divlja Rijeka | Kone\u010dn\u00e1 dobrodru\u017estv\u00ed","isPartOf":{"@id":"https:\/\/divljarijeka.com\/cs\/#website"},"primaryImageOfPage":{"@id":"https:\/\/divljarijeka.com\/cs\/exkurze\/vicedenni-zajezdy\/#primaryimage"},"image":{"@id":"https:\/\/divljarijeka.com\/cs\/exkurze\/vicedenni-zajezdy\/#primaryimage"},"thumbnailUrl":"https:\/\/divljarijeka.com\/wp-content\/uploads\/2018\/08\/rafting-na-tari-001.jpg","datePublished":"2025-02-10T10:01:53+00:00","dateModified":"2025-02-17T12:17:30+00:00","description":"Pod\u00edvejte se zde V\u00edcedenn\u00ed v\u00fdlety! P\u0159ij\u010fte a p\u0159ipojte se k vzru\u0161en\u00ed a vzru\u0161en\u00ed z raftingu na divok\u00e9 vod\u011b se zku\u0161en\u00fdm t\u00fdmem dobrodru\u017en\u00e9ho.","breadcrumb":{"@id":"https:\/\/divljarijeka.com\/cs\/exkurze\/vicedenni-zajezdy\/#breadcrumb"},"inLanguage":"cs","potentialAction":[{"@type":"ReadAction","target":["https:\/\/divljarijeka.com\/cs\/exkurze\/vicedenni-zajezdy\/"]}]},{"@type":"ImageObject","inLanguage":"cs","@id":"https:\/\/divljarijeka.com\/cs\/exkurze\/vicedenni-zajezdy\/#primaryimage","url":"https:\/\/divljarijeka.com\/wp-content\/uploads\/2018\/08\/rafting-na-tari-001.jpg","contentUrl":"https:\/\/divljarijeka.com\/wp-content\/uploads\/2018\/08\/rafting-na-tari-001.jpg","width":900,"height":582,"caption":"rafting-na-tari-001, Multi-day Tours"},{"@type":"BreadcrumbList","@id":"https:\/\/divljarijeka.com\/cs\/exkurze\/vicedenni-zajezdy\/#breadcrumb","itemListElement":[{"@type":"ListItem","position":1,"name":"Home","item":"https:\/\/divljarijeka.com\/cs\/"},{"@type":"ListItem","position":2,"name":"Exkurze","item":"https:\/\/divljarijeka.com\/cs\/tours\/"},{"@type":"ListItem","position":3,"name":"V\u00edcedenn\u00ed z\u00e1jezdy"}]},{"@type":"WebSite","@id":"https:\/\/divljarijeka.com\/cs\/#website","url":"https:\/\/divljarijeka.com\/cs\/","name":"Rafting Tara Divlja Rijeka","description":"","publisher":{"@id":"https:\/\/divljarijeka.com\/cs\/#organization"},"potentialAction":[{"@type":"SearchAction","target":{"@type":"EntryPoint","urlTemplate":"https:\/\/divljarijeka.com\/cs\/?s={search_term_string}"},"query-input":{"@type":"PropertyValueSpecification","valueRequired":true,"valueName":"search_term_string"}}],"inLanguage":"cs"},{"@type":"Organization","@id":"https:\/\/divljarijeka.com\/cs\/#organization","name":"Rafting Tara Divlja Rijeka","url":"https:\/\/divljarijeka.com\/cs\/","logo":{"@type":"ImageObject","inLanguage":"cs","@id":"https:\/\/divljarijeka.com\/cs\/#\/schema\/logo\/image\/","url":"https:\/\/divljarijeka.com\/wp-content\/uploads\/2018\/08\/cropped-divlja-rijeka-rafting-publisher.png","contentUrl":"https:\/\/divljarijeka.com\/wp-content\/uploads\/2018\/08\/cropped-divlja-rijeka-rafting-publisher.png","width":104,"height":60,"caption":"Rafting Tara Divlja Rijeka"},"image":{"@id":"https:\/\/divljarijeka.com\/cs\/#\/schema\/logo\/image\/"},"sameAs":["https:\/\/www.facebook.com\/kampdivljarijeka\/","https:\/\/x.com\/DivljaRijeka","https:\/\/www.instagram.com\/kampdivljarijeka\/"]}]}},"_links":{"self":[{"href":"https:\/\/divljarijeka.com\/cs\/wp-json\/wp\/v2\/pages\/7689","targetHints":{"allow":["GET"]}}],"collection":[{"href":"https:\/\/divljarijeka.com\/cs\/wp-json\/wp\/v2\/pages"}],"about":[{"href":"https:\/\/divljarijeka.com\/cs\/wp-json\/wp\/v2\/types\/page"}],"author":[{"embeddable":true,"href":"https:\/\/divljarijeka.com\/cs\/wp-json\/wp\/v2\/users\/6"}],"replies":[{"embeddable":true,"href":"https:\/\/divljarijeka.com\/cs\/wp-json\/wp\/v2\/comments?post=7689"}],"version-history":[{"count":10,"href":"https:\/\/divljarijeka.com\/cs\/wp-json\/wp\/v2\/pages\/7689\/revisions"}],"predecessor-version":[{"id":7968,"href":"https:\/\/divljarijeka.com\/cs\/wp-json\/wp\/v2\/pages\/7689\/revisions\/7968"}],"up":[{"embeddable":true,"href":"https:\/\/divljarijeka.com\/cs\/wp-json\/wp\/v2\/pages\/7678"}],"wp:featuredmedia":[{"embeddable":true,"href":"https:\/\/divljarijeka.com\/cs\/wp-json\/wp\/v2\/media\/1967"}],"wp:attachment":[{"href":"https:\/\/divljarijeka.com\/cs\/wp-json\/wp\/v2\/media?parent=7689"}],"curies":[{"name":"wp","href":"https:\/\/api.w.org\/{rel}","templated":true}]}}