{"id":7691,"date":"2025-02-10T10:04:12","date_gmt":"2025-02-10T10:04:12","guid":{"rendered":"https:\/\/divljarijeka.com\/?page_id=7691"},"modified":"2025-02-10T10:04:12","modified_gmt":"2025-02-10T10:04:12","slug":"jednodenni-vylety","status":"publish","type":"page","link":"https:\/\/divljarijeka.com\/cs\/exkurze\/jednodenni-vylety\/","title":{"rendered":"Jednodenn\u00ed v\u00fdlety"},"content":{"rendered":"\t\t<div data-elementor-type=\"wp-page\" data-elementor-id=\"7691\" class=\"elementor elementor-7691 elementor-135\">\n\t\t\t\t\t\t<div class=\"elementor-inner\">\n\t\t\t\t<div class=\"elementor-section-wrap\">\n\t\t\t\t\t\t\t\t\t<section class=\"elementor-section elementor-top-section elementor-element elementor-element-4cfdcce elementor-section-boxed elementor-section-height-default elementor-section-height-default\" data-id=\"4cfdcce\" data-element_type=\"section\">\n\t\t\t\t\t\t<div class=\"elementor-container elementor-column-gap-default\">\n\t\t\t\t\t\t\t<div class=\"elementor-row\">\n\t\t\t\t\t<div class=\"elementor-column elementor-col-100 elementor-top-column elementor-element elementor-element-fb5bfa3\" data-id=\"fb5bfa3\" data-element_type=\"column\">\n\t\t\t<div class=\"elementor-column-wrap elementor-element-populated\">\n\t\t\t\t\t\t\t<div class=\"elementor-widget-wrap\">\n\t\t\t\t\t\t<div class=\"elementor-element elementor-element-6fa10c7 elementor-widget elementor-widget-themo-tour-grid\" data-id=\"6fa10c7\" data-element_type=\"widget\" data-widget_type=\"themo-tour-grid.default\">\n\t\t\t\t<div class=\"elementor-widget-container\">\n\t\t\t\n                <div id=\"th-portfolio-content-6a0927d223839\" class=\"th-portfolio\">\n\n            \n            <div id=\"th-portfolio-row\" class=\"th-portfolio-row row portfolio_content  three-columns th-port-gutter\">\n\n                <div class=\"alert\">Sorry, no results were found.<\/div><form role=\"search\" method=\"get\" class=\"search-form form-inline\" action=\"https:\/\/divljarijeka.com\/cs\/\">\n  <div class=\"input-group\">\n    <input type=\"search\" value=\"\" name=\"s\" class=\"search-field form-control\" placeholder=\"Search Rafting Tara Divlja Rijeka\">\n    <label class=\"hide\">Search for:<\/label>\n    <span class=\"input-group-btn\">\n      <button type=\"submit\" class=\"search-submit btn btn-default\">Search<\/button>\n    <\/span>\n  <\/div>\n<\/form>\n            <\/div>\n\n        <\/div>\n\n        \t\t<\/div>\n\t\t\t\t<\/div>\n\t\t\t\t\t\t<\/div>\n\t\t\t\t\t<\/div>\n\t\t<\/div>\n\t\t\t\t\t\t\t\t<\/div>\n\t\t\t\t\t<\/div>\n\t\t<\/section>\n\t\t\t\t\t\t\t\t\t<\/div>\n\t\t\t<\/div>\n\t\t\t\t\t<\/div>\n\t\t","protected":false},"excerpt":{"rendered":"<p>Tara Rafting &#8211; One Day Tour Tara Rafting &#8211; Raft For Lunch Enjoy great Tara rafting adventure and the specialty from our restaurant. VIEW TOUR Canyoning &#8211; One Day Tour Adrenaline Canyoning &#8211; Nevidio Nevidio canyon is one of the &hellip; <a href=\"https:\/\/divljarijeka.com\/cs\/tour\/hrcavka-canyoning\/\">Read More<\/a><\/p>\n","protected":false},"author":6,"featured_media":2019,"parent":7678,"menu_order":0,"comment_status":"closed","ping_status":"closed","template":"","meta":{"inline_featured_image":false,"footnotes":""},"class_list":["post-7691","page","type-page","status-publish","has-post-thumbnail","hentry"],"yoast_head":"<!-- This site is optimized with the Yoast SEO Premium plugin v27.4 (Yoast SEO v27.4) - https:\/\/yoast.com\/product\/yoast-seo-premium-wordpress\/ -->\n<title>Jednodenn\u00ed v\u00fdlety - Rafting Tara Divlja Rijeka<\/title>\n<meta name=\"description\" content=\"Prozkoumejte nejhlub\u0161\u00ed \u0159\u00ed\u010dn\u00ed ka\u0148on v Evrop\u011b. Rafting na divok\u00e9 vod\u011b na \u0159ece Tara. U\u017eijte si s n\u00e1mi jednodenn\u00ed v\u00fdlety.\" \/>\n<meta name=\"robots\" content=\"index, follow, max-snippet:-1, max-image-preview:large, max-video-preview:-1\" \/>\n<link rel=\"canonical\" href=\"https:\/\/divljarijeka.com\/cs\/exkurze\/jednodenni-vylety\/\" \/>\n<meta property=\"og:locale\" content=\"cs_CZ\" \/>\n<meta property=\"og:type\" content=\"article\" \/>\n<meta property=\"og:title\" content=\"Jednodenn\u00ed v\u00fdlety\" \/>\n<meta property=\"og:description\" content=\"Prozkoumejte nejhlub\u0161\u00ed \u0159\u00ed\u010dn\u00ed ka\u0148on v Evrop\u011b. Rafting na divok\u00e9 vod\u011b na \u0159ece Tara. U\u017eijte si s n\u00e1mi jednodenn\u00ed v\u00fdlety.\" \/>\n<meta property=\"og:url\" content=\"https:\/\/divljarijeka.com\/cs\/exkurze\/jednodenni-vylety\/\" \/>\n<meta property=\"og:site_name\" content=\"Rafting Tara Divlja Rijeka\" \/>\n<meta property=\"article:publisher\" content=\"https:\/\/www.facebook.com\/kampdivljarijeka\/\" \/>\n<meta property=\"og:image\" content=\"https:\/\/divljarijeka.com\/wp-content\/uploads\/2018\/08\/rafting-na-tari-002.jpg\" \/>\n\t<meta property=\"og:image:width\" content=\"1024\" \/>\n\t<meta property=\"og:image:height\" content=\"684\" \/>\n\t<meta property=\"og:image:type\" content=\"image\/jpeg\" \/>\n<meta name=\"twitter:card\" content=\"summary_large_image\" \/>\n<meta name=\"twitter:site\" content=\"@DivljaRijeka\" \/>\n<meta name=\"twitter:label1\" content=\"Odhadovan\u00e1 doba \u010dten\u00ed\" \/>\n\t<meta name=\"twitter:data1\" content=\"4 minuty\" \/>\n<script type=\"application\/ld+json\" class=\"yoast-schema-graph\">{\"@context\":\"https:\\\/\\\/schema.org\",\"@graph\":[{\"@type\":\"WebPage\",\"@id\":\"https:\\\/\\\/divljarijeka.com\\\/cs\\\/exkurze\\\/jednodenni-vylety\\\/\",\"url\":\"https:\\\/\\\/divljarijeka.com\\\/cs\\\/exkurze\\\/jednodenni-vylety\\\/\",\"name\":\"Jednodenn\u00ed v\u00fdlety - Rafting Tara Divlja Rijeka\",\"isPartOf\":{\"@id\":\"https:\\\/\\\/divljarijeka.com\\\/cs\\\/#website\"},\"primaryImageOfPage\":{\"@id\":\"https:\\\/\\\/divljarijeka.com\\\/cs\\\/exkurze\\\/jednodenni-vylety\\\/#primaryimage\"},\"image\":{\"@id\":\"https:\\\/\\\/divljarijeka.com\\\/cs\\\/exkurze\\\/jednodenni-vylety\\\/#primaryimage\"},\"thumbnailUrl\":\"https:\\\/\\\/divljarijeka.com\\\/wp-content\\\/uploads\\\/2018\\\/08\\\/rafting-na-tari-002.jpg\",\"datePublished\":\"2025-02-10T10:04:12+00:00\",\"description\":\"Prozkoumejte nejhlub\u0161\u00ed \u0159\u00ed\u010dn\u00ed ka\u0148on v Evrop\u011b. Rafting na divok\u00e9 vod\u011b na \u0159ece Tara. U\u017eijte si s n\u00e1mi jednodenn\u00ed v\u00fdlety.\",\"breadcrumb\":{\"@id\":\"https:\\\/\\\/divljarijeka.com\\\/cs\\\/exkurze\\\/jednodenni-vylety\\\/#breadcrumb\"},\"inLanguage\":\"cs\",\"potentialAction\":[{\"@type\":\"ReadAction\",\"target\":[\"https:\\\/\\\/divljarijeka.com\\\/cs\\\/exkurze\\\/jednodenni-vylety\\\/\"]}]},{\"@type\":\"ImageObject\",\"inLanguage\":\"cs\",\"@id\":\"https:\\\/\\\/divljarijeka.com\\\/cs\\\/exkurze\\\/jednodenni-vylety\\\/#primaryimage\",\"url\":\"https:\\\/\\\/divljarijeka.com\\\/wp-content\\\/uploads\\\/2018\\\/08\\\/rafting-na-tari-002.jpg\",\"contentUrl\":\"https:\\\/\\\/divljarijeka.com\\\/wp-content\\\/uploads\\\/2018\\\/08\\\/rafting-na-tari-002.jpg\",\"width\":1024,\"height\":684,\"caption\":\"Packages, White water rafting, One-day Tours, rafting na tari u sred brzaka\"},{\"@type\":\"BreadcrumbList\",\"@id\":\"https:\\\/\\\/divljarijeka.com\\\/cs\\\/exkurze\\\/jednodenni-vylety\\\/#breadcrumb\",\"itemListElement\":[{\"@type\":\"ListItem\",\"position\":1,\"name\":\"Home\",\"item\":\"https:\\\/\\\/divljarijeka.com\\\/cs\\\/\"},{\"@type\":\"ListItem\",\"position\":2,\"name\":\"Exkurze\",\"item\":\"https:\\\/\\\/divljarijeka.com\\\/cs\\\/tours\\\/\"},{\"@type\":\"ListItem\",\"position\":3,\"name\":\"Jednodenn\u00ed v\u00fdlety\"}]},{\"@type\":\"WebSite\",\"@id\":\"https:\\\/\\\/divljarijeka.com\\\/cs\\\/#website\",\"url\":\"https:\\\/\\\/divljarijeka.com\\\/cs\\\/\",\"name\":\"Rafting Tara Divlja Rijeka\",\"description\":\"\",\"publisher\":{\"@id\":\"https:\\\/\\\/divljarijeka.com\\\/cs\\\/#organization\"},\"potentialAction\":[{\"@type\":\"SearchAction\",\"target\":{\"@type\":\"EntryPoint\",\"urlTemplate\":\"https:\\\/\\\/divljarijeka.com\\\/cs\\\/?s={search_term_string}\"},\"query-input\":{\"@type\":\"PropertyValueSpecification\",\"valueRequired\":true,\"valueName\":\"search_term_string\"}}],\"inLanguage\":\"cs\"},{\"@type\":\"Organization\",\"@id\":\"https:\\\/\\\/divljarijeka.com\\\/cs\\\/#organization\",\"name\":\"Rafting Tara Divlja Rijeka\",\"url\":\"https:\\\/\\\/divljarijeka.com\\\/cs\\\/\",\"logo\":{\"@type\":\"ImageObject\",\"inLanguage\":\"cs\",\"@id\":\"https:\\\/\\\/divljarijeka.com\\\/cs\\\/#\\\/schema\\\/logo\\\/image\\\/\",\"url\":\"https:\\\/\\\/divljarijeka.com\\\/wp-content\\\/uploads\\\/2018\\\/08\\\/cropped-divlja-rijeka-rafting-publisher.png\",\"contentUrl\":\"https:\\\/\\\/divljarijeka.com\\\/wp-content\\\/uploads\\\/2018\\\/08\\\/cropped-divlja-rijeka-rafting-publisher.png\",\"width\":104,\"height\":60,\"caption\":\"Rafting Tara Divlja Rijeka\"},\"image\":{\"@id\":\"https:\\\/\\\/divljarijeka.com\\\/cs\\\/#\\\/schema\\\/logo\\\/image\\\/\"},\"sameAs\":[\"https:\\\/\\\/www.facebook.com\\\/kampdivljarijeka\\\/\",\"https:\\\/\\\/x.com\\\/DivljaRijeka\",\"https:\\\/\\\/www.instagram.com\\\/kampdivljarijeka\\\/\"]}]}<\/script>\n<!-- \/ Yoast SEO Premium plugin. -->","yoast_head_json":{"title":"Jednodenn\u00ed v\u00fdlety - Rafting Tara Divlja Rijeka","description":"Prozkoumejte nejhlub\u0161\u00ed \u0159\u00ed\u010dn\u00ed ka\u0148on v Evrop\u011b. Rafting na divok\u00e9 vod\u011b na \u0159ece Tara. U\u017eijte si s n\u00e1mi jednodenn\u00ed v\u00fdlety.","robots":{"index":"index","follow":"follow","max-snippet":"max-snippet:-1","max-image-preview":"max-image-preview:large","max-video-preview":"max-video-preview:-1"},"canonical":"https:\/\/divljarijeka.com\/cs\/exkurze\/jednodenni-vylety\/","og_locale":"cs_CZ","og_type":"article","og_title":"Jednodenn\u00ed v\u00fdlety","og_description":"Prozkoumejte nejhlub\u0161\u00ed \u0159\u00ed\u010dn\u00ed ka\u0148on v Evrop\u011b. Rafting na divok\u00e9 vod\u011b na \u0159ece Tara. U\u017eijte si s n\u00e1mi jednodenn\u00ed v\u00fdlety.","og_url":"https:\/\/divljarijeka.com\/cs\/exkurze\/jednodenni-vylety\/","og_site_name":"Rafting Tara Divlja Rijeka","article_publisher":"https:\/\/www.facebook.com\/kampdivljarijeka\/","og_image":[{"width":1024,"height":684,"url":"https:\/\/divljarijeka.com\/wp-content\/uploads\/2018\/08\/rafting-na-tari-002.jpg","type":"image\/jpeg"}],"twitter_card":"summary_large_image","twitter_site":"@DivljaRijeka","twitter_misc":{"Odhadovan\u00e1 doba \u010dten\u00ed":"4 minuty"},"schema":{"@context":"https:\/\/schema.org","@graph":[{"@type":"WebPage","@id":"https:\/\/divljarijeka.com\/cs\/exkurze\/jednodenni-vylety\/","url":"https:\/\/divljarijeka.com\/cs\/exkurze\/jednodenni-vylety\/","name":"Jednodenn\u00ed v\u00fdlety - Rafting Tara Divlja Rijeka","isPartOf":{"@id":"https:\/\/divljarijeka.com\/cs\/#website"},"primaryImageOfPage":{"@id":"https:\/\/divljarijeka.com\/cs\/exkurze\/jednodenni-vylety\/#primaryimage"},"image":{"@id":"https:\/\/divljarijeka.com\/cs\/exkurze\/jednodenni-vylety\/#primaryimage"},"thumbnailUrl":"https:\/\/divljarijeka.com\/wp-content\/uploads\/2018\/08\/rafting-na-tari-002.jpg","datePublished":"2025-02-10T10:04:12+00:00","description":"Prozkoumejte nejhlub\u0161\u00ed \u0159\u00ed\u010dn\u00ed ka\u0148on v Evrop\u011b. Rafting na divok\u00e9 vod\u011b na \u0159ece Tara. U\u017eijte si s n\u00e1mi jednodenn\u00ed v\u00fdlety.","breadcrumb":{"@id":"https:\/\/divljarijeka.com\/cs\/exkurze\/jednodenni-vylety\/#breadcrumb"},"inLanguage":"cs","potentialAction":[{"@type":"ReadAction","target":["https:\/\/divljarijeka.com\/cs\/exkurze\/jednodenni-vylety\/"]}]},{"@type":"ImageObject","inLanguage":"cs","@id":"https:\/\/divljarijeka.com\/cs\/exkurze\/jednodenni-vylety\/#primaryimage","url":"https:\/\/divljarijeka.com\/wp-content\/uploads\/2018\/08\/rafting-na-tari-002.jpg","contentUrl":"https:\/\/divljarijeka.com\/wp-content\/uploads\/2018\/08\/rafting-na-tari-002.jpg","width":1024,"height":684,"caption":"Packages, White water rafting, One-day Tours, rafting na tari u sred brzaka"},{"@type":"BreadcrumbList","@id":"https:\/\/divljarijeka.com\/cs\/exkurze\/jednodenni-vylety\/#breadcrumb","itemListElement":[{"@type":"ListItem","position":1,"name":"Home","item":"https:\/\/divljarijeka.com\/cs\/"},{"@type":"ListItem","position":2,"name":"Exkurze","item":"https:\/\/divljarijeka.com\/cs\/tours\/"},{"@type":"ListItem","position":3,"name":"Jednodenn\u00ed v\u00fdlety"}]},{"@type":"WebSite","@id":"https:\/\/divljarijeka.com\/cs\/#website","url":"https:\/\/divljarijeka.com\/cs\/","name":"Rafting Tara Divlja Rijeka","description":"","publisher":{"@id":"https:\/\/divljarijeka.com\/cs\/#organization"},"potentialAction":[{"@type":"SearchAction","target":{"@type":"EntryPoint","urlTemplate":"https:\/\/divljarijeka.com\/cs\/?s={search_term_string}"},"query-input":{"@type":"PropertyValueSpecification","valueRequired":true,"valueName":"search_term_string"}}],"inLanguage":"cs"},{"@type":"Organization","@id":"https:\/\/divljarijeka.com\/cs\/#organization","name":"Rafting Tara Divlja Rijeka","url":"https:\/\/divljarijeka.com\/cs\/","logo":{"@type":"ImageObject","inLanguage":"cs","@id":"https:\/\/divljarijeka.com\/cs\/#\/schema\/logo\/image\/","url":"https:\/\/divljarijeka.com\/wp-content\/uploads\/2018\/08\/cropped-divlja-rijeka-rafting-publisher.png","contentUrl":"https:\/\/divljarijeka.com\/wp-content\/uploads\/2018\/08\/cropped-divlja-rijeka-rafting-publisher.png","width":104,"height":60,"caption":"Rafting Tara Divlja Rijeka"},"image":{"@id":"https:\/\/divljarijeka.com\/cs\/#\/schema\/logo\/image\/"},"sameAs":["https:\/\/www.facebook.com\/kampdivljarijeka\/","https:\/\/x.com\/DivljaRijeka","https:\/\/www.instagram.com\/kampdivljarijeka\/"]}]}},"_links":{"self":[{"href":"https:\/\/divljarijeka.com\/cs\/wp-json\/wp\/v2\/pages\/7691","targetHints":{"allow":["GET"]}}],"collection":[{"href":"https:\/\/divljarijeka.com\/cs\/wp-json\/wp\/v2\/pages"}],"about":[{"href":"https:\/\/divljarijeka.com\/cs\/wp-json\/wp\/v2\/types\/page"}],"author":[{"embeddable":true,"href":"https:\/\/divljarijeka.com\/cs\/wp-json\/wp\/v2\/users\/6"}],"replies":[{"embeddable":true,"href":"https:\/\/divljarijeka.com\/cs\/wp-json\/wp\/v2\/comments?post=7691"}],"version-history":[{"count":1,"href":"https:\/\/divljarijeka.com\/cs\/wp-json\/wp\/v2\/pages\/7691\/revisions"}],"predecessor-version":[{"id":7692,"href":"https:\/\/divljarijeka.com\/cs\/wp-json\/wp\/v2\/pages\/7691\/revisions\/7692"}],"up":[{"embeddable":true,"href":"https:\/\/divljarijeka.com\/cs\/wp-json\/wp\/v2\/pages\/7678"}],"wp:featuredmedia":[{"embeddable":true,"href":"https:\/\/divljarijeka.com\/cs\/wp-json\/wp\/v2\/media\/2019"}],"wp:attachment":[{"href":"https:\/\/divljarijeka.com\/cs\/wp-json\/wp\/v2\/media?parent=7691"}],"curies":[{"name":"wp","href":"https:\/\/api.w.org\/{rel}","templated":true}]}}