{"id":7011,"date":"2025-02-06T19:06:25","date_gmt":"2025-02-06T19:06:25","guid":{"rendered":"https:\/\/divljarijeka.com\/?page_id=7011"},"modified":"2025-02-09T11:46:25","modified_gmt":"2025-02-09T11:46:25","slug":"canyoning","status":"publish","type":"page","link":"https:\/\/divljarijeka.com\/de\/aktivitaten\/canyoning\/","title":{"rendered":"Canyoning"},"content":{"rendered":"\t\t<div data-elementor-type=\"wp-page\" data-elementor-id=\"7011\" class=\"elementor elementor-7011 elementor-145\">\n\t\t\t\t\t\t<div class=\"elementor-inner\">\n\t\t\t\t<div class=\"elementor-section-wrap\">\n\t\t\t\t\t\t\t\t\t<section class=\"elementor-section elementor-top-section elementor-element elementor-element-606f24a5 elementor-section-full_width elementor-section-height-min-height elementor-section-height-default elementor-section-items-middle\" data-id=\"606f24a5\" data-element_type=\"section\" data-settings=\"{&quot;background_background&quot;:&quot;classic&quot;}\">\n\t\t\t\t\t\t\t<div class=\"elementor-background-overlay\"><\/div>\n\t\t\t\t\t\t\t<div class=\"elementor-container elementor-column-gap-default\">\n\t\t\t\t\t\t\t<div class=\"elementor-row\">\n\t\t\t\t\t<div class=\"elementor-column elementor-col-100 elementor-top-column elementor-element elementor-element-5d026152\" data-id=\"5d026152\" data-element_type=\"column\">\n\t\t\t<div class=\"elementor-column-wrap elementor-element-populated\">\n\t\t\t\t\t\t\t<div class=\"elementor-widget-wrap\">\n\t\t\t\t\t\t<div class=\"elementor-element elementor-element-6fbad44e elementor-view-default elementor-position-top elementor-widget elementor-widget-themo-header\" data-id=\"6fbad44e\" data-element_type=\"widget\" data-widget_type=\"themo-header.default\">\n\t\t\t\t<div class=\"elementor-widget-container\">\n\t\t\t\t\t<div class=\"th-header-wrap\">\n        <div class=\"elementor-icon-box-wrapper \">\n                            <div class=\"elementor-icon-box-content\">\n                    <h1 class=\"elementor-icon-box-title\">\n                        Canyoning                    <\/h1>\n                                        <p class=\"elementor-icon-box-description\"><\/p>\n\n                                    <\/div>\n            <\/div>\n\n        <\/div>\n\n\t\t\t\t<\/div>\n\t\t\t\t<\/div>\n\t\t\t\t\t\t<\/div>\n\t\t\t\t\t<\/div>\n\t\t<\/div>\n\t\t\t\t\t\t\t\t<\/div>\n\t\t\t\t\t<\/div>\n\t\t<\/section>\n\t\t\t\t<section class=\"elementor-section elementor-top-section elementor-element elementor-element-56b0f26f elementor-section-boxed elementor-section-height-default elementor-section-height-default\" data-id=\"56b0f26f\" data-element_type=\"section\">\n\t\t\t\t\t\t<div class=\"elementor-container elementor-column-gap-default\">\n\t\t\t\t\t\t\t<div class=\"elementor-row\">\n\t\t\t\t\t<div class=\"elementor-column elementor-col-100 elementor-top-column elementor-element elementor-element-5f851ee\" data-id=\"5f851ee\" data-element_type=\"column\">\n\t\t\t<div class=\"elementor-column-wrap elementor-element-populated\">\n\t\t\t\t\t\t\t<div class=\"elementor-widget-wrap\">\n\t\t\t\t\t\t<div class=\"elementor-element elementor-element-6c660d8d elementor-widget elementor-widget-spacer\" data-id=\"6c660d8d\" data-element_type=\"widget\" data-widget_type=\"spacer.default\">\n\t\t\t\t<div class=\"elementor-widget-container\">\n\t\t\t\t\t<div class=\"elementor-spacer\">\n\t\t\t<div class=\"elementor-spacer-inner\"><\/div>\n\t\t<\/div>\n\t\t\t\t<\/div>\n\t\t\t\t<\/div>\n\t\t\t\t<div class=\"elementor-element elementor-element-30f755ab elementor-view-default elementor-position-top elementor-widget elementor-widget-themo-header\" data-id=\"30f755ab\" data-element_type=\"widget\" data-widget_type=\"themo-header.default\">\n\t\t\t\t<div class=\"elementor-widget-container\">\n\t\t\t\t\t<div class=\"th-header-wrap\">\n        <div class=\"elementor-icon-box-wrapper th-show-icon\">\n                            <div class=\"elementor-icon-box-icon th-icon-size-lg\">\n                    <span class=\"elementor-icon \">\n                        <i class=\"th-trip travelpack-mountains-snow\" aria-hidden=\"true\" fff><\/i>                    <\/span>\n                <\/div>\n                                <div class=\"elementor-icon-box-content\">\n                    <h2 class=\"elementor-icon-box-title\">\n                        Canyoning                    <\/h2>\n                                        <p class=\"elementor-icon-box-description\">Canyoning ist eine Extremsportart, bei der man unwirtliche Schluchten durchquert und dabei nat\u00fcrliche Hindernisse (Wasserf\u00e4lle, nat\u00fcrliche Pools, enge Felspfade) \u00fcberwindet, die von schnellen Gebirgsfl\u00fcssen geformt werden. Die Natur kann f\u00fcr diejenigen, die keine Angst haben, eine Belohnung sein, was bedeutet, dass Sie Naturlandschaften und Szenerien entdecken, die Sie sich nicht einmal vorstellen konnten.<\/p>\n\n                                    <\/div>\n            <\/div>\n\n        <\/div>\n\n\t\t\t\t<\/div>\n\t\t\t\t<\/div>\n\t\t\t\t\t\t<\/div>\n\t\t\t\t\t<\/div>\n\t\t<\/div>\n\t\t\t\t\t\t\t\t<\/div>\n\t\t\t\t\t<\/div>\n\t\t<\/section>\n\t\t\t\t<section class=\"elementor-section elementor-top-section elementor-element elementor-element-fab7dcf elementor-section-boxed elementor-section-height-default elementor-section-height-default\" data-id=\"fab7dcf\" data-element_type=\"section\">\n\t\t\t\t\t\t<div class=\"elementor-container elementor-column-gap-default\">\n\t\t\t\t\t\t\t<div class=\"elementor-row\">\n\t\t\t\t\t<div class=\"elementor-column elementor-col-100 elementor-top-column elementor-element elementor-element-953803f\" data-id=\"953803f\" data-element_type=\"column\">\n\t\t\t<div class=\"elementor-column-wrap elementor-element-populated\">\n\t\t\t\t\t\t\t<div class=\"elementor-widget-wrap\">\n\t\t\t\t\t\t<div class=\"elementor-element elementor-element-cb7d634 elementor-widget elementor-widget-themo-tour-grid\" data-id=\"cb7d634\" data-element_type=\"widget\" data-widget_type=\"themo-tour-grid.default\">\n\t\t\t\t<div class=\"elementor-widget-container\">\n\t\t\t\n                <div id=\"th-portfolio-content-69ed560dccffd\" class=\"th-portfolio\">\n\n            \n            <div id=\"th-portfolio-row\" class=\"th-portfolio-row row portfolio_content  three-columns th-port-gutter\">\n\n                                        <div id=\"post-7245\" class=\"th-portfolio-item item col-md-4 col-sm-6 p-hrcavka-schlucht p-one-day-tours post-7245 themo_tour type-themo_tour status-publish format-standard has-post-thumbnail hentry themo_tour_type-hrcavka-schlucht themo_tour_type-one-day-tours\">\n                            <div class=\"th-port-wrap\">\n                                <img decoding=\"async\" width=\"605\" height=\"605\" src=\"https:\/\/divljarijeka.com\/wp-content\/uploads\/2025\/01\/IMG_20230625_153135_025-605x605.webp\" class=\"img-responsive th-port-img wp-post-image\" alt=\"hrcavka canyoning\" \/>\n                                <div class=\"th-port-overlay\"><\/div>\n                                <div class=\"th-port-inner\">\n                                                                            <div class=\"th-port-top-text\">Canyoning - Eint\u00e4gige Tour<\/div>\n                                                                        <div class=\"th-port-center\">\n                                        <h3 class=\"th-port-title\">Hrcavka Canyoning - Ultimatives Abenteuer<\/h3>\n                                        <p class=\"th-port-sub\">Erleben Sie das Abenteuer Ihres Lebens im Hrcavka-Canyon!<\/p>                                                                                    <span class=\"th-port-btn\">TOUR ANSEHEN!<\/span>\n                                                                            <\/div>\n                                    <a href=\"https:\/\/divljarijeka.com\/de\/tour\/hrcavka-canyoning\/\" class=\"th-port-link\" ><\/a>                                <\/div>\n                            <\/div>\n                        <\/div>\n                                                <div id=\"post-7264\" class=\"th-portfolio-item item col-md-4 col-sm-6 p-canyoning-de p-np-durmitor-de p-one-day-tours post-7264 themo_tour type-themo_tour status-publish format-standard has-post-thumbnail hentry themo_tour_type-canyoning-de themo_tour_type-np-durmitor-de themo_tour_type-one-day-tours\">\n                            <div class=\"th-port-wrap\">\n                                <img decoding=\"async\" width=\"605\" height=\"605\" src=\"https:\/\/divljarijeka.com\/wp-content\/uploads\/2018\/04\/adrenaline-canyoning-nevidio-605x605.jpg\" class=\"img-responsive th-port-img wp-post-image\" alt=\"Canyoning\" \/>\n                                <div class=\"th-port-overlay\"><\/div>\n                                <div class=\"th-port-inner\">\n                                                                            <div class=\"th-port-top-text\">Canyoning - Tagestour<\/div>\n                                                                        <div class=\"th-port-center\">\n                                        <h3 class=\"th-port-title\">Adrenalin-Canyoning - Nevidio<\/h3>\n                                        <p class=\"th-port-sub\">Der Nevidio-Canyon ist einer der letzten eroberten Canyons Europas.<\/p>                                                                                    <span class=\"th-port-btn\">TOUR ANSEHEN!<\/span>\n                                                                            <\/div>\n                                    <a href=\"https:\/\/divljarijeka.com\/de\/tour\/canyoning-abenteuer\/\" class=\"th-port-link\" ><\/a>                                <\/div>\n                            <\/div>\n                        <\/div>\n                        \n            <\/div>\n\n        <\/div>\n\n        \t\t<\/div>\n\t\t\t\t<\/div>\n\t\t\t\t\t\t<\/div>\n\t\t\t\t\t<\/div>\n\t\t<\/div>\n\t\t\t\t\t\t\t\t<\/div>\n\t\t\t\t\t<\/div>\n\t\t<\/section>\n\t\t\t\t\t\t\t\t\t<\/div>\n\t\t\t<\/div>\n\t\t\t\t\t<\/div>\n\t\t","protected":false},"excerpt":{"rendered":"<p>Canyoning Canyoning Canyoning ist eine Extremsportart, bei der man unwirtliche Schluchten durchquert und dabei nat\u00fcrliche Hindernisse (Wasserf\u00e4lle, nat\u00fcrliche Pools, enge Felspfade) \u00fcberwindet, die von schnellen Gebirgsfl\u00fcssen geformt werden. Die Natur kann f\u00fcr diejenigen, die keine Angst haben, eine Belohnung sein, &hellip; <a href=\"https:\/\/divljarijeka.com\/de\/tour\/canyoning-abenteuer\/\">Read More<\/a><\/p>\n","protected":false},"author":6,"featured_media":329,"parent":7009,"menu_order":3,"comment_status":"closed","ping_status":"closed","template":"","meta":{"inline_featured_image":false,"footnotes":""},"class_list":["post-7011","page","type-page","status-publish","has-post-thumbnail","hentry"],"yoast_head":"<!-- This site is optimized with the Yoast SEO Premium plugin v27.4 (Yoast SEO v27.4) - https:\/\/yoast.com\/product\/yoast-seo-premium-wordpress\/ -->\n<title>Canyoning - Ultimative Abenteuer | Rafting Tara Divlja Rijeka<\/title>\n<meta name=\"description\" content=\"Canyoning ist eine Extremsportaktivit\u00e4t, bei der es um das Durchqueren unwirtlicher Schluchten und das \u00dcberwinden nat\u00fcrlicher Hindernisse.\" \/>\n<meta name=\"robots\" content=\"index, follow, max-snippet:-1, max-image-preview:large, max-video-preview:-1\" \/>\n<link rel=\"canonical\" href=\"https:\/\/divljarijeka.com\/de\/aktivitaten\/canyoning\/\" \/>\n<meta property=\"og:locale\" content=\"de_DE\" \/>\n<meta property=\"og:type\" content=\"article\" \/>\n<meta property=\"og:title\" content=\"Canyoning\" \/>\n<meta property=\"og:description\" content=\"Canyoning ist eine Extremsportaktivit\u00e4t, bei der es um das Durchqueren unwirtlicher Schluchten und das \u00dcberwinden nat\u00fcrlicher Hindernisse.\" \/>\n<meta property=\"og:url\" content=\"https:\/\/divljarijeka.com\/de\/aktivitaten\/canyoning\/\" \/>\n<meta property=\"og:site_name\" content=\"Rafting Tara Divlja Rijeka\" \/>\n<meta property=\"article:publisher\" content=\"https:\/\/www.facebook.com\/kampdivljarijeka\/\" \/>\n<meta property=\"article:modified_time\" content=\"2025-02-09T11:46:25+00:00\" \/>\n<meta property=\"og:image\" content=\"https:\/\/divljarijeka.com\/wp-content\/uploads\/2018\/04\/adrenaline-canyoning-nevidio.jpg\" \/>\n\t<meta property=\"og:image:width\" content=\"1300\" \/>\n\t<meta property=\"og:image:height\" content=\"975\" \/>\n\t<meta property=\"og:image:type\" content=\"image\/jpeg\" \/>\n<meta name=\"twitter:card\" content=\"summary_large_image\" \/>\n<meta name=\"twitter:site\" content=\"@DivljaRijeka\" \/>\n<meta name=\"twitter:label1\" content=\"Gesch\u00e4tzte Lesezeit\" \/>\n\t<meta name=\"twitter:data1\" content=\"1\u00a0Minute\" \/>\n<script type=\"application\/ld+json\" class=\"yoast-schema-graph\">{\"@context\":\"https:\\\/\\\/schema.org\",\"@graph\":[{\"@type\":\"WebPage\",\"@id\":\"https:\\\/\\\/divljarijeka.com\\\/de\\\/aktivitaten\\\/canyoning\\\/\",\"url\":\"https:\\\/\\\/divljarijeka.com\\\/de\\\/aktivitaten\\\/canyoning\\\/\",\"name\":\"Canyoning - Ultimative Abenteuer | Rafting Tara Divlja Rijeka\",\"isPartOf\":{\"@id\":\"https:\\\/\\\/divljarijeka.com\\\/de\\\/#website\"},\"primaryImageOfPage\":{\"@id\":\"https:\\\/\\\/divljarijeka.com\\\/de\\\/aktivitaten\\\/canyoning\\\/#primaryimage\"},\"image\":{\"@id\":\"https:\\\/\\\/divljarijeka.com\\\/de\\\/aktivitaten\\\/canyoning\\\/#primaryimage\"},\"thumbnailUrl\":\"https:\\\/\\\/divljarijeka.com\\\/wp-content\\\/uploads\\\/2018\\\/04\\\/adrenaline-canyoning-nevidio.jpg\",\"datePublished\":\"2025-02-06T19:06:25+00:00\",\"dateModified\":\"2025-02-09T11:46:25+00:00\",\"description\":\"Canyoning ist eine Extremsportaktivit\u00e4t, bei der es um das Durchqueren unwirtlicher Schluchten und das \u00dcberwinden nat\u00fcrlicher Hindernisse.\",\"breadcrumb\":{\"@id\":\"https:\\\/\\\/divljarijeka.com\\\/de\\\/aktivitaten\\\/canyoning\\\/#breadcrumb\"},\"inLanguage\":\"de\",\"potentialAction\":[{\"@type\":\"ReadAction\",\"target\":[\"https:\\\/\\\/divljarijeka.com\\\/de\\\/aktivitaten\\\/canyoning\\\/\"]}]},{\"@type\":\"ImageObject\",\"inLanguage\":\"de\",\"@id\":\"https:\\\/\\\/divljarijeka.com\\\/de\\\/aktivitaten\\\/canyoning\\\/#primaryimage\",\"url\":\"https:\\\/\\\/divljarijeka.com\\\/wp-content\\\/uploads\\\/2018\\\/04\\\/adrenaline-canyoning-nevidio.jpg\",\"contentUrl\":\"https:\\\/\\\/divljarijeka.com\\\/wp-content\\\/uploads\\\/2018\\\/04\\\/adrenaline-canyoning-nevidio.jpg\",\"width\":1300,\"height\":975,\"caption\":\"Canyoning\"},{\"@type\":\"BreadcrumbList\",\"@id\":\"https:\\\/\\\/divljarijeka.com\\\/de\\\/aktivitaten\\\/canyoning\\\/#breadcrumb\",\"itemListElement\":[{\"@type\":\"ListItem\",\"position\":1,\"name\":\"Home\",\"item\":\"https:\\\/\\\/divljarijeka.com\\\/de\\\/\"},{\"@type\":\"ListItem\",\"position\":2,\"name\":\"Aktivit\u00e4ten\",\"item\":\"https:\\\/\\\/divljarijeka.com\\\/de\\\/aktivitaten\\\/\"},{\"@type\":\"ListItem\",\"position\":3,\"name\":\"Canyoning\"}]},{\"@type\":\"WebSite\",\"@id\":\"https:\\\/\\\/divljarijeka.com\\\/de\\\/#website\",\"url\":\"https:\\\/\\\/divljarijeka.com\\\/de\\\/\",\"name\":\"Rafting Tara Divlja Rijeka\",\"description\":\"\",\"publisher\":{\"@id\":\"https:\\\/\\\/divljarijeka.com\\\/de\\\/#organization\"},\"potentialAction\":[{\"@type\":\"SearchAction\",\"target\":{\"@type\":\"EntryPoint\",\"urlTemplate\":\"https:\\\/\\\/divljarijeka.com\\\/de\\\/?s={search_term_string}\"},\"query-input\":{\"@type\":\"PropertyValueSpecification\",\"valueRequired\":true,\"valueName\":\"search_term_string\"}}],\"inLanguage\":\"de\"},{\"@type\":\"Organization\",\"@id\":\"https:\\\/\\\/divljarijeka.com\\\/de\\\/#organization\",\"name\":\"Rafting Tara Divlja Rijeka\",\"url\":\"https:\\\/\\\/divljarijeka.com\\\/de\\\/\",\"logo\":{\"@type\":\"ImageObject\",\"inLanguage\":\"de\",\"@id\":\"https:\\\/\\\/divljarijeka.com\\\/de\\\/#\\\/schema\\\/logo\\\/image\\\/\",\"url\":\"https:\\\/\\\/divljarijeka.com\\\/wp-content\\\/uploads\\\/2018\\\/08\\\/cropped-divlja-rijeka-rafting-publisher.png\",\"contentUrl\":\"https:\\\/\\\/divljarijeka.com\\\/wp-content\\\/uploads\\\/2018\\\/08\\\/cropped-divlja-rijeka-rafting-publisher.png\",\"width\":104,\"height\":60,\"caption\":\"Rafting Tara Divlja Rijeka\"},\"image\":{\"@id\":\"https:\\\/\\\/divljarijeka.com\\\/de\\\/#\\\/schema\\\/logo\\\/image\\\/\"},\"sameAs\":[\"https:\\\/\\\/www.facebook.com\\\/kampdivljarijeka\\\/\",\"https:\\\/\\\/x.com\\\/DivljaRijeka\",\"https:\\\/\\\/www.instagram.com\\\/kampdivljarijeka\\\/\"]}]}<\/script>\n<!-- \/ Yoast SEO Premium plugin. -->","yoast_head_json":{"title":"Canyoning - Ultimative Abenteuer | Rafting Tara Divlja Rijeka","description":"Canyoning ist eine Extremsportaktivit\u00e4t, bei der es um das Durchqueren unwirtlicher Schluchten und das \u00dcberwinden nat\u00fcrlicher Hindernisse.","robots":{"index":"index","follow":"follow","max-snippet":"max-snippet:-1","max-image-preview":"max-image-preview:large","max-video-preview":"max-video-preview:-1"},"canonical":"https:\/\/divljarijeka.com\/de\/aktivitaten\/canyoning\/","og_locale":"de_DE","og_type":"article","og_title":"Canyoning","og_description":"Canyoning ist eine Extremsportaktivit\u00e4t, bei der es um das Durchqueren unwirtlicher Schluchten und das \u00dcberwinden nat\u00fcrlicher Hindernisse.","og_url":"https:\/\/divljarijeka.com\/de\/aktivitaten\/canyoning\/","og_site_name":"Rafting Tara Divlja Rijeka","article_publisher":"https:\/\/www.facebook.com\/kampdivljarijeka\/","article_modified_time":"2025-02-09T11:46:25+00:00","og_image":[{"width":1300,"height":975,"url":"https:\/\/divljarijeka.com\/wp-content\/uploads\/2018\/04\/adrenaline-canyoning-nevidio.jpg","type":"image\/jpeg"}],"twitter_card":"summary_large_image","twitter_site":"@DivljaRijeka","twitter_misc":{"Gesch\u00e4tzte Lesezeit":"1\u00a0Minute"},"schema":{"@context":"https:\/\/schema.org","@graph":[{"@type":"WebPage","@id":"https:\/\/divljarijeka.com\/de\/aktivitaten\/canyoning\/","url":"https:\/\/divljarijeka.com\/de\/aktivitaten\/canyoning\/","name":"Canyoning - Ultimative Abenteuer | Rafting Tara Divlja Rijeka","isPartOf":{"@id":"https:\/\/divljarijeka.com\/de\/#website"},"primaryImageOfPage":{"@id":"https:\/\/divljarijeka.com\/de\/aktivitaten\/canyoning\/#primaryimage"},"image":{"@id":"https:\/\/divljarijeka.com\/de\/aktivitaten\/canyoning\/#primaryimage"},"thumbnailUrl":"https:\/\/divljarijeka.com\/wp-content\/uploads\/2018\/04\/adrenaline-canyoning-nevidio.jpg","datePublished":"2025-02-06T19:06:25+00:00","dateModified":"2025-02-09T11:46:25+00:00","description":"Canyoning ist eine Extremsportaktivit\u00e4t, bei der es um das Durchqueren unwirtlicher Schluchten und das \u00dcberwinden nat\u00fcrlicher Hindernisse.","breadcrumb":{"@id":"https:\/\/divljarijeka.com\/de\/aktivitaten\/canyoning\/#breadcrumb"},"inLanguage":"de","potentialAction":[{"@type":"ReadAction","target":["https:\/\/divljarijeka.com\/de\/aktivitaten\/canyoning\/"]}]},{"@type":"ImageObject","inLanguage":"de","@id":"https:\/\/divljarijeka.com\/de\/aktivitaten\/canyoning\/#primaryimage","url":"https:\/\/divljarijeka.com\/wp-content\/uploads\/2018\/04\/adrenaline-canyoning-nevidio.jpg","contentUrl":"https:\/\/divljarijeka.com\/wp-content\/uploads\/2018\/04\/adrenaline-canyoning-nevidio.jpg","width":1300,"height":975,"caption":"Canyoning"},{"@type":"BreadcrumbList","@id":"https:\/\/divljarijeka.com\/de\/aktivitaten\/canyoning\/#breadcrumb","itemListElement":[{"@type":"ListItem","position":1,"name":"Home","item":"https:\/\/divljarijeka.com\/de\/"},{"@type":"ListItem","position":2,"name":"Aktivit\u00e4ten","item":"https:\/\/divljarijeka.com\/de\/aktivitaten\/"},{"@type":"ListItem","position":3,"name":"Canyoning"}]},{"@type":"WebSite","@id":"https:\/\/divljarijeka.com\/de\/#website","url":"https:\/\/divljarijeka.com\/de\/","name":"Rafting Tara Divlja Rijeka","description":"","publisher":{"@id":"https:\/\/divljarijeka.com\/de\/#organization"},"potentialAction":[{"@type":"SearchAction","target":{"@type":"EntryPoint","urlTemplate":"https:\/\/divljarijeka.com\/de\/?s={search_term_string}"},"query-input":{"@type":"PropertyValueSpecification","valueRequired":true,"valueName":"search_term_string"}}],"inLanguage":"de"},{"@type":"Organization","@id":"https:\/\/divljarijeka.com\/de\/#organization","name":"Rafting Tara Divlja Rijeka","url":"https:\/\/divljarijeka.com\/de\/","logo":{"@type":"ImageObject","inLanguage":"de","@id":"https:\/\/divljarijeka.com\/de\/#\/schema\/logo\/image\/","url":"https:\/\/divljarijeka.com\/wp-content\/uploads\/2018\/08\/cropped-divlja-rijeka-rafting-publisher.png","contentUrl":"https:\/\/divljarijeka.com\/wp-content\/uploads\/2018\/08\/cropped-divlja-rijeka-rafting-publisher.png","width":104,"height":60,"caption":"Rafting Tara Divlja Rijeka"},"image":{"@id":"https:\/\/divljarijeka.com\/de\/#\/schema\/logo\/image\/"},"sameAs":["https:\/\/www.facebook.com\/kampdivljarijeka\/","https:\/\/x.com\/DivljaRijeka","https:\/\/www.instagram.com\/kampdivljarijeka\/"]}]}},"_links":{"self":[{"href":"https:\/\/divljarijeka.com\/de\/wp-json\/wp\/v2\/pages\/7011","targetHints":{"allow":["GET"]}}],"collection":[{"href":"https:\/\/divljarijeka.com\/de\/wp-json\/wp\/v2\/pages"}],"about":[{"href":"https:\/\/divljarijeka.com\/de\/wp-json\/wp\/v2\/types\/page"}],"author":[{"embeddable":true,"href":"https:\/\/divljarijeka.com\/de\/wp-json\/wp\/v2\/users\/6"}],"replies":[{"embeddable":true,"href":"https:\/\/divljarijeka.com\/de\/wp-json\/wp\/v2\/comments?post=7011"}],"version-history":[{"count":7,"href":"https:\/\/divljarijeka.com\/de\/wp-json\/wp\/v2\/pages\/7011\/revisions"}],"predecessor-version":[{"id":7498,"href":"https:\/\/divljarijeka.com\/de\/wp-json\/wp\/v2\/pages\/7011\/revisions\/7498"}],"up":[{"embeddable":true,"href":"https:\/\/divljarijeka.com\/de\/wp-json\/wp\/v2\/pages\/7009"}],"wp:featuredmedia":[{"embeddable":true,"href":"https:\/\/divljarijeka.com\/de\/wp-json\/wp\/v2\/media\/329"}],"wp:attachment":[{"href":"https:\/\/divljarijeka.com\/de\/wp-json\/wp\/v2\/media?parent=7011"}],"curies":[{"name":"wp","href":"https:\/\/api.w.org\/{rel}","templated":true}]}}