{"id":7031,"date":"2025-02-06T19:22:56","date_gmt":"2025-02-06T19:22:56","guid":{"rendered":"https:\/\/divljarijeka.com\/?page_id=7031"},"modified":"2025-02-09T11:30:44","modified_gmt":"2025-02-09T11:30:44","slug":"kajak-fahren","status":"publish","type":"page","link":"https:\/\/divljarijeka.com\/de\/aktivitaten\/kajak-fahren\/","title":{"rendered":"Kajak fahren"},"content":{"rendered":"\t\t<div data-elementor-type=\"wp-page\" data-elementor-id=\"7031\" class=\"elementor elementor-7031 elementor-143 elementor-bc-flex-widget\">\n\t\t\t\t\t\t<div class=\"elementor-inner\">\n\t\t\t\t<div class=\"elementor-section-wrap\">\n\t\t\t\t\t\t\t\t\t<section class=\"elementor-section elementor-top-section elementor-element elementor-element-1b4727f8 elementor-section-full_width elementor-section-height-min-height elementor-section-height-default elementor-section-items-middle\" data-id=\"1b4727f8\" data-element_type=\"section\" data-settings=\"{&quot;background_background&quot;:&quot;classic&quot;}\">\n\t\t\t\t\t\t\t<div class=\"elementor-background-overlay\"><\/div>\n\t\t\t\t\t\t\t<div class=\"elementor-container elementor-column-gap-default\">\n\t\t\t\t\t\t\t<div class=\"elementor-row\">\n\t\t\t\t\t<div class=\"elementor-column elementor-col-100 elementor-top-column elementor-element elementor-element-7c1dfb8d\" data-id=\"7c1dfb8d\" data-element_type=\"column\">\n\t\t\t<div class=\"elementor-column-wrap elementor-element-populated\">\n\t\t\t\t\t\t\t<div class=\"elementor-widget-wrap\">\n\t\t\t\t\t\t<div class=\"elementor-element elementor-element-64dda616 elementor-view-default elementor-position-top elementor-widget elementor-widget-themo-header\" data-id=\"64dda616\" data-element_type=\"widget\" data-widget_type=\"themo-header.default\">\n\t\t\t\t<div class=\"elementor-widget-container\">\n\t\t\t\t\t<div class=\"th-header-wrap\">\n        <div class=\"elementor-icon-box-wrapper \">\n                            <div class=\"elementor-icon-box-content\">\n                    <h1 class=\"elementor-icon-box-title\">\n                        Kayaking                    <\/h1>\n                                        <p class=\"elementor-icon-box-description\"><\/p>\n\n                                    <\/div>\n            <\/div>\n\n        <\/div>\n\n\t\t\t\t<\/div>\n\t\t\t\t<\/div>\n\t\t\t\t\t\t<\/div>\n\t\t\t\t\t<\/div>\n\t\t<\/div>\n\t\t\t\t\t\t\t\t<\/div>\n\t\t\t\t\t<\/div>\n\t\t<\/section>\n\t\t\t\t<section class=\"elementor-section elementor-top-section elementor-element elementor-element-37f9c390 elementor-section-boxed elementor-section-height-default elementor-section-height-default\" data-id=\"37f9c390\" data-element_type=\"section\">\n\t\t\t\t\t\t<div class=\"elementor-container elementor-column-gap-default\">\n\t\t\t\t\t\t\t<div class=\"elementor-row\">\n\t\t\t\t\t<div class=\"elementor-column elementor-col-100 elementor-top-column elementor-element elementor-element-55fc8605\" data-id=\"55fc8605\" data-element_type=\"column\">\n\t\t\t<div class=\"elementor-column-wrap elementor-element-populated\">\n\t\t\t\t\t\t\t<div class=\"elementor-widget-wrap\">\n\t\t\t\t\t\t<div class=\"elementor-element elementor-element-e4cac88 elementor-widget elementor-widget-spacer\" data-id=\"e4cac88\" data-element_type=\"widget\" data-widget_type=\"spacer.default\">\n\t\t\t\t<div class=\"elementor-widget-container\">\n\t\t\t\t\t<div class=\"elementor-spacer\">\n\t\t\t<div class=\"elementor-spacer-inner\"><\/div>\n\t\t<\/div>\n\t\t\t\t<\/div>\n\t\t\t\t<\/div>\n\t\t\t\t<div class=\"elementor-element elementor-element-3679ee3b elementor-view-default elementor-position-top elementor-widget elementor-widget-themo-header\" data-id=\"3679ee3b\" data-element_type=\"widget\" data-widget_type=\"themo-header.default\">\n\t\t\t\t<div class=\"elementor-widget-container\">\n\t\t\t\t\t<div class=\"th-header-wrap\">\n        <div class=\"elementor-icon-box-wrapper th-show-icon\">\n                            <div class=\"elementor-icon-box-icon th-icon-size-lg\">\n                    <span class=\"elementor-icon \">\n                        <i class=\"th-trip travelpack-kayak\" aria-hidden=\"true\" fff><\/i>                    <\/span>\n                <\/div>\n                                <div class=\"elementor-icon-box-content\">\n                    <h2 class=\"elementor-icon-box-title\">\n                        Kajakfahren in unserer Gegend                    <\/h2>\n                                        <p class=\"elementor-icon-box-description\">Die Anf\u00e4nge des Raftings auf der Tara und der Drina reichen bis in den Anfang des 20. Jahrhunderts zur\u00fcck. Briten und Deutsche waren die ersten Touristen in diesen Gebieten, irgendwann im Jahr 1923. Kajaksportler kamen 1931. Die ersten Kajaksportler kamen aus \u00d6sterreich und der Tschechoslowakei. Einige historische Schriften aus dem Museum von Fo\u010da deuten jedoch darauf hin, dass reiche \u00d6sterreicher bereits 1905 Rafting auf der Tara betrieben und den Charme dieser europ\u00e4ischen Sch\u00f6nheit genossen. Hochqualifizierte Bergm\u00e4nner, sogenannte Triftars, halfen ihnen durch die Stromschnellen der Tara und der Drina.<\/p>\n\n                                    <\/div>\n            <\/div>\n\n        <\/div>\n\n\t\t\t\t<\/div>\n\t\t\t\t<\/div>\n\t\t\t\t\t\t<\/div>\n\t\t\t\t\t<\/div>\n\t\t<\/div>\n\t\t\t\t\t\t\t\t<\/div>\n\t\t\t\t\t<\/div>\n\t\t<\/section>\n\t\t\t\t<section class=\"elementor-section elementor-top-section elementor-element elementor-element-12d2266c elementor-section-boxed elementor-section-height-default elementor-section-height-default\" data-id=\"12d2266c\" data-element_type=\"section\">\n\t\t\t\t\t\t<div class=\"elementor-container elementor-column-gap-default\">\n\t\t\t\t\t\t\t<div class=\"elementor-row\">\n\t\t\t\t\t<div class=\"elementor-column elementor-col-100 elementor-top-column elementor-element elementor-element-51a3ad44\" data-id=\"51a3ad44\" data-element_type=\"column\">\n\t\t\t<div class=\"elementor-column-wrap elementor-element-populated\">\n\t\t\t\t\t\t\t<div class=\"elementor-widget-wrap\">\n\t\t\t\t\t\t<div class=\"elementor-element elementor-element-20f0175 elementor-widget elementor-widget-spacer\" data-id=\"20f0175\" data-element_type=\"widget\" data-widget_type=\"spacer.default\">\n\t\t\t\t<div class=\"elementor-widget-container\">\n\t\t\t\t\t<div class=\"elementor-spacer\">\n\t\t\t<div class=\"elementor-spacer-inner\"><\/div>\n\t\t<\/div>\n\t\t\t\t<\/div>\n\t\t\t\t<\/div>\n\t\t\t\t\t\t<\/div>\n\t\t\t\t\t<\/div>\n\t\t<\/div>\n\t\t\t\t\t\t\t\t<\/div>\n\t\t\t\t\t<\/div>\n\t\t<\/section>\n\t\t\t\t<section class=\"elementor-section elementor-top-section elementor-element elementor-element-6bf21a05 elementor-section-boxed elementor-section-height-default elementor-section-height-default\" data-id=\"6bf21a05\" data-element_type=\"section\">\n\t\t\t\t\t\t<div class=\"elementor-container elementor-column-gap-default\">\n\t\t\t\t\t\t\t<div class=\"elementor-row\">\n\t\t\t\t\t<div class=\"elementor-column elementor-col-100 elementor-top-column elementor-element elementor-element-55446385\" data-id=\"55446385\" data-element_type=\"column\">\n\t\t\t<div class=\"elementor-column-wrap elementor-element-populated\">\n\t\t\t\t\t\t\t<div class=\"elementor-widget-wrap\">\n\t\t\t\t\t\t<div class=\"elementor-element elementor-element-16100f57 elementor-widget elementor-widget-themo-tour-grid\" data-id=\"16100f57\" data-element_type=\"widget\" data-widget_type=\"themo-tour-grid.default\">\n\t\t\t\t<div class=\"elementor-widget-container\">\n\t\t\t\n                <div id=\"th-portfolio-content-69f0c418647ac\" class=\"th-portfolio\">\n\n            \n            <div id=\"th-portfolio-row\" class=\"th-portfolio-row row portfolio_content  three-columns th-port-gutter\">\n\n                                        <div id=\"post-7402\" class=\"th-portfolio-item item col-md-4 col-sm-6 p-kayaking p-one-day-tours p-tara-de post-7402 themo_tour type-themo_tour status-publish format-standard has-post-thumbnail hentry themo_tour_type-kayaking themo_tour_type-one-day-tours themo_tour_type-tara-de\">\n                            <div class=\"th-port-wrap\">\n                                <img decoding=\"async\" width=\"605\" height=\"605\" src=\"https:\/\/divljarijeka.com\/wp-content\/uploads\/2018\/04\/tara-kayaking-tour-605x605.jpg\" class=\"img-responsive th-port-img wp-post-image\" alt=\"kajaking na tari\" \/>\n                                <div class=\"th-port-overlay\"><\/div>\n                                <div class=\"th-port-inner\">\n                                                                            <div class=\"th-port-top-text\">Kajakfahren auf der Tara \u2013 Tagestour<\/div>\n                                                                        <div class=\"th-port-center\">\n                                        <h3 class=\"th-port-title\">Entdecken Sie Tara mit dem Kajak<\/h3>\n                                        <p class=\"th-port-sub\">Erleben Sie die atemberaubende Tara-Schlucht aus einer anderen Perspektive.<\/p>                                                                                    <span class=\"th-port-btn\">TOUR ANSEHEN!<\/span>\n                                                                            <\/div>\n                                    <a href=\"https:\/\/divljarijeka.com\/de\/tour\/kajakfahren-auf-tara\/\" class=\"th-port-link\" ><\/a>                                <\/div>\n                            <\/div>\n                        <\/div>\n                                                <div id=\"post-7437\" class=\"th-portfolio-item item col-md-4 col-sm-6 p-drina-de p-educational p-kayaking p-one-day-tours post-7437 themo_tour type-themo_tour status-publish format-standard has-post-thumbnail hentry themo_tour_type-drina-de themo_tour_type-educational themo_tour_type-kayaking themo_tour_type-one-day-tours\">\n                            <div class=\"th-port-wrap\">\n                                <img decoding=\"async\" width=\"605\" height=\"605\" src=\"https:\/\/divljarijeka.com\/wp-content\/uploads\/2018\/04\/kayaking-on-drina-003-605x605.jpg\" class=\"img-responsive th-port-img wp-post-image\" alt=\"Drina kayaking tour wtih two kayaks\" \/>\n                                <div class=\"th-port-overlay\"><\/div>\n                                <div class=\"th-port-inner\">\n                                                                            <div class=\"th-port-top-text\">Kajakfahren - Eint\u00e4gige Tour<\/div>\n                                                                        <div class=\"th-port-center\">\n                                        <h3 class=\"th-port-title\">Kajakfahren auf der Drina<\/h3>\n                                        <p class=\"th-port-sub\">Kajaksportler entdeckten die Sch\u00f6nheit des Flusses Drina bereits 1923. Erlernen Sie die Grundlagen des Wildwasserkajakfahrens.<\/p>                                                                                    <span class=\"th-port-btn\">TOUR ANSEHEN!<\/span>\n                                                                            <\/div>\n                                    <a href=\"https:\/\/divljarijeka.com\/de\/tour\/kajakfahren-auf-der-drina\/\" class=\"th-port-link\" ><\/a>                                <\/div>\n                            <\/div>\n                        <\/div>\n                        \n            <\/div>\n\n        <\/div>\n\n        \t\t<\/div>\n\t\t\t\t<\/div>\n\t\t\t\t\t\t<\/div>\n\t\t\t\t\t<\/div>\n\t\t<\/div>\n\t\t\t\t\t\t\t\t<\/div>\n\t\t\t\t\t<\/div>\n\t\t<\/section>\n\t\t\t\t\t\t\t\t\t<\/div>\n\t\t\t<\/div>\n\t\t\t\t\t<\/div>\n\t\t","protected":false},"excerpt":{"rendered":"<p>Kayaking Kajakfahren in unserer Gegend Die Anf\u00e4nge des Raftings auf der Tara und der Drina reichen bis in den Anfang des 20. Jahrhunderts zur\u00fcck. Briten und Deutsche waren die ersten Touristen in diesen Gebieten, irgendwann im Jahr 1923. Kajaksportler kamen &hellip; <a href=\"https:\/\/divljarijeka.com\/de\/tour\/kajakfahren-auf-der-drina\/\">Read More<\/a><\/p>\n","protected":false},"author":6,"featured_media":347,"parent":7009,"menu_order":7,"comment_status":"closed","ping_status":"closed","template":"","meta":{"inline_featured_image":false,"footnotes":""},"class_list":["post-7031","page","type-page","status-publish","has-post-thumbnail","hentry"],"yoast_head":"<!-- This site is optimized with the Yoast SEO Premium plugin v27.4 (Yoast SEO v27.4) - https:\/\/yoast.com\/product\/yoast-seo-premium-wordpress\/ -->\n<title>Kajakfahren - Drina und Tara Adventures | Rafting Tara Divlja Rijeka<\/title>\n<meta name=\"description\" content=\"Kamp Divlja Rijeka bietet Kajak- und Rafting-Abenteuer auf der Tara. Wir bieten zwei verschiedene Tagestouren auf der Drina und der Tara an.\" \/>\n<meta name=\"robots\" content=\"index, follow, max-snippet:-1, max-image-preview:large, max-video-preview:-1\" \/>\n<link rel=\"canonical\" href=\"https:\/\/divljarijeka.com\/de\/aktivitaten\/kajak-fahren\/\" \/>\n<meta property=\"og:locale\" content=\"de_DE\" \/>\n<meta property=\"og:type\" content=\"article\" \/>\n<meta property=\"og:title\" content=\"Kajak fahren\" \/>\n<meta property=\"og:description\" content=\"Kamp Divlja Rijeka bietet Kajak- und Rafting-Abenteuer auf der Tara. Wir bieten zwei verschiedene Tagestouren auf der Drina und der Tara an.\" \/>\n<meta property=\"og:url\" content=\"https:\/\/divljarijeka.com\/de\/aktivitaten\/kajak-fahren\/\" \/>\n<meta property=\"og:site_name\" content=\"Rafting Tara Divlja Rijeka\" \/>\n<meta property=\"article:publisher\" content=\"https:\/\/www.facebook.com\/kampdivljarijeka\/\" \/>\n<meta property=\"article:modified_time\" content=\"2025-02-09T11:30:44+00:00\" \/>\n<meta property=\"og:image\" content=\"https:\/\/divljarijeka.com\/wp-content\/uploads\/2018\/04\/kayaking-on-drina-003.jpg\" \/>\n\t<meta property=\"og:image:width\" content=\"1200\" \/>\n\t<meta property=\"og:image:height\" content=\"900\" \/>\n\t<meta property=\"og:image:type\" content=\"image\/jpeg\" \/>\n<meta name=\"twitter:card\" content=\"summary_large_image\" \/>\n<meta name=\"twitter:site\" content=\"@DivljaRijeka\" \/>\n<meta name=\"twitter:label1\" content=\"Gesch\u00e4tzte Lesezeit\" \/>\n\t<meta name=\"twitter:data1\" content=\"1\u00a0Minute\" \/>\n<script type=\"application\/ld+json\" class=\"yoast-schema-graph\">{\"@context\":\"https:\\\/\\\/schema.org\",\"@graph\":[{\"@type\":\"WebPage\",\"@id\":\"https:\\\/\\\/divljarijeka.com\\\/de\\\/aktivitaten\\\/kajak-fahren\\\/\",\"url\":\"https:\\\/\\\/divljarijeka.com\\\/de\\\/aktivitaten\\\/kajak-fahren\\\/\",\"name\":\"Kajakfahren - Drina und Tara Adventures | Rafting Tara Divlja Rijeka\",\"isPartOf\":{\"@id\":\"https:\\\/\\\/divljarijeka.com\\\/de\\\/#website\"},\"primaryImageOfPage\":{\"@id\":\"https:\\\/\\\/divljarijeka.com\\\/de\\\/aktivitaten\\\/kajak-fahren\\\/#primaryimage\"},\"image\":{\"@id\":\"https:\\\/\\\/divljarijeka.com\\\/de\\\/aktivitaten\\\/kajak-fahren\\\/#primaryimage\"},\"thumbnailUrl\":\"https:\\\/\\\/divljarijeka.com\\\/wp-content\\\/uploads\\\/2018\\\/04\\\/kayaking-on-drina-003.jpg\",\"datePublished\":\"2025-02-06T19:22:56+00:00\",\"dateModified\":\"2025-02-09T11:30:44+00:00\",\"description\":\"Kamp Divlja Rijeka bietet Kajak- und Rafting-Abenteuer auf der Tara. Wir bieten zwei verschiedene Tagestouren auf der Drina und der Tara an.\",\"breadcrumb\":{\"@id\":\"https:\\\/\\\/divljarijeka.com\\\/de\\\/aktivitaten\\\/kajak-fahren\\\/#breadcrumb\"},\"inLanguage\":\"de\",\"potentialAction\":[{\"@type\":\"ReadAction\",\"target\":[\"https:\\\/\\\/divljarijeka.com\\\/de\\\/aktivitaten\\\/kajak-fahren\\\/\"]}]},{\"@type\":\"ImageObject\",\"inLanguage\":\"de\",\"@id\":\"https:\\\/\\\/divljarijeka.com\\\/de\\\/aktivitaten\\\/kajak-fahren\\\/#primaryimage\",\"url\":\"https:\\\/\\\/divljarijeka.com\\\/wp-content\\\/uploads\\\/2018\\\/04\\\/kayaking-on-drina-003.jpg\",\"contentUrl\":\"https:\\\/\\\/divljarijeka.com\\\/wp-content\\\/uploads\\\/2018\\\/04\\\/kayaking-on-drina-003.jpg\",\"width\":1200,\"height\":900,\"caption\":\"Drina kayaking tour wtih two kayaks\"},{\"@type\":\"BreadcrumbList\",\"@id\":\"https:\\\/\\\/divljarijeka.com\\\/de\\\/aktivitaten\\\/kajak-fahren\\\/#breadcrumb\",\"itemListElement\":[{\"@type\":\"ListItem\",\"position\":1,\"name\":\"Home\",\"item\":\"https:\\\/\\\/divljarijeka.com\\\/de\\\/\"},{\"@type\":\"ListItem\",\"position\":2,\"name\":\"Aktivit\u00e4ten\",\"item\":\"https:\\\/\\\/divljarijeka.com\\\/de\\\/aktivitaten\\\/\"},{\"@type\":\"ListItem\",\"position\":3,\"name\":\"Kajak fahren\"}]},{\"@type\":\"WebSite\",\"@id\":\"https:\\\/\\\/divljarijeka.com\\\/de\\\/#website\",\"url\":\"https:\\\/\\\/divljarijeka.com\\\/de\\\/\",\"name\":\"Rafting Tara Divlja Rijeka\",\"description\":\"\",\"publisher\":{\"@id\":\"https:\\\/\\\/divljarijeka.com\\\/de\\\/#organization\"},\"potentialAction\":[{\"@type\":\"SearchAction\",\"target\":{\"@type\":\"EntryPoint\",\"urlTemplate\":\"https:\\\/\\\/divljarijeka.com\\\/de\\\/?s={search_term_string}\"},\"query-input\":{\"@type\":\"PropertyValueSpecification\",\"valueRequired\":true,\"valueName\":\"search_term_string\"}}],\"inLanguage\":\"de\"},{\"@type\":\"Organization\",\"@id\":\"https:\\\/\\\/divljarijeka.com\\\/de\\\/#organization\",\"name\":\"Rafting Tara Divlja Rijeka\",\"url\":\"https:\\\/\\\/divljarijeka.com\\\/de\\\/\",\"logo\":{\"@type\":\"ImageObject\",\"inLanguage\":\"de\",\"@id\":\"https:\\\/\\\/divljarijeka.com\\\/de\\\/#\\\/schema\\\/logo\\\/image\\\/\",\"url\":\"https:\\\/\\\/divljarijeka.com\\\/wp-content\\\/uploads\\\/2018\\\/08\\\/cropped-divlja-rijeka-rafting-publisher.png\",\"contentUrl\":\"https:\\\/\\\/divljarijeka.com\\\/wp-content\\\/uploads\\\/2018\\\/08\\\/cropped-divlja-rijeka-rafting-publisher.png\",\"width\":104,\"height\":60,\"caption\":\"Rafting Tara Divlja Rijeka\"},\"image\":{\"@id\":\"https:\\\/\\\/divljarijeka.com\\\/de\\\/#\\\/schema\\\/logo\\\/image\\\/\"},\"sameAs\":[\"https:\\\/\\\/www.facebook.com\\\/kampdivljarijeka\\\/\",\"https:\\\/\\\/x.com\\\/DivljaRijeka\",\"https:\\\/\\\/www.instagram.com\\\/kampdivljarijeka\\\/\"]}]}<\/script>\n<!-- \/ Yoast SEO Premium plugin. -->","yoast_head_json":{"title":"Kajakfahren - Drina und Tara Adventures | Rafting Tara Divlja Rijeka","description":"Kamp Divlja Rijeka bietet Kajak- und Rafting-Abenteuer auf der Tara. Wir bieten zwei verschiedene Tagestouren auf der Drina und der Tara an.","robots":{"index":"index","follow":"follow","max-snippet":"max-snippet:-1","max-image-preview":"max-image-preview:large","max-video-preview":"max-video-preview:-1"},"canonical":"https:\/\/divljarijeka.com\/de\/aktivitaten\/kajak-fahren\/","og_locale":"de_DE","og_type":"article","og_title":"Kajak fahren","og_description":"Kamp Divlja Rijeka bietet Kajak- und Rafting-Abenteuer auf der Tara. Wir bieten zwei verschiedene Tagestouren auf der Drina und der Tara an.","og_url":"https:\/\/divljarijeka.com\/de\/aktivitaten\/kajak-fahren\/","og_site_name":"Rafting Tara Divlja Rijeka","article_publisher":"https:\/\/www.facebook.com\/kampdivljarijeka\/","article_modified_time":"2025-02-09T11:30:44+00:00","og_image":[{"width":1200,"height":900,"url":"https:\/\/divljarijeka.com\/wp-content\/uploads\/2018\/04\/kayaking-on-drina-003.jpg","type":"image\/jpeg"}],"twitter_card":"summary_large_image","twitter_site":"@DivljaRijeka","twitter_misc":{"Gesch\u00e4tzte Lesezeit":"1\u00a0Minute"},"schema":{"@context":"https:\/\/schema.org","@graph":[{"@type":"WebPage","@id":"https:\/\/divljarijeka.com\/de\/aktivitaten\/kajak-fahren\/","url":"https:\/\/divljarijeka.com\/de\/aktivitaten\/kajak-fahren\/","name":"Kajakfahren - Drina und Tara Adventures | Rafting Tara Divlja Rijeka","isPartOf":{"@id":"https:\/\/divljarijeka.com\/de\/#website"},"primaryImageOfPage":{"@id":"https:\/\/divljarijeka.com\/de\/aktivitaten\/kajak-fahren\/#primaryimage"},"image":{"@id":"https:\/\/divljarijeka.com\/de\/aktivitaten\/kajak-fahren\/#primaryimage"},"thumbnailUrl":"https:\/\/divljarijeka.com\/wp-content\/uploads\/2018\/04\/kayaking-on-drina-003.jpg","datePublished":"2025-02-06T19:22:56+00:00","dateModified":"2025-02-09T11:30:44+00:00","description":"Kamp Divlja Rijeka bietet Kajak- und Rafting-Abenteuer auf der Tara. Wir bieten zwei verschiedene Tagestouren auf der Drina und der Tara an.","breadcrumb":{"@id":"https:\/\/divljarijeka.com\/de\/aktivitaten\/kajak-fahren\/#breadcrumb"},"inLanguage":"de","potentialAction":[{"@type":"ReadAction","target":["https:\/\/divljarijeka.com\/de\/aktivitaten\/kajak-fahren\/"]}]},{"@type":"ImageObject","inLanguage":"de","@id":"https:\/\/divljarijeka.com\/de\/aktivitaten\/kajak-fahren\/#primaryimage","url":"https:\/\/divljarijeka.com\/wp-content\/uploads\/2018\/04\/kayaking-on-drina-003.jpg","contentUrl":"https:\/\/divljarijeka.com\/wp-content\/uploads\/2018\/04\/kayaking-on-drina-003.jpg","width":1200,"height":900,"caption":"Drina kayaking tour wtih two kayaks"},{"@type":"BreadcrumbList","@id":"https:\/\/divljarijeka.com\/de\/aktivitaten\/kajak-fahren\/#breadcrumb","itemListElement":[{"@type":"ListItem","position":1,"name":"Home","item":"https:\/\/divljarijeka.com\/de\/"},{"@type":"ListItem","position":2,"name":"Aktivit\u00e4ten","item":"https:\/\/divljarijeka.com\/de\/aktivitaten\/"},{"@type":"ListItem","position":3,"name":"Kajak fahren"}]},{"@type":"WebSite","@id":"https:\/\/divljarijeka.com\/de\/#website","url":"https:\/\/divljarijeka.com\/de\/","name":"Rafting Tara Divlja Rijeka","description":"","publisher":{"@id":"https:\/\/divljarijeka.com\/de\/#organization"},"potentialAction":[{"@type":"SearchAction","target":{"@type":"EntryPoint","urlTemplate":"https:\/\/divljarijeka.com\/de\/?s={search_term_string}"},"query-input":{"@type":"PropertyValueSpecification","valueRequired":true,"valueName":"search_term_string"}}],"inLanguage":"de"},{"@type":"Organization","@id":"https:\/\/divljarijeka.com\/de\/#organization","name":"Rafting Tara Divlja Rijeka","url":"https:\/\/divljarijeka.com\/de\/","logo":{"@type":"ImageObject","inLanguage":"de","@id":"https:\/\/divljarijeka.com\/de\/#\/schema\/logo\/image\/","url":"https:\/\/divljarijeka.com\/wp-content\/uploads\/2018\/08\/cropped-divlja-rijeka-rafting-publisher.png","contentUrl":"https:\/\/divljarijeka.com\/wp-content\/uploads\/2018\/08\/cropped-divlja-rijeka-rafting-publisher.png","width":104,"height":60,"caption":"Rafting Tara Divlja Rijeka"},"image":{"@id":"https:\/\/divljarijeka.com\/de\/#\/schema\/logo\/image\/"},"sameAs":["https:\/\/www.facebook.com\/kampdivljarijeka\/","https:\/\/x.com\/DivljaRijeka","https:\/\/www.instagram.com\/kampdivljarijeka\/"]}]}},"_links":{"self":[{"href":"https:\/\/divljarijeka.com\/de\/wp-json\/wp\/v2\/pages\/7031","targetHints":{"allow":["GET"]}}],"collection":[{"href":"https:\/\/divljarijeka.com\/de\/wp-json\/wp\/v2\/pages"}],"about":[{"href":"https:\/\/divljarijeka.com\/de\/wp-json\/wp\/v2\/types\/page"}],"author":[{"embeddable":true,"href":"https:\/\/divljarijeka.com\/de\/wp-json\/wp\/v2\/users\/6"}],"replies":[{"embeddable":true,"href":"https:\/\/divljarijeka.com\/de\/wp-json\/wp\/v2\/comments?post=7031"}],"version-history":[{"count":11,"href":"https:\/\/divljarijeka.com\/de\/wp-json\/wp\/v2\/pages\/7031\/revisions"}],"predecessor-version":[{"id":7476,"href":"https:\/\/divljarijeka.com\/de\/wp-json\/wp\/v2\/pages\/7031\/revisions\/7476"}],"up":[{"embeddable":true,"href":"https:\/\/divljarijeka.com\/de\/wp-json\/wp\/v2\/pages\/7009"}],"wp:featuredmedia":[{"embeddable":true,"href":"https:\/\/divljarijeka.com\/de\/wp-json\/wp\/v2\/media\/347"}],"wp:attachment":[{"href":"https:\/\/divljarijeka.com\/de\/wp-json\/wp\/v2\/media?parent=7031"}],"curies":[{"name":"wp","href":"https:\/\/api.w.org\/{rel}","templated":true}]}}