{"id":7049,"date":"2025-02-06T19:41:31","date_gmt":"2025-02-06T19:41:31","guid":{"rendered":"https:\/\/divljarijeka.com\/?page_id=7049"},"modified":"2025-02-06T21:08:08","modified_gmt":"2025-02-06T21:08:08","slug":"hrcavka-schlucht","status":"publish","type":"page","link":"https:\/\/divljarijeka.com\/de\/attraktionen\/hrcavka-schlucht\/","title":{"rendered":"Hr\u010davka Schlucht"},"content":{"rendered":"\t\t<div data-elementor-type=\"wp-page\" data-elementor-id=\"7049\" class=\"elementor elementor-7049 elementor-156\">\n\t\t\t\t\t\t<div class=\"elementor-inner\">\n\t\t\t\t<div class=\"elementor-section-wrap\">\n\t\t\t\t\t\t\t\t\t<section class=\"elementor-section elementor-top-section elementor-element elementor-element-6980c24a elementor-section-full_width elementor-section-height-min-height elementor-section-height-default elementor-section-items-middle\" data-id=\"6980c24a\" data-element_type=\"section\" data-settings=\"{&quot;background_background&quot;:&quot;classic&quot;}\">\n\t\t\t\t\t\t\t<div class=\"elementor-background-overlay\"><\/div>\n\t\t\t\t\t\t\t<div class=\"elementor-container elementor-column-gap-default\">\n\t\t\t\t\t\t\t<div class=\"elementor-row\">\n\t\t\t\t\t<div class=\"elementor-column elementor-col-100 elementor-top-column elementor-element elementor-element-1345e226\" data-id=\"1345e226\" data-element_type=\"column\">\n\t\t\t<div class=\"elementor-column-wrap elementor-element-populated\">\n\t\t\t\t\t\t\t<div class=\"elementor-widget-wrap\">\n\t\t\t\t\t\t<div class=\"elementor-element elementor-element-3d5219d5 elementor-view-default elementor-position-top elementor-widget elementor-widget-themo-header\" data-id=\"3d5219d5\" data-element_type=\"widget\" data-widget_type=\"themo-header.default\">\n\t\t\t\t<div class=\"elementor-widget-container\">\n\t\t\t\t\t<div class=\"th-header-wrap\">\n        <div class=\"elementor-icon-box-wrapper \">\n                            <div class=\"elementor-icon-box-content\">\n                    <h1 class=\"elementor-icon-box-title\">\n                        Hr\u010davka-Schlucht                    <\/h1>\n                                        <p class=\"elementor-icon-box-description\"><\/p>\n\n                                    <\/div>\n            <\/div>\n\n        <\/div>\n\n\t\t\t\t<\/div>\n\t\t\t\t<\/div>\n\t\t\t\t\t\t<\/div>\n\t\t\t\t\t<\/div>\n\t\t<\/div>\n\t\t\t\t\t\t\t\t<\/div>\n\t\t\t\t\t<\/div>\n\t\t<\/section>\n\t\t\t\t<section class=\"elementor-section elementor-top-section elementor-element elementor-element-2796d77d elementor-section-boxed elementor-section-height-default elementor-section-height-default\" data-id=\"2796d77d\" data-element_type=\"section\">\n\t\t\t\t\t\t<div class=\"elementor-container elementor-column-gap-default\">\n\t\t\t\t\t\t\t<div class=\"elementor-row\">\n\t\t\t\t\t<div class=\"elementor-column elementor-col-100 elementor-top-column elementor-element elementor-element-655d7c96\" data-id=\"655d7c96\" data-element_type=\"column\">\n\t\t\t<div class=\"elementor-column-wrap elementor-element-populated\">\n\t\t\t\t\t\t\t<div class=\"elementor-widget-wrap\">\n\t\t\t\t\t\t<div class=\"elementor-element elementor-element-16a90070 elementor-widget elementor-widget-spacer\" data-id=\"16a90070\" data-element_type=\"widget\" data-widget_type=\"spacer.default\">\n\t\t\t\t<div class=\"elementor-widget-container\">\n\t\t\t\t\t<div class=\"elementor-spacer\">\n\t\t\t<div class=\"elementor-spacer-inner\"><\/div>\n\t\t<\/div>\n\t\t\t\t<\/div>\n\t\t\t\t<\/div>\n\t\t\t\t<div class=\"elementor-element elementor-element-47e1a44d elementor-view-default elementor-position-top elementor-widget elementor-widget-themo-header\" data-id=\"47e1a44d\" data-element_type=\"widget\" data-widget_type=\"themo-header.default\">\n\t\t\t\t<div class=\"elementor-widget-container\">\n\t\t\t\t\t<div class=\"th-header-wrap\">\n        <div class=\"elementor-icon-box-wrapper th-show-icon\">\n                            <div class=\"elementor-icon-box-icon th-icon-size-lg\">\n                    <span class=\"elementor-icon \">\n                        <i class=\"th-trip travelpack-mountains-snow\" aria-hidden=\"true\" fff><\/i>                    <\/span>\n                <\/div>\n                                <div class=\"elementor-icon-box-content\">\n                    <h2 class=\"elementor-icon-box-title\">\n                        Hr\u010davka-Schlucht                    <\/h2>\n                                        <p class=\"elementor-icon-box-description\">Der Hr\u010davka-Canyon im Nationalpark Sujeska wurde erst vor Kurzem erkundet und die ersten kommerziellen Touren begannen 2014. Er besteht aus mehreren Kaskaden und Wasserf\u00e4llen und ist ein gro\u00dfartiger Ort f\u00fcr ein unvergessliches Abenteuer.<\/p>\n\n                                    <\/div>\n            <\/div>\n\n        <\/div>\n\n\t\t\t\t<\/div>\n\t\t\t\t<\/div>\n\t\t\t\t\t\t<\/div>\n\t\t\t\t\t<\/div>\n\t\t<\/div>\n\t\t\t\t\t\t\t\t<\/div>\n\t\t\t\t\t<\/div>\n\t\t<\/section>\n\t\t\t\t<section class=\"elementor-section elementor-top-section elementor-element elementor-element-7adc5c07 elementor-section-boxed elementor-section-height-default elementor-section-height-default\" data-id=\"7adc5c07\" data-element_type=\"section\">\n\t\t\t\t\t\t<div class=\"elementor-container elementor-column-gap-default\">\n\t\t\t\t\t\t\t<div class=\"elementor-row\">\n\t\t\t\t\t<div class=\"elementor-column elementor-col-100 elementor-top-column elementor-element elementor-element-406cc8dd\" data-id=\"406cc8dd\" data-element_type=\"column\">\n\t\t\t<div class=\"elementor-column-wrap elementor-element-populated\">\n\t\t\t\t\t\t\t<div class=\"elementor-widget-wrap\">\n\t\t\t\t\t\t<div class=\"elementor-element elementor-element-67cd1f29 elementor-widget elementor-widget-spacer\" data-id=\"67cd1f29\" data-element_type=\"widget\" data-widget_type=\"spacer.default\">\n\t\t\t\t<div class=\"elementor-widget-container\">\n\t\t\t\t\t<div class=\"elementor-spacer\">\n\t\t\t<div class=\"elementor-spacer-inner\"><\/div>\n\t\t<\/div>\n\t\t\t\t<\/div>\n\t\t\t\t<\/div>\n\t\t\t\t\t\t<\/div>\n\t\t\t\t\t<\/div>\n\t\t<\/div>\n\t\t\t\t\t\t\t\t<\/div>\n\t\t\t\t\t<\/div>\n\t\t<\/section>\n\t\t\t\t<section class=\"elementor-section elementor-top-section elementor-element elementor-element-23e5467a elementor-section-boxed elementor-section-height-default elementor-section-height-default\" data-id=\"23e5467a\" data-element_type=\"section\">\n\t\t\t\t\t\t<div class=\"elementor-container elementor-column-gap-default\">\n\t\t\t\t\t\t\t<div class=\"elementor-row\">\n\t\t\t\t\t<div class=\"elementor-column elementor-col-100 elementor-top-column elementor-element elementor-element-16816936\" data-id=\"16816936\" data-element_type=\"column\">\n\t\t\t<div class=\"elementor-column-wrap elementor-element-populated\">\n\t\t\t\t\t\t\t<div class=\"elementor-widget-wrap\">\n\t\t\t\t\t\t<div class=\"elementor-element elementor-element-5212eedf elementor-widget elementor-widget-themo-tour-grid\" data-id=\"5212eedf\" data-element_type=\"widget\" data-widget_type=\"themo-tour-grid.default\">\n\t\t\t\t<div class=\"elementor-widget-container\">\n\t\t\t\n                <div id=\"th-portfolio-content-69f0c31fd74fb\" class=\"th-portfolio\">\n\n            \n            <div id=\"th-portfolio-row\" class=\"th-portfolio-row row portfolio_content  three-columns th-port-gutter\">\n\n                                        <div id=\"post-7245\" class=\"th-portfolio-item item col-md-4 col-sm-6 p-hrcavka-schlucht p-one-day-tours post-7245 themo_tour type-themo_tour status-publish format-standard has-post-thumbnail hentry themo_tour_type-hrcavka-schlucht themo_tour_type-one-day-tours\">\n                            <div class=\"th-port-wrap\">\n                                <img decoding=\"async\" width=\"605\" height=\"605\" src=\"https:\/\/divljarijeka.com\/wp-content\/uploads\/2025\/01\/IMG_20230625_153135_025-605x605.webp\" class=\"img-responsive th-port-img wp-post-image\" alt=\"hrcavka canyoning\" \/>\n                                <div class=\"th-port-overlay\"><\/div>\n                                <div class=\"th-port-inner\">\n                                                                            <div class=\"th-port-top-text\">Canyoning - Eint\u00e4gige Tour<\/div>\n                                                                        <div class=\"th-port-center\">\n                                        <h3 class=\"th-port-title\">Hrcavka Canyoning - Ultimatives Abenteuer<\/h3>\n                                        <p class=\"th-port-sub\">Erleben Sie das Abenteuer Ihres Lebens im Hrcavka-Canyon!<\/p>                                                                                    <span class=\"th-port-btn\">TOUR ANSEHEN!<\/span>\n                                                                            <\/div>\n                                    <a href=\"https:\/\/divljarijeka.com\/de\/tour\/hrcavka-canyoning\/\" class=\"th-port-link\" ><\/a>                                <\/div>\n                            <\/div>\n                        <\/div>\n                        \n            <\/div>\n\n        <\/div>\n\n        \t\t<\/div>\n\t\t\t\t<\/div>\n\t\t\t\t<div class=\"elementor-element elementor-element-2920fa6 elementor-widget elementor-widget-html\" data-id=\"2920fa6\" data-element_type=\"widget\" data-widget_type=\"html.default\">\n\t\t\t\t<div class=\"elementor-widget-container\">\n\t\t\t<iframe loading=\"lazy\" src=\"https:\/\/www.google.com\/maps\/d\/embed?mid=1bgdl3_OKAVfaB-N-8VNkh7Jc3CI8vHMg\" width=\"640\" height=\"480\"><\/iframe>\t\t<\/div>\n\t\t\t\t<\/div>\n\t\t\t\t\t\t<\/div>\n\t\t\t\t\t<\/div>\n\t\t<\/div>\n\t\t\t\t\t\t\t\t<\/div>\n\t\t\t\t\t<\/div>\n\t\t<\/section>\n\t\t\t\t<section class=\"elementor-section elementor-top-section elementor-element elementor-element-3b0441ca elementor-section-boxed elementor-section-height-default elementor-section-height-default\" data-id=\"3b0441ca\" data-element_type=\"section\">\n\t\t\t\t\t\t<div class=\"elementor-container elementor-column-gap-default\">\n\t\t\t\t\t\t\t<div class=\"elementor-row\">\n\t\t\t\t\t<div class=\"elementor-column elementor-col-100 elementor-top-column elementor-element elementor-element-78a80f0a\" data-id=\"78a80f0a\" data-element_type=\"column\">\n\t\t\t<div class=\"elementor-column-wrap\">\n\t\t\t\t\t\t\t<div class=\"elementor-widget-wrap\">\n\t\t\t\t\t\t\t\t<\/div>\n\t\t\t\t\t<\/div>\n\t\t<\/div>\n\t\t\t\t\t\t\t\t<\/div>\n\t\t\t\t\t<\/div>\n\t\t<\/section>\n\t\t\t\t\t\t\t\t\t<\/div>\n\t\t\t<\/div>\n\t\t\t\t\t<\/div>\n\t\t","protected":false},"excerpt":{"rendered":"<p>Hr\u010davka-Schlucht Hr\u010davka-Schlucht Der Hr\u010davka-Canyon im Nationalpark Sujeska wurde erst vor Kurzem erkundet und die ersten kommerziellen Touren begannen 2014. Er besteht aus mehreren Kaskaden und Wasserf\u00e4llen und ist ein gro\u00dfartiger Ort f\u00fcr ein unvergessliches Abenteuer. Canyoning &#8211; Eint\u00e4gige Tour Hrcavka &hellip; <a href=\"https:\/\/divljarijeka.com\/de\/tour\/hrcavka-canyoning\/\">Read More<\/a><\/p>\n","protected":false},"author":6,"featured_media":1236,"parent":7042,"menu_order":0,"comment_status":"closed","ping_status":"closed","template":"","meta":{"inline_featured_image":false,"footnotes":""},"class_list":["post-7049","page","type-page","status-publish","has-post-thumbnail","hentry"],"yoast_head":"<!-- This site is optimized with the Yoast SEO Premium plugin v27.4 (Yoast SEO v27.4) - https:\/\/yoast.com\/product\/yoast-seo-premium-wordpress\/ -->\n<title>Hr\u010davka-Canyon \u2013 Das ultimative Abenteuer | Rafting Tara Divlja Rijeka<\/title>\n<meta name=\"description\" content=\"Der Hr\u010davka-Canyon im Nationalpark Sujeska besteht aus mehreren Kaskaden und Wasserf\u00e4llen und ist ein toller Ort f\u00fcr Abenteuer und Spa\u00df!\" \/>\n<meta name=\"robots\" content=\"index, follow, max-snippet:-1, max-image-preview:large, max-video-preview:-1\" \/>\n<link rel=\"canonical\" href=\"https:\/\/divljarijeka.com\/de\/attraktionen\/hrcavka-schlucht\/\" \/>\n<meta property=\"og:locale\" content=\"de_DE\" \/>\n<meta property=\"og:type\" content=\"article\" \/>\n<meta property=\"og:title\" content=\"Hr\u010davka Schlucht\" \/>\n<meta property=\"og:description\" content=\"Der Hr\u010davka-Canyon im Nationalpark Sujeska besteht aus mehreren Kaskaden und Wasserf\u00e4llen und ist ein toller Ort f\u00fcr Abenteuer und Spa\u00df!\" \/>\n<meta property=\"og:url\" content=\"https:\/\/divljarijeka.com\/de\/attraktionen\/hrcavka-schlucht\/\" \/>\n<meta property=\"og:site_name\" content=\"Rafting Tara Divlja Rijeka\" \/>\n<meta property=\"article:publisher\" content=\"https:\/\/www.facebook.com\/kampdivljarijeka\/\" \/>\n<meta property=\"article:modified_time\" content=\"2025-02-06T21:08:08+00:00\" \/>\n<meta property=\"og:image\" content=\"https:\/\/divljarijeka.com\/wp-content\/uploads\/2018\/04\/can-003.jpg\" \/>\n\t<meta property=\"og:image:width\" content=\"1300\" \/>\n\t<meta property=\"og:image:height\" content=\"867\" \/>\n\t<meta property=\"og:image:type\" content=\"image\/jpeg\" \/>\n<meta name=\"twitter:card\" content=\"summary_large_image\" \/>\n<meta name=\"twitter:site\" content=\"@DivljaRijeka\" \/>\n<meta name=\"twitter:label1\" content=\"Gesch\u00e4tzte Lesezeit\" \/>\n\t<meta name=\"twitter:data1\" content=\"1\u00a0Minute\" \/>\n<script type=\"application\/ld+json\" class=\"yoast-schema-graph\">{\"@context\":\"https:\\\/\\\/schema.org\",\"@graph\":[{\"@type\":\"WebPage\",\"@id\":\"https:\\\/\\\/divljarijeka.com\\\/de\\\/attraktionen\\\/hrcavka-schlucht\\\/\",\"url\":\"https:\\\/\\\/divljarijeka.com\\\/de\\\/attraktionen\\\/hrcavka-schlucht\\\/\",\"name\":\"Hr\u010davka-Canyon \u2013 Das ultimative Abenteuer | Rafting Tara Divlja Rijeka\",\"isPartOf\":{\"@id\":\"https:\\\/\\\/divljarijeka.com\\\/de\\\/#website\"},\"primaryImageOfPage\":{\"@id\":\"https:\\\/\\\/divljarijeka.com\\\/de\\\/attraktionen\\\/hrcavka-schlucht\\\/#primaryimage\"},\"image\":{\"@id\":\"https:\\\/\\\/divljarijeka.com\\\/de\\\/attraktionen\\\/hrcavka-schlucht\\\/#primaryimage\"},\"thumbnailUrl\":\"https:\\\/\\\/divljarijeka.com\\\/wp-content\\\/uploads\\\/2018\\\/04\\\/can-003.jpg\",\"datePublished\":\"2025-02-06T19:41:31+00:00\",\"dateModified\":\"2025-02-06T21:08:08+00:00\",\"description\":\"Der Hr\u010davka-Canyon im Nationalpark Sujeska besteht aus mehreren Kaskaden und Wasserf\u00e4llen und ist ein toller Ort f\u00fcr Abenteuer und Spa\u00df!\",\"breadcrumb\":{\"@id\":\"https:\\\/\\\/divljarijeka.com\\\/de\\\/attraktionen\\\/hrcavka-schlucht\\\/#breadcrumb\"},\"inLanguage\":\"de\",\"potentialAction\":[{\"@type\":\"ReadAction\",\"target\":[\"https:\\\/\\\/divljarijeka.com\\\/de\\\/attraktionen\\\/hrcavka-schlucht\\\/\"]}]},{\"@type\":\"ImageObject\",\"inLanguage\":\"de\",\"@id\":\"https:\\\/\\\/divljarijeka.com\\\/de\\\/attraktionen\\\/hrcavka-schlucht\\\/#primaryimage\",\"url\":\"https:\\\/\\\/divljarijeka.com\\\/wp-content\\\/uploads\\\/2018\\\/04\\\/can-003.jpg\",\"contentUrl\":\"https:\\\/\\\/divljarijeka.com\\\/wp-content\\\/uploads\\\/2018\\\/04\\\/can-003.jpg\",\"width\":1300,\"height\":867,\"caption\":\"Hr\u010davka Canyon, Checkout\"},{\"@type\":\"BreadcrumbList\",\"@id\":\"https:\\\/\\\/divljarijeka.com\\\/de\\\/attraktionen\\\/hrcavka-schlucht\\\/#breadcrumb\",\"itemListElement\":[{\"@type\":\"ListItem\",\"position\":1,\"name\":\"Home\",\"item\":\"https:\\\/\\\/divljarijeka.com\\\/de\\\/\"},{\"@type\":\"ListItem\",\"position\":2,\"name\":\"Attraktionen\",\"item\":\"https:\\\/\\\/divljarijeka.com\\\/de\\\/attraktionen\\\/\"},{\"@type\":\"ListItem\",\"position\":3,\"name\":\"Hr\u010davka Schlucht\"}]},{\"@type\":\"WebSite\",\"@id\":\"https:\\\/\\\/divljarijeka.com\\\/de\\\/#website\",\"url\":\"https:\\\/\\\/divljarijeka.com\\\/de\\\/\",\"name\":\"Rafting Tara Divlja Rijeka\",\"description\":\"\",\"publisher\":{\"@id\":\"https:\\\/\\\/divljarijeka.com\\\/de\\\/#organization\"},\"potentialAction\":[{\"@type\":\"SearchAction\",\"target\":{\"@type\":\"EntryPoint\",\"urlTemplate\":\"https:\\\/\\\/divljarijeka.com\\\/de\\\/?s={search_term_string}\"},\"query-input\":{\"@type\":\"PropertyValueSpecification\",\"valueRequired\":true,\"valueName\":\"search_term_string\"}}],\"inLanguage\":\"de\"},{\"@type\":\"Organization\",\"@id\":\"https:\\\/\\\/divljarijeka.com\\\/de\\\/#organization\",\"name\":\"Rafting Tara Divlja Rijeka\",\"url\":\"https:\\\/\\\/divljarijeka.com\\\/de\\\/\",\"logo\":{\"@type\":\"ImageObject\",\"inLanguage\":\"de\",\"@id\":\"https:\\\/\\\/divljarijeka.com\\\/de\\\/#\\\/schema\\\/logo\\\/image\\\/\",\"url\":\"https:\\\/\\\/divljarijeka.com\\\/wp-content\\\/uploads\\\/2018\\\/08\\\/cropped-divlja-rijeka-rafting-publisher.png\",\"contentUrl\":\"https:\\\/\\\/divljarijeka.com\\\/wp-content\\\/uploads\\\/2018\\\/08\\\/cropped-divlja-rijeka-rafting-publisher.png\",\"width\":104,\"height\":60,\"caption\":\"Rafting Tara Divlja Rijeka\"},\"image\":{\"@id\":\"https:\\\/\\\/divljarijeka.com\\\/de\\\/#\\\/schema\\\/logo\\\/image\\\/\"},\"sameAs\":[\"https:\\\/\\\/www.facebook.com\\\/kampdivljarijeka\\\/\",\"https:\\\/\\\/x.com\\\/DivljaRijeka\",\"https:\\\/\\\/www.instagram.com\\\/kampdivljarijeka\\\/\"]}]}<\/script>\n<!-- \/ Yoast SEO Premium plugin. -->","yoast_head_json":{"title":"Hr\u010davka-Canyon \u2013 Das ultimative Abenteuer | Rafting Tara Divlja Rijeka","description":"Der Hr\u010davka-Canyon im Nationalpark Sujeska besteht aus mehreren Kaskaden und Wasserf\u00e4llen und ist ein toller Ort f\u00fcr Abenteuer und Spa\u00df!","robots":{"index":"index","follow":"follow","max-snippet":"max-snippet:-1","max-image-preview":"max-image-preview:large","max-video-preview":"max-video-preview:-1"},"canonical":"https:\/\/divljarijeka.com\/de\/attraktionen\/hrcavka-schlucht\/","og_locale":"de_DE","og_type":"article","og_title":"Hr\u010davka Schlucht","og_description":"Der Hr\u010davka-Canyon im Nationalpark Sujeska besteht aus mehreren Kaskaden und Wasserf\u00e4llen und ist ein toller Ort f\u00fcr Abenteuer und Spa\u00df!","og_url":"https:\/\/divljarijeka.com\/de\/attraktionen\/hrcavka-schlucht\/","og_site_name":"Rafting Tara Divlja Rijeka","article_publisher":"https:\/\/www.facebook.com\/kampdivljarijeka\/","article_modified_time":"2025-02-06T21:08:08+00:00","og_image":[{"width":1300,"height":867,"url":"https:\/\/divljarijeka.com\/wp-content\/uploads\/2018\/04\/can-003.jpg","type":"image\/jpeg"}],"twitter_card":"summary_large_image","twitter_site":"@DivljaRijeka","twitter_misc":{"Gesch\u00e4tzte Lesezeit":"1\u00a0Minute"},"schema":{"@context":"https:\/\/schema.org","@graph":[{"@type":"WebPage","@id":"https:\/\/divljarijeka.com\/de\/attraktionen\/hrcavka-schlucht\/","url":"https:\/\/divljarijeka.com\/de\/attraktionen\/hrcavka-schlucht\/","name":"Hr\u010davka-Canyon \u2013 Das ultimative Abenteuer | Rafting Tara Divlja Rijeka","isPartOf":{"@id":"https:\/\/divljarijeka.com\/de\/#website"},"primaryImageOfPage":{"@id":"https:\/\/divljarijeka.com\/de\/attraktionen\/hrcavka-schlucht\/#primaryimage"},"image":{"@id":"https:\/\/divljarijeka.com\/de\/attraktionen\/hrcavka-schlucht\/#primaryimage"},"thumbnailUrl":"https:\/\/divljarijeka.com\/wp-content\/uploads\/2018\/04\/can-003.jpg","datePublished":"2025-02-06T19:41:31+00:00","dateModified":"2025-02-06T21:08:08+00:00","description":"Der Hr\u010davka-Canyon im Nationalpark Sujeska besteht aus mehreren Kaskaden und Wasserf\u00e4llen und ist ein toller Ort f\u00fcr Abenteuer und Spa\u00df!","breadcrumb":{"@id":"https:\/\/divljarijeka.com\/de\/attraktionen\/hrcavka-schlucht\/#breadcrumb"},"inLanguage":"de","potentialAction":[{"@type":"ReadAction","target":["https:\/\/divljarijeka.com\/de\/attraktionen\/hrcavka-schlucht\/"]}]},{"@type":"ImageObject","inLanguage":"de","@id":"https:\/\/divljarijeka.com\/de\/attraktionen\/hrcavka-schlucht\/#primaryimage","url":"https:\/\/divljarijeka.com\/wp-content\/uploads\/2018\/04\/can-003.jpg","contentUrl":"https:\/\/divljarijeka.com\/wp-content\/uploads\/2018\/04\/can-003.jpg","width":1300,"height":867,"caption":"Hr\u010davka Canyon, Checkout"},{"@type":"BreadcrumbList","@id":"https:\/\/divljarijeka.com\/de\/attraktionen\/hrcavka-schlucht\/#breadcrumb","itemListElement":[{"@type":"ListItem","position":1,"name":"Home","item":"https:\/\/divljarijeka.com\/de\/"},{"@type":"ListItem","position":2,"name":"Attraktionen","item":"https:\/\/divljarijeka.com\/de\/attraktionen\/"},{"@type":"ListItem","position":3,"name":"Hr\u010davka Schlucht"}]},{"@type":"WebSite","@id":"https:\/\/divljarijeka.com\/de\/#website","url":"https:\/\/divljarijeka.com\/de\/","name":"Rafting Tara Divlja Rijeka","description":"","publisher":{"@id":"https:\/\/divljarijeka.com\/de\/#organization"},"potentialAction":[{"@type":"SearchAction","target":{"@type":"EntryPoint","urlTemplate":"https:\/\/divljarijeka.com\/de\/?s={search_term_string}"},"query-input":{"@type":"PropertyValueSpecification","valueRequired":true,"valueName":"search_term_string"}}],"inLanguage":"de"},{"@type":"Organization","@id":"https:\/\/divljarijeka.com\/de\/#organization","name":"Rafting Tara Divlja Rijeka","url":"https:\/\/divljarijeka.com\/de\/","logo":{"@type":"ImageObject","inLanguage":"de","@id":"https:\/\/divljarijeka.com\/de\/#\/schema\/logo\/image\/","url":"https:\/\/divljarijeka.com\/wp-content\/uploads\/2018\/08\/cropped-divlja-rijeka-rafting-publisher.png","contentUrl":"https:\/\/divljarijeka.com\/wp-content\/uploads\/2018\/08\/cropped-divlja-rijeka-rafting-publisher.png","width":104,"height":60,"caption":"Rafting Tara Divlja Rijeka"},"image":{"@id":"https:\/\/divljarijeka.com\/de\/#\/schema\/logo\/image\/"},"sameAs":["https:\/\/www.facebook.com\/kampdivljarijeka\/","https:\/\/x.com\/DivljaRijeka","https:\/\/www.instagram.com\/kampdivljarijeka\/"]}]}},"_links":{"self":[{"href":"https:\/\/divljarijeka.com\/de\/wp-json\/wp\/v2\/pages\/7049","targetHints":{"allow":["GET"]}}],"collection":[{"href":"https:\/\/divljarijeka.com\/de\/wp-json\/wp\/v2\/pages"}],"about":[{"href":"https:\/\/divljarijeka.com\/de\/wp-json\/wp\/v2\/types\/page"}],"author":[{"embeddable":true,"href":"https:\/\/divljarijeka.com\/de\/wp-json\/wp\/v2\/users\/6"}],"replies":[{"embeddable":true,"href":"https:\/\/divljarijeka.com\/de\/wp-json\/wp\/v2\/comments?post=7049"}],"version-history":[{"count":7,"href":"https:\/\/divljarijeka.com\/de\/wp-json\/wp\/v2\/pages\/7049\/revisions"}],"predecessor-version":[{"id":7252,"href":"https:\/\/divljarijeka.com\/de\/wp-json\/wp\/v2\/pages\/7049\/revisions\/7252"}],"up":[{"embeddable":true,"href":"https:\/\/divljarijeka.com\/de\/wp-json\/wp\/v2\/pages\/7042"}],"wp:featuredmedia":[{"embeddable":true,"href":"https:\/\/divljarijeka.com\/de\/wp-json\/wp\/v2\/media\/1236"}],"wp:attachment":[{"href":"https:\/\/divljarijeka.com\/de\/wp-json\/wp\/v2\/media?parent=7049"}],"curies":[{"name":"wp","href":"https:\/\/api.w.org\/{rel}","templated":true}]}}