{"id":7055,"date":"2025-02-06T19:45:31","date_gmt":"2025-02-06T19:45:31","guid":{"rendered":"https:\/\/divljarijeka.com\/?page_id=7055"},"modified":"2025-02-06T19:45:52","modified_gmt":"2025-02-06T19:45:52","slug":"maglic","status":"publish","type":"page","link":"https:\/\/divljarijeka.com\/de\/attraktionen\/maglic\/","title":{"rendered":"Magli\u0107"},"content":{"rendered":"\t\t<div data-elementor-type=\"wp-page\" data-elementor-id=\"7055\" class=\"elementor elementor-7055 elementor-162 elementor-bc-flex-widget\">\n\t\t\t\t\t\t<div class=\"elementor-inner\">\n\t\t\t\t<div class=\"elementor-section-wrap\">\n\t\t\t\t\t\t\t\t\t<section class=\"elementor-section elementor-top-section elementor-element elementor-element-76bec753 elementor-section-full_width elementor-section-height-min-height elementor-section-height-default elementor-section-items-middle\" data-id=\"76bec753\" data-element_type=\"section\" data-settings=\"{&quot;background_background&quot;:&quot;classic&quot;}\">\n\t\t\t\t\t\t\t<div class=\"elementor-background-overlay\"><\/div>\n\t\t\t\t\t\t\t<div class=\"elementor-container elementor-column-gap-default\">\n\t\t\t\t\t\t\t<div class=\"elementor-row\">\n\t\t\t\t\t<div class=\"elementor-column elementor-col-100 elementor-top-column elementor-element elementor-element-6758c85a\" data-id=\"6758c85a\" data-element_type=\"column\">\n\t\t\t<div class=\"elementor-column-wrap elementor-element-populated\">\n\t\t\t\t\t\t\t<div class=\"elementor-widget-wrap\">\n\t\t\t\t\t\t<div class=\"elementor-element elementor-element-b09a170 elementor-view-default elementor-position-top elementor-widget elementor-widget-themo-header\" data-id=\"b09a170\" data-element_type=\"widget\" data-widget_type=\"themo-header.default\">\n\t\t\t\t<div class=\"elementor-widget-container\">\n\t\t\t\t\t<div class=\"th-header-wrap\">\n        <div class=\"elementor-icon-box-wrapper \">\n                            <div class=\"elementor-icon-box-content\">\n                    <h1 class=\"elementor-icon-box-title\">\n                        Magli\u0107                    <\/h1>\n                                        <p class=\"elementor-icon-box-description\"><\/p>\n\n                                    <\/div>\n            <\/div>\n\n        <\/div>\n\n\t\t\t\t<\/div>\n\t\t\t\t<\/div>\n\t\t\t\t\t\t<\/div>\n\t\t\t\t\t<\/div>\n\t\t<\/div>\n\t\t\t\t\t\t\t\t<\/div>\n\t\t\t\t\t<\/div>\n\t\t<\/section>\n\t\t\t\t<section class=\"elementor-section elementor-top-section elementor-element elementor-element-22e626f2 elementor-section-boxed elementor-section-height-default elementor-section-height-default\" data-id=\"22e626f2\" data-element_type=\"section\">\n\t\t\t\t\t\t<div class=\"elementor-container elementor-column-gap-default\">\n\t\t\t\t\t\t\t<div class=\"elementor-row\">\n\t\t\t\t\t<div class=\"elementor-column elementor-col-100 elementor-top-column elementor-element elementor-element-5fdf7df4\" data-id=\"5fdf7df4\" data-element_type=\"column\">\n\t\t\t<div class=\"elementor-column-wrap elementor-element-populated\">\n\t\t\t\t\t\t\t<div class=\"elementor-widget-wrap\">\n\t\t\t\t\t\t<div class=\"elementor-element elementor-element-1dcb1dc0 elementor-widget elementor-widget-spacer\" data-id=\"1dcb1dc0\" data-element_type=\"widget\" data-widget_type=\"spacer.default\">\n\t\t\t\t<div class=\"elementor-widget-container\">\n\t\t\t\t\t<div class=\"elementor-spacer\">\n\t\t\t<div class=\"elementor-spacer-inner\"><\/div>\n\t\t<\/div>\n\t\t\t\t<\/div>\n\t\t\t\t<\/div>\n\t\t\t\t<div class=\"elementor-element elementor-element-2334fcd6 elementor-view-default elementor-position-top elementor-widget elementor-widget-themo-header\" data-id=\"2334fcd6\" data-element_type=\"widget\" data-widget_type=\"themo-header.default\">\n\t\t\t\t<div class=\"elementor-widget-container\">\n\t\t\t\t\t<div class=\"th-header-wrap\">\n        <div class=\"elementor-icon-box-wrapper th-show-icon\">\n                            <div class=\"elementor-icon-box-icon th-icon-size-lg\">\n                    <span class=\"elementor-icon \">\n                        <i class=\"th-trip travelpack-mountains-snow\" aria-hidden=\"true\" fff><\/i>                    <\/span>\n                <\/div>\n                                <div class=\"elementor-icon-box-content\">\n                    <h2 class=\"elementor-icon-box-title\">\n                        Mt. Magli\u0107                    <\/h2>\n                                        <p class=\"elementor-icon-box-description\">Magli\u0107 ist mit einer H\u00f6he von 2.386 m \u00fcber dem Meeresspiegel der h\u00f6chste Gipfel Bosnien-Herzegowinas. Aufgrund seiner steilen H\u00e4nge war dieser Berg schon immer eine Herausforderung f\u00fcr professionelle Bergsteiger, Sportler und Abenteurer. Der Berg ist mit Buchen- und immergr\u00fcnen W\u00e4ldern bedeckt und sein Fu\u00df und alle H\u00e4nge sind reich an Wasser. Auf einer H\u00f6he von 2.000 m gibt es an einem Ort namens Carev Do eine Wasserquelle, die in dieser H\u00f6he eine Seltenheit ist. Die Grenze zwischen Bosnien-Herzegowina und Montenegro verl\u00e4uft auf dem Gipfel. Am Fu\u00dfe des Berges liegt der Trnova\u010dko-See, der sch\u00f6nste Gletschersee dieser Gegend, ein beliebter Treffpunkt f\u00fcr Bergsteiger, Camper und Abenteurer.<\/p>\n\n                                    <\/div>\n            <\/div>\n\n        <\/div>\n\n\t\t\t\t<\/div>\n\t\t\t\t<\/div>\n\t\t\t\t\t\t<\/div>\n\t\t\t\t\t<\/div>\n\t\t<\/div>\n\t\t\t\t\t\t\t\t<\/div>\n\t\t\t\t\t<\/div>\n\t\t<\/section>\n\t\t\t\t<section class=\"elementor-section elementor-top-section elementor-element elementor-element-3ca2db09 elementor-section-boxed elementor-section-height-default elementor-section-height-default\" data-id=\"3ca2db09\" data-element_type=\"section\">\n\t\t\t\t\t\t<div class=\"elementor-container elementor-column-gap-default\">\n\t\t\t\t\t\t\t<div class=\"elementor-row\">\n\t\t\t\t\t<div class=\"elementor-column elementor-col-100 elementor-top-column elementor-element elementor-element-63f999d4\" data-id=\"63f999d4\" data-element_type=\"column\">\n\t\t\t<div class=\"elementor-column-wrap elementor-element-populated\">\n\t\t\t\t\t\t\t<div class=\"elementor-widget-wrap\">\n\t\t\t\t\t\t<div class=\"elementor-element elementor-element-1d41a29c elementor-widget elementor-widget-spacer\" data-id=\"1d41a29c\" data-element_type=\"widget\" data-widget_type=\"spacer.default\">\n\t\t\t\t<div class=\"elementor-widget-container\">\n\t\t\t\t\t<div class=\"elementor-spacer\">\n\t\t\t<div class=\"elementor-spacer-inner\"><\/div>\n\t\t<\/div>\n\t\t\t\t<\/div>\n\t\t\t\t<\/div>\n\t\t\t\t\t\t<\/div>\n\t\t\t\t\t<\/div>\n\t\t<\/div>\n\t\t\t\t\t\t\t\t<\/div>\n\t\t\t\t\t<\/div>\n\t\t<\/section>\n\t\t\t\t<section class=\"elementor-section elementor-top-section elementor-element elementor-element-324c24f6 elementor-section-boxed elementor-section-height-default elementor-section-height-default\" data-id=\"324c24f6\" data-element_type=\"section\">\n\t\t\t\t\t\t<div class=\"elementor-container elementor-column-gap-default\">\n\t\t\t\t\t\t\t<div class=\"elementor-row\">\n\t\t\t\t\t<div class=\"elementor-column elementor-col-100 elementor-top-column elementor-element elementor-element-290e92a9\" data-id=\"290e92a9\" data-element_type=\"column\">\n\t\t\t<div class=\"elementor-column-wrap elementor-element-populated\">\n\t\t\t\t\t\t\t<div class=\"elementor-widget-wrap\">\n\t\t\t\t\t\t<div class=\"elementor-element elementor-element-662475a2 elementor-widget elementor-widget-themo-tour-grid\" data-id=\"662475a2\" data-element_type=\"widget\" data-widget_type=\"themo-tour-grid.default\">\n\t\t\t\t<div class=\"elementor-widget-container\">\n\t\t\t\n                <div id=\"th-portfolio-content-69ed35c17fb5c\" class=\"th-portfolio\">\n\n            \n            <div id=\"th-portfolio-row\" class=\"th-portfolio-row row portfolio_content  three-columns th-port-gutter\">\n\n                                        <div id=\"post-7309\" class=\"th-portfolio-item item col-md-4 col-sm-6 p-jeep-safari p-maglic-de p-np-sutjeska-de p-one-day-tours p-zelengora-de post-7309 themo_tour type-themo_tour status-publish format-standard has-post-thumbnail hentry themo_tour_type-jeep-safari themo_tour_type-maglic-de themo_tour_type-np-sutjeska-de themo_tour_type-one-day-tours themo_tour_type-zelengora-de\">\n                            <div class=\"th-port-wrap\">\n                                <img decoding=\"async\" width=\"605\" height=\"605\" src=\"https:\/\/divljarijeka.com\/wp-content\/uploads\/2018\/04\/jeep-safari-sutjeska-bosnia-003-605x605.jpg\" class=\"img-responsive th-port-img wp-post-image\" alt=\"jeep safari sutjeska\" \/>\n                                <div class=\"th-port-overlay\"><\/div>\n                                <div class=\"th-port-inner\">\n                                                                            <div class=\"th-port-top-text\">Eint\u00e4gige Jeep-Safari-Tour<\/div>\n                                                                        <div class=\"th-port-center\">\n                                        <h3 class=\"th-port-title\">Jeep-Safari Sutjeska \u2013 Bosnien<\/h3>\n                                        <p class=\"th-port-sub\">Erkunden Sie die wundersch\u00f6ne Gegend des Nationalparks Sutjeska bei einer Fahrt mit dem Gel\u00e4ndewagen.<\/p>                                                                                    <span class=\"th-port-btn\">TOUR ANSEHEN!<\/span>\n                                                                            <\/div>\n                                    <a href=\"https:\/\/divljarijeka.com\/de\/tour\/jeepsafari-sutjeska\/\" class=\"th-port-link\" ><\/a>                                <\/div>\n                            <\/div>\n                        <\/div>\n                                                <div id=\"post-7388\" class=\"th-portfolio-item item col-md-4 col-sm-6 p-hiking p-maglic-de p-np-sutjeska-de p-one-day-tours p-perucica-de p-trnovacko-lake post-7388 themo_tour type-themo_tour status-publish format-standard has-post-thumbnail hentry themo_tour_type-hiking themo_tour_type-maglic-de themo_tour_type-np-sutjeska-de themo_tour_type-one-day-tours themo_tour_type-perucica-de themo_tour_type-trnovacko-lake\">\n                            <div class=\"th-port-wrap\">\n                                <img decoding=\"async\" width=\"605\" height=\"605\" src=\"https:\/\/divljarijeka.com\/wp-content\/uploads\/2018\/04\/lake-trnovacko-.hiking-001-605x605.jpg\" class=\"img-responsive th-port-img wp-post-image\" alt=\"Trnova\u010dko lake, Vi\u0161egrad and Andri\u0107grad\" \/>\n                                <div class=\"th-port-overlay\"><\/div>\n                                <div class=\"th-port-inner\">\n                                                                            <div class=\"th-port-top-text\">Wandern - Eint\u00e4gige Tour<\/div>\n                                                                        <div class=\"th-port-center\">\n                                        <h3 class=\"th-port-title\">Trnova\u010dko-See \u2013 Probieren Sie den Himmel<\/h3>\n                                        <p class=\"th-port-sub\">Wundersch\u00f6ner Bergsee am Fu\u00dfe des h\u00f6chsten Berggipfels in Bosnien und Herzegowina.<\/p>                                                                                    <span class=\"th-port-btn\">TOUR ANSEHEN!<\/span>\n                                                                            <\/div>\n                                    <a href=\"https:\/\/divljarijeka.com\/de\/tour\/trnovacko-lake\/\" class=\"th-port-link\" ><\/a>                                <\/div>\n                            <\/div>\n                        <\/div>\n                                                <div id=\"post-7419\" class=\"th-portfolio-item item col-md-4 col-sm-6 p-hiking p-maglic-de p-np-sutjeska-de p-one-day-tours p-perucica-de p-trekking-de post-7419 themo_tour type-themo_tour status-publish format-standard has-post-thumbnail hentry themo_tour_type-hiking themo_tour_type-maglic-de themo_tour_type-np-sutjeska-de themo_tour_type-one-day-tours themo_tour_type-perucica-de themo_tour_type-trekking-de\">\n                            <div class=\"th-port-wrap\">\n                                <img decoding=\"async\" width=\"394\" height=\"394\" src=\"https:\/\/divljarijeka.com\/wp-content\/uploads\/2018\/04\/maglic-montain-hike-001-394x394.jpg\" class=\"img-responsive th-port-img wp-post-image\" alt=\"Hiking\" \/>\n                                <div class=\"th-port-overlay\"><\/div>\n                                <div class=\"th-port-inner\">\n                                                                            <div class=\"th-port-top-text\">Wandern - Eint\u00e4gige Tour<\/div>\n                                                                        <div class=\"th-port-center\">\n                                        <h3 class=\"th-port-title\">Magli\u0107 \u2013 Der h\u00f6chste Gipfel<\/h3>\n                                        <p class=\"th-port-sub\">Magli\u0107 (2386 m \u00fc. d. M.) ist der h\u00f6chste Berggipfel Bosnien und Herzegowinas.<\/p>                                                                                    <span class=\"th-port-btn\">TOUR ANSEHEN!<\/span>\n                                                                            <\/div>\n                                    <a href=\"https:\/\/divljarijeka.com\/de\/tour\/maglic\/\" class=\"th-port-link\" ><\/a>                                <\/div>\n                            <\/div>\n                        <\/div>\n                        \n            <\/div>\n\n        <\/div>\n\n        \t\t<\/div>\n\t\t\t\t<\/div>\n\t\t\t\t\t\t<\/div>\n\t\t\t\t\t<\/div>\n\t\t<\/div>\n\t\t\t\t\t\t\t\t<\/div>\n\t\t\t\t\t<\/div>\n\t\t<\/section>\n\t\t\t\t<section class=\"elementor-section elementor-top-section elementor-element elementor-element-481ad577 elementor-section-boxed elementor-section-height-default elementor-section-height-default\" data-id=\"481ad577\" data-element_type=\"section\">\n\t\t\t\t\t\t<div class=\"elementor-container elementor-column-gap-default\">\n\t\t\t\t\t\t\t<div class=\"elementor-row\">\n\t\t\t\t\t<div class=\"elementor-column elementor-col-100 elementor-top-column elementor-element elementor-element-ca4eaf4\" data-id=\"ca4eaf4\" data-element_type=\"column\">\n\t\t\t<div class=\"elementor-column-wrap elementor-element-populated\">\n\t\t\t\t\t\t\t<div class=\"elementor-widget-wrap\">\n\t\t\t\t\t\t<div class=\"elementor-element elementor-element-fdf3d8c elementor-widget elementor-widget-html\" data-id=\"fdf3d8c\" data-element_type=\"widget\" data-widget_type=\"html.default\">\n\t\t\t\t<div class=\"elementor-widget-container\">\n\t\t\t<iframe loading=\"lazy\" src=\"https:\/\/www.google.com\/maps\/d\/embed?mid=12qwbkYBGm8oSTmweopFLhkuWuHXi1LpL\" width=\"640\" height=\"480\"><\/iframe>\t\t<\/div>\n\t\t\t\t<\/div>\n\t\t\t\t\t\t<\/div>\n\t\t\t\t\t<\/div>\n\t\t<\/div>\n\t\t\t\t\t\t\t\t<\/div>\n\t\t\t\t\t<\/div>\n\t\t<\/section>\n\t\t\t\t\t\t\t\t\t<\/div>\n\t\t\t<\/div>\n\t\t\t\t\t<\/div>\n\t\t","protected":false},"excerpt":{"rendered":"<p>Magli\u0107 Mt. Magli\u0107 Magli\u0107 ist mit einer H\u00f6he von 2.386 m \u00fcber dem Meeresspiegel der h\u00f6chste Gipfel Bosnien-Herzegowinas. Aufgrund seiner steilen H\u00e4nge war dieser Berg schon immer eine Herausforderung f\u00fcr professionelle Bergsteiger, Sportler und Abenteurer. Der Berg ist mit Buchen- &hellip; <a href=\"https:\/\/divljarijeka.com\/de\/tour\/maglic\/\">Read More<\/a><\/p>\n","protected":false},"author":6,"featured_media":657,"parent":7042,"menu_order":0,"comment_status":"closed","ping_status":"closed","template":"","meta":{"inline_featured_image":false,"footnotes":""},"class_list":["post-7055","page","type-page","status-publish","has-post-thumbnail","hentry"],"yoast_head":"<!-- This site is optimized with the Yoast SEO Premium plugin v27.4 (Yoast SEO v27.4) - https:\/\/yoast.com\/product\/yoast-seo-premium-wordpress\/ -->\n<title>Magli\u0107 - Der h\u00f6chste Gipfel Bosniens | Rafting Tara Divlja Rijeka<\/title>\n<meta name=\"description\" content=\"Magli\u0107 ist der h\u00f6chste Gipfel Bosniens und Herzegowinas. Der Berg ist mit immergr\u00fcnen W\u00e4ldern bedeckt und alle H\u00e4nge sind reich an Wasser.\" \/>\n<meta name=\"robots\" content=\"index, follow, max-snippet:-1, max-image-preview:large, max-video-preview:-1\" \/>\n<link rel=\"canonical\" href=\"https:\/\/divljarijeka.com\/de\/attraktionen\/maglic\/\" \/>\n<meta property=\"og:locale\" content=\"de_DE\" \/>\n<meta property=\"og:type\" content=\"article\" \/>\n<meta property=\"og:title\" content=\"Magli\u0107\" \/>\n<meta property=\"og:description\" content=\"Magli\u0107 ist der h\u00f6chste Gipfel Bosniens und Herzegowinas. Der Berg ist mit immergr\u00fcnen W\u00e4ldern bedeckt und alle H\u00e4nge sind reich an Wasser.\" \/>\n<meta property=\"og:url\" content=\"https:\/\/divljarijeka.com\/de\/attraktionen\/maglic\/\" \/>\n<meta property=\"og:site_name\" content=\"Rafting Tara Divlja Rijeka\" \/>\n<meta property=\"article:publisher\" content=\"https:\/\/www.facebook.com\/kampdivljarijeka\/\" \/>\n<meta property=\"article:modified_time\" content=\"2025-02-06T19:45:52+00:00\" \/>\n<meta property=\"og:image\" content=\"https:\/\/divljarijeka.com\/wp-content\/uploads\/2018\/04\/jeep-safari-sutjeska-bosnia-001.jpg\" \/>\n\t<meta property=\"og:image:width\" content=\"1300\" \/>\n\t<meta property=\"og:image:height\" content=\"868\" \/>\n\t<meta property=\"og:image:type\" content=\"image\/jpeg\" \/>\n<meta name=\"twitter:card\" content=\"summary_large_image\" \/>\n<meta name=\"twitter:site\" content=\"@DivljaRijeka\" \/>\n<meta name=\"twitter:label1\" content=\"Gesch\u00e4tzte Lesezeit\" \/>\n\t<meta name=\"twitter:data1\" content=\"1\u00a0Minute\" \/>\n<script type=\"application\/ld+json\" class=\"yoast-schema-graph\">{\"@context\":\"https:\\\/\\\/schema.org\",\"@graph\":[{\"@type\":\"WebPage\",\"@id\":\"https:\\\/\\\/divljarijeka.com\\\/de\\\/attraktionen\\\/maglic\\\/\",\"url\":\"https:\\\/\\\/divljarijeka.com\\\/de\\\/attraktionen\\\/maglic\\\/\",\"name\":\"Magli\u0107 - Der h\u00f6chste Gipfel Bosniens | Rafting Tara Divlja Rijeka\",\"isPartOf\":{\"@id\":\"https:\\\/\\\/divljarijeka.com\\\/de\\\/#website\"},\"primaryImageOfPage\":{\"@id\":\"https:\\\/\\\/divljarijeka.com\\\/de\\\/attraktionen\\\/maglic\\\/#primaryimage\"},\"image\":{\"@id\":\"https:\\\/\\\/divljarijeka.com\\\/de\\\/attraktionen\\\/maglic\\\/#primaryimage\"},\"thumbnailUrl\":\"https:\\\/\\\/divljarijeka.com\\\/wp-content\\\/uploads\\\/2018\\\/04\\\/jeep-safari-sutjeska-bosnia-001.jpg\",\"datePublished\":\"2025-02-06T19:45:31+00:00\",\"dateModified\":\"2025-02-06T19:45:52+00:00\",\"description\":\"Magli\u0107 ist der h\u00f6chste Gipfel Bosniens und Herzegowinas. Der Berg ist mit immergr\u00fcnen W\u00e4ldern bedeckt und alle H\u00e4nge sind reich an Wasser.\",\"breadcrumb\":{\"@id\":\"https:\\\/\\\/divljarijeka.com\\\/de\\\/attraktionen\\\/maglic\\\/#breadcrumb\"},\"inLanguage\":\"de\",\"potentialAction\":[{\"@type\":\"ReadAction\",\"target\":[\"https:\\\/\\\/divljarijeka.com\\\/de\\\/attraktionen\\\/maglic\\\/\"]}]},{\"@type\":\"ImageObject\",\"inLanguage\":\"de\",\"@id\":\"https:\\\/\\\/divljarijeka.com\\\/de\\\/attraktionen\\\/maglic\\\/#primaryimage\",\"url\":\"https:\\\/\\\/divljarijeka.com\\\/wp-content\\\/uploads\\\/2018\\\/04\\\/jeep-safari-sutjeska-bosnia-001.jpg\",\"contentUrl\":\"https:\\\/\\\/divljarijeka.com\\\/wp-content\\\/uploads\\\/2018\\\/04\\\/jeep-safari-sutjeska-bosnia-001.jpg\",\"width\":1300,\"height\":868,\"caption\":\"jeep safari sutjeska, Magli\u0107\"},{\"@type\":\"BreadcrumbList\",\"@id\":\"https:\\\/\\\/divljarijeka.com\\\/de\\\/attraktionen\\\/maglic\\\/#breadcrumb\",\"itemListElement\":[{\"@type\":\"ListItem\",\"position\":1,\"name\":\"Home\",\"item\":\"https:\\\/\\\/divljarijeka.com\\\/de\\\/\"},{\"@type\":\"ListItem\",\"position\":2,\"name\":\"Attraktionen\",\"item\":\"https:\\\/\\\/divljarijeka.com\\\/de\\\/attraktionen\\\/\"},{\"@type\":\"ListItem\",\"position\":3,\"name\":\"Magli\u0107\"}]},{\"@type\":\"WebSite\",\"@id\":\"https:\\\/\\\/divljarijeka.com\\\/de\\\/#website\",\"url\":\"https:\\\/\\\/divljarijeka.com\\\/de\\\/\",\"name\":\"Rafting Tara Divlja Rijeka\",\"description\":\"\",\"publisher\":{\"@id\":\"https:\\\/\\\/divljarijeka.com\\\/de\\\/#organization\"},\"potentialAction\":[{\"@type\":\"SearchAction\",\"target\":{\"@type\":\"EntryPoint\",\"urlTemplate\":\"https:\\\/\\\/divljarijeka.com\\\/de\\\/?s={search_term_string}\"},\"query-input\":{\"@type\":\"PropertyValueSpecification\",\"valueRequired\":true,\"valueName\":\"search_term_string\"}}],\"inLanguage\":\"de\"},{\"@type\":\"Organization\",\"@id\":\"https:\\\/\\\/divljarijeka.com\\\/de\\\/#organization\",\"name\":\"Rafting Tara Divlja Rijeka\",\"url\":\"https:\\\/\\\/divljarijeka.com\\\/de\\\/\",\"logo\":{\"@type\":\"ImageObject\",\"inLanguage\":\"de\",\"@id\":\"https:\\\/\\\/divljarijeka.com\\\/de\\\/#\\\/schema\\\/logo\\\/image\\\/\",\"url\":\"https:\\\/\\\/divljarijeka.com\\\/wp-content\\\/uploads\\\/2018\\\/08\\\/cropped-divlja-rijeka-rafting-publisher.png\",\"contentUrl\":\"https:\\\/\\\/divljarijeka.com\\\/wp-content\\\/uploads\\\/2018\\\/08\\\/cropped-divlja-rijeka-rafting-publisher.png\",\"width\":104,\"height\":60,\"caption\":\"Rafting Tara Divlja Rijeka\"},\"image\":{\"@id\":\"https:\\\/\\\/divljarijeka.com\\\/de\\\/#\\\/schema\\\/logo\\\/image\\\/\"},\"sameAs\":[\"https:\\\/\\\/www.facebook.com\\\/kampdivljarijeka\\\/\",\"https:\\\/\\\/x.com\\\/DivljaRijeka\",\"https:\\\/\\\/www.instagram.com\\\/kampdivljarijeka\\\/\"]}]}<\/script>\n<!-- \/ Yoast SEO Premium plugin. -->","yoast_head_json":{"title":"Magli\u0107 - Der h\u00f6chste Gipfel Bosniens | Rafting Tara Divlja Rijeka","description":"Magli\u0107 ist der h\u00f6chste Gipfel Bosniens und Herzegowinas. Der Berg ist mit immergr\u00fcnen W\u00e4ldern bedeckt und alle H\u00e4nge sind reich an Wasser.","robots":{"index":"index","follow":"follow","max-snippet":"max-snippet:-1","max-image-preview":"max-image-preview:large","max-video-preview":"max-video-preview:-1"},"canonical":"https:\/\/divljarijeka.com\/de\/attraktionen\/maglic\/","og_locale":"de_DE","og_type":"article","og_title":"Magli\u0107","og_description":"Magli\u0107 ist der h\u00f6chste Gipfel Bosniens und Herzegowinas. Der Berg ist mit immergr\u00fcnen W\u00e4ldern bedeckt und alle H\u00e4nge sind reich an Wasser.","og_url":"https:\/\/divljarijeka.com\/de\/attraktionen\/maglic\/","og_site_name":"Rafting Tara Divlja Rijeka","article_publisher":"https:\/\/www.facebook.com\/kampdivljarijeka\/","article_modified_time":"2025-02-06T19:45:52+00:00","og_image":[{"width":1300,"height":868,"url":"https:\/\/divljarijeka.com\/wp-content\/uploads\/2018\/04\/jeep-safari-sutjeska-bosnia-001.jpg","type":"image\/jpeg"}],"twitter_card":"summary_large_image","twitter_site":"@DivljaRijeka","twitter_misc":{"Gesch\u00e4tzte Lesezeit":"1\u00a0Minute"},"schema":{"@context":"https:\/\/schema.org","@graph":[{"@type":"WebPage","@id":"https:\/\/divljarijeka.com\/de\/attraktionen\/maglic\/","url":"https:\/\/divljarijeka.com\/de\/attraktionen\/maglic\/","name":"Magli\u0107 - Der h\u00f6chste Gipfel Bosniens | Rafting Tara Divlja Rijeka","isPartOf":{"@id":"https:\/\/divljarijeka.com\/de\/#website"},"primaryImageOfPage":{"@id":"https:\/\/divljarijeka.com\/de\/attraktionen\/maglic\/#primaryimage"},"image":{"@id":"https:\/\/divljarijeka.com\/de\/attraktionen\/maglic\/#primaryimage"},"thumbnailUrl":"https:\/\/divljarijeka.com\/wp-content\/uploads\/2018\/04\/jeep-safari-sutjeska-bosnia-001.jpg","datePublished":"2025-02-06T19:45:31+00:00","dateModified":"2025-02-06T19:45:52+00:00","description":"Magli\u0107 ist der h\u00f6chste Gipfel Bosniens und Herzegowinas. Der Berg ist mit immergr\u00fcnen W\u00e4ldern bedeckt und alle H\u00e4nge sind reich an Wasser.","breadcrumb":{"@id":"https:\/\/divljarijeka.com\/de\/attraktionen\/maglic\/#breadcrumb"},"inLanguage":"de","potentialAction":[{"@type":"ReadAction","target":["https:\/\/divljarijeka.com\/de\/attraktionen\/maglic\/"]}]},{"@type":"ImageObject","inLanguage":"de","@id":"https:\/\/divljarijeka.com\/de\/attraktionen\/maglic\/#primaryimage","url":"https:\/\/divljarijeka.com\/wp-content\/uploads\/2018\/04\/jeep-safari-sutjeska-bosnia-001.jpg","contentUrl":"https:\/\/divljarijeka.com\/wp-content\/uploads\/2018\/04\/jeep-safari-sutjeska-bosnia-001.jpg","width":1300,"height":868,"caption":"jeep safari sutjeska, Magli\u0107"},{"@type":"BreadcrumbList","@id":"https:\/\/divljarijeka.com\/de\/attraktionen\/maglic\/#breadcrumb","itemListElement":[{"@type":"ListItem","position":1,"name":"Home","item":"https:\/\/divljarijeka.com\/de\/"},{"@type":"ListItem","position":2,"name":"Attraktionen","item":"https:\/\/divljarijeka.com\/de\/attraktionen\/"},{"@type":"ListItem","position":3,"name":"Magli\u0107"}]},{"@type":"WebSite","@id":"https:\/\/divljarijeka.com\/de\/#website","url":"https:\/\/divljarijeka.com\/de\/","name":"Rafting Tara Divlja Rijeka","description":"","publisher":{"@id":"https:\/\/divljarijeka.com\/de\/#organization"},"potentialAction":[{"@type":"SearchAction","target":{"@type":"EntryPoint","urlTemplate":"https:\/\/divljarijeka.com\/de\/?s={search_term_string}"},"query-input":{"@type":"PropertyValueSpecification","valueRequired":true,"valueName":"search_term_string"}}],"inLanguage":"de"},{"@type":"Organization","@id":"https:\/\/divljarijeka.com\/de\/#organization","name":"Rafting Tara Divlja Rijeka","url":"https:\/\/divljarijeka.com\/de\/","logo":{"@type":"ImageObject","inLanguage":"de","@id":"https:\/\/divljarijeka.com\/de\/#\/schema\/logo\/image\/","url":"https:\/\/divljarijeka.com\/wp-content\/uploads\/2018\/08\/cropped-divlja-rijeka-rafting-publisher.png","contentUrl":"https:\/\/divljarijeka.com\/wp-content\/uploads\/2018\/08\/cropped-divlja-rijeka-rafting-publisher.png","width":104,"height":60,"caption":"Rafting Tara Divlja Rijeka"},"image":{"@id":"https:\/\/divljarijeka.com\/de\/#\/schema\/logo\/image\/"},"sameAs":["https:\/\/www.facebook.com\/kampdivljarijeka\/","https:\/\/x.com\/DivljaRijeka","https:\/\/www.instagram.com\/kampdivljarijeka\/"]}]}},"_links":{"self":[{"href":"https:\/\/divljarijeka.com\/de\/wp-json\/wp\/v2\/pages\/7055","targetHints":{"allow":["GET"]}}],"collection":[{"href":"https:\/\/divljarijeka.com\/de\/wp-json\/wp\/v2\/pages"}],"about":[{"href":"https:\/\/divljarijeka.com\/de\/wp-json\/wp\/v2\/types\/page"}],"author":[{"embeddable":true,"href":"https:\/\/divljarijeka.com\/de\/wp-json\/wp\/v2\/users\/6"}],"replies":[{"embeddable":true,"href":"https:\/\/divljarijeka.com\/de\/wp-json\/wp\/v2\/comments?post=7055"}],"version-history":[{"count":4,"href":"https:\/\/divljarijeka.com\/de\/wp-json\/wp\/v2\/pages\/7055\/revisions"}],"predecessor-version":[{"id":7059,"href":"https:\/\/divljarijeka.com\/de\/wp-json\/wp\/v2\/pages\/7055\/revisions\/7059"}],"up":[{"embeddable":true,"href":"https:\/\/divljarijeka.com\/de\/wp-json\/wp\/v2\/pages\/7042"}],"wp:featuredmedia":[{"embeddable":true,"href":"https:\/\/divljarijeka.com\/de\/wp-json\/wp\/v2\/media\/657"}],"wp:attachment":[{"href":"https:\/\/divljarijeka.com\/de\/wp-json\/wp\/v2\/media?parent=7055"}],"curies":[{"name":"wp","href":"https:\/\/api.w.org\/{rel}","templated":true}]}}