{"id":7072,"date":"2025-02-06T19:53:52","date_gmt":"2025-02-06T19:53:52","guid":{"rendered":"https:\/\/divljarijeka.com\/?page_id=7072"},"modified":"2025-02-06T19:54:31","modified_gmt":"2025-02-06T19:54:31","slug":"nationalpark-sutjeska","status":"publish","type":"page","link":"https:\/\/divljarijeka.com\/de\/attraktionen\/nationalpark-sutjeska\/","title":{"rendered":"Nationalpark Sutjeska"},"content":{"rendered":"\t\t<div data-elementor-type=\"wp-post\" data-elementor-id=\"7072\" class=\"elementor elementor-7072 elementor-159\">\n\t\t\t\t\t\t<div class=\"elementor-inner\">\n\t\t\t\t<div class=\"elementor-section-wrap\">\n\t\t\t\t\t\t\t\t\t<section class=\"elementor-section elementor-top-section elementor-element elementor-element-6ff1f9e7 elementor-section-full_width elementor-section-height-min-height elementor-section-height-default elementor-section-items-middle\" data-id=\"6ff1f9e7\" data-element_type=\"section\" data-settings=\"{&quot;background_background&quot;:&quot;classic&quot;}\">\n\t\t\t\t\t\t\t<div class=\"elementor-background-overlay\"><\/div>\n\t\t\t\t\t\t\t<div class=\"elementor-container elementor-column-gap-default\">\n\t\t\t\t\t\t\t<div class=\"elementor-row\">\n\t\t\t\t\t<div class=\"elementor-column elementor-col-100 elementor-top-column elementor-element elementor-element-3127c53a\" data-id=\"3127c53a\" data-element_type=\"column\">\n\t\t\t<div class=\"elementor-column-wrap elementor-element-populated\">\n\t\t\t\t\t\t\t<div class=\"elementor-widget-wrap\">\n\t\t\t\t\t\t<div class=\"elementor-element elementor-element-61f217d8 elementor-view-default elementor-position-top elementor-widget elementor-widget-themo-header\" data-id=\"61f217d8\" data-element_type=\"widget\" data-widget_type=\"themo-header.default\">\n\t\t\t\t<div class=\"elementor-widget-container\">\n\t\t\t\t\t<div class=\"th-header-wrap\">\n        <div class=\"elementor-icon-box-wrapper \">\n                            <div class=\"elementor-icon-box-content\">\n                    <h1 class=\"elementor-icon-box-title\">\n                        Sutjeska Nationalpark                    <\/h1>\n                                        <p class=\"elementor-icon-box-description\"><\/p>\n\n                                    <\/div>\n            <\/div>\n\n        <\/div>\n\n\t\t\t\t<\/div>\n\t\t\t\t<\/div>\n\t\t\t\t\t\t<\/div>\n\t\t\t\t\t<\/div>\n\t\t<\/div>\n\t\t\t\t\t\t\t\t<\/div>\n\t\t\t\t\t<\/div>\n\t\t<\/section>\n\t\t\t\t<section class=\"elementor-section elementor-top-section elementor-element elementor-element-7f1ee5 elementor-section-boxed elementor-section-height-default elementor-section-height-default\" data-id=\"7f1ee5\" data-element_type=\"section\">\n\t\t\t\t\t\t<div class=\"elementor-container elementor-column-gap-default\">\n\t\t\t\t\t\t\t<div class=\"elementor-row\">\n\t\t\t\t\t<div class=\"elementor-column elementor-col-100 elementor-top-column elementor-element elementor-element-4071c55a\" data-id=\"4071c55a\" data-element_type=\"column\">\n\t\t\t<div class=\"elementor-column-wrap elementor-element-populated\">\n\t\t\t\t\t\t\t<div class=\"elementor-widget-wrap\">\n\t\t\t\t\t\t<div class=\"elementor-element elementor-element-6baf37f9 elementor-widget elementor-widget-spacer\" data-id=\"6baf37f9\" data-element_type=\"widget\" data-widget_type=\"spacer.default\">\n\t\t\t\t<div class=\"elementor-widget-container\">\n\t\t\t\t\t<div class=\"elementor-spacer\">\n\t\t\t<div class=\"elementor-spacer-inner\"><\/div>\n\t\t<\/div>\n\t\t\t\t<\/div>\n\t\t\t\t<\/div>\n\t\t\t\t<div class=\"elementor-element elementor-element-3e0a7e3 elementor-view-default elementor-position-top elementor-widget elementor-widget-themo-header\" data-id=\"3e0a7e3\" data-element_type=\"widget\" data-widget_type=\"themo-header.default\">\n\t\t\t\t<div class=\"elementor-widget-container\">\n\t\t\t\t\t<div class=\"th-header-wrap\">\n        <div class=\"elementor-icon-box-wrapper th-show-icon\">\n                            <div class=\"elementor-icon-box-icon th-icon-size-lg\">\n                    <span class=\"elementor-icon \">\n                        <i class=\"th-trip travelpack-mountains-snow\" aria-hidden=\"true\" fff><\/i>                    <\/span>\n                <\/div>\n                                <div class=\"elementor-icon-box-content\">\n                    <h2 class=\"elementor-icon-box-title\">\n                        Sutjeska Nationalpark                    <\/h2>\n                                        <p class=\"elementor-icon-box-description\">Der Sutjeska-Nationalpark im S\u00fcdosten von Bosnien und Herzegowina ist eines der \u00e4ltesten und sch\u00f6nsten Naturschutzgebiete der Region. Der Park beherbergt den Peru\u0107ica-Regenwald, einen der letzten unber\u00fchrten Regenw\u00e4lder Europas, sowie den atemberaubenden Skakavac-Wasserfall, der \u00fcber 70 Meter hoch ist.\n\nSutjeska ist ein perfektes Reiseziel f\u00fcr Naturliebhaber, Wanderer und Abenteuertourismus-Enthusiasten, mit Berggipfeln wie Magli\u0107, dem h\u00f6chsten in Bosnien und Herzegowina, die spektakul\u00e4re Ausblicke auf die umliegende Landschaft bieten. Der Park ist auch reich an kulturellem und historischem Erbe, darunter das Sutjeska-Schlachtdenkmal, eine Erinnerung an die heroischen Ereignisse des Zweiten Weltkriegs.\n\nOb Sie Ruhe in der Natur, Herausforderungen auf Wanderwegen oder eine Chance suchen, sich mit der Geschichte zu verbinden, der Sutjeska-Nationalpark bietet jedem Besucher ein unvergessliches Erlebnis.<\/p>\n\n                                    <\/div>\n            <\/div>\n\n        <\/div>\n\n\t\t\t\t<\/div>\n\t\t\t\t<\/div>\n\t\t\t\t\t\t<\/div>\n\t\t\t\t\t<\/div>\n\t\t<\/div>\n\t\t\t\t\t\t\t\t<\/div>\n\t\t\t\t\t<\/div>\n\t\t<\/section>\n\t\t\t\t<section class=\"elementor-section elementor-top-section elementor-element elementor-element-4693739a elementor-section-boxed elementor-section-height-default elementor-section-height-default\" data-id=\"4693739a\" data-element_type=\"section\">\n\t\t\t\t\t\t<div class=\"elementor-container elementor-column-gap-default\">\n\t\t\t\t\t\t\t<div class=\"elementor-row\">\n\t\t\t\t\t<div class=\"elementor-column elementor-col-100 elementor-top-column elementor-element elementor-element-61160d0e\" data-id=\"61160d0e\" data-element_type=\"column\">\n\t\t\t<div class=\"elementor-column-wrap elementor-element-populated\">\n\t\t\t\t\t\t\t<div class=\"elementor-widget-wrap\">\n\t\t\t\t\t\t<div class=\"elementor-element elementor-element-3ed11eec elementor-widget elementor-widget-spacer\" data-id=\"3ed11eec\" data-element_type=\"widget\" data-widget_type=\"spacer.default\">\n\t\t\t\t<div class=\"elementor-widget-container\">\n\t\t\t\t\t<div class=\"elementor-spacer\">\n\t\t\t<div class=\"elementor-spacer-inner\"><\/div>\n\t\t<\/div>\n\t\t\t\t<\/div>\n\t\t\t\t<\/div>\n\t\t\t\t\t\t<\/div>\n\t\t\t\t\t<\/div>\n\t\t<\/div>\n\t\t\t\t\t\t\t\t<\/div>\n\t\t\t\t\t<\/div>\n\t\t<\/section>\n\t\t\t\t<section class=\"elementor-section elementor-top-section elementor-element elementor-element-215744a2 elementor-section-boxed elementor-section-height-default elementor-section-height-default\" data-id=\"215744a2\" data-element_type=\"section\">\n\t\t\t\t\t\t<div class=\"elementor-container elementor-column-gap-default\">\n\t\t\t\t\t\t\t<div class=\"elementor-row\">\n\t\t\t\t\t<div class=\"elementor-column elementor-col-100 elementor-top-column elementor-element elementor-element-3ddbf35e\" data-id=\"3ddbf35e\" data-element_type=\"column\">\n\t\t\t<div class=\"elementor-column-wrap elementor-element-populated\">\n\t\t\t\t\t\t\t<div class=\"elementor-widget-wrap\">\n\t\t\t\t\t\t<div class=\"elementor-element elementor-element-4aa81188 elementor-widget elementor-widget-themo-tour-grid\" data-id=\"4aa81188\" data-element_type=\"widget\" data-widget_type=\"themo-tour-grid.default\">\n\t\t\t\t<div class=\"elementor-widget-container\">\n\t\t\t\n                <div id=\"th-portfolio-content-69ed38f2c0e2e\" class=\"th-portfolio\">\n\n            \n            <div id=\"th-portfolio-row\" class=\"th-portfolio-row row portfolio_content  three-columns th-port-gutter\">\n\n                                        <div id=\"post-7309\" class=\"th-portfolio-item item col-md-4 col-sm-6 p-jeep-safari p-maglic-de p-np-sutjeska-de p-one-day-tours p-zelengora-de post-7309 themo_tour type-themo_tour status-publish format-standard has-post-thumbnail hentry themo_tour_type-jeep-safari themo_tour_type-maglic-de themo_tour_type-np-sutjeska-de themo_tour_type-one-day-tours themo_tour_type-zelengora-de\">\n                            <div class=\"th-port-wrap\">\n                                <img decoding=\"async\" width=\"605\" height=\"605\" src=\"https:\/\/divljarijeka.com\/wp-content\/uploads\/2018\/04\/jeep-safari-sutjeska-bosnia-003-605x605.jpg\" class=\"img-responsive th-port-img wp-post-image\" alt=\"jeep safari sutjeska\" \/>\n                                <div class=\"th-port-overlay\"><\/div>\n                                <div class=\"th-port-inner\">\n                                                                            <div class=\"th-port-top-text\">Eint\u00e4gige Jeep-Safari-Tour<\/div>\n                                                                        <div class=\"th-port-center\">\n                                        <h3 class=\"th-port-title\">Jeep-Safari Sutjeska \u2013 Bosnien<\/h3>\n                                        <p class=\"th-port-sub\">Erkunden Sie die wundersch\u00f6ne Gegend des Nationalparks Sutjeska bei einer Fahrt mit dem Gel\u00e4ndewagen.<\/p>                                                                                    <span class=\"th-port-btn\">TOUR ANSEHEN!<\/span>\n                                                                            <\/div>\n                                    <a href=\"https:\/\/divljarijeka.com\/de\/tour\/jeepsafari-sutjeska\/\" class=\"th-port-link\" ><\/a>                                <\/div>\n                            <\/div>\n                        <\/div>\n                                                <div id=\"post-7388\" class=\"th-portfolio-item item col-md-4 col-sm-6 p-hiking p-maglic-de p-np-sutjeska-de p-one-day-tours p-perucica-de p-trnovacko-lake post-7388 themo_tour type-themo_tour status-publish format-standard has-post-thumbnail hentry themo_tour_type-hiking themo_tour_type-maglic-de themo_tour_type-np-sutjeska-de themo_tour_type-one-day-tours themo_tour_type-perucica-de themo_tour_type-trnovacko-lake\">\n                            <div class=\"th-port-wrap\">\n                                <img decoding=\"async\" width=\"605\" height=\"605\" src=\"https:\/\/divljarijeka.com\/wp-content\/uploads\/2018\/04\/lake-trnovacko-.hiking-001-605x605.jpg\" class=\"img-responsive th-port-img wp-post-image\" alt=\"Trnova\u010dko lake, Vi\u0161egrad and Andri\u0107grad\" \/>\n                                <div class=\"th-port-overlay\"><\/div>\n                                <div class=\"th-port-inner\">\n                                                                            <div class=\"th-port-top-text\">Wandern - Eint\u00e4gige Tour<\/div>\n                                                                        <div class=\"th-port-center\">\n                                        <h3 class=\"th-port-title\">Trnova\u010dko-See \u2013 Probieren Sie den Himmel<\/h3>\n                                        <p class=\"th-port-sub\">Wundersch\u00f6ner Bergsee am Fu\u00dfe des h\u00f6chsten Berggipfels in Bosnien und Herzegowina.<\/p>                                                                                    <span class=\"th-port-btn\">TOUR ANSEHEN!<\/span>\n                                                                            <\/div>\n                                    <a href=\"https:\/\/divljarijeka.com\/de\/tour\/trnovacko-lake\/\" class=\"th-port-link\" ><\/a>                                <\/div>\n                            <\/div>\n                        <\/div>\n                                                <div id=\"post-7419\" class=\"th-portfolio-item item col-md-4 col-sm-6 p-hiking p-maglic-de p-np-sutjeska-de p-one-day-tours p-perucica-de p-trekking-de post-7419 themo_tour type-themo_tour status-publish format-standard has-post-thumbnail hentry themo_tour_type-hiking themo_tour_type-maglic-de themo_tour_type-np-sutjeska-de themo_tour_type-one-day-tours themo_tour_type-perucica-de themo_tour_type-trekking-de\">\n                            <div class=\"th-port-wrap\">\n                                <img decoding=\"async\" width=\"394\" height=\"394\" src=\"https:\/\/divljarijeka.com\/wp-content\/uploads\/2018\/04\/maglic-montain-hike-001-394x394.jpg\" class=\"img-responsive th-port-img wp-post-image\" alt=\"Hiking\" \/>\n                                <div class=\"th-port-overlay\"><\/div>\n                                <div class=\"th-port-inner\">\n                                                                            <div class=\"th-port-top-text\">Wandern - Eint\u00e4gige Tour<\/div>\n                                                                        <div class=\"th-port-center\">\n                                        <h3 class=\"th-port-title\">Magli\u0107 \u2013 Der h\u00f6chste Gipfel<\/h3>\n                                        <p class=\"th-port-sub\">Magli\u0107 (2386 m \u00fc. d. M.) ist der h\u00f6chste Berggipfel Bosnien und Herzegowinas.<\/p>                                                                                    <span class=\"th-port-btn\">TOUR ANSEHEN!<\/span>\n                                                                            <\/div>\n                                    <a href=\"https:\/\/divljarijeka.com\/de\/tour\/maglic\/\" class=\"th-port-link\" ><\/a>                                <\/div>\n                            <\/div>\n                        <\/div>\n                        \n            <\/div>\n\n        <\/div>\n\n        \t\t<\/div>\n\t\t\t\t<\/div>\n\t\t\t\t<div class=\"elementor-element elementor-element-5cf37a5 elementor-widget elementor-widget-html\" data-id=\"5cf37a5\" data-element_type=\"widget\" data-widget_type=\"html.default\">\n\t\t\t\t<div class=\"elementor-widget-container\">\n\t\t\t<iframe loading=\"lazy\" src=\"https:\/\/www.google.com\/maps\/d\/embed?mid=1089eZRyQUJIOuVynIqO9bqbEss-76wk1\" width=\"640\" height=\"480\"><\/iframe>\t\t<\/div>\n\t\t\t\t<\/div>\n\t\t\t\t\t\t<\/div>\n\t\t\t\t\t<\/div>\n\t\t<\/div>\n\t\t\t\t\t\t\t\t<\/div>\n\t\t\t\t\t<\/div>\n\t\t<\/section>\n\t\t\t\t<section class=\"elementor-section elementor-top-section elementor-element elementor-element-9e8558e elementor-section-boxed elementor-section-height-default elementor-section-height-default\" data-id=\"9e8558e\" data-element_type=\"section\">\n\t\t\t\t\t\t<div class=\"elementor-container elementor-column-gap-default\">\n\t\t\t\t\t\t\t<div class=\"elementor-row\">\n\t\t\t\t\t<div class=\"elementor-column elementor-col-100 elementor-top-column elementor-element elementor-element-f69d339\" data-id=\"f69d339\" data-element_type=\"column\">\n\t\t\t<div class=\"elementor-column-wrap\">\n\t\t\t\t\t\t\t<div class=\"elementor-widget-wrap\">\n\t\t\t\t\t\t\t\t<\/div>\n\t\t\t\t\t<\/div>\n\t\t<\/div>\n\t\t\t\t\t\t\t\t<\/div>\n\t\t\t\t\t<\/div>\n\t\t<\/section>\n\t\t\t\t\t\t\t\t\t<\/div>\n\t\t\t<\/div>\n\t\t\t\t\t<\/div>\n\t\t","protected":false},"excerpt":{"rendered":"<p>Sutjeska Nationalpark Sutjeska Nationalpark Der Sutjeska-Nationalpark im S\u00fcdosten von Bosnien und Herzegowina ist eines der \u00e4ltesten und sch\u00f6nsten Naturschutzgebiete der Region. Der Park beherbergt den Peru\u0107ica-Regenwald, einen der letzten unber\u00fchrten Regenw\u00e4lder Europas, sowie den atemberaubenden Skakavac-Wasserfall, der \u00fcber 70 Meter &hellip; <a href=\"https:\/\/divljarijeka.com\/de\/tour\/maglic\/\">Read More<\/a><\/p>\n","protected":false},"author":6,"featured_media":865,"parent":7042,"menu_order":0,"comment_status":"closed","ping_status":"closed","template":"","meta":{"inline_featured_image":false,"footnotes":""},"class_list":["post-7072","page","type-page","status-publish","has-post-thumbnail","hentry"],"yoast_head":"<!-- This site is optimized with the Yoast SEO Premium plugin v27.4 (Yoast SEO v27.4) - https:\/\/yoast.com\/product\/yoast-seo-premium-wordpress\/ -->\n<title>Nationalpark Sutjeska - Rafting Tara Divlja Rijeka<\/title>\n<meta name=\"description\" content=\"Der Eissee ist Teil des Sutjeska-Nationalparks und liegt am Fu\u00dfe des Bergs Magli\u0107, dem h\u00f6chsten Gipfel Bosniens.\" \/>\n<meta name=\"robots\" content=\"index, follow, max-snippet:-1, max-image-preview:large, max-video-preview:-1\" \/>\n<link rel=\"canonical\" href=\"https:\/\/divljarijeka.com\/de\/attraktionen\/nationalpark-sutjeska\/\" \/>\n<meta property=\"og:locale\" content=\"de_DE\" \/>\n<meta property=\"og:type\" content=\"article\" \/>\n<meta property=\"og:title\" content=\"Nationalpark Sutjeska\" \/>\n<meta property=\"og:description\" content=\"Der Eissee ist Teil des Sutjeska-Nationalparks und liegt am Fu\u00dfe des Bergs Magli\u0107, dem h\u00f6chsten Gipfel Bosniens.\" \/>\n<meta property=\"og:url\" content=\"https:\/\/divljarijeka.com\/de\/attraktionen\/nationalpark-sutjeska\/\" \/>\n<meta property=\"og:site_name\" content=\"Rafting Tara Divlja Rijeka\" \/>\n<meta property=\"article:publisher\" content=\"https:\/\/www.facebook.com\/kampdivljarijeka\/\" \/>\n<meta property=\"article:modified_time\" content=\"2025-02-06T19:54:31+00:00\" \/>\n<meta property=\"og:image\" content=\"https:\/\/divljarijeka.com\/wp-content\/uploads\/2018\/05\/sutjeska.jpg\" \/>\n\t<meta property=\"og:image:width\" content=\"1300\" \/>\n\t<meta property=\"og:image:height\" content=\"804\" \/>\n\t<meta property=\"og:image:type\" content=\"image\/jpeg\" \/>\n<meta name=\"twitter:card\" content=\"summary_large_image\" \/>\n<meta name=\"twitter:site\" content=\"@DivljaRijeka\" \/>\n<meta name=\"twitter:label1\" content=\"Gesch\u00e4tzte Lesezeit\" \/>\n\t<meta name=\"twitter:data1\" content=\"1\u00a0Minute\" \/>\n<script type=\"application\/ld+json\" class=\"yoast-schema-graph\">{\"@context\":\"https:\\\/\\\/schema.org\",\"@graph\":[{\"@type\":\"WebPage\",\"@id\":\"https:\\\/\\\/divljarijeka.com\\\/de\\\/attraktionen\\\/nationalpark-sutjeska\\\/\",\"url\":\"https:\\\/\\\/divljarijeka.com\\\/de\\\/attraktionen\\\/nationalpark-sutjeska\\\/\",\"name\":\"Nationalpark Sutjeska - Rafting Tara Divlja Rijeka\",\"isPartOf\":{\"@id\":\"https:\\\/\\\/divljarijeka.com\\\/de\\\/#website\"},\"primaryImageOfPage\":{\"@id\":\"https:\\\/\\\/divljarijeka.com\\\/de\\\/attraktionen\\\/nationalpark-sutjeska\\\/#primaryimage\"},\"image\":{\"@id\":\"https:\\\/\\\/divljarijeka.com\\\/de\\\/attraktionen\\\/nationalpark-sutjeska\\\/#primaryimage\"},\"thumbnailUrl\":\"https:\\\/\\\/divljarijeka.com\\\/wp-content\\\/uploads\\\/2018\\\/05\\\/sutjeska.jpg\",\"datePublished\":\"2025-02-06T19:53:52+00:00\",\"dateModified\":\"2025-02-06T19:54:31+00:00\",\"description\":\"Der Eissee ist Teil des Sutjeska-Nationalparks und liegt am Fu\u00dfe des Bergs Magli\u0107, dem h\u00f6chsten Gipfel Bosniens.\",\"breadcrumb\":{\"@id\":\"https:\\\/\\\/divljarijeka.com\\\/de\\\/attraktionen\\\/nationalpark-sutjeska\\\/#breadcrumb\"},\"inLanguage\":\"de\",\"potentialAction\":[{\"@type\":\"ReadAction\",\"target\":[\"https:\\\/\\\/divljarijeka.com\\\/de\\\/attraktionen\\\/nationalpark-sutjeska\\\/\"]}]},{\"@type\":\"ImageObject\",\"inLanguage\":\"de\",\"@id\":\"https:\\\/\\\/divljarijeka.com\\\/de\\\/attraktionen\\\/nationalpark-sutjeska\\\/#primaryimage\",\"url\":\"https:\\\/\\\/divljarijeka.com\\\/wp-content\\\/uploads\\\/2018\\\/05\\\/sutjeska.jpg\",\"contentUrl\":\"https:\\\/\\\/divljarijeka.com\\\/wp-content\\\/uploads\\\/2018\\\/05\\\/sutjeska.jpg\",\"width\":1300,\"height\":804,\"caption\":\"NP SUTJESKA\"},{\"@type\":\"BreadcrumbList\",\"@id\":\"https:\\\/\\\/divljarijeka.com\\\/de\\\/attraktionen\\\/nationalpark-sutjeska\\\/#breadcrumb\",\"itemListElement\":[{\"@type\":\"ListItem\",\"position\":1,\"name\":\"Home\",\"item\":\"https:\\\/\\\/divljarijeka.com\\\/de\\\/\"},{\"@type\":\"ListItem\",\"position\":2,\"name\":\"Attraktionen\",\"item\":\"https:\\\/\\\/divljarijeka.com\\\/de\\\/attraktionen\\\/\"},{\"@type\":\"ListItem\",\"position\":3,\"name\":\"Nationalpark Sutjeska\"}]},{\"@type\":\"WebSite\",\"@id\":\"https:\\\/\\\/divljarijeka.com\\\/de\\\/#website\",\"url\":\"https:\\\/\\\/divljarijeka.com\\\/de\\\/\",\"name\":\"Rafting Tara Divlja Rijeka\",\"description\":\"\",\"publisher\":{\"@id\":\"https:\\\/\\\/divljarijeka.com\\\/de\\\/#organization\"},\"potentialAction\":[{\"@type\":\"SearchAction\",\"target\":{\"@type\":\"EntryPoint\",\"urlTemplate\":\"https:\\\/\\\/divljarijeka.com\\\/de\\\/?s={search_term_string}\"},\"query-input\":{\"@type\":\"PropertyValueSpecification\",\"valueRequired\":true,\"valueName\":\"search_term_string\"}}],\"inLanguage\":\"de\"},{\"@type\":\"Organization\",\"@id\":\"https:\\\/\\\/divljarijeka.com\\\/de\\\/#organization\",\"name\":\"Rafting Tara Divlja Rijeka\",\"url\":\"https:\\\/\\\/divljarijeka.com\\\/de\\\/\",\"logo\":{\"@type\":\"ImageObject\",\"inLanguage\":\"de\",\"@id\":\"https:\\\/\\\/divljarijeka.com\\\/de\\\/#\\\/schema\\\/logo\\\/image\\\/\",\"url\":\"https:\\\/\\\/divljarijeka.com\\\/wp-content\\\/uploads\\\/2018\\\/08\\\/cropped-divlja-rijeka-rafting-publisher.png\",\"contentUrl\":\"https:\\\/\\\/divljarijeka.com\\\/wp-content\\\/uploads\\\/2018\\\/08\\\/cropped-divlja-rijeka-rafting-publisher.png\",\"width\":104,\"height\":60,\"caption\":\"Rafting Tara Divlja Rijeka\"},\"image\":{\"@id\":\"https:\\\/\\\/divljarijeka.com\\\/de\\\/#\\\/schema\\\/logo\\\/image\\\/\"},\"sameAs\":[\"https:\\\/\\\/www.facebook.com\\\/kampdivljarijeka\\\/\",\"https:\\\/\\\/x.com\\\/DivljaRijeka\",\"https:\\\/\\\/www.instagram.com\\\/kampdivljarijeka\\\/\"]}]}<\/script>\n<!-- \/ Yoast SEO Premium plugin. -->","yoast_head_json":{"title":"Nationalpark Sutjeska - Rafting Tara Divlja Rijeka","description":"Der Eissee ist Teil des Sutjeska-Nationalparks und liegt am Fu\u00dfe des Bergs Magli\u0107, dem h\u00f6chsten Gipfel Bosniens.","robots":{"index":"index","follow":"follow","max-snippet":"max-snippet:-1","max-image-preview":"max-image-preview:large","max-video-preview":"max-video-preview:-1"},"canonical":"https:\/\/divljarijeka.com\/de\/attraktionen\/nationalpark-sutjeska\/","og_locale":"de_DE","og_type":"article","og_title":"Nationalpark Sutjeska","og_description":"Der Eissee ist Teil des Sutjeska-Nationalparks und liegt am Fu\u00dfe des Bergs Magli\u0107, dem h\u00f6chsten Gipfel Bosniens.","og_url":"https:\/\/divljarijeka.com\/de\/attraktionen\/nationalpark-sutjeska\/","og_site_name":"Rafting Tara Divlja Rijeka","article_publisher":"https:\/\/www.facebook.com\/kampdivljarijeka\/","article_modified_time":"2025-02-06T19:54:31+00:00","og_image":[{"width":1300,"height":804,"url":"https:\/\/divljarijeka.com\/wp-content\/uploads\/2018\/05\/sutjeska.jpg","type":"image\/jpeg"}],"twitter_card":"summary_large_image","twitter_site":"@DivljaRijeka","twitter_misc":{"Gesch\u00e4tzte Lesezeit":"1\u00a0Minute"},"schema":{"@context":"https:\/\/schema.org","@graph":[{"@type":"WebPage","@id":"https:\/\/divljarijeka.com\/de\/attraktionen\/nationalpark-sutjeska\/","url":"https:\/\/divljarijeka.com\/de\/attraktionen\/nationalpark-sutjeska\/","name":"Nationalpark Sutjeska - Rafting Tara Divlja Rijeka","isPartOf":{"@id":"https:\/\/divljarijeka.com\/de\/#website"},"primaryImageOfPage":{"@id":"https:\/\/divljarijeka.com\/de\/attraktionen\/nationalpark-sutjeska\/#primaryimage"},"image":{"@id":"https:\/\/divljarijeka.com\/de\/attraktionen\/nationalpark-sutjeska\/#primaryimage"},"thumbnailUrl":"https:\/\/divljarijeka.com\/wp-content\/uploads\/2018\/05\/sutjeska.jpg","datePublished":"2025-02-06T19:53:52+00:00","dateModified":"2025-02-06T19:54:31+00:00","description":"Der Eissee ist Teil des Sutjeska-Nationalparks und liegt am Fu\u00dfe des Bergs Magli\u0107, dem h\u00f6chsten Gipfel Bosniens.","breadcrumb":{"@id":"https:\/\/divljarijeka.com\/de\/attraktionen\/nationalpark-sutjeska\/#breadcrumb"},"inLanguage":"de","potentialAction":[{"@type":"ReadAction","target":["https:\/\/divljarijeka.com\/de\/attraktionen\/nationalpark-sutjeska\/"]}]},{"@type":"ImageObject","inLanguage":"de","@id":"https:\/\/divljarijeka.com\/de\/attraktionen\/nationalpark-sutjeska\/#primaryimage","url":"https:\/\/divljarijeka.com\/wp-content\/uploads\/2018\/05\/sutjeska.jpg","contentUrl":"https:\/\/divljarijeka.com\/wp-content\/uploads\/2018\/05\/sutjeska.jpg","width":1300,"height":804,"caption":"NP SUTJESKA"},{"@type":"BreadcrumbList","@id":"https:\/\/divljarijeka.com\/de\/attraktionen\/nationalpark-sutjeska\/#breadcrumb","itemListElement":[{"@type":"ListItem","position":1,"name":"Home","item":"https:\/\/divljarijeka.com\/de\/"},{"@type":"ListItem","position":2,"name":"Attraktionen","item":"https:\/\/divljarijeka.com\/de\/attraktionen\/"},{"@type":"ListItem","position":3,"name":"Nationalpark Sutjeska"}]},{"@type":"WebSite","@id":"https:\/\/divljarijeka.com\/de\/#website","url":"https:\/\/divljarijeka.com\/de\/","name":"Rafting Tara Divlja Rijeka","description":"","publisher":{"@id":"https:\/\/divljarijeka.com\/de\/#organization"},"potentialAction":[{"@type":"SearchAction","target":{"@type":"EntryPoint","urlTemplate":"https:\/\/divljarijeka.com\/de\/?s={search_term_string}"},"query-input":{"@type":"PropertyValueSpecification","valueRequired":true,"valueName":"search_term_string"}}],"inLanguage":"de"},{"@type":"Organization","@id":"https:\/\/divljarijeka.com\/de\/#organization","name":"Rafting Tara Divlja Rijeka","url":"https:\/\/divljarijeka.com\/de\/","logo":{"@type":"ImageObject","inLanguage":"de","@id":"https:\/\/divljarijeka.com\/de\/#\/schema\/logo\/image\/","url":"https:\/\/divljarijeka.com\/wp-content\/uploads\/2018\/08\/cropped-divlja-rijeka-rafting-publisher.png","contentUrl":"https:\/\/divljarijeka.com\/wp-content\/uploads\/2018\/08\/cropped-divlja-rijeka-rafting-publisher.png","width":104,"height":60,"caption":"Rafting Tara Divlja Rijeka"},"image":{"@id":"https:\/\/divljarijeka.com\/de\/#\/schema\/logo\/image\/"},"sameAs":["https:\/\/www.facebook.com\/kampdivljarijeka\/","https:\/\/x.com\/DivljaRijeka","https:\/\/www.instagram.com\/kampdivljarijeka\/"]}]}},"_links":{"self":[{"href":"https:\/\/divljarijeka.com\/de\/wp-json\/wp\/v2\/pages\/7072","targetHints":{"allow":["GET"]}}],"collection":[{"href":"https:\/\/divljarijeka.com\/de\/wp-json\/wp\/v2\/pages"}],"about":[{"href":"https:\/\/divljarijeka.com\/de\/wp-json\/wp\/v2\/types\/page"}],"author":[{"embeddable":true,"href":"https:\/\/divljarijeka.com\/de\/wp-json\/wp\/v2\/users\/6"}],"replies":[{"embeddable":true,"href":"https:\/\/divljarijeka.com\/de\/wp-json\/wp\/v2\/comments?post=7072"}],"version-history":[{"count":4,"href":"https:\/\/divljarijeka.com\/de\/wp-json\/wp\/v2\/pages\/7072\/revisions"}],"predecessor-version":[{"id":7077,"href":"https:\/\/divljarijeka.com\/de\/wp-json\/wp\/v2\/pages\/7072\/revisions\/7077"}],"up":[{"embeddable":true,"href":"https:\/\/divljarijeka.com\/de\/wp-json\/wp\/v2\/pages\/7042"}],"wp:featuredmedia":[{"embeddable":true,"href":"https:\/\/divljarijeka.com\/de\/wp-json\/wp\/v2\/media\/865"}],"wp:attachment":[{"href":"https:\/\/divljarijeka.com\/de\/wp-json\/wp\/v2\/media?parent=7072"}],"curies":[{"name":"wp","href":"https:\/\/api.w.org\/{rel}","templated":true}]}}