{"id":7078,"date":"2025-02-06T19:56:13","date_gmt":"2025-02-06T19:56:13","guid":{"rendered":"https:\/\/divljarijeka.com\/?page_id=7078"},"modified":"2025-02-06T19:56:54","modified_gmt":"2025-02-06T19:56:54","slug":"perucica-wald","status":"publish","type":"page","link":"https:\/\/divljarijeka.com\/de\/attraktionen\/perucica-wald\/","title":{"rendered":"Peru\u0107ica Wald"},"content":{"rendered":"\t\t<div data-elementor-type=\"wp-page\" data-elementor-id=\"7078\" class=\"elementor elementor-7078 elementor-157\">\n\t\t\t\t\t\t<div class=\"elementor-inner\">\n\t\t\t\t<div class=\"elementor-section-wrap\">\n\t\t\t\t\t\t\t\t\t<section class=\"elementor-section elementor-top-section elementor-element elementor-element-640aa06 elementor-section-full_width elementor-section-height-min-height elementor-section-height-default elementor-section-items-middle\" data-id=\"640aa06\" data-element_type=\"section\" data-settings=\"{&quot;background_background&quot;:&quot;classic&quot;}\">\n\t\t\t\t\t\t\t<div class=\"elementor-background-overlay\"><\/div>\n\t\t\t\t\t\t\t<div class=\"elementor-container elementor-column-gap-default\">\n\t\t\t\t\t\t\t<div class=\"elementor-row\">\n\t\t\t\t\t<div class=\"elementor-column elementor-col-100 elementor-top-column elementor-element elementor-element-7cb16485\" data-id=\"7cb16485\" data-element_type=\"column\">\n\t\t\t<div class=\"elementor-column-wrap elementor-element-populated\">\n\t\t\t\t\t\t\t<div class=\"elementor-widget-wrap\">\n\t\t\t\t\t\t<div class=\"elementor-element elementor-element-1d9909e7 elementor-view-default elementor-position-top elementor-widget elementor-widget-themo-header\" data-id=\"1d9909e7\" data-element_type=\"widget\" data-widget_type=\"themo-header.default\">\n\t\t\t\t<div class=\"elementor-widget-container\">\n\t\t\t\t\t<div class=\"th-header-wrap\">\n        <div class=\"elementor-icon-box-wrapper \">\n                            <div class=\"elementor-icon-box-content\">\n                    <h1 class=\"elementor-icon-box-title\">\n                        Peru\u0107ica Wald                    <\/h1>\n                                        <p class=\"elementor-icon-box-description\"><\/p>\n\n                                    <\/div>\n            <\/div>\n\n        <\/div>\n\n\t\t\t\t<\/div>\n\t\t\t\t<\/div>\n\t\t\t\t\t\t<\/div>\n\t\t\t\t\t<\/div>\n\t\t<\/div>\n\t\t\t\t\t\t\t\t<\/div>\n\t\t\t\t\t<\/div>\n\t\t<\/section>\n\t\t\t\t<section class=\"elementor-section elementor-top-section elementor-element elementor-element-4f201b02 elementor-section-boxed elementor-section-height-default elementor-section-height-default\" data-id=\"4f201b02\" data-element_type=\"section\">\n\t\t\t\t\t\t<div class=\"elementor-container elementor-column-gap-default\">\n\t\t\t\t\t\t\t<div class=\"elementor-row\">\n\t\t\t\t\t<div class=\"elementor-column elementor-col-100 elementor-top-column elementor-element elementor-element-17c452b7\" data-id=\"17c452b7\" data-element_type=\"column\">\n\t\t\t<div class=\"elementor-column-wrap elementor-element-populated\">\n\t\t\t\t\t\t\t<div class=\"elementor-widget-wrap\">\n\t\t\t\t\t\t<div class=\"elementor-element elementor-element-2a6ee0dc elementor-widget elementor-widget-spacer\" data-id=\"2a6ee0dc\" data-element_type=\"widget\" data-widget_type=\"spacer.default\">\n\t\t\t\t<div class=\"elementor-widget-container\">\n\t\t\t\t\t<div class=\"elementor-spacer\">\n\t\t\t<div class=\"elementor-spacer-inner\"><\/div>\n\t\t<\/div>\n\t\t\t\t<\/div>\n\t\t\t\t<\/div>\n\t\t\t\t<div class=\"elementor-element elementor-element-1f0352d5 elementor-view-default elementor-position-top elementor-widget elementor-widget-themo-header\" data-id=\"1f0352d5\" data-element_type=\"widget\" data-widget_type=\"themo-header.default\">\n\t\t\t\t<div class=\"elementor-widget-container\">\n\t\t\t\t\t<div class=\"th-header-wrap\">\n        <div class=\"elementor-icon-box-wrapper th-show-icon\">\n                            <div class=\"elementor-icon-box-icon th-icon-size-lg\">\n                    <span class=\"elementor-icon \">\n                        <i class=\"th-trip travelpack-mountains-snow\" aria-hidden=\"true\" fff><\/i>                    <\/span>\n                <\/div>\n                                <div class=\"elementor-icon-box-content\">\n                    <h2 class=\"elementor-icon-box-title\">\n                        Urwald Peru\u0107ica                    <\/h2>\n                                        <p class=\"elementor-icon-box-description\">Peru\u0107ica ist Teil des <a href=\"https:\/\/divljarijeka.com\/atractions\/np-sutjeska\/\">Nationalparks Sutjeska<\/a> und einer der letzten verbliebenen Urw\u00e4lder Europas. Die einzigartige Sch\u00f6nheit von Peru\u0107ica wurde 1952 entdeckt, als es zu einem streng gesch\u00fctzten Gebiet erkl\u00e4rt wurde, das nur f\u00fcr wissenschaftliche und p\u00e4dagogische Zwecke genutzt werden darf. Das Besondere an diesem Wald ist sein Alter von etwa 20.000 Jahren sowie die Holzmasse und H\u00f6he einer gro\u00dfen Anzahl von B\u00e4umen, die manchmal 50 m \u00fcbersteigt, w\u00e4hrend ihr Alter bis zu 300 Jahre erreicht. Im Jahr 1954 wurde Peru\u0107ica unter staatlichen Schutz gestellt und zum Naturschutzgebiet erkl\u00e4rt. Nach seiner Gr\u00fcndung im Jahr 1962 wurde es Teil des Nationalparks Sutjeska. Eine besondere Attraktion in diesem Wald ist der Wasserfall Skakavac, der an der Peru\u0107ica entsteht, einem kleinen Fluss oder genauer gesagt einem Gebirgsbach, der tief im Urwald von Peru\u0107ica liegt und einer der <a href=\"https:\/\/www.infoplease.com\/world\/geography\/highest-waterfalls-world\">h\u00f6chsten Wasserf\u00e4lle<\/a> in diesem Land ist (75 m hoch).<\/p>\n\n                                    <\/div>\n            <\/div>\n\n        <\/div>\n\n\t\t\t\t<\/div>\n\t\t\t\t<\/div>\n\t\t\t\t\t\t<\/div>\n\t\t\t\t\t<\/div>\n\t\t<\/div>\n\t\t\t\t\t\t\t\t<\/div>\n\t\t\t\t\t<\/div>\n\t\t<\/section>\n\t\t\t\t<section class=\"elementor-section elementor-top-section elementor-element elementor-element-5d96b551 elementor-section-boxed elementor-section-height-default elementor-section-height-default\" data-id=\"5d96b551\" data-element_type=\"section\">\n\t\t\t\t\t\t<div class=\"elementor-container elementor-column-gap-default\">\n\t\t\t\t\t\t\t<div class=\"elementor-row\">\n\t\t\t\t\t<div class=\"elementor-column elementor-col-100 elementor-top-column elementor-element elementor-element-653e7e98\" data-id=\"653e7e98\" data-element_type=\"column\">\n\t\t\t<div class=\"elementor-column-wrap elementor-element-populated\">\n\t\t\t\t\t\t\t<div class=\"elementor-widget-wrap\">\n\t\t\t\t\t\t<div class=\"elementor-element elementor-element-27cfb201 elementor-widget elementor-widget-spacer\" data-id=\"27cfb201\" data-element_type=\"widget\" data-widget_type=\"spacer.default\">\n\t\t\t\t<div class=\"elementor-widget-container\">\n\t\t\t\t\t<div class=\"elementor-spacer\">\n\t\t\t<div class=\"elementor-spacer-inner\"><\/div>\n\t\t<\/div>\n\t\t\t\t<\/div>\n\t\t\t\t<\/div>\n\t\t\t\t\t\t<\/div>\n\t\t\t\t\t<\/div>\n\t\t<\/div>\n\t\t\t\t\t\t\t\t<\/div>\n\t\t\t\t\t<\/div>\n\t\t<\/section>\n\t\t\t\t<section class=\"elementor-section elementor-top-section elementor-element elementor-element-3e765545 elementor-section-boxed elementor-section-height-default elementor-section-height-default\" data-id=\"3e765545\" data-element_type=\"section\">\n\t\t\t\t\t\t<div class=\"elementor-container elementor-column-gap-default\">\n\t\t\t\t\t\t\t<div class=\"elementor-row\">\n\t\t\t\t\t<div class=\"elementor-column elementor-col-100 elementor-top-column elementor-element elementor-element-346c39aa\" data-id=\"346c39aa\" data-element_type=\"column\">\n\t\t\t<div class=\"elementor-column-wrap elementor-element-populated\">\n\t\t\t\t\t\t\t<div class=\"elementor-widget-wrap\">\n\t\t\t\t\t\t<div class=\"elementor-element elementor-element-3a122c0d elementor-widget elementor-widget-themo-tour-grid\" data-id=\"3a122c0d\" data-element_type=\"widget\" data-widget_type=\"themo-tour-grid.default\">\n\t\t\t\t<div class=\"elementor-widget-container\">\n\t\t\t\n                <div id=\"th-portfolio-content-69ed5624b1a08\" class=\"th-portfolio\">\n\n            \n            <div id=\"th-portfolio-row\" class=\"th-portfolio-row row portfolio_content  three-columns th-port-gutter\">\n\n                                        <div id=\"post-7309\" class=\"th-portfolio-item item col-md-4 col-sm-6 p-jeep-safari p-maglic-de p-np-sutjeska-de p-one-day-tours p-zelengora-de post-7309 themo_tour type-themo_tour status-publish format-standard has-post-thumbnail hentry themo_tour_type-jeep-safari themo_tour_type-maglic-de themo_tour_type-np-sutjeska-de themo_tour_type-one-day-tours themo_tour_type-zelengora-de\">\n                            <div class=\"th-port-wrap\">\n                                <img decoding=\"async\" width=\"605\" height=\"605\" src=\"https:\/\/divljarijeka.com\/wp-content\/uploads\/2018\/04\/jeep-safari-sutjeska-bosnia-003-605x605.jpg\" class=\"img-responsive th-port-img wp-post-image\" alt=\"jeep safari sutjeska\" \/>\n                                <div class=\"th-port-overlay\"><\/div>\n                                <div class=\"th-port-inner\">\n                                                                            <div class=\"th-port-top-text\">Eint\u00e4gige Jeep-Safari-Tour<\/div>\n                                                                        <div class=\"th-port-center\">\n                                        <h3 class=\"th-port-title\">Jeep-Safari Sutjeska \u2013 Bosnien<\/h3>\n                                        <p class=\"th-port-sub\">Erkunden Sie die wundersch\u00f6ne Gegend des Nationalparks Sutjeska bei einer Fahrt mit dem Gel\u00e4ndewagen.<\/p>                                                                                    <span class=\"th-port-btn\">TOUR ANSEHEN!<\/span>\n                                                                            <\/div>\n                                    <a href=\"https:\/\/divljarijeka.com\/de\/tour\/jeepsafari-sutjeska\/\" class=\"th-port-link\" ><\/a>                                <\/div>\n                            <\/div>\n                        <\/div>\n                                                <div id=\"post-7388\" class=\"th-portfolio-item item col-md-4 col-sm-6 p-hiking p-maglic-de p-np-sutjeska-de p-one-day-tours p-perucica-de p-trnovacko-lake post-7388 themo_tour type-themo_tour status-publish format-standard has-post-thumbnail hentry themo_tour_type-hiking themo_tour_type-maglic-de themo_tour_type-np-sutjeska-de themo_tour_type-one-day-tours themo_tour_type-perucica-de themo_tour_type-trnovacko-lake\">\n                            <div class=\"th-port-wrap\">\n                                <img decoding=\"async\" width=\"605\" height=\"605\" src=\"https:\/\/divljarijeka.com\/wp-content\/uploads\/2018\/04\/lake-trnovacko-.hiking-001-605x605.jpg\" class=\"img-responsive th-port-img wp-post-image\" alt=\"Trnova\u010dko lake, Vi\u0161egrad and Andri\u0107grad\" \/>\n                                <div class=\"th-port-overlay\"><\/div>\n                                <div class=\"th-port-inner\">\n                                                                            <div class=\"th-port-top-text\">Wandern - Eint\u00e4gige Tour<\/div>\n                                                                        <div class=\"th-port-center\">\n                                        <h3 class=\"th-port-title\">Trnova\u010dko-See \u2013 Probieren Sie den Himmel<\/h3>\n                                        <p class=\"th-port-sub\">Wundersch\u00f6ner Bergsee am Fu\u00dfe des h\u00f6chsten Berggipfels in Bosnien und Herzegowina.<\/p>                                                                                    <span class=\"th-port-btn\">TOUR ANSEHEN!<\/span>\n                                                                            <\/div>\n                                    <a href=\"https:\/\/divljarijeka.com\/de\/tour\/trnovacko-lake\/\" class=\"th-port-link\" ><\/a>                                <\/div>\n                            <\/div>\n                        <\/div>\n                                                <div id=\"post-7419\" class=\"th-portfolio-item item col-md-4 col-sm-6 p-hiking p-maglic-de p-np-sutjeska-de p-one-day-tours p-perucica-de p-trekking-de post-7419 themo_tour type-themo_tour status-publish format-standard has-post-thumbnail hentry themo_tour_type-hiking themo_tour_type-maglic-de themo_tour_type-np-sutjeska-de themo_tour_type-one-day-tours themo_tour_type-perucica-de themo_tour_type-trekking-de\">\n                            <div class=\"th-port-wrap\">\n                                <img decoding=\"async\" width=\"394\" height=\"394\" src=\"https:\/\/divljarijeka.com\/wp-content\/uploads\/2018\/04\/maglic-montain-hike-001-394x394.jpg\" class=\"img-responsive th-port-img wp-post-image\" alt=\"Hiking\" \/>\n                                <div class=\"th-port-overlay\"><\/div>\n                                <div class=\"th-port-inner\">\n                                                                            <div class=\"th-port-top-text\">Wandern - Eint\u00e4gige Tour<\/div>\n                                                                        <div class=\"th-port-center\">\n                                        <h3 class=\"th-port-title\">Magli\u0107 \u2013 Der h\u00f6chste Gipfel<\/h3>\n                                        <p class=\"th-port-sub\">Magli\u0107 (2386 m \u00fc. d. M.) ist der h\u00f6chste Berggipfel Bosnien und Herzegowinas.<\/p>                                                                                    <span class=\"th-port-btn\">TOUR ANSEHEN!<\/span>\n                                                                            <\/div>\n                                    <a href=\"https:\/\/divljarijeka.com\/de\/tour\/maglic\/\" class=\"th-port-link\" ><\/a>                                <\/div>\n                            <\/div>\n                        <\/div>\n                        \n            <\/div>\n\n        <\/div>\n\n        \t\t<\/div>\n\t\t\t\t<\/div>\n\t\t\t\t\t\t<\/div>\n\t\t\t\t\t<\/div>\n\t\t<\/div>\n\t\t\t\t\t\t\t\t<\/div>\n\t\t\t\t\t<\/div>\n\t\t<\/section>\n\t\t\t\t<section class=\"elementor-section elementor-top-section elementor-element elementor-element-1fdd7168 elementor-section-boxed elementor-section-height-default elementor-section-height-default\" data-id=\"1fdd7168\" data-element_type=\"section\">\n\t\t\t\t\t\t<div class=\"elementor-container elementor-column-gap-default\">\n\t\t\t\t\t\t\t<div class=\"elementor-row\">\n\t\t\t\t\t<div class=\"elementor-column elementor-col-100 elementor-top-column elementor-element elementor-element-6742565a\" data-id=\"6742565a\" data-element_type=\"column\">\n\t\t\t<div class=\"elementor-column-wrap elementor-element-populated\">\n\t\t\t\t\t\t\t<div class=\"elementor-widget-wrap\">\n\t\t\t\t\t\t<div class=\"elementor-element elementor-element-309ff6e elementor-widget elementor-widget-html\" data-id=\"309ff6e\" data-element_type=\"widget\" data-widget_type=\"html.default\">\n\t\t\t\t<div class=\"elementor-widget-container\">\n\t\t\t<iframe loading=\"lazy\" src=\"https:\/\/www.google.com\/maps\/d\/embed?mid=1ya99AhRIZXYQCi22XiJx2QxEzEAuoU0x\" width=\"640\" height=\"480\"><\/iframe>\t\t<\/div>\n\t\t\t\t<\/div>\n\t\t\t\t\t\t<\/div>\n\t\t\t\t\t<\/div>\n\t\t<\/div>\n\t\t\t\t\t\t\t\t<\/div>\n\t\t\t\t\t<\/div>\n\t\t<\/section>\n\t\t\t\t\t\t\t\t\t<\/div>\n\t\t\t<\/div>\n\t\t\t\t\t<\/div>\n\t\t","protected":false},"excerpt":{"rendered":"<p>Peru\u0107ica Wald Urwald Peru\u0107ica Peru\u0107ica ist Teil des Nationalparks Sutjeska und einer der letzten verbliebenen Urw\u00e4lder Europas. Die einzigartige Sch\u00f6nheit von Peru\u0107ica wurde 1952 entdeckt, als es zu einem streng gesch\u00fctzten Gebiet erkl\u00e4rt wurde, das nur f\u00fcr wissenschaftliche und p\u00e4dagogische &hellip; <a href=\"https:\/\/divljarijeka.com\/de\/tour\/maglic\/\">Read More<\/a><\/p>\n","protected":false},"author":6,"featured_media":0,"parent":7042,"menu_order":0,"comment_status":"closed","ping_status":"closed","template":"","meta":{"inline_featured_image":false,"footnotes":""},"class_list":["post-7078","page","type-page","status-publish","hentry"],"yoast_head":"<!-- This site is optimized with the Yoast SEO Premium plugin v27.4 (Yoast SEO v27.4) - https:\/\/yoast.com\/product\/yoast-seo-premium-wordpress\/ -->\n<title>Peru\u0107ica Wald - Abenteuer | Rafting Tara Divlja Rijeka<\/title>\n<meta name=\"description\" content=\"Peru\u0107ica ist Teil des Nationalparks Sutjeska und einer der letzten Urw\u00e4lder Europas. Der Wasserfall Skakavac ist eine besondere Attraktion.\" \/>\n<meta name=\"robots\" content=\"index, follow, max-snippet:-1, max-image-preview:large, max-video-preview:-1\" \/>\n<link rel=\"canonical\" href=\"https:\/\/divljarijeka.com\/de\/attraktionen\/perucica-wald\/\" \/>\n<meta property=\"og:locale\" content=\"de_DE\" \/>\n<meta property=\"og:type\" content=\"article\" \/>\n<meta property=\"og:title\" content=\"Peru\u0107ica Wald\" \/>\n<meta property=\"og:description\" content=\"Peru\u0107ica ist Teil des Nationalparks Sutjeska und einer der letzten Urw\u00e4lder Europas. Der Wasserfall Skakavac ist eine besondere Attraktion.\" \/>\n<meta property=\"og:url\" content=\"https:\/\/divljarijeka.com\/de\/attraktionen\/perucica-wald\/\" \/>\n<meta property=\"og:site_name\" content=\"Rafting Tara Divlja Rijeka\" \/>\n<meta property=\"article:publisher\" content=\"https:\/\/www.facebook.com\/kampdivljarijeka\/\" \/>\n<meta property=\"article:modified_time\" content=\"2025-02-06T19:56:54+00:00\" \/>\n<meta property=\"og:image\" content=\"https:\/\/divljarijeka.com\/wp-content\/uploads\/2018\/04\/rafting-tara-chill.jpg\" \/>\n\t<meta property=\"og:image:width\" content=\"1300\" \/>\n\t<meta property=\"og:image:height\" content=\"868\" \/>\n\t<meta property=\"og:image:type\" content=\"image\/jpeg\" \/>\n<meta name=\"twitter:card\" content=\"summary_large_image\" \/>\n<meta name=\"twitter:site\" content=\"@DivljaRijeka\" \/>\n<meta name=\"twitter:label1\" content=\"Gesch\u00e4tzte Lesezeit\" \/>\n\t<meta name=\"twitter:data1\" content=\"1\u00a0Minute\" \/>\n<script type=\"application\/ld+json\" class=\"yoast-schema-graph\">{\"@context\":\"https:\\\/\\\/schema.org\",\"@graph\":[{\"@type\":\"WebPage\",\"@id\":\"https:\\\/\\\/divljarijeka.com\\\/de\\\/attraktionen\\\/perucica-wald\\\/\",\"url\":\"https:\\\/\\\/divljarijeka.com\\\/de\\\/attraktionen\\\/perucica-wald\\\/\",\"name\":\"Peru\u0107ica Wald - Abenteuer | Rafting Tara Divlja Rijeka\",\"isPartOf\":{\"@id\":\"https:\\\/\\\/divljarijeka.com\\\/de\\\/#website\"},\"datePublished\":\"2025-02-06T19:56:13+00:00\",\"dateModified\":\"2025-02-06T19:56:54+00:00\",\"description\":\"Peru\u0107ica ist Teil des Nationalparks Sutjeska und einer der letzten Urw\u00e4lder Europas. Der Wasserfall Skakavac ist eine besondere Attraktion.\",\"breadcrumb\":{\"@id\":\"https:\\\/\\\/divljarijeka.com\\\/de\\\/attraktionen\\\/perucica-wald\\\/#breadcrumb\"},\"inLanguage\":\"de\",\"potentialAction\":[{\"@type\":\"ReadAction\",\"target\":[\"https:\\\/\\\/divljarijeka.com\\\/de\\\/attraktionen\\\/perucica-wald\\\/\"]}]},{\"@type\":\"BreadcrumbList\",\"@id\":\"https:\\\/\\\/divljarijeka.com\\\/de\\\/attraktionen\\\/perucica-wald\\\/#breadcrumb\",\"itemListElement\":[{\"@type\":\"ListItem\",\"position\":1,\"name\":\"Home\",\"item\":\"https:\\\/\\\/divljarijeka.com\\\/de\\\/\"},{\"@type\":\"ListItem\",\"position\":2,\"name\":\"Attraktionen\",\"item\":\"https:\\\/\\\/divljarijeka.com\\\/de\\\/attraktionen\\\/\"},{\"@type\":\"ListItem\",\"position\":3,\"name\":\"Peru\u0107ica Wald\"}]},{\"@type\":\"WebSite\",\"@id\":\"https:\\\/\\\/divljarijeka.com\\\/de\\\/#website\",\"url\":\"https:\\\/\\\/divljarijeka.com\\\/de\\\/\",\"name\":\"Rafting Tara Divlja Rijeka\",\"description\":\"\",\"publisher\":{\"@id\":\"https:\\\/\\\/divljarijeka.com\\\/de\\\/#organization\"},\"potentialAction\":[{\"@type\":\"SearchAction\",\"target\":{\"@type\":\"EntryPoint\",\"urlTemplate\":\"https:\\\/\\\/divljarijeka.com\\\/de\\\/?s={search_term_string}\"},\"query-input\":{\"@type\":\"PropertyValueSpecification\",\"valueRequired\":true,\"valueName\":\"search_term_string\"}}],\"inLanguage\":\"de\"},{\"@type\":\"Organization\",\"@id\":\"https:\\\/\\\/divljarijeka.com\\\/de\\\/#organization\",\"name\":\"Rafting Tara Divlja Rijeka\",\"url\":\"https:\\\/\\\/divljarijeka.com\\\/de\\\/\",\"logo\":{\"@type\":\"ImageObject\",\"inLanguage\":\"de\",\"@id\":\"https:\\\/\\\/divljarijeka.com\\\/de\\\/#\\\/schema\\\/logo\\\/image\\\/\",\"url\":\"https:\\\/\\\/divljarijeka.com\\\/wp-content\\\/uploads\\\/2018\\\/08\\\/cropped-divlja-rijeka-rafting-publisher.png\",\"contentUrl\":\"https:\\\/\\\/divljarijeka.com\\\/wp-content\\\/uploads\\\/2018\\\/08\\\/cropped-divlja-rijeka-rafting-publisher.png\",\"width\":104,\"height\":60,\"caption\":\"Rafting Tara Divlja Rijeka\"},\"image\":{\"@id\":\"https:\\\/\\\/divljarijeka.com\\\/de\\\/#\\\/schema\\\/logo\\\/image\\\/\"},\"sameAs\":[\"https:\\\/\\\/www.facebook.com\\\/kampdivljarijeka\\\/\",\"https:\\\/\\\/x.com\\\/DivljaRijeka\",\"https:\\\/\\\/www.instagram.com\\\/kampdivljarijeka\\\/\"]}]}<\/script>\n<!-- \/ Yoast SEO Premium plugin. -->","yoast_head_json":{"title":"Peru\u0107ica Wald - Abenteuer | Rafting Tara Divlja Rijeka","description":"Peru\u0107ica ist Teil des Nationalparks Sutjeska und einer der letzten Urw\u00e4lder Europas. Der Wasserfall Skakavac ist eine besondere Attraktion.","robots":{"index":"index","follow":"follow","max-snippet":"max-snippet:-1","max-image-preview":"max-image-preview:large","max-video-preview":"max-video-preview:-1"},"canonical":"https:\/\/divljarijeka.com\/de\/attraktionen\/perucica-wald\/","og_locale":"de_DE","og_type":"article","og_title":"Peru\u0107ica Wald","og_description":"Peru\u0107ica ist Teil des Nationalparks Sutjeska und einer der letzten Urw\u00e4lder Europas. Der Wasserfall Skakavac ist eine besondere Attraktion.","og_url":"https:\/\/divljarijeka.com\/de\/attraktionen\/perucica-wald\/","og_site_name":"Rafting Tara Divlja Rijeka","article_publisher":"https:\/\/www.facebook.com\/kampdivljarijeka\/","article_modified_time":"2025-02-06T19:56:54+00:00","og_image":[{"width":1300,"height":868,"url":"https:\/\/divljarijeka.com\/wp-content\/uploads\/2018\/04\/rafting-tara-chill.jpg","type":"image\/jpeg"}],"twitter_card":"summary_large_image","twitter_site":"@DivljaRijeka","twitter_misc":{"Gesch\u00e4tzte Lesezeit":"1\u00a0Minute"},"schema":{"@context":"https:\/\/schema.org","@graph":[{"@type":"WebPage","@id":"https:\/\/divljarijeka.com\/de\/attraktionen\/perucica-wald\/","url":"https:\/\/divljarijeka.com\/de\/attraktionen\/perucica-wald\/","name":"Peru\u0107ica Wald - Abenteuer | Rafting Tara Divlja Rijeka","isPartOf":{"@id":"https:\/\/divljarijeka.com\/de\/#website"},"datePublished":"2025-02-06T19:56:13+00:00","dateModified":"2025-02-06T19:56:54+00:00","description":"Peru\u0107ica ist Teil des Nationalparks Sutjeska und einer der letzten Urw\u00e4lder Europas. Der Wasserfall Skakavac ist eine besondere Attraktion.","breadcrumb":{"@id":"https:\/\/divljarijeka.com\/de\/attraktionen\/perucica-wald\/#breadcrumb"},"inLanguage":"de","potentialAction":[{"@type":"ReadAction","target":["https:\/\/divljarijeka.com\/de\/attraktionen\/perucica-wald\/"]}]},{"@type":"BreadcrumbList","@id":"https:\/\/divljarijeka.com\/de\/attraktionen\/perucica-wald\/#breadcrumb","itemListElement":[{"@type":"ListItem","position":1,"name":"Home","item":"https:\/\/divljarijeka.com\/de\/"},{"@type":"ListItem","position":2,"name":"Attraktionen","item":"https:\/\/divljarijeka.com\/de\/attraktionen\/"},{"@type":"ListItem","position":3,"name":"Peru\u0107ica Wald"}]},{"@type":"WebSite","@id":"https:\/\/divljarijeka.com\/de\/#website","url":"https:\/\/divljarijeka.com\/de\/","name":"Rafting Tara Divlja Rijeka","description":"","publisher":{"@id":"https:\/\/divljarijeka.com\/de\/#organization"},"potentialAction":[{"@type":"SearchAction","target":{"@type":"EntryPoint","urlTemplate":"https:\/\/divljarijeka.com\/de\/?s={search_term_string}"},"query-input":{"@type":"PropertyValueSpecification","valueRequired":true,"valueName":"search_term_string"}}],"inLanguage":"de"},{"@type":"Organization","@id":"https:\/\/divljarijeka.com\/de\/#organization","name":"Rafting Tara Divlja Rijeka","url":"https:\/\/divljarijeka.com\/de\/","logo":{"@type":"ImageObject","inLanguage":"de","@id":"https:\/\/divljarijeka.com\/de\/#\/schema\/logo\/image\/","url":"https:\/\/divljarijeka.com\/wp-content\/uploads\/2018\/08\/cropped-divlja-rijeka-rafting-publisher.png","contentUrl":"https:\/\/divljarijeka.com\/wp-content\/uploads\/2018\/08\/cropped-divlja-rijeka-rafting-publisher.png","width":104,"height":60,"caption":"Rafting Tara Divlja Rijeka"},"image":{"@id":"https:\/\/divljarijeka.com\/de\/#\/schema\/logo\/image\/"},"sameAs":["https:\/\/www.facebook.com\/kampdivljarijeka\/","https:\/\/x.com\/DivljaRijeka","https:\/\/www.instagram.com\/kampdivljarijeka\/"]}]}},"_links":{"self":[{"href":"https:\/\/divljarijeka.com\/de\/wp-json\/wp\/v2\/pages\/7078","targetHints":{"allow":["GET"]}}],"collection":[{"href":"https:\/\/divljarijeka.com\/de\/wp-json\/wp\/v2\/pages"}],"about":[{"href":"https:\/\/divljarijeka.com\/de\/wp-json\/wp\/v2\/types\/page"}],"author":[{"embeddable":true,"href":"https:\/\/divljarijeka.com\/de\/wp-json\/wp\/v2\/users\/6"}],"replies":[{"embeddable":true,"href":"https:\/\/divljarijeka.com\/de\/wp-json\/wp\/v2\/comments?post=7078"}],"version-history":[{"count":4,"href":"https:\/\/divljarijeka.com\/de\/wp-json\/wp\/v2\/pages\/7078\/revisions"}],"predecessor-version":[{"id":7082,"href":"https:\/\/divljarijeka.com\/de\/wp-json\/wp\/v2\/pages\/7078\/revisions\/7082"}],"up":[{"embeddable":true,"href":"https:\/\/divljarijeka.com\/de\/wp-json\/wp\/v2\/pages\/7042"}],"wp:attachment":[{"href":"https:\/\/divljarijeka.com\/de\/wp-json\/wp\/v2\/media?parent=7078"}],"curies":[{"name":"wp","href":"https:\/\/api.w.org\/{rel}","templated":true}]}}