{"id":4364,"date":"2024-03-06T12:43:14","date_gmt":"2024-03-06T12:43:14","guid":{"rendered":"https:\/\/divljarijeka.com\/?page_id=4364\/"},"modified":"2024-03-07T10:23:35","modified_gmt":"2024-03-07T10:23:35","slug":"educative-2","status":"publish","type":"page","link":"https:\/\/divljarijeka.com\/fr\/visites\/educative-2\/","title":{"rendered":"\u00c9ducative"},"content":{"rendered":"\t\t<div data-elementor-type=\"wp-page\" data-elementor-id=\"4364\" class=\"elementor elementor-4364 elementor-138 elementor-bc-flex-widget\">\n\t\t\t\t\t\t<div class=\"elementor-inner\">\n\t\t\t\t<div class=\"elementor-section-wrap\">\n\t\t\t\t\t\t\t\t\t<section class=\"elementor-section elementor-top-section elementor-element elementor-element-42bd8cb elementor-section-boxed elementor-section-height-default elementor-section-height-default\" data-id=\"42bd8cb\" data-element_type=\"section\">\n\t\t\t\t\t\t<div class=\"elementor-container elementor-column-gap-default\">\n\t\t\t\t\t\t\t<div class=\"elementor-row\">\n\t\t\t\t\t<div class=\"elementor-column elementor-col-100 elementor-top-column elementor-element elementor-element-15fdae0\" data-id=\"15fdae0\" data-element_type=\"column\">\n\t\t\t<div class=\"elementor-column-wrap elementor-element-populated\">\n\t\t\t\t\t\t\t<div class=\"elementor-widget-wrap\">\n\t\t\t\t\t\t<div class=\"elementor-element elementor-element-28ddedc elementor-widget elementor-widget-themo-tour-grid\" data-id=\"28ddedc\" data-element_type=\"widget\" data-widget_type=\"themo-tour-grid.default\">\n\t\t\t\t<div class=\"elementor-widget-container\">\n\t\t\t\n                <div id=\"th-portfolio-content-69ed6fa77ebc1\" class=\"th-portfolio\">\n\n            \n            <div id=\"th-portfolio-row\" class=\"th-portfolio-row row portfolio_content  three-columns th-port-gutter\">\n\n                                        <div id=\"post-3097\" class=\"th-portfolio-item item col-md-4 col-sm-6 p-excursions-de-plusieurs-jours p-expeditions-fr p-np-durmitor-fr p-pedagogique p-rafting-fr p-tara-fr post-3097 themo_tour type-themo_tour status-publish format-standard has-post-thumbnail hentry themo_tour_type-excursions-de-plusieurs-jours themo_tour_type-expeditions-fr themo_tour_type-np-durmitor-fr themo_tour_type-pedagogique themo_tour_type-rafting-fr themo_tour_type-tara-fr\">\n                            <div class=\"th-port-wrap\">\n                                <img decoding=\"async\" width=\"605\" height=\"605\" src=\"https:\/\/divljarijeka.com\/wp-content\/uploads\/2018\/04\/tara-canyon-expedition-001-1-605x605.jpg\" class=\"img-responsive th-port-img wp-post-image\" alt=\"\" \/>\n                                <div class=\"th-port-overlay\"><\/div>\n                                <div class=\"th-port-inner\">\n                                                                            <div class=\"th-port-top-text\">Rafting - Tourn\u00e9e de plusieurs jours<\/div>\n                                                                        <div class=\"th-port-center\">\n                                        <h3 class=\"th-port-title\">Expedition - RETOUR AUX SOURCES<\/h3>\n                                        <p class=\"th-port-sub\">Testez vos limites, apprenez de nouvelles comp\u00e9tences et d\u00e9couvrez le canyon de la Tara dans cet arrangement unique.<\/p>                                                                                    <span class=\"th-port-btn\">VOIR L&#039;EXCURSION<\/span>\n                                                                            <\/div>\n                                    <a href=\"https:\/\/divljarijeka.com\/fr\/tour\/tara-canyon-expedition\/\" class=\"th-port-link\" ><\/a>                                <\/div>\n                            <\/div>\n                        <\/div>\n                                                <div id=\"post-3124\" class=\"th-portfolio-item item col-md-4 col-sm-6 p-excursions-de-plusieurs-jours p-np-durmitor-fr p-rafting-fr p-tara-fr post-3124 themo_tour type-themo_tour status-publish format-standard has-post-thumbnail hentry themo_tour_type-excursions-de-plusieurs-jours themo_tour_type-np-durmitor-fr themo_tour_type-rafting-fr themo_tour_type-tara-fr\">\n                            <div class=\"th-port-wrap\">\n                                <img decoding=\"async\" width=\"605\" height=\"605\" src=\"https:\/\/divljarijeka.com\/wp-content\/uploads\/2018\/04\/true-tara-rafting-experience-605x605.jpg\" class=\"img-responsive th-port-img wp-post-image\" alt=\"\" \/>\n                                <div class=\"th-port-overlay\"><\/div>\n                                <div class=\"th-port-inner\">\n                                                                            <div class=\"th-port-top-text\">Tara Rafting - Tourn\u00e9e de plusieurs jours<\/div>\n                                                                        <div class=\"th-port-center\">\n                                        <h3 class=\"th-port-title\">V\u00e9ritable Exp\u00e9rience De Rafting Sur La Tara<\/h3>\n                                        <p class=\"th-port-sub\">Tourn\u00e9e de rafting sportif de 2 jours dans le canyon europ\u00e9en le plus profond.<\/p>                                                                                    <span class=\"th-port-btn\">VOIR L&#039;EXCURSION<\/span>\n                                                                            <\/div>\n                                    <a href=\"https:\/\/divljarijeka.com\/fr\/tour\/true-tara-rafting-experience\/\" class=\"th-port-link\" ><\/a>                                <\/div>\n                            <\/div>\n                        <\/div>\n                                                <div id=\"post-3173\" class=\"th-portfolio-item item col-md-4 col-sm-6 p-excursions-dune-journee p-np-sutjeska-fr p-pedagogique p-perucica-fr p-randonnee p-trekking post-3173 themo_tour type-themo_tour status-publish format-standard has-post-thumbnail hentry themo_tour_type-excursions-dune-journee themo_tour_type-np-sutjeska-fr themo_tour_type-pedagogique themo_tour_type-perucica-fr themo_tour_type-randonnee themo_tour_type-trekking\">\n                            <div class=\"th-port-wrap\">\n                                <img decoding=\"async\" width=\"394\" height=\"394\" src=\"https:\/\/divljarijeka.com\/wp-content\/uploads\/2018\/04\/perucica-hiking-002-394x394.jpg\" class=\"img-responsive th-port-img wp-post-image\" alt=\"\" \/>\n                                <div class=\"th-port-overlay\"><\/div>\n                                <div class=\"th-port-inner\">\n                                                                            <div class=\"th-port-top-text\">Randonn\u00e9e - Excursion d&#039;une journ\u00e9e<\/div>\n                                                                        <div class=\"th-port-center\">\n                                        <h3 class=\"th-port-title\">Peru\u0107ica - For\u00eat \u00e9trange<\/h3>\n                                        <p class=\"th-port-sub\"> For\u00eat primordiale qui vous coupe le souffle<\/p>                                                                                    <span class=\"th-port-btn\">VOIR L&#039;EXCURSION<\/span>\n                                                                            <\/div>\n                                    <a href=\"https:\/\/divljarijeka.com\/fr\/tour\/foret-tropicale-de-perucica\/\" class=\"th-port-link\" ><\/a>                                <\/div>\n                            <\/div>\n                        <\/div>\n                        \n            <\/div>\n\n        <\/div>\n\n        \t\t<\/div>\n\t\t\t\t<\/div>\n\t\t\t\t\t\t<\/div>\n\t\t\t\t\t<\/div>\n\t\t<\/div>\n\t\t\t\t\t\t\t\t<\/div>\n\t\t\t\t\t<\/div>\n\t\t<\/section>\n\t\t\t\t\t\t\t\t\t<\/div>\n\t\t\t<\/div>\n\t\t\t\t\t<\/div>\n\t\t","protected":false},"excerpt":{"rendered":"<p>Rafting &#8211; Multi-Day Tour Expedition \u2013 BACK TO ROOTS Test your limits, learn new skills and discover Tara canyon in this unique arrangement. VIEW TOUR Tara Rafting &#8211; Multi-Day Tour True Tara Rafting Experience Sport rafting tour for 2 days &hellip; <a href=\"https:\/\/divljarijeka.com\/fr\/tour\/foret-tropicale-de-perucica\/\">Read More<\/a><\/p>\n","protected":false},"author":6,"featured_media":0,"parent":3227,"menu_order":0,"comment_status":"closed","ping_status":"closed","template":"","meta":{"inline_featured_image":false,"footnotes":""},"class_list":["post-4364","page","type-page","status-publish","hentry"],"yoast_head":"<!-- This site is optimized with the Yoast SEO Premium plugin v27.4 (Yoast SEO v27.4) - https:\/\/yoast.com\/product\/yoast-seo-premium-wordpress\/ -->\n<title>\u00c9ducative - Rafting Tara Divlja Rijeka<\/title>\n<meta name=\"robots\" content=\"index, follow, max-snippet:-1, max-image-preview:large, max-video-preview:-1\" \/>\n<link rel=\"canonical\" href=\"https:\/\/divljarijeka.com\/fr\/visites\/educative-2\/\" \/>\n<meta property=\"og:locale\" content=\"fr_FR\" \/>\n<meta property=\"og:type\" content=\"article\" \/>\n<meta property=\"og:title\" content=\"\u00c9ducative\" \/>\n<meta property=\"og:description\" content=\"Rafting &#8211; Multi-Day Tour Expedition \u2013 BACK TO ROOTS Test your limits, learn new skills and discover Tara canyon in this unique arrangement. VIEW TOUR Tara Rafting &#8211; Multi-Day Tour True Tara Rafting Experience Sport rafting tour for 2 days &hellip; Read More\" \/>\n<meta property=\"og:url\" content=\"https:\/\/divljarijeka.com\/fr\/visites\/educative-2\/\" \/>\n<meta property=\"og:site_name\" content=\"Rafting Tara Divlja Rijeka\" \/>\n<meta property=\"article:publisher\" content=\"https:\/\/www.facebook.com\/kampdivljarijeka\/\" \/>\n<meta property=\"article:modified_time\" content=\"2024-03-07T10:23:35+00:00\" \/>\n<meta property=\"og:image\" content=\"https:\/\/divljarijeka.com\/wp-content\/uploads\/2018\/04\/tara-canyon-expedition-001-1-605x605.jpg\" \/>\n<meta name=\"twitter:card\" content=\"summary_large_image\" \/>\n<meta name=\"twitter:site\" content=\"@DivljaRijeka\" \/>\n<meta name=\"twitter:label1\" content=\"Dur\u00e9e de lecture estim\u00e9e\" \/>\n\t<meta name=\"twitter:data1\" content=\"1 minute\" \/>\n<script type=\"application\/ld+json\" class=\"yoast-schema-graph\">{\"@context\":\"https:\\\/\\\/schema.org\",\"@graph\":[{\"@type\":\"WebPage\",\"@id\":\"https:\\\/\\\/divljarijeka.com\\\/fr\\\/visites\\\/educative-2\\\/\",\"url\":\"https:\\\/\\\/divljarijeka.com\\\/fr\\\/visites\\\/educative-2\\\/\",\"name\":\"\u00c9ducative - Rafting Tara Divlja Rijeka\",\"isPartOf\":{\"@id\":\"https:\\\/\\\/divljarijeka.com\\\/fr\\\/#website\"},\"primaryImageOfPage\":{\"@id\":\"https:\\\/\\\/divljarijeka.com\\\/fr\\\/visites\\\/educative-2\\\/#primaryimage\"},\"image\":{\"@id\":\"https:\\\/\\\/divljarijeka.com\\\/fr\\\/visites\\\/educative-2\\\/#primaryimage\"},\"thumbnailUrl\":\"https:\\\/\\\/divljarijeka.com\\\/wp-content\\\/uploads\\\/2018\\\/04\\\/tara-canyon-expedition-001-1-605x605.jpg\",\"datePublished\":\"2024-03-06T12:43:14+00:00\",\"dateModified\":\"2024-03-07T10:23:35+00:00\",\"breadcrumb\":{\"@id\":\"https:\\\/\\\/divljarijeka.com\\\/fr\\\/visites\\\/educative-2\\\/#breadcrumb\"},\"inLanguage\":\"fr-FR\",\"potentialAction\":[{\"@type\":\"ReadAction\",\"target\":[\"https:\\\/\\\/divljarijeka.com\\\/fr\\\/visites\\\/educative-2\\\/\"]}]},{\"@type\":\"ImageObject\",\"inLanguage\":\"fr-FR\",\"@id\":\"https:\\\/\\\/divljarijeka.com\\\/fr\\\/visites\\\/educative-2\\\/#primaryimage\",\"url\":\"https:\\\/\\\/divljarijeka.com\\\/wp-content\\\/uploads\\\/2018\\\/04\\\/tara-canyon-expedition-001-1-605x605.jpg\",\"contentUrl\":\"https:\\\/\\\/divljarijeka.com\\\/wp-content\\\/uploads\\\/2018\\\/04\\\/tara-canyon-expedition-001-1-605x605.jpg\"},{\"@type\":\"BreadcrumbList\",\"@id\":\"https:\\\/\\\/divljarijeka.com\\\/fr\\\/visites\\\/educative-2\\\/#breadcrumb\",\"itemListElement\":[{\"@type\":\"ListItem\",\"position\":1,\"name\":\"Home\",\"item\":\"https:\\\/\\\/divljarijeka.com\\\/fr\\\/\"},{\"@type\":\"ListItem\",\"position\":2,\"name\":\"Visites\",\"item\":\"https:\\\/\\\/divljarijeka.com\\\/fr\\\/tours\\\/\"},{\"@type\":\"ListItem\",\"position\":3,\"name\":\"\u00c9ducative\"}]},{\"@type\":\"WebSite\",\"@id\":\"https:\\\/\\\/divljarijeka.com\\\/fr\\\/#website\",\"url\":\"https:\\\/\\\/divljarijeka.com\\\/fr\\\/\",\"name\":\"Rafting Tara Divlja Rijeka\",\"description\":\"\",\"publisher\":{\"@id\":\"https:\\\/\\\/divljarijeka.com\\\/fr\\\/#organization\"},\"potentialAction\":[{\"@type\":\"SearchAction\",\"target\":{\"@type\":\"EntryPoint\",\"urlTemplate\":\"https:\\\/\\\/divljarijeka.com\\\/fr\\\/?s={search_term_string}\"},\"query-input\":{\"@type\":\"PropertyValueSpecification\",\"valueRequired\":true,\"valueName\":\"search_term_string\"}}],\"inLanguage\":\"fr-FR\"},{\"@type\":\"Organization\",\"@id\":\"https:\\\/\\\/divljarijeka.com\\\/fr\\\/#organization\",\"name\":\"Rafting Tara Divlja Rijeka\",\"url\":\"https:\\\/\\\/divljarijeka.com\\\/fr\\\/\",\"logo\":{\"@type\":\"ImageObject\",\"inLanguage\":\"fr-FR\",\"@id\":\"https:\\\/\\\/divljarijeka.com\\\/fr\\\/#\\\/schema\\\/logo\\\/image\\\/\",\"url\":\"https:\\\/\\\/divljarijeka.com\\\/wp-content\\\/uploads\\\/2018\\\/08\\\/cropped-divlja-rijeka-rafting-publisher.png\",\"contentUrl\":\"https:\\\/\\\/divljarijeka.com\\\/wp-content\\\/uploads\\\/2018\\\/08\\\/cropped-divlja-rijeka-rafting-publisher.png\",\"width\":104,\"height\":60,\"caption\":\"Rafting Tara Divlja Rijeka\"},\"image\":{\"@id\":\"https:\\\/\\\/divljarijeka.com\\\/fr\\\/#\\\/schema\\\/logo\\\/image\\\/\"},\"sameAs\":[\"https:\\\/\\\/www.facebook.com\\\/kampdivljarijeka\\\/\",\"https:\\\/\\\/x.com\\\/DivljaRijeka\",\"https:\\\/\\\/www.instagram.com\\\/kampdivljarijeka\\\/\"]}]}<\/script>\n<!-- \/ Yoast SEO Premium plugin. -->","yoast_head_json":{"title":"\u00c9ducative - Rafting Tara Divlja Rijeka","robots":{"index":"index","follow":"follow","max-snippet":"max-snippet:-1","max-image-preview":"max-image-preview:large","max-video-preview":"max-video-preview:-1"},"canonical":"https:\/\/divljarijeka.com\/fr\/visites\/educative-2\/","og_locale":"fr_FR","og_type":"article","og_title":"\u00c9ducative","og_description":"Rafting &#8211; Multi-Day Tour Expedition \u2013 BACK TO ROOTS Test your limits, learn new skills and discover Tara canyon in this unique arrangement. VIEW TOUR Tara Rafting &#8211; Multi-Day Tour True Tara Rafting Experience Sport rafting tour for 2 days &hellip; Read More","og_url":"https:\/\/divljarijeka.com\/fr\/visites\/educative-2\/","og_site_name":"Rafting Tara Divlja Rijeka","article_publisher":"https:\/\/www.facebook.com\/kampdivljarijeka\/","article_modified_time":"2024-03-07T10:23:35+00:00","og_image":[{"url":"https:\/\/divljarijeka.com\/wp-content\/uploads\/2018\/04\/tara-canyon-expedition-001-1-605x605.jpg","type":"","width":"","height":""}],"twitter_card":"summary_large_image","twitter_site":"@DivljaRijeka","twitter_misc":{"Dur\u00e9e de lecture estim\u00e9e":"1 minute"},"schema":{"@context":"https:\/\/schema.org","@graph":[{"@type":"WebPage","@id":"https:\/\/divljarijeka.com\/fr\/visites\/educative-2\/","url":"https:\/\/divljarijeka.com\/fr\/visites\/educative-2\/","name":"\u00c9ducative - Rafting Tara Divlja Rijeka","isPartOf":{"@id":"https:\/\/divljarijeka.com\/fr\/#website"},"primaryImageOfPage":{"@id":"https:\/\/divljarijeka.com\/fr\/visites\/educative-2\/#primaryimage"},"image":{"@id":"https:\/\/divljarijeka.com\/fr\/visites\/educative-2\/#primaryimage"},"thumbnailUrl":"https:\/\/divljarijeka.com\/wp-content\/uploads\/2018\/04\/tara-canyon-expedition-001-1-605x605.jpg","datePublished":"2024-03-06T12:43:14+00:00","dateModified":"2024-03-07T10:23:35+00:00","breadcrumb":{"@id":"https:\/\/divljarijeka.com\/fr\/visites\/educative-2\/#breadcrumb"},"inLanguage":"fr-FR","potentialAction":[{"@type":"ReadAction","target":["https:\/\/divljarijeka.com\/fr\/visites\/educative-2\/"]}]},{"@type":"ImageObject","inLanguage":"fr-FR","@id":"https:\/\/divljarijeka.com\/fr\/visites\/educative-2\/#primaryimage","url":"https:\/\/divljarijeka.com\/wp-content\/uploads\/2018\/04\/tara-canyon-expedition-001-1-605x605.jpg","contentUrl":"https:\/\/divljarijeka.com\/wp-content\/uploads\/2018\/04\/tara-canyon-expedition-001-1-605x605.jpg"},{"@type":"BreadcrumbList","@id":"https:\/\/divljarijeka.com\/fr\/visites\/educative-2\/#breadcrumb","itemListElement":[{"@type":"ListItem","position":1,"name":"Home","item":"https:\/\/divljarijeka.com\/fr\/"},{"@type":"ListItem","position":2,"name":"Visites","item":"https:\/\/divljarijeka.com\/fr\/tours\/"},{"@type":"ListItem","position":3,"name":"\u00c9ducative"}]},{"@type":"WebSite","@id":"https:\/\/divljarijeka.com\/fr\/#website","url":"https:\/\/divljarijeka.com\/fr\/","name":"Rafting Tara Divlja Rijeka","description":"","publisher":{"@id":"https:\/\/divljarijeka.com\/fr\/#organization"},"potentialAction":[{"@type":"SearchAction","target":{"@type":"EntryPoint","urlTemplate":"https:\/\/divljarijeka.com\/fr\/?s={search_term_string}"},"query-input":{"@type":"PropertyValueSpecification","valueRequired":true,"valueName":"search_term_string"}}],"inLanguage":"fr-FR"},{"@type":"Organization","@id":"https:\/\/divljarijeka.com\/fr\/#organization","name":"Rafting Tara Divlja Rijeka","url":"https:\/\/divljarijeka.com\/fr\/","logo":{"@type":"ImageObject","inLanguage":"fr-FR","@id":"https:\/\/divljarijeka.com\/fr\/#\/schema\/logo\/image\/","url":"https:\/\/divljarijeka.com\/wp-content\/uploads\/2018\/08\/cropped-divlja-rijeka-rafting-publisher.png","contentUrl":"https:\/\/divljarijeka.com\/wp-content\/uploads\/2018\/08\/cropped-divlja-rijeka-rafting-publisher.png","width":104,"height":60,"caption":"Rafting Tara Divlja Rijeka"},"image":{"@id":"https:\/\/divljarijeka.com\/fr\/#\/schema\/logo\/image\/"},"sameAs":["https:\/\/www.facebook.com\/kampdivljarijeka\/","https:\/\/x.com\/DivljaRijeka","https:\/\/www.instagram.com\/kampdivljarijeka\/"]}]}},"_links":{"self":[{"href":"https:\/\/divljarijeka.com\/fr\/wp-json\/wp\/v2\/pages\/4364","targetHints":{"allow":["GET"]}}],"collection":[{"href":"https:\/\/divljarijeka.com\/fr\/wp-json\/wp\/v2\/pages"}],"about":[{"href":"https:\/\/divljarijeka.com\/fr\/wp-json\/wp\/v2\/types\/page"}],"author":[{"embeddable":true,"href":"https:\/\/divljarijeka.com\/fr\/wp-json\/wp\/v2\/users\/6"}],"replies":[{"embeddable":true,"href":"https:\/\/divljarijeka.com\/fr\/wp-json\/wp\/v2\/comments?post=4364"}],"version-history":[{"count":0,"href":"https:\/\/divljarijeka.com\/fr\/wp-json\/wp\/v2\/pages\/4364\/revisions"}],"up":[{"embeddable":true,"href":"https:\/\/divljarijeka.com\/fr\/wp-json\/wp\/v2\/pages\/3227"}],"wp:attachment":[{"href":"https:\/\/divljarijeka.com\/fr\/wp-json\/wp\/v2\/media?parent=4364"}],"curies":[{"name":"wp","href":"https:\/\/api.w.org\/{rel}","templated":true}]}}