{"id":4565,"date":"2024-03-07T12:30:17","date_gmt":"2024-03-07T12:30:17","guid":{"rendered":"https:\/\/divljarijeka.com\/?page_id=4565\/"},"modified":"2024-03-09T11:16:42","modified_gmt":"2024-03-09T11:16:42","slug":"canyon-de-nevidio","status":"publish","type":"page","link":"https:\/\/divljarijeka.com\/fr\/atractions\/canyon-de-nevidio\/","title":{"rendered":"Canyon de Nevidio"},"content":{"rendered":"\t\t<div data-elementor-type=\"wp-page\" data-elementor-id=\"4565\" class=\"elementor elementor-4565 elementor-155\">\n\t\t\t\t\t\t<div class=\"elementor-inner\">\n\t\t\t\t<div class=\"elementor-section-wrap\">\n\t\t\t\t\t\t\t\t\t<section class=\"elementor-section elementor-top-section elementor-element elementor-element-f2cb320 elementor-section-full_width elementor-section-height-min-height elementor-section-height-default elementor-section-items-middle\" data-id=\"f2cb320\" data-element_type=\"section\" data-settings=\"{&quot;background_background&quot;:&quot;classic&quot;}\">\n\t\t\t\t\t\t\t<div class=\"elementor-background-overlay\"><\/div>\n\t\t\t\t\t\t\t<div class=\"elementor-container elementor-column-gap-default\">\n\t\t\t\t\t\t\t<div class=\"elementor-row\">\n\t\t\t\t\t<div class=\"elementor-column elementor-col-100 elementor-top-column elementor-element elementor-element-0cc6926\" data-id=\"0cc6926\" data-element_type=\"column\">\n\t\t\t<div class=\"elementor-column-wrap elementor-element-populated\">\n\t\t\t\t\t\t\t<div class=\"elementor-widget-wrap\">\n\t\t\t\t\t\t<div class=\"elementor-element elementor-element-7ecd409 elementor-view-default elementor-position-top elementor-widget elementor-widget-themo-header\" data-id=\"7ecd409\" data-element_type=\"widget\" data-widget_type=\"themo-header.default\">\n\t\t\t\t<div class=\"elementor-widget-container\">\n\t\t\t\t\t<div class=\"th-header-wrap\">\n        <div class=\"elementor-icon-box-wrapper \">\n                            <div class=\"elementor-icon-box-content\">\n                    <h1 class=\"elementor-icon-box-title\">\n                        CANYON DE NEVIDIO                    <\/h1>\n                                        <p class=\"elementor-icon-box-description\"><\/p>\n\n                                    <\/div>\n            <\/div>\n\n        <\/div>\n\n\t\t\t\t<\/div>\n\t\t\t\t<\/div>\n\t\t\t\t\t\t<\/div>\n\t\t\t\t\t<\/div>\n\t\t<\/div>\n\t\t\t\t\t\t\t\t<\/div>\n\t\t\t\t\t<\/div>\n\t\t<\/section>\n\t\t\t\t<section class=\"elementor-section elementor-top-section elementor-element elementor-element-b164352 elementor-section-boxed elementor-section-height-default elementor-section-height-default\" data-id=\"b164352\" data-element_type=\"section\">\n\t\t\t\t\t\t<div class=\"elementor-container elementor-column-gap-default\">\n\t\t\t\t\t\t\t<div class=\"elementor-row\">\n\t\t\t\t\t<div class=\"elementor-column elementor-col-100 elementor-top-column elementor-element elementor-element-fbdfa76\" data-id=\"fbdfa76\" data-element_type=\"column\">\n\t\t\t<div class=\"elementor-column-wrap elementor-element-populated\">\n\t\t\t\t\t\t\t<div class=\"elementor-widget-wrap\">\n\t\t\t\t\t\t<div class=\"elementor-element elementor-element-bd677d8 elementor-widget elementor-widget-spacer\" data-id=\"bd677d8\" data-element_type=\"widget\" data-widget_type=\"spacer.default\">\n\t\t\t\t<div class=\"elementor-widget-container\">\n\t\t\t\t\t<div class=\"elementor-spacer\">\n\t\t\t<div class=\"elementor-spacer-inner\"><\/div>\n\t\t<\/div>\n\t\t\t\t<\/div>\n\t\t\t\t<\/div>\n\t\t\t\t<div class=\"elementor-element elementor-element-68577fe elementor-view-default elementor-position-top elementor-widget elementor-widget-themo-header\" data-id=\"68577fe\" data-element_type=\"widget\" data-widget_type=\"themo-header.default\">\n\t\t\t\t<div class=\"elementor-widget-container\">\n\t\t\t\t\t<div class=\"th-header-wrap\">\n        <div class=\"elementor-icon-box-wrapper th-show-icon\">\n                            <div class=\"elementor-icon-box-icon th-icon-size-lg\">\n                    <span class=\"elementor-icon \">\n                        <i aria-hidden=\"true\" class=\"th-trip travelpack th-trip travelpack-mountains-snow\"><\/i>                    <\/span>\n                <\/div>\n                                <div class=\"elementor-icon-box-content\">\n                    <h2 class=\"elementor-icon-box-title\">\n                        Le canyon de Nevidio                    <\/h2>\n                                        <p class=\"elementor-icon-box-description\">Ce canyon fait partie de la rivi\u00e8re Komarnica dans le nord-ouest du Mont\u00e9n\u00e9gro et est consid\u00e9r\u00e9 comme le canyon le plus infranchissable d'Europe jusqu'en 1965, date \u00e0 laquelle il a finalement \u00e9t\u00e9 conquis, apr\u00e8s plusieurs tentatives, par un groupe d'alpinistes locaux.\nLe canyon de Nevidio mesure environ 3,8 km de long et atteint une profondeur d'environ 450 m\u00e8tres par endroits. Aujourd'hui, c'est une destination tr\u00e8s populaire pour ceux qui aiment le canyoning extr\u00eame et les mont\u00e9es d'adr\u00e9naline.<\/p>\n\n                                    <\/div>\n            <\/div>\n\n        <\/div>\n\n\t\t\t\t<\/div>\n\t\t\t\t<\/div>\n\t\t\t\t\t\t<\/div>\n\t\t\t\t\t<\/div>\n\t\t<\/div>\n\t\t\t\t\t\t\t\t<\/div>\n\t\t\t\t\t<\/div>\n\t\t<\/section>\n\t\t\t\t<section class=\"elementor-section elementor-top-section elementor-element elementor-element-3af344b elementor-section-boxed elementor-section-height-default elementor-section-height-default\" data-id=\"3af344b\" data-element_type=\"section\">\n\t\t\t\t\t\t<div class=\"elementor-container elementor-column-gap-default\">\n\t\t\t\t\t\t\t<div class=\"elementor-row\">\n\t\t\t\t\t<div class=\"elementor-column elementor-col-100 elementor-top-column elementor-element elementor-element-ca303ec\" data-id=\"ca303ec\" data-element_type=\"column\">\n\t\t\t<div class=\"elementor-column-wrap elementor-element-populated\">\n\t\t\t\t\t\t\t<div class=\"elementor-widget-wrap\">\n\t\t\t\t\t\t<div class=\"elementor-element elementor-element-20ca7ea elementor-widget elementor-widget-spacer\" data-id=\"20ca7ea\" data-element_type=\"widget\" data-widget_type=\"spacer.default\">\n\t\t\t\t<div class=\"elementor-widget-container\">\n\t\t\t\t\t<div class=\"elementor-spacer\">\n\t\t\t<div class=\"elementor-spacer-inner\"><\/div>\n\t\t<\/div>\n\t\t\t\t<\/div>\n\t\t\t\t<\/div>\n\t\t\t\t\t\t<\/div>\n\t\t\t\t\t<\/div>\n\t\t<\/div>\n\t\t\t\t\t\t\t\t<\/div>\n\t\t\t\t\t<\/div>\n\t\t<\/section>\n\t\t\t\t<section class=\"elementor-section elementor-top-section elementor-element elementor-element-e812034 elementor-section-boxed elementor-section-height-default elementor-section-height-default\" data-id=\"e812034\" data-element_type=\"section\">\n\t\t\t\t\t\t<div class=\"elementor-container elementor-column-gap-default\">\n\t\t\t\t\t\t\t<div class=\"elementor-row\">\n\t\t\t\t\t<div class=\"elementor-column elementor-col-100 elementor-top-column elementor-element elementor-element-388e3a4\" data-id=\"388e3a4\" data-element_type=\"column\">\n\t\t\t<div class=\"elementor-column-wrap elementor-element-populated\">\n\t\t\t\t\t\t\t<div class=\"elementor-widget-wrap\">\n\t\t\t\t\t\t<div class=\"elementor-element elementor-element-321629a elementor-widget elementor-widget-themo-tour-grid\" data-id=\"321629a\" data-element_type=\"widget\" data-widget_type=\"themo-tour-grid.default\">\n\t\t\t\t<div class=\"elementor-widget-container\">\n\t\t\t\n                <div id=\"th-portfolio-content-69f113bee3b6e\" class=\"th-portfolio\">\n\n            \n            <div id=\"th-portfolio-row\" class=\"th-portfolio-row row portfolio_content  three-columns th-port-gutter\">\n\n                                        <div id=\"post-3213\" class=\"th-portfolio-item item col-md-4 col-sm-6 p-canyoning-fr p-excursions-dune-journee p-np-durmitor-fr post-3213 themo_tour type-themo_tour status-publish format-standard has-post-thumbnail hentry themo_tour_type-canyoning-fr themo_tour_type-excursions-dune-journee themo_tour_type-np-durmitor-fr\">\n                            <div class=\"th-port-wrap\">\n                                <img decoding=\"async\" width=\"605\" height=\"605\" src=\"https:\/\/divljarijeka.com\/wp-content\/uploads\/2018\/04\/adrenaline-canyoning-nevidio-605x605.jpg\" class=\"img-responsive th-port-img wp-post-image\" alt=\"Canyoning\" \/>\n                                <div class=\"th-port-overlay\"><\/div>\n                                <div class=\"th-port-inner\">\n                                                                            <div class=\"th-port-top-text\">Canyoning - Excursion d&#039;une journ\u00e9e<\/div>\n                                                                        <div class=\"th-port-center\">\n                                        <h3 class=\"th-port-title\"> Canyoning Adr\u00e9naline - Nevidio<\/h3>\n                                        <p class=\"th-port-sub\">Le canyon de Nevidio est l'un des derniers canyons conquis en Europe.<\/p>                                                                                    <span class=\"th-port-btn\">VOIR L&#039;EXCURSION<\/span>\n                                                                            <\/div>\n                                    <a href=\"https:\/\/divljarijeka.com\/fr\/tour\/canyoning-nevidio\/\" class=\"th-port-link\" ><\/a>                                <\/div>\n                            <\/div>\n                        <\/div>\n                        \n            <\/div>\n\n        <\/div>\n\n        \t\t<\/div>\n\t\t\t\t<\/div>\n\t\t\t\t<div class=\"elementor-element elementor-element-96b02c0 elementor-widget elementor-widget-html\" data-id=\"96b02c0\" data-element_type=\"widget\" data-widget_type=\"html.default\">\n\t\t\t\t<div class=\"elementor-widget-container\">\n\t\t\t<iframe loading=\"lazy\" src=\"https:\/\/www.google.com\/maps\/d\/embed?mid=1hAPv72fvfq6aphexEpqmS-E6-LZ2PAf5\" width=\"640\" height=\"480\"><\/iframe>\t\t<\/div>\n\t\t\t\t<\/div>\n\t\t\t\t\t\t<\/div>\n\t\t\t\t\t<\/div>\n\t\t<\/div>\n\t\t\t\t\t\t\t\t<\/div>\n\t\t\t\t\t<\/div>\n\t\t<\/section>\n\t\t\t\t\t\t\t\t\t<\/div>\n\t\t\t<\/div>\n\t\t\t\t\t<\/div>\n\t\t","protected":false},"excerpt":{"rendered":"<p>CANYON DE NEVIDIO Le canyon de Nevidio Ce canyon fait partie de la rivi\u00e8re Komarnica dans le nord-ouest du Mont\u00e9n\u00e9gro et est consid\u00e9r\u00e9 comme le canyon le plus infranchissable d&rsquo;Europe jusqu&rsquo;en 1965, date \u00e0 laquelle il a finalement \u00e9t\u00e9 conquis, &hellip; <a href=\"https:\/\/divljarijeka.com\/fr\/tour\/canyoning-nevidio\/\">Read More<\/a><\/p>\n","protected":false},"author":6,"featured_media":845,"parent":4422,"menu_order":0,"comment_status":"closed","ping_status":"closed","template":"","meta":{"inline_featured_image":false,"footnotes":""},"class_list":["post-4565","page","type-page","status-publish","has-post-thumbnail","hentry"],"yoast_head":"<!-- This site is optimized with the Yoast SEO Premium plugin v27.4 (Yoast SEO v27.4) - https:\/\/yoast.com\/product\/yoast-seo-premium-wordpress\/ -->\n<title>Canyon de Nevidio - Rafting Tara Divlja Rijeka<\/title>\n<meta name=\"robots\" content=\"index, follow, max-snippet:-1, max-image-preview:large, max-video-preview:-1\" \/>\n<link rel=\"canonical\" href=\"https:\/\/divljarijeka.com\/fr\/atractions\/canyon-de-nevidio\/\" \/>\n<meta property=\"og:locale\" content=\"fr_FR\" \/>\n<meta property=\"og:type\" content=\"article\" \/>\n<meta property=\"og:title\" content=\"Canyon de Nevidio\" \/>\n<meta property=\"og:description\" content=\"CANYON DE NEVIDIO Le canyon de Nevidio Ce canyon fait partie de la rivi\u00e8re Komarnica dans le nord-ouest du Mont\u00e9n\u00e9gro et est consid\u00e9r\u00e9 comme le canyon le plus infranchissable d&rsquo;Europe jusqu&rsquo;en 1965, date \u00e0 laquelle il a finalement \u00e9t\u00e9 conquis, &hellip; Read More\" \/>\n<meta property=\"og:url\" content=\"https:\/\/divljarijeka.com\/fr\/atractions\/canyon-de-nevidio\/\" \/>\n<meta property=\"og:site_name\" content=\"Rafting Tara Divlja Rijeka\" \/>\n<meta property=\"article:publisher\" content=\"https:\/\/www.facebook.com\/kampdivljarijeka\/\" \/>\n<meta property=\"article:modified_time\" content=\"2024-03-09T11:16:42+00:00\" \/>\n<meta property=\"og:image\" content=\"https:\/\/divljarijeka.com\/wp-content\/uploads\/2018\/05\/nevidio.jpg\" \/>\n\t<meta property=\"og:image:width\" content=\"1300\" \/>\n\t<meta property=\"og:image:height\" content=\"732\" \/>\n\t<meta property=\"og:image:type\" content=\"image\/jpeg\" \/>\n<meta name=\"twitter:card\" content=\"summary_large_image\" \/>\n<meta name=\"twitter:site\" content=\"@DivljaRijeka\" \/>\n<meta name=\"twitter:label1\" content=\"Dur\u00e9e de lecture estim\u00e9e\" \/>\n\t<meta name=\"twitter:data1\" content=\"1 minute\" \/>\n<script type=\"application\/ld+json\" class=\"yoast-schema-graph\">{\"@context\":\"https:\\\/\\\/schema.org\",\"@graph\":[{\"@type\":\"WebPage\",\"@id\":\"https:\\\/\\\/divljarijeka.com\\\/fr\\\/atractions\\\/canyon-de-nevidio\\\/\",\"url\":\"https:\\\/\\\/divljarijeka.com\\\/fr\\\/atractions\\\/canyon-de-nevidio\\\/\",\"name\":\"Canyon de Nevidio - Rafting Tara Divlja Rijeka\",\"isPartOf\":{\"@id\":\"https:\\\/\\\/divljarijeka.com\\\/fr\\\/#website\"},\"primaryImageOfPage\":{\"@id\":\"https:\\\/\\\/divljarijeka.com\\\/fr\\\/atractions\\\/canyon-de-nevidio\\\/#primaryimage\"},\"image\":{\"@id\":\"https:\\\/\\\/divljarijeka.com\\\/fr\\\/atractions\\\/canyon-de-nevidio\\\/#primaryimage\"},\"thumbnailUrl\":\"https:\\\/\\\/divljarijeka.com\\\/wp-content\\\/uploads\\\/2018\\\/05\\\/nevidio.jpg\",\"datePublished\":\"2024-03-07T12:30:17+00:00\",\"dateModified\":\"2024-03-09T11:16:42+00:00\",\"breadcrumb\":{\"@id\":\"https:\\\/\\\/divljarijeka.com\\\/fr\\\/atractions\\\/canyon-de-nevidio\\\/#breadcrumb\"},\"inLanguage\":\"fr-FR\",\"potentialAction\":[{\"@type\":\"ReadAction\",\"target\":[\"https:\\\/\\\/divljarijeka.com\\\/fr\\\/atractions\\\/canyon-de-nevidio\\\/\"]}]},{\"@type\":\"ImageObject\",\"inLanguage\":\"fr-FR\",\"@id\":\"https:\\\/\\\/divljarijeka.com\\\/fr\\\/atractions\\\/canyon-de-nevidio\\\/#primaryimage\",\"url\":\"https:\\\/\\\/divljarijeka.com\\\/wp-content\\\/uploads\\\/2018\\\/05\\\/nevidio.jpg\",\"contentUrl\":\"https:\\\/\\\/divljarijeka.com\\\/wp-content\\\/uploads\\\/2018\\\/05\\\/nevidio.jpg\",\"width\":1300,\"height\":732},{\"@type\":\"BreadcrumbList\",\"@id\":\"https:\\\/\\\/divljarijeka.com\\\/fr\\\/atractions\\\/canyon-de-nevidio\\\/#breadcrumb\",\"itemListElement\":[{\"@type\":\"ListItem\",\"position\":1,\"name\":\"Home\",\"item\":\"https:\\\/\\\/divljarijeka.com\\\/fr\\\/\"},{\"@type\":\"ListItem\",\"position\":2,\"name\":\"Atractions\",\"item\":\"https:\\\/\\\/divljarijeka.com\\\/fr\\\/atrakcije\\\/\"},{\"@type\":\"ListItem\",\"position\":3,\"name\":\"Canyon de Nevidio\"}]},{\"@type\":\"WebSite\",\"@id\":\"https:\\\/\\\/divljarijeka.com\\\/fr\\\/#website\",\"url\":\"https:\\\/\\\/divljarijeka.com\\\/fr\\\/\",\"name\":\"Rafting Tara Divlja Rijeka\",\"description\":\"\",\"publisher\":{\"@id\":\"https:\\\/\\\/divljarijeka.com\\\/fr\\\/#organization\"},\"potentialAction\":[{\"@type\":\"SearchAction\",\"target\":{\"@type\":\"EntryPoint\",\"urlTemplate\":\"https:\\\/\\\/divljarijeka.com\\\/fr\\\/?s={search_term_string}\"},\"query-input\":{\"@type\":\"PropertyValueSpecification\",\"valueRequired\":true,\"valueName\":\"search_term_string\"}}],\"inLanguage\":\"fr-FR\"},{\"@type\":\"Organization\",\"@id\":\"https:\\\/\\\/divljarijeka.com\\\/fr\\\/#organization\",\"name\":\"Rafting Tara Divlja Rijeka\",\"url\":\"https:\\\/\\\/divljarijeka.com\\\/fr\\\/\",\"logo\":{\"@type\":\"ImageObject\",\"inLanguage\":\"fr-FR\",\"@id\":\"https:\\\/\\\/divljarijeka.com\\\/fr\\\/#\\\/schema\\\/logo\\\/image\\\/\",\"url\":\"https:\\\/\\\/divljarijeka.com\\\/wp-content\\\/uploads\\\/2018\\\/08\\\/cropped-divlja-rijeka-rafting-publisher.png\",\"contentUrl\":\"https:\\\/\\\/divljarijeka.com\\\/wp-content\\\/uploads\\\/2018\\\/08\\\/cropped-divlja-rijeka-rafting-publisher.png\",\"width\":104,\"height\":60,\"caption\":\"Rafting Tara Divlja Rijeka\"},\"image\":{\"@id\":\"https:\\\/\\\/divljarijeka.com\\\/fr\\\/#\\\/schema\\\/logo\\\/image\\\/\"},\"sameAs\":[\"https:\\\/\\\/www.facebook.com\\\/kampdivljarijeka\\\/\",\"https:\\\/\\\/x.com\\\/DivljaRijeka\",\"https:\\\/\\\/www.instagram.com\\\/kampdivljarijeka\\\/\"]}]}<\/script>\n<!-- \/ Yoast SEO Premium plugin. -->","yoast_head_json":{"title":"Canyon de Nevidio - Rafting Tara Divlja Rijeka","robots":{"index":"index","follow":"follow","max-snippet":"max-snippet:-1","max-image-preview":"max-image-preview:large","max-video-preview":"max-video-preview:-1"},"canonical":"https:\/\/divljarijeka.com\/fr\/atractions\/canyon-de-nevidio\/","og_locale":"fr_FR","og_type":"article","og_title":"Canyon de Nevidio","og_description":"CANYON DE NEVIDIO Le canyon de Nevidio Ce canyon fait partie de la rivi\u00e8re Komarnica dans le nord-ouest du Mont\u00e9n\u00e9gro et est consid\u00e9r\u00e9 comme le canyon le plus infranchissable d&rsquo;Europe jusqu&rsquo;en 1965, date \u00e0 laquelle il a finalement \u00e9t\u00e9 conquis, &hellip; Read More","og_url":"https:\/\/divljarijeka.com\/fr\/atractions\/canyon-de-nevidio\/","og_site_name":"Rafting Tara Divlja Rijeka","article_publisher":"https:\/\/www.facebook.com\/kampdivljarijeka\/","article_modified_time":"2024-03-09T11:16:42+00:00","og_image":[{"width":1300,"height":732,"url":"https:\/\/divljarijeka.com\/wp-content\/uploads\/2018\/05\/nevidio.jpg","type":"image\/jpeg"}],"twitter_card":"summary_large_image","twitter_site":"@DivljaRijeka","twitter_misc":{"Dur\u00e9e de lecture estim\u00e9e":"1 minute"},"schema":{"@context":"https:\/\/schema.org","@graph":[{"@type":"WebPage","@id":"https:\/\/divljarijeka.com\/fr\/atractions\/canyon-de-nevidio\/","url":"https:\/\/divljarijeka.com\/fr\/atractions\/canyon-de-nevidio\/","name":"Canyon de Nevidio - Rafting Tara Divlja Rijeka","isPartOf":{"@id":"https:\/\/divljarijeka.com\/fr\/#website"},"primaryImageOfPage":{"@id":"https:\/\/divljarijeka.com\/fr\/atractions\/canyon-de-nevidio\/#primaryimage"},"image":{"@id":"https:\/\/divljarijeka.com\/fr\/atractions\/canyon-de-nevidio\/#primaryimage"},"thumbnailUrl":"https:\/\/divljarijeka.com\/wp-content\/uploads\/2018\/05\/nevidio.jpg","datePublished":"2024-03-07T12:30:17+00:00","dateModified":"2024-03-09T11:16:42+00:00","breadcrumb":{"@id":"https:\/\/divljarijeka.com\/fr\/atractions\/canyon-de-nevidio\/#breadcrumb"},"inLanguage":"fr-FR","potentialAction":[{"@type":"ReadAction","target":["https:\/\/divljarijeka.com\/fr\/atractions\/canyon-de-nevidio\/"]}]},{"@type":"ImageObject","inLanguage":"fr-FR","@id":"https:\/\/divljarijeka.com\/fr\/atractions\/canyon-de-nevidio\/#primaryimage","url":"https:\/\/divljarijeka.com\/wp-content\/uploads\/2018\/05\/nevidio.jpg","contentUrl":"https:\/\/divljarijeka.com\/wp-content\/uploads\/2018\/05\/nevidio.jpg","width":1300,"height":732},{"@type":"BreadcrumbList","@id":"https:\/\/divljarijeka.com\/fr\/atractions\/canyon-de-nevidio\/#breadcrumb","itemListElement":[{"@type":"ListItem","position":1,"name":"Home","item":"https:\/\/divljarijeka.com\/fr\/"},{"@type":"ListItem","position":2,"name":"Atractions","item":"https:\/\/divljarijeka.com\/fr\/atrakcije\/"},{"@type":"ListItem","position":3,"name":"Canyon de Nevidio"}]},{"@type":"WebSite","@id":"https:\/\/divljarijeka.com\/fr\/#website","url":"https:\/\/divljarijeka.com\/fr\/","name":"Rafting Tara Divlja Rijeka","description":"","publisher":{"@id":"https:\/\/divljarijeka.com\/fr\/#organization"},"potentialAction":[{"@type":"SearchAction","target":{"@type":"EntryPoint","urlTemplate":"https:\/\/divljarijeka.com\/fr\/?s={search_term_string}"},"query-input":{"@type":"PropertyValueSpecification","valueRequired":true,"valueName":"search_term_string"}}],"inLanguage":"fr-FR"},{"@type":"Organization","@id":"https:\/\/divljarijeka.com\/fr\/#organization","name":"Rafting Tara Divlja Rijeka","url":"https:\/\/divljarijeka.com\/fr\/","logo":{"@type":"ImageObject","inLanguage":"fr-FR","@id":"https:\/\/divljarijeka.com\/fr\/#\/schema\/logo\/image\/","url":"https:\/\/divljarijeka.com\/wp-content\/uploads\/2018\/08\/cropped-divlja-rijeka-rafting-publisher.png","contentUrl":"https:\/\/divljarijeka.com\/wp-content\/uploads\/2018\/08\/cropped-divlja-rijeka-rafting-publisher.png","width":104,"height":60,"caption":"Rafting Tara Divlja Rijeka"},"image":{"@id":"https:\/\/divljarijeka.com\/fr\/#\/schema\/logo\/image\/"},"sameAs":["https:\/\/www.facebook.com\/kampdivljarijeka\/","https:\/\/x.com\/DivljaRijeka","https:\/\/www.instagram.com\/kampdivljarijeka\/"]}]}},"_links":{"self":[{"href":"https:\/\/divljarijeka.com\/fr\/wp-json\/wp\/v2\/pages\/4565","targetHints":{"allow":["GET"]}}],"collection":[{"href":"https:\/\/divljarijeka.com\/fr\/wp-json\/wp\/v2\/pages"}],"about":[{"href":"https:\/\/divljarijeka.com\/fr\/wp-json\/wp\/v2\/types\/page"}],"author":[{"embeddable":true,"href":"https:\/\/divljarijeka.com\/fr\/wp-json\/wp\/v2\/users\/6"}],"replies":[{"embeddable":true,"href":"https:\/\/divljarijeka.com\/fr\/wp-json\/wp\/v2\/comments?post=4565"}],"version-history":[{"count":3,"href":"https:\/\/divljarijeka.com\/fr\/wp-json\/wp\/v2\/pages\/4565\/revisions"}],"predecessor-version":[{"id":4822,"href":"https:\/\/divljarijeka.com\/fr\/wp-json\/wp\/v2\/pages\/4565\/revisions\/4822"}],"up":[{"embeddable":true,"href":"https:\/\/divljarijeka.com\/fr\/wp-json\/wp\/v2\/pages\/4422"}],"wp:featuredmedia":[{"embeddable":true,"href":"https:\/\/divljarijeka.com\/fr\/wp-json\/wp\/v2\/media\/845"}],"wp:attachment":[{"href":"https:\/\/divljarijeka.com\/fr\/wp-json\/wp\/v2\/media?parent=4565"}],"curies":[{"name":"wp","href":"https:\/\/api.w.org\/{rel}","templated":true}]}}