{"id":4620,"date":"2024-03-07T13:24:53","date_gmt":"2024-03-07T13:24:53","guid":{"rendered":"https:\/\/divljarijeka.com\/?page_id=4620\/"},"modified":"2024-03-09T11:28:49","modified_gmt":"2024-03-09T11:28:49","slug":"zelengora","status":"publish","type":"page","link":"https:\/\/divljarijeka.com\/fr\/atractions\/zelengora\/","title":{"rendered":"Zelengora"},"content":{"rendered":"\t\t<div data-elementor-type=\"wp-post\" data-elementor-id=\"4620\" class=\"elementor elementor-4620 elementor-161\">\n\t\t\t\t\t\t<div class=\"elementor-inner\">\n\t\t\t\t<div class=\"elementor-section-wrap\">\n\t\t\t\t\t\t\t\t\t<section class=\"elementor-section elementor-top-section elementor-element elementor-element-1dc3a9e elementor-section-full_width elementor-section-height-min-height elementor-section-height-default elementor-section-items-middle\" data-id=\"1dc3a9e\" data-element_type=\"section\" data-settings=\"{&quot;background_background&quot;:&quot;classic&quot;}\">\n\t\t\t\t\t\t\t<div class=\"elementor-background-overlay\"><\/div>\n\t\t\t\t\t\t\t<div class=\"elementor-container elementor-column-gap-default\">\n\t\t\t\t\t\t\t<div class=\"elementor-row\">\n\t\t\t\t\t<div class=\"elementor-column elementor-col-100 elementor-top-column elementor-element elementor-element-b9ad49a\" data-id=\"b9ad49a\" data-element_type=\"column\">\n\t\t\t<div class=\"elementor-column-wrap elementor-element-populated\">\n\t\t\t\t\t\t\t<div class=\"elementor-widget-wrap\">\n\t\t\t\t\t\t<div class=\"elementor-element elementor-element-4d52cd0 elementor-view-default elementor-position-top elementor-widget elementor-widget-themo-header\" data-id=\"4d52cd0\" data-element_type=\"widget\" data-widget_type=\"themo-header.default\">\n\t\t\t\t<div class=\"elementor-widget-container\">\n\t\t\t\t\t<div class=\"th-header-wrap\">\n        <div class=\"elementor-icon-box-wrapper \">\n                            <div class=\"elementor-icon-box-content\">\n                    <h1 class=\"elementor-icon-box-title\">\n                        ZELENGORA                    <\/h1>\n                                        <p class=\"elementor-icon-box-description\"><\/p>\n\n                                    <\/div>\n            <\/div>\n\n        <\/div>\n\n\t\t\t\t<\/div>\n\t\t\t\t<\/div>\n\t\t\t\t\t\t<\/div>\n\t\t\t\t\t<\/div>\n\t\t<\/div>\n\t\t\t\t\t\t\t\t<\/div>\n\t\t\t\t\t<\/div>\n\t\t<\/section>\n\t\t\t\t<section class=\"elementor-section elementor-top-section elementor-element elementor-element-84004c3 elementor-section-boxed elementor-section-height-default elementor-section-height-default\" data-id=\"84004c3\" data-element_type=\"section\">\n\t\t\t\t\t\t<div class=\"elementor-container elementor-column-gap-default\">\n\t\t\t\t\t\t\t<div class=\"elementor-row\">\n\t\t\t\t\t<div class=\"elementor-column elementor-col-100 elementor-top-column elementor-element elementor-element-966360f\" data-id=\"966360f\" data-element_type=\"column\">\n\t\t\t<div class=\"elementor-column-wrap elementor-element-populated\">\n\t\t\t\t\t\t\t<div class=\"elementor-widget-wrap\">\n\t\t\t\t\t\t<div class=\"elementor-element elementor-element-58fa942 elementor-widget elementor-widget-spacer\" data-id=\"58fa942\" data-element_type=\"widget\" data-widget_type=\"spacer.default\">\n\t\t\t\t<div class=\"elementor-widget-container\">\n\t\t\t\t\t<div class=\"elementor-spacer\">\n\t\t\t<div class=\"elementor-spacer-inner\"><\/div>\n\t\t<\/div>\n\t\t\t\t<\/div>\n\t\t\t\t<\/div>\n\t\t\t\t<div class=\"elementor-element elementor-element-940c5ec elementor-view-default elementor-position-top elementor-widget elementor-widget-themo-header\" data-id=\"940c5ec\" data-element_type=\"widget\" data-widget_type=\"themo-header.default\">\n\t\t\t\t<div class=\"elementor-widget-container\">\n\t\t\t\t\t<div class=\"th-header-wrap\">\n        <div class=\"elementor-icon-box-wrapper th-show-icon\">\n                            <div class=\"elementor-icon-box-icon th-icon-size-lg\">\n                    <span class=\"elementor-icon \">\n                        <i aria-hidden=\"true\" class=\"th-trip travelpack th-trip travelpack-mountains-snow\"><\/i>                    <\/span>\n                <\/div>\n                                <div class=\"elementor-icon-box-content\">\n                    <h2 class=\"elementor-icon-box-title\">\n                        MT. ZELENGORA                    <\/h2>\n                                        <p class=\"elementor-icon-box-description\">Zelengora, ce qui signifie litt\u00e9ralement \u00ab montagne verte \u00bb, est peut-\u00eatre la plus belle montagne de Bosnie-Herz\u00e9govine. Les vastes pentes verdoyantes sont parsem\u00e9es de lacs glaciaires appel\u00e9s \u00ab yeux de montagne \u00bb, une douzaine de lacs, tous situ\u00e9s entre 1 380 et 1 650 m\u00e8tres d'altitude. La sauvagerie de la nature et l'absence totale de signes de civilisation moderne conf\u00e8rent \u00e0 ces montagnes un attrait sp\u00e9cial.<\/p>\n\n                                    <\/div>\n            <\/div>\n\n        <\/div>\n\n\t\t\t\t<\/div>\n\t\t\t\t<\/div>\n\t\t\t\t\t\t<\/div>\n\t\t\t\t\t<\/div>\n\t\t<\/div>\n\t\t\t\t\t\t\t\t<\/div>\n\t\t\t\t\t<\/div>\n\t\t<\/section>\n\t\t\t\t<section class=\"elementor-section elementor-top-section elementor-element elementor-element-e8e7fb3 elementor-section-boxed elementor-section-height-default elementor-section-height-default\" data-id=\"e8e7fb3\" data-element_type=\"section\">\n\t\t\t\t\t\t<div class=\"elementor-container elementor-column-gap-default\">\n\t\t\t\t\t\t\t<div class=\"elementor-row\">\n\t\t\t\t\t<div class=\"elementor-column elementor-col-100 elementor-top-column elementor-element elementor-element-e3b5e63\" data-id=\"e3b5e63\" data-element_type=\"column\">\n\t\t\t<div class=\"elementor-column-wrap elementor-element-populated\">\n\t\t\t\t\t\t\t<div class=\"elementor-widget-wrap\">\n\t\t\t\t\t\t<div class=\"elementor-element elementor-element-d66929c elementor-widget elementor-widget-spacer\" data-id=\"d66929c\" data-element_type=\"widget\" data-widget_type=\"spacer.default\">\n\t\t\t\t<div class=\"elementor-widget-container\">\n\t\t\t\t\t<div class=\"elementor-spacer\">\n\t\t\t<div class=\"elementor-spacer-inner\"><\/div>\n\t\t<\/div>\n\t\t\t\t<\/div>\n\t\t\t\t<\/div>\n\t\t\t\t\t\t<\/div>\n\t\t\t\t\t<\/div>\n\t\t<\/div>\n\t\t\t\t\t\t\t\t<\/div>\n\t\t\t\t\t<\/div>\n\t\t<\/section>\n\t\t\t\t<section class=\"elementor-section elementor-top-section elementor-element elementor-element-03fae2e elementor-section-boxed elementor-section-height-default elementor-section-height-default\" data-id=\"03fae2e\" data-element_type=\"section\">\n\t\t\t\t\t\t<div class=\"elementor-container elementor-column-gap-default\">\n\t\t\t\t\t\t\t<div class=\"elementor-row\">\n\t\t\t\t\t<div class=\"elementor-column elementor-col-100 elementor-top-column elementor-element elementor-element-5788655\" data-id=\"5788655\" data-element_type=\"column\">\n\t\t\t<div class=\"elementor-column-wrap elementor-element-populated\">\n\t\t\t\t\t\t\t<div class=\"elementor-widget-wrap\">\n\t\t\t\t\t\t<div class=\"elementor-element elementor-element-2827288 elementor-widget elementor-widget-html\" data-id=\"2827288\" data-element_type=\"widget\" data-widget_type=\"html.default\">\n\t\t\t\t<div class=\"elementor-widget-container\">\n\t\t\t<iframe loading=\"lazy\" src=\"https:\/\/www.google.com\/maps\/d\/embed?mid=12gOgM5x11BmMyq8BHynd17LHfvLpBK5l\" width=\"640\" height=\"480\"><\/iframe>\t\t<\/div>\n\t\t\t\t<\/div>\n\t\t\t\t\t\t<\/div>\n\t\t\t\t\t<\/div>\n\t\t<\/div>\n\t\t\t\t\t\t\t\t<\/div>\n\t\t\t\t\t<\/div>\n\t\t<\/section>\n\t\t\t\t\t\t\t\t\t<\/div>\n\t\t\t<\/div>\n\t\t\t\t\t<\/div>\n\t\t","protected":false},"excerpt":{"rendered":"<p>ZELENGORA MT. ZELENGORA Zelengora, ce qui signifie litt\u00e9ralement \u00ab montagne verte \u00bb, est peut-\u00eatre la plus belle montagne de Bosnie-Herz\u00e9govine. Les vastes pentes verdoyantes sont parsem\u00e9es de lacs glaciaires appel\u00e9s \u00ab yeux de montagne \u00bb, une douzaine de lacs, tous &hellip; <a href=\"https:\/\/divljarijeka.com\/fr\/atractions\/zelengora\/\">Read More<\/a><\/p>\n","protected":false},"author":6,"featured_media":889,"parent":4422,"menu_order":0,"comment_status":"closed","ping_status":"closed","template":"","meta":{"inline_featured_image":false,"footnotes":""},"class_list":["post-4620","page","type-page","status-publish","has-post-thumbnail","hentry"],"yoast_head":"<!-- This site is optimized with the Yoast SEO Premium plugin v27.4 (Yoast SEO v27.4) - https:\/\/yoast.com\/product\/yoast-seo-premium-wordpress\/ -->\n<title>Zelengora - Rafting Tara Divlja Rijeka<\/title>\n<meta name=\"robots\" content=\"index, follow, max-snippet:-1, max-image-preview:large, max-video-preview:-1\" \/>\n<link rel=\"canonical\" href=\"https:\/\/divljarijeka.com\/fr\/atractions\/zelengora\/\" \/>\n<meta property=\"og:locale\" content=\"fr_FR\" \/>\n<meta property=\"og:type\" content=\"article\" \/>\n<meta property=\"og:title\" content=\"Zelengora\" \/>\n<meta property=\"og:description\" content=\"ZELENGORA MT. ZELENGORA Zelengora, ce qui signifie litt\u00e9ralement \u00ab montagne verte \u00bb, est peut-\u00eatre la plus belle montagne de Bosnie-Herz\u00e9govine. Les vastes pentes verdoyantes sont parsem\u00e9es de lacs glaciaires appel\u00e9s \u00ab yeux de montagne \u00bb, une douzaine de lacs, tous &hellip; Read More\" \/>\n<meta property=\"og:url\" content=\"https:\/\/divljarijeka.com\/fr\/atractions\/zelengora\/\" \/>\n<meta property=\"og:site_name\" content=\"Rafting Tara Divlja Rijeka\" \/>\n<meta property=\"article:publisher\" content=\"https:\/\/www.facebook.com\/kampdivljarijeka\/\" \/>\n<meta property=\"article:modified_time\" content=\"2024-03-09T11:28:49+00:00\" \/>\n<meta property=\"og:image\" content=\"https:\/\/divljarijeka.com\/wp-content\/uploads\/2018\/05\/Orlovacko_Zelengora.jpg\" \/>\n\t<meta property=\"og:image:width\" content=\"1500\" \/>\n\t<meta property=\"og:image:height\" content=\"832\" \/>\n\t<meta property=\"og:image:type\" content=\"image\/jpeg\" \/>\n<meta name=\"twitter:card\" content=\"summary_large_image\" \/>\n<meta name=\"twitter:site\" content=\"@DivljaRijeka\" \/>\n<meta name=\"twitter:label1\" content=\"Dur\u00e9e de lecture estim\u00e9e\" \/>\n\t<meta name=\"twitter:data1\" content=\"1 minute\" \/>\n<script type=\"application\/ld+json\" class=\"yoast-schema-graph\">{\"@context\":\"https:\\\/\\\/schema.org\",\"@graph\":[{\"@type\":\"WebPage\",\"@id\":\"https:\\\/\\\/divljarijeka.com\\\/fr\\\/atractions\\\/zelengora\\\/\",\"url\":\"https:\\\/\\\/divljarijeka.com\\\/fr\\\/atractions\\\/zelengora\\\/\",\"name\":\"Zelengora - Rafting Tara Divlja Rijeka\",\"isPartOf\":{\"@id\":\"https:\\\/\\\/divljarijeka.com\\\/fr\\\/#website\"},\"primaryImageOfPage\":{\"@id\":\"https:\\\/\\\/divljarijeka.com\\\/fr\\\/atractions\\\/zelengora\\\/#primaryimage\"},\"image\":{\"@id\":\"https:\\\/\\\/divljarijeka.com\\\/fr\\\/atractions\\\/zelengora\\\/#primaryimage\"},\"thumbnailUrl\":\"https:\\\/\\\/divljarijeka.com\\\/wp-content\\\/uploads\\\/2018\\\/05\\\/Orlovacko_Zelengora.jpg\",\"datePublished\":\"2024-03-07T13:24:53+00:00\",\"dateModified\":\"2024-03-09T11:28:49+00:00\",\"breadcrumb\":{\"@id\":\"https:\\\/\\\/divljarijeka.com\\\/fr\\\/atractions\\\/zelengora\\\/#breadcrumb\"},\"inLanguage\":\"fr-FR\",\"potentialAction\":[{\"@type\":\"ReadAction\",\"target\":[\"https:\\\/\\\/divljarijeka.com\\\/fr\\\/atractions\\\/zelengora\\\/\"]}]},{\"@type\":\"ImageObject\",\"inLanguage\":\"fr-FR\",\"@id\":\"https:\\\/\\\/divljarijeka.com\\\/fr\\\/atractions\\\/zelengora\\\/#primaryimage\",\"url\":\"https:\\\/\\\/divljarijeka.com\\\/wp-content\\\/uploads\\\/2018\\\/05\\\/Orlovacko_Zelengora.jpg\",\"contentUrl\":\"https:\\\/\\\/divljarijeka.com\\\/wp-content\\\/uploads\\\/2018\\\/05\\\/Orlovacko_Zelengora.jpg\",\"width\":1500,\"height\":832,\"caption\":\"Zelengora\"},{\"@type\":\"BreadcrumbList\",\"@id\":\"https:\\\/\\\/divljarijeka.com\\\/fr\\\/atractions\\\/zelengora\\\/#breadcrumb\",\"itemListElement\":[{\"@type\":\"ListItem\",\"position\":1,\"name\":\"Home\",\"item\":\"https:\\\/\\\/divljarijeka.com\\\/fr\\\/\"},{\"@type\":\"ListItem\",\"position\":2,\"name\":\"Atractions\",\"item\":\"https:\\\/\\\/divljarijeka.com\\\/fr\\\/atrakcije\\\/\"},{\"@type\":\"ListItem\",\"position\":3,\"name\":\"Zelengora\"}]},{\"@type\":\"WebSite\",\"@id\":\"https:\\\/\\\/divljarijeka.com\\\/fr\\\/#website\",\"url\":\"https:\\\/\\\/divljarijeka.com\\\/fr\\\/\",\"name\":\"Rafting Tara Divlja Rijeka\",\"description\":\"\",\"publisher\":{\"@id\":\"https:\\\/\\\/divljarijeka.com\\\/fr\\\/#organization\"},\"potentialAction\":[{\"@type\":\"SearchAction\",\"target\":{\"@type\":\"EntryPoint\",\"urlTemplate\":\"https:\\\/\\\/divljarijeka.com\\\/fr\\\/?s={search_term_string}\"},\"query-input\":{\"@type\":\"PropertyValueSpecification\",\"valueRequired\":true,\"valueName\":\"search_term_string\"}}],\"inLanguage\":\"fr-FR\"},{\"@type\":\"Organization\",\"@id\":\"https:\\\/\\\/divljarijeka.com\\\/fr\\\/#organization\",\"name\":\"Rafting Tara Divlja Rijeka\",\"url\":\"https:\\\/\\\/divljarijeka.com\\\/fr\\\/\",\"logo\":{\"@type\":\"ImageObject\",\"inLanguage\":\"fr-FR\",\"@id\":\"https:\\\/\\\/divljarijeka.com\\\/fr\\\/#\\\/schema\\\/logo\\\/image\\\/\",\"url\":\"https:\\\/\\\/divljarijeka.com\\\/wp-content\\\/uploads\\\/2018\\\/08\\\/cropped-divlja-rijeka-rafting-publisher.png\",\"contentUrl\":\"https:\\\/\\\/divljarijeka.com\\\/wp-content\\\/uploads\\\/2018\\\/08\\\/cropped-divlja-rijeka-rafting-publisher.png\",\"width\":104,\"height\":60,\"caption\":\"Rafting Tara Divlja Rijeka\"},\"image\":{\"@id\":\"https:\\\/\\\/divljarijeka.com\\\/fr\\\/#\\\/schema\\\/logo\\\/image\\\/\"},\"sameAs\":[\"https:\\\/\\\/www.facebook.com\\\/kampdivljarijeka\\\/\",\"https:\\\/\\\/x.com\\\/DivljaRijeka\",\"https:\\\/\\\/www.instagram.com\\\/kampdivljarijeka\\\/\"]}]}<\/script>\n<!-- \/ Yoast SEO Premium plugin. -->","yoast_head_json":{"title":"Zelengora - Rafting Tara Divlja Rijeka","robots":{"index":"index","follow":"follow","max-snippet":"max-snippet:-1","max-image-preview":"max-image-preview:large","max-video-preview":"max-video-preview:-1"},"canonical":"https:\/\/divljarijeka.com\/fr\/atractions\/zelengora\/","og_locale":"fr_FR","og_type":"article","og_title":"Zelengora","og_description":"ZELENGORA MT. ZELENGORA Zelengora, ce qui signifie litt\u00e9ralement \u00ab montagne verte \u00bb, est peut-\u00eatre la plus belle montagne de Bosnie-Herz\u00e9govine. Les vastes pentes verdoyantes sont parsem\u00e9es de lacs glaciaires appel\u00e9s \u00ab yeux de montagne \u00bb, une douzaine de lacs, tous &hellip; Read More","og_url":"https:\/\/divljarijeka.com\/fr\/atractions\/zelengora\/","og_site_name":"Rafting Tara Divlja Rijeka","article_publisher":"https:\/\/www.facebook.com\/kampdivljarijeka\/","article_modified_time":"2024-03-09T11:28:49+00:00","og_image":[{"width":1500,"height":832,"url":"https:\/\/divljarijeka.com\/wp-content\/uploads\/2018\/05\/Orlovacko_Zelengora.jpg","type":"image\/jpeg"}],"twitter_card":"summary_large_image","twitter_site":"@DivljaRijeka","twitter_misc":{"Dur\u00e9e de lecture estim\u00e9e":"1 minute"},"schema":{"@context":"https:\/\/schema.org","@graph":[{"@type":"WebPage","@id":"https:\/\/divljarijeka.com\/fr\/atractions\/zelengora\/","url":"https:\/\/divljarijeka.com\/fr\/atractions\/zelengora\/","name":"Zelengora - Rafting Tara Divlja Rijeka","isPartOf":{"@id":"https:\/\/divljarijeka.com\/fr\/#website"},"primaryImageOfPage":{"@id":"https:\/\/divljarijeka.com\/fr\/atractions\/zelengora\/#primaryimage"},"image":{"@id":"https:\/\/divljarijeka.com\/fr\/atractions\/zelengora\/#primaryimage"},"thumbnailUrl":"https:\/\/divljarijeka.com\/wp-content\/uploads\/2018\/05\/Orlovacko_Zelengora.jpg","datePublished":"2024-03-07T13:24:53+00:00","dateModified":"2024-03-09T11:28:49+00:00","breadcrumb":{"@id":"https:\/\/divljarijeka.com\/fr\/atractions\/zelengora\/#breadcrumb"},"inLanguage":"fr-FR","potentialAction":[{"@type":"ReadAction","target":["https:\/\/divljarijeka.com\/fr\/atractions\/zelengora\/"]}]},{"@type":"ImageObject","inLanguage":"fr-FR","@id":"https:\/\/divljarijeka.com\/fr\/atractions\/zelengora\/#primaryimage","url":"https:\/\/divljarijeka.com\/wp-content\/uploads\/2018\/05\/Orlovacko_Zelengora.jpg","contentUrl":"https:\/\/divljarijeka.com\/wp-content\/uploads\/2018\/05\/Orlovacko_Zelengora.jpg","width":1500,"height":832,"caption":"Zelengora"},{"@type":"BreadcrumbList","@id":"https:\/\/divljarijeka.com\/fr\/atractions\/zelengora\/#breadcrumb","itemListElement":[{"@type":"ListItem","position":1,"name":"Home","item":"https:\/\/divljarijeka.com\/fr\/"},{"@type":"ListItem","position":2,"name":"Atractions","item":"https:\/\/divljarijeka.com\/fr\/atrakcije\/"},{"@type":"ListItem","position":3,"name":"Zelengora"}]},{"@type":"WebSite","@id":"https:\/\/divljarijeka.com\/fr\/#website","url":"https:\/\/divljarijeka.com\/fr\/","name":"Rafting Tara Divlja Rijeka","description":"","publisher":{"@id":"https:\/\/divljarijeka.com\/fr\/#organization"},"potentialAction":[{"@type":"SearchAction","target":{"@type":"EntryPoint","urlTemplate":"https:\/\/divljarijeka.com\/fr\/?s={search_term_string}"},"query-input":{"@type":"PropertyValueSpecification","valueRequired":true,"valueName":"search_term_string"}}],"inLanguage":"fr-FR"},{"@type":"Organization","@id":"https:\/\/divljarijeka.com\/fr\/#organization","name":"Rafting Tara Divlja Rijeka","url":"https:\/\/divljarijeka.com\/fr\/","logo":{"@type":"ImageObject","inLanguage":"fr-FR","@id":"https:\/\/divljarijeka.com\/fr\/#\/schema\/logo\/image\/","url":"https:\/\/divljarijeka.com\/wp-content\/uploads\/2018\/08\/cropped-divlja-rijeka-rafting-publisher.png","contentUrl":"https:\/\/divljarijeka.com\/wp-content\/uploads\/2018\/08\/cropped-divlja-rijeka-rafting-publisher.png","width":104,"height":60,"caption":"Rafting Tara Divlja Rijeka"},"image":{"@id":"https:\/\/divljarijeka.com\/fr\/#\/schema\/logo\/image\/"},"sameAs":["https:\/\/www.facebook.com\/kampdivljarijeka\/","https:\/\/x.com\/DivljaRijeka","https:\/\/www.instagram.com\/kampdivljarijeka\/"]}]}},"_links":{"self":[{"href":"https:\/\/divljarijeka.com\/fr\/wp-json\/wp\/v2\/pages\/4620","targetHints":{"allow":["GET"]}}],"collection":[{"href":"https:\/\/divljarijeka.com\/fr\/wp-json\/wp\/v2\/pages"}],"about":[{"href":"https:\/\/divljarijeka.com\/fr\/wp-json\/wp\/v2\/types\/page"}],"author":[{"embeddable":true,"href":"https:\/\/divljarijeka.com\/fr\/wp-json\/wp\/v2\/users\/6"}],"replies":[{"embeddable":true,"href":"https:\/\/divljarijeka.com\/fr\/wp-json\/wp\/v2\/comments?post=4620"}],"version-history":[{"count":3,"href":"https:\/\/divljarijeka.com\/fr\/wp-json\/wp\/v2\/pages\/4620\/revisions"}],"predecessor-version":[{"id":4860,"href":"https:\/\/divljarijeka.com\/fr\/wp-json\/wp\/v2\/pages\/4620\/revisions\/4860"}],"up":[{"embeddable":true,"href":"https:\/\/divljarijeka.com\/fr\/wp-json\/wp\/v2\/pages\/4422"}],"wp:featuredmedia":[{"embeddable":true,"href":"https:\/\/divljarijeka.com\/fr\/wp-json\/wp\/v2\/media\/889"}],"wp:attachment":[{"href":"https:\/\/divljarijeka.com\/fr\/wp-json\/wp\/v2\/media?parent=4620"}],"curies":[{"name":"wp","href":"https:\/\/api.w.org\/{rel}","templated":true}]}}