{"id":8006,"date":"2025-02-18T08:43:04","date_gmt":"2025-02-18T08:43:04","guid":{"rendered":"https:\/\/divljarijeka.com\/?page_id=8006"},"modified":"2025-02-21T16:24:54","modified_gmt":"2025-02-21T16:24:54","slug":"kajakarstwo","status":"publish","type":"page","link":"https:\/\/divljarijeka.com\/pl\/aktywnosci\/kajakarstwo\/","title":{"rendered":"Kajakarstwo"},"content":{"rendered":"\t\t<div data-elementor-type=\"wp-page\" data-elementor-id=\"8006\" class=\"elementor elementor-8006 elementor-143\">\n\t\t\t\t\t\t<div class=\"elementor-inner\">\n\t\t\t\t<div class=\"elementor-section-wrap\">\n\t\t\t\t\t\t\t\t\t<section class=\"elementor-section elementor-top-section elementor-element elementor-element-1b4727f8 elementor-section-full_width elementor-section-height-min-height elementor-section-height-default elementor-section-items-middle\" data-id=\"1b4727f8\" data-element_type=\"section\" data-settings=\"{&quot;background_background&quot;:&quot;classic&quot;}\">\n\t\t\t\t\t\t\t<div class=\"elementor-background-overlay\"><\/div>\n\t\t\t\t\t\t\t<div class=\"elementor-container elementor-column-gap-default\">\n\t\t\t\t\t\t\t<div class=\"elementor-row\">\n\t\t\t\t\t<div class=\"elementor-column elementor-col-100 elementor-top-column elementor-element elementor-element-7c1dfb8d\" data-id=\"7c1dfb8d\" data-element_type=\"column\">\n\t\t\t<div class=\"elementor-column-wrap elementor-element-populated\">\n\t\t\t\t\t\t\t<div class=\"elementor-widget-wrap\">\n\t\t\t\t\t\t<div class=\"elementor-element elementor-element-64dda616 elementor-view-default elementor-position-top elementor-widget elementor-widget-themo-header\" data-id=\"64dda616\" data-element_type=\"widget\" data-widget_type=\"themo-header.default\">\n\t\t\t\t<div class=\"elementor-widget-container\">\n\t\t\t\t\t<div class=\"th-header-wrap\">\n        <div class=\"elementor-icon-box-wrapper \">\n                            <div class=\"elementor-icon-box-content\">\n                    <h1 class=\"elementor-icon-box-title\">\n                        Kajakarstwo                    <\/h1>\n                                        <p class=\"elementor-icon-box-description\"><\/p>\n\n                                    <\/div>\n            <\/div>\n\n        <\/div>\n\n\t\t\t\t<\/div>\n\t\t\t\t<\/div>\n\t\t\t\t\t\t<\/div>\n\t\t\t\t\t<\/div>\n\t\t<\/div>\n\t\t\t\t\t\t\t\t<\/div>\n\t\t\t\t\t<\/div>\n\t\t<\/section>\n\t\t\t\t<section class=\"elementor-section elementor-top-section elementor-element elementor-element-37f9c390 elementor-section-boxed elementor-section-height-default elementor-section-height-default\" data-id=\"37f9c390\" data-element_type=\"section\">\n\t\t\t\t\t\t<div class=\"elementor-container elementor-column-gap-default\">\n\t\t\t\t\t\t\t<div class=\"elementor-row\">\n\t\t\t\t\t<div class=\"elementor-column elementor-col-100 elementor-top-column elementor-element elementor-element-55fc8605\" data-id=\"55fc8605\" data-element_type=\"column\">\n\t\t\t<div class=\"elementor-column-wrap elementor-element-populated\">\n\t\t\t\t\t\t\t<div class=\"elementor-widget-wrap\">\n\t\t\t\t\t\t<div class=\"elementor-element elementor-element-e4cac88 elementor-widget elementor-widget-spacer\" data-id=\"e4cac88\" data-element_type=\"widget\" data-widget_type=\"spacer.default\">\n\t\t\t\t<div class=\"elementor-widget-container\">\n\t\t\t\t\t<div class=\"elementor-spacer\">\n\t\t\t<div class=\"elementor-spacer-inner\"><\/div>\n\t\t<\/div>\n\t\t\t\t<\/div>\n\t\t\t\t<\/div>\n\t\t\t\t<div class=\"elementor-element elementor-element-3679ee3b elementor-view-default elementor-position-top elementor-widget elementor-widget-themo-header\" data-id=\"3679ee3b\" data-element_type=\"widget\" data-widget_type=\"themo-header.default\">\n\t\t\t\t<div class=\"elementor-widget-container\">\n\t\t\t\t\t<div class=\"th-header-wrap\">\n        <div class=\"elementor-icon-box-wrapper th-show-icon\">\n                            <div class=\"elementor-icon-box-icon th-icon-size-lg\">\n                    <span class=\"elementor-icon \">\n                        <i class=\"th-trip travelpack-kayak\" aria-hidden=\"true\" fff><\/i>                    <\/span>\n                <\/div>\n                                <div class=\"elementor-icon-box-content\">\n                    <h2 class=\"elementor-icon-box-title\">\n                        Kajakarstwo w naszej okolicy                    <\/h2>\n                                        <p class=\"elementor-icon-box-description\">Pocz\u0105tki raftingu na Tarze i Drinie si\u0119gaj\u0105 pocz\u0105tku XX wieku. Pierwszymi turystami w tych rejonach byli Brytyjczycy i Niemcy, gdzie\u015b w 1923 roku. Kajakarze przybyli w 1931 roku. Pierwsi kajakarze przybyli z Austrii i Czechos\u0142owacji. Jednak niekt\u00f3re historyczne zapisy z Muzeum Fo\u010da sugeruj\u0105, \u017ce bogaci Austriacy uprawiali rafting na Tarze i cieszyli si\u0119 urokami tego europejskiego pi\u0119kna ju\u017c w 1905 roku. Wysoko wykwalifikowani g\u00f3rale, tak zwani Triftars, pomagali im w przeprawie przez bystrza Tary i Driny.<\/p>\n\n                                    <\/div>\n            <\/div>\n\n        <\/div>\n\n\t\t\t\t<\/div>\n\t\t\t\t<\/div>\n\t\t\t\t\t\t<\/div>\n\t\t\t\t\t<\/div>\n\t\t<\/div>\n\t\t\t\t\t\t\t\t<\/div>\n\t\t\t\t\t<\/div>\n\t\t<\/section>\n\t\t\t\t<section class=\"elementor-section elementor-top-section elementor-element elementor-element-561fa6e elementor-section-boxed elementor-section-height-default elementor-section-height-default\" data-id=\"561fa6e\" data-element_type=\"section\">\n\t\t\t\t\t\t<div class=\"elementor-container elementor-column-gap-default\">\n\t\t\t\t\t\t\t<div class=\"elementor-row\">\n\t\t\t\t\t<div class=\"elementor-column elementor-col-100 elementor-top-column elementor-element elementor-element-d52bf42\" data-id=\"d52bf42\" data-element_type=\"column\">\n\t\t\t<div class=\"elementor-column-wrap elementor-element-populated\">\n\t\t\t\t\t\t\t<div class=\"elementor-widget-wrap\">\n\t\t\t\t\t\t<div class=\"elementor-element elementor-element-777301e elementor-widget elementor-widget-themo-tour-grid\" data-id=\"777301e\" data-element_type=\"widget\" data-widget_type=\"themo-tour-grid.default\">\n\t\t\t\t<div class=\"elementor-widget-container\">\n\t\t\t\n                <div id=\"th-portfolio-content-6a09139a15648\" class=\"th-portfolio\">\n\n            \n            <div id=\"th-portfolio-row\" class=\"th-portfolio-row row portfolio_content  three-columns th-port-gutter\">\n\n                                        <div id=\"post-8288\" class=\"th-portfolio-item item col-md-4 col-sm-6 p-kayaking p-one-day-tours p-tara-pl post-8288 themo_tour type-themo_tour status-publish format-standard has-post-thumbnail hentry themo_tour_type-kayaking themo_tour_type-one-day-tours themo_tour_type-tara-pl\">\n                            <div class=\"th-port-wrap\">\n                                <img decoding=\"async\" width=\"605\" height=\"605\" src=\"https:\/\/divljarijeka.com\/wp-content\/uploads\/2018\/04\/tara-kayaking-tour-605x605.jpg\" class=\"img-responsive th-port-img wp-post-image\" alt=\"kajaking na tari\" \/>\n                                <div class=\"th-port-overlay\"><\/div>\n                                <div class=\"th-port-inner\">\n                                                                            <div class=\"th-port-top-text\">Tara Kayaking - Jednodniowa wycieczka<\/div>\n                                                                        <div class=\"th-port-center\">\n                                        <h3 class=\"th-port-title\">Odkryj Tara na Kajaku<\/h3>\n                                        <p class=\"th-port-sub\">Zobacz zapieraj\u0105cy dech w piersiach kanion rzeki Tara z innej perspektywy.<\/p>                                                                                    <span class=\"th-port-btn\">ZOBACZ WYCIECZK\u0118<\/span>\n                                                                            <\/div>\n                                    <a href=\"https:\/\/divljarijeka.com\/pl\/tour\/kajakarstwo-na-tara\/\" class=\"th-port-link\" ><\/a>                                <\/div>\n                            <\/div>\n                        <\/div>\n                                                <div id=\"post-8328\" class=\"th-portfolio-item item col-md-4 col-sm-6 p-drina-pl p-educational p-kayaking p-one-day-tours post-8328 themo_tour type-themo_tour status-publish format-standard has-post-thumbnail hentry themo_tour_type-drina-pl themo_tour_type-educational themo_tour_type-kayaking themo_tour_type-one-day-tours\">\n                            <div class=\"th-port-wrap\">\n                                <img decoding=\"async\" width=\"605\" height=\"605\" src=\"https:\/\/divljarijeka.com\/wp-content\/uploads\/2018\/04\/kayaking-on-drina-003-605x605.jpg\" class=\"img-responsive th-port-img wp-post-image\" alt=\"Drina kayaking tour wtih two kayaks\" \/>\n                                <div class=\"th-port-overlay\"><\/div>\n                                <div class=\"th-port-inner\">\n                                                                            <div class=\"th-port-top-text\">Kajakarstwo - Jednodniowa Wycieczka<\/div>\n                                                                        <div class=\"th-port-center\">\n                                        <h3 class=\"th-port-title\">Kajakarstwo na Drinie<\/h3>\n                                        <p class=\"th-port-sub\">Kajakarze odkryli pi\u0119kno rzeki Driny ju\u017c w 1923 roku. Naucz si\u0119 podstaw kajakarstwa g\u00f3rskiego.<\/p>                                                                                    <span class=\"th-port-btn\">ZOBACZ WYCIECZK\u0118<\/span>\n                                                                            <\/div>\n                                    <a href=\"https:\/\/divljarijeka.com\/pl\/tour\/kajakarstwo-na-drinie\/\" class=\"th-port-link\" ><\/a>                                <\/div>\n                            <\/div>\n                        <\/div>\n                        \n            <\/div>\n\n        <\/div>\n\n        \t\t<\/div>\n\t\t\t\t<\/div>\n\t\t\t\t\t\t<\/div>\n\t\t\t\t\t<\/div>\n\t\t<\/div>\n\t\t\t\t\t\t\t\t<\/div>\n\t\t\t\t\t<\/div>\n\t\t<\/section>\n\t\t\t\t\t\t\t\t\t<\/div>\n\t\t\t<\/div>\n\t\t\t\t\t<\/div>\n\t\t","protected":false},"excerpt":{"rendered":"<p>Kajakarstwo Kajakarstwo w naszej okolicy Pocz\u0105tki raftingu na Tarze i Drinie si\u0119gaj\u0105 pocz\u0105tku XX wieku. Pierwszymi turystami w tych rejonach byli Brytyjczycy i Niemcy, gdzie\u015b w 1923 roku. Kajakarze przybyli w 1931 roku. Pierwsi kajakarze przybyli z Austrii i Czechos\u0142owacji. &hellip; <a href=\"https:\/\/divljarijeka.com\/pl\/tour\/kajakarstwo-na-drinie\/\">Read More<\/a><\/p>\n","protected":false},"author":6,"featured_media":347,"parent":7984,"menu_order":7,"comment_status":"closed","ping_status":"closed","template":"","meta":{"inline_featured_image":false,"footnotes":""},"class_list":["post-8006","page","type-page","status-publish","has-post-thumbnail","hentry"],"yoast_head":"<!-- This site is optimized with the Yoast SEO Premium plugin v27.4 (Yoast SEO v27.4) - https:\/\/yoast.com\/product\/yoast-seo-premium-wordpress\/ -->\n<title>Kajakarstwo - Przygody Driny i Tary | Rafting Tara Divlja Rijeka<\/title>\n<meta name=\"description\" content=\"Camp Divlja Rijeka oferuje niesamowite przygody kajakowe i raftingowe na Tarze. Oferujemy dwie r\u00f3\u017cne jednodniowe wycieczki na Drin\u0119 i Tar\u0119.\" \/>\n<meta name=\"robots\" content=\"index, follow, max-snippet:-1, max-image-preview:large, max-video-preview:-1\" \/>\n<link rel=\"canonical\" href=\"https:\/\/divljarijeka.com\/pl\/aktywnosci\/kajakarstwo\/\" \/>\n<meta property=\"og:locale\" content=\"pl_PL\" \/>\n<meta property=\"og:type\" content=\"article\" \/>\n<meta property=\"og:title\" content=\"Kajakarstwo\" \/>\n<meta property=\"og:description\" content=\"Camp Divlja Rijeka oferuje niesamowite przygody kajakowe i raftingowe na Tarze. Oferujemy dwie r\u00f3\u017cne jednodniowe wycieczki na Drin\u0119 i Tar\u0119.\" \/>\n<meta property=\"og:url\" content=\"https:\/\/divljarijeka.com\/pl\/aktywnosci\/kajakarstwo\/\" \/>\n<meta property=\"og:site_name\" content=\"Rafting Tara Divlja Rijeka\" \/>\n<meta property=\"article:publisher\" content=\"https:\/\/www.facebook.com\/kampdivljarijeka\/\" \/>\n<meta property=\"article:modified_time\" content=\"2025-02-21T16:24:54+00:00\" \/>\n<meta property=\"og:image\" content=\"https:\/\/divljarijeka.com\/wp-content\/uploads\/2018\/04\/kayaking-on-drina-003.jpg\" \/>\n\t<meta property=\"og:image:width\" content=\"1200\" \/>\n\t<meta property=\"og:image:height\" content=\"900\" \/>\n\t<meta property=\"og:image:type\" content=\"image\/jpeg\" \/>\n<meta name=\"twitter:card\" content=\"summary_large_image\" \/>\n<meta name=\"twitter:site\" content=\"@DivljaRijeka\" \/>\n<meta name=\"twitter:label1\" content=\"Szacowany czas czytania\" \/>\n\t<meta name=\"twitter:data1\" content=\"6 minut\" \/>\n<script type=\"application\/ld+json\" class=\"yoast-schema-graph\">{\"@context\":\"https:\\\/\\\/schema.org\",\"@graph\":[{\"@type\":\"WebPage\",\"@id\":\"https:\\\/\\\/divljarijeka.com\\\/pl\\\/aktywnosci\\\/kajakarstwo\\\/\",\"url\":\"https:\\\/\\\/divljarijeka.com\\\/pl\\\/aktywnosci\\\/kajakarstwo\\\/\",\"name\":\"Kajakarstwo - Przygody Driny i Tary | Rafting Tara Divlja Rijeka\",\"isPartOf\":{\"@id\":\"https:\\\/\\\/divljarijeka.com\\\/pl\\\/#website\"},\"primaryImageOfPage\":{\"@id\":\"https:\\\/\\\/divljarijeka.com\\\/pl\\\/aktywnosci\\\/kajakarstwo\\\/#primaryimage\"},\"image\":{\"@id\":\"https:\\\/\\\/divljarijeka.com\\\/pl\\\/aktywnosci\\\/kajakarstwo\\\/#primaryimage\"},\"thumbnailUrl\":\"https:\\\/\\\/divljarijeka.com\\\/wp-content\\\/uploads\\\/2018\\\/04\\\/kayaking-on-drina-003.jpg\",\"datePublished\":\"2025-02-18T08:43:04+00:00\",\"dateModified\":\"2025-02-21T16:24:54+00:00\",\"description\":\"Camp Divlja Rijeka oferuje niesamowite przygody kajakowe i raftingowe na Tarze. Oferujemy dwie r\u00f3\u017cne jednodniowe wycieczki na Drin\u0119 i Tar\u0119.\",\"breadcrumb\":{\"@id\":\"https:\\\/\\\/divljarijeka.com\\\/pl\\\/aktywnosci\\\/kajakarstwo\\\/#breadcrumb\"},\"inLanguage\":\"pl-PL\",\"potentialAction\":[{\"@type\":\"ReadAction\",\"target\":[\"https:\\\/\\\/divljarijeka.com\\\/pl\\\/aktywnosci\\\/kajakarstwo\\\/\"]}]},{\"@type\":\"ImageObject\",\"inLanguage\":\"pl-PL\",\"@id\":\"https:\\\/\\\/divljarijeka.com\\\/pl\\\/aktywnosci\\\/kajakarstwo\\\/#primaryimage\",\"url\":\"https:\\\/\\\/divljarijeka.com\\\/wp-content\\\/uploads\\\/2018\\\/04\\\/kayaking-on-drina-003.jpg\",\"contentUrl\":\"https:\\\/\\\/divljarijeka.com\\\/wp-content\\\/uploads\\\/2018\\\/04\\\/kayaking-on-drina-003.jpg\",\"width\":1200,\"height\":900,\"caption\":\"Drina kayaking tour wtih two kayaks\"},{\"@type\":\"BreadcrumbList\",\"@id\":\"https:\\\/\\\/divljarijeka.com\\\/pl\\\/aktywnosci\\\/kajakarstwo\\\/#breadcrumb\",\"itemListElement\":[{\"@type\":\"ListItem\",\"position\":1,\"name\":\"Home\",\"item\":\"https:\\\/\\\/divljarijeka.com\\\/pl\\\/\"},{\"@type\":\"ListItem\",\"position\":2,\"name\":\"Aktywno\u015bci\",\"item\":\"https:\\\/\\\/divljarijeka.com\\\/pl\\\/aktywnosci\\\/\"},{\"@type\":\"ListItem\",\"position\":3,\"name\":\"Kajakarstwo\"}]},{\"@type\":\"WebSite\",\"@id\":\"https:\\\/\\\/divljarijeka.com\\\/pl\\\/#website\",\"url\":\"https:\\\/\\\/divljarijeka.com\\\/pl\\\/\",\"name\":\"Rafting Tara Divlja Rijeka\",\"description\":\"\",\"publisher\":{\"@id\":\"https:\\\/\\\/divljarijeka.com\\\/pl\\\/#organization\"},\"potentialAction\":[{\"@type\":\"SearchAction\",\"target\":{\"@type\":\"EntryPoint\",\"urlTemplate\":\"https:\\\/\\\/divljarijeka.com\\\/pl\\\/?s={search_term_string}\"},\"query-input\":{\"@type\":\"PropertyValueSpecification\",\"valueRequired\":true,\"valueName\":\"search_term_string\"}}],\"inLanguage\":\"pl-PL\"},{\"@type\":\"Organization\",\"@id\":\"https:\\\/\\\/divljarijeka.com\\\/pl\\\/#organization\",\"name\":\"Rafting Tara Divlja Rijeka\",\"url\":\"https:\\\/\\\/divljarijeka.com\\\/pl\\\/\",\"logo\":{\"@type\":\"ImageObject\",\"inLanguage\":\"pl-PL\",\"@id\":\"https:\\\/\\\/divljarijeka.com\\\/pl\\\/#\\\/schema\\\/logo\\\/image\\\/\",\"url\":\"https:\\\/\\\/divljarijeka.com\\\/wp-content\\\/uploads\\\/2018\\\/08\\\/cropped-divlja-rijeka-rafting-publisher.png\",\"contentUrl\":\"https:\\\/\\\/divljarijeka.com\\\/wp-content\\\/uploads\\\/2018\\\/08\\\/cropped-divlja-rijeka-rafting-publisher.png\",\"width\":104,\"height\":60,\"caption\":\"Rafting Tara Divlja Rijeka\"},\"image\":{\"@id\":\"https:\\\/\\\/divljarijeka.com\\\/pl\\\/#\\\/schema\\\/logo\\\/image\\\/\"},\"sameAs\":[\"https:\\\/\\\/www.facebook.com\\\/kampdivljarijeka\\\/\",\"https:\\\/\\\/x.com\\\/DivljaRijeka\",\"https:\\\/\\\/www.instagram.com\\\/kampdivljarijeka\\\/\"]}]}<\/script>\n<!-- \/ Yoast SEO Premium plugin. -->","yoast_head_json":{"title":"Kajakarstwo - Przygody Driny i Tary | Rafting Tara Divlja Rijeka","description":"Camp Divlja Rijeka oferuje niesamowite przygody kajakowe i raftingowe na Tarze. Oferujemy dwie r\u00f3\u017cne jednodniowe wycieczki na Drin\u0119 i Tar\u0119.","robots":{"index":"index","follow":"follow","max-snippet":"max-snippet:-1","max-image-preview":"max-image-preview:large","max-video-preview":"max-video-preview:-1"},"canonical":"https:\/\/divljarijeka.com\/pl\/aktywnosci\/kajakarstwo\/","og_locale":"pl_PL","og_type":"article","og_title":"Kajakarstwo","og_description":"Camp Divlja Rijeka oferuje niesamowite przygody kajakowe i raftingowe na Tarze. Oferujemy dwie r\u00f3\u017cne jednodniowe wycieczki na Drin\u0119 i Tar\u0119.","og_url":"https:\/\/divljarijeka.com\/pl\/aktywnosci\/kajakarstwo\/","og_site_name":"Rafting Tara Divlja Rijeka","article_publisher":"https:\/\/www.facebook.com\/kampdivljarijeka\/","article_modified_time":"2025-02-21T16:24:54+00:00","og_image":[{"width":1200,"height":900,"url":"https:\/\/divljarijeka.com\/wp-content\/uploads\/2018\/04\/kayaking-on-drina-003.jpg","type":"image\/jpeg"}],"twitter_card":"summary_large_image","twitter_site":"@DivljaRijeka","twitter_misc":{"Szacowany czas czytania":"6 minut"},"schema":{"@context":"https:\/\/schema.org","@graph":[{"@type":"WebPage","@id":"https:\/\/divljarijeka.com\/pl\/aktywnosci\/kajakarstwo\/","url":"https:\/\/divljarijeka.com\/pl\/aktywnosci\/kajakarstwo\/","name":"Kajakarstwo - Przygody Driny i Tary | Rafting Tara Divlja Rijeka","isPartOf":{"@id":"https:\/\/divljarijeka.com\/pl\/#website"},"primaryImageOfPage":{"@id":"https:\/\/divljarijeka.com\/pl\/aktywnosci\/kajakarstwo\/#primaryimage"},"image":{"@id":"https:\/\/divljarijeka.com\/pl\/aktywnosci\/kajakarstwo\/#primaryimage"},"thumbnailUrl":"https:\/\/divljarijeka.com\/wp-content\/uploads\/2018\/04\/kayaking-on-drina-003.jpg","datePublished":"2025-02-18T08:43:04+00:00","dateModified":"2025-02-21T16:24:54+00:00","description":"Camp Divlja Rijeka oferuje niesamowite przygody kajakowe i raftingowe na Tarze. Oferujemy dwie r\u00f3\u017cne jednodniowe wycieczki na Drin\u0119 i Tar\u0119.","breadcrumb":{"@id":"https:\/\/divljarijeka.com\/pl\/aktywnosci\/kajakarstwo\/#breadcrumb"},"inLanguage":"pl-PL","potentialAction":[{"@type":"ReadAction","target":["https:\/\/divljarijeka.com\/pl\/aktywnosci\/kajakarstwo\/"]}]},{"@type":"ImageObject","inLanguage":"pl-PL","@id":"https:\/\/divljarijeka.com\/pl\/aktywnosci\/kajakarstwo\/#primaryimage","url":"https:\/\/divljarijeka.com\/wp-content\/uploads\/2018\/04\/kayaking-on-drina-003.jpg","contentUrl":"https:\/\/divljarijeka.com\/wp-content\/uploads\/2018\/04\/kayaking-on-drina-003.jpg","width":1200,"height":900,"caption":"Drina kayaking tour wtih two kayaks"},{"@type":"BreadcrumbList","@id":"https:\/\/divljarijeka.com\/pl\/aktywnosci\/kajakarstwo\/#breadcrumb","itemListElement":[{"@type":"ListItem","position":1,"name":"Home","item":"https:\/\/divljarijeka.com\/pl\/"},{"@type":"ListItem","position":2,"name":"Aktywno\u015bci","item":"https:\/\/divljarijeka.com\/pl\/aktywnosci\/"},{"@type":"ListItem","position":3,"name":"Kajakarstwo"}]},{"@type":"WebSite","@id":"https:\/\/divljarijeka.com\/pl\/#website","url":"https:\/\/divljarijeka.com\/pl\/","name":"Rafting Tara Divlja Rijeka","description":"","publisher":{"@id":"https:\/\/divljarijeka.com\/pl\/#organization"},"potentialAction":[{"@type":"SearchAction","target":{"@type":"EntryPoint","urlTemplate":"https:\/\/divljarijeka.com\/pl\/?s={search_term_string}"},"query-input":{"@type":"PropertyValueSpecification","valueRequired":true,"valueName":"search_term_string"}}],"inLanguage":"pl-PL"},{"@type":"Organization","@id":"https:\/\/divljarijeka.com\/pl\/#organization","name":"Rafting Tara Divlja Rijeka","url":"https:\/\/divljarijeka.com\/pl\/","logo":{"@type":"ImageObject","inLanguage":"pl-PL","@id":"https:\/\/divljarijeka.com\/pl\/#\/schema\/logo\/image\/","url":"https:\/\/divljarijeka.com\/wp-content\/uploads\/2018\/08\/cropped-divlja-rijeka-rafting-publisher.png","contentUrl":"https:\/\/divljarijeka.com\/wp-content\/uploads\/2018\/08\/cropped-divlja-rijeka-rafting-publisher.png","width":104,"height":60,"caption":"Rafting Tara Divlja Rijeka"},"image":{"@id":"https:\/\/divljarijeka.com\/pl\/#\/schema\/logo\/image\/"},"sameAs":["https:\/\/www.facebook.com\/kampdivljarijeka\/","https:\/\/x.com\/DivljaRijeka","https:\/\/www.instagram.com\/kampdivljarijeka\/"]}]}},"_links":{"self":[{"href":"https:\/\/divljarijeka.com\/pl\/wp-json\/wp\/v2\/pages\/8006","targetHints":{"allow":["GET"]}}],"collection":[{"href":"https:\/\/divljarijeka.com\/pl\/wp-json\/wp\/v2\/pages"}],"about":[{"href":"https:\/\/divljarijeka.com\/pl\/wp-json\/wp\/v2\/types\/page"}],"author":[{"embeddable":true,"href":"https:\/\/divljarijeka.com\/pl\/wp-json\/wp\/v2\/users\/6"}],"replies":[{"embeddable":true,"href":"https:\/\/divljarijeka.com\/pl\/wp-json\/wp\/v2\/comments?post=8006"}],"version-history":[{"count":7,"href":"https:\/\/divljarijeka.com\/pl\/wp-json\/wp\/v2\/pages\/8006\/revisions"}],"predecessor-version":[{"id":8415,"href":"https:\/\/divljarijeka.com\/pl\/wp-json\/wp\/v2\/pages\/8006\/revisions\/8415"}],"up":[{"embeddable":true,"href":"https:\/\/divljarijeka.com\/pl\/wp-json\/wp\/v2\/pages\/7984"}],"wp:featuredmedia":[{"embeddable":true,"href":"https:\/\/divljarijeka.com\/pl\/wp-json\/wp\/v2\/media\/347"}],"wp:attachment":[{"href":"https:\/\/divljarijeka.com\/pl\/wp-json\/wp\/v2\/media?parent=8006"}],"curies":[{"name":"wp","href":"https:\/\/api.w.org\/{rel}","templated":true}]}}