{"id":8029,"date":"2025-02-18T08:53:08","date_gmt":"2025-02-18T08:53:08","guid":{"rendered":"https:\/\/divljarijeka.com\/?page_id=8029"},"modified":"2025-02-18T08:53:48","modified_gmt":"2025-02-18T08:53:48","slug":"maglic","status":"publish","type":"page","link":"https:\/\/divljarijeka.com\/pl\/atractions\/maglic\/","title":{"rendered":"Magli\u0107"},"content":{"rendered":"\t\t<div data-elementor-type=\"wp-page\" data-elementor-id=\"8029\" class=\"elementor elementor-8029 elementor-162\">\n\t\t\t\t\t\t<div class=\"elementor-inner\">\n\t\t\t\t<div class=\"elementor-section-wrap\">\n\t\t\t\t\t\t\t\t\t<section class=\"elementor-section elementor-top-section elementor-element elementor-element-76bec753 elementor-section-full_width elementor-section-height-min-height elementor-section-height-default elementor-section-items-middle\" data-id=\"76bec753\" data-element_type=\"section\" data-settings=\"{&quot;background_background&quot;:&quot;classic&quot;}\">\n\t\t\t\t\t\t\t<div class=\"elementor-background-overlay\"><\/div>\n\t\t\t\t\t\t\t<div class=\"elementor-container elementor-column-gap-default\">\n\t\t\t\t\t\t\t<div class=\"elementor-row\">\n\t\t\t\t\t<div class=\"elementor-column elementor-col-100 elementor-top-column elementor-element elementor-element-6758c85a\" data-id=\"6758c85a\" data-element_type=\"column\">\n\t\t\t<div class=\"elementor-column-wrap elementor-element-populated\">\n\t\t\t\t\t\t\t<div class=\"elementor-widget-wrap\">\n\t\t\t\t\t\t<div class=\"elementor-element elementor-element-b09a170 elementor-view-default elementor-position-top elementor-widget elementor-widget-themo-header\" data-id=\"b09a170\" data-element_type=\"widget\" data-widget_type=\"themo-header.default\">\n\t\t\t\t<div class=\"elementor-widget-container\">\n\t\t\t\t\t<div class=\"th-header-wrap\">\n        <div class=\"elementor-icon-box-wrapper \">\n                            <div class=\"elementor-icon-box-content\">\n                    <h1 class=\"elementor-icon-box-title\">\n                        Magli\u0107                    <\/h1>\n                                        <p class=\"elementor-icon-box-description\"><\/p>\n\n                                    <\/div>\n            <\/div>\n\n        <\/div>\n\n\t\t\t\t<\/div>\n\t\t\t\t<\/div>\n\t\t\t\t\t\t<\/div>\n\t\t\t\t\t<\/div>\n\t\t<\/div>\n\t\t\t\t\t\t\t\t<\/div>\n\t\t\t\t\t<\/div>\n\t\t<\/section>\n\t\t\t\t<section class=\"elementor-section elementor-top-section elementor-element elementor-element-22e626f2 elementor-section-boxed elementor-section-height-default elementor-section-height-default\" data-id=\"22e626f2\" data-element_type=\"section\">\n\t\t\t\t\t\t<div class=\"elementor-container elementor-column-gap-default\">\n\t\t\t\t\t\t\t<div class=\"elementor-row\">\n\t\t\t\t\t<div class=\"elementor-column elementor-col-100 elementor-top-column elementor-element elementor-element-5fdf7df4\" data-id=\"5fdf7df4\" data-element_type=\"column\">\n\t\t\t<div class=\"elementor-column-wrap elementor-element-populated\">\n\t\t\t\t\t\t\t<div class=\"elementor-widget-wrap\">\n\t\t\t\t\t\t<div class=\"elementor-element elementor-element-1dcb1dc0 elementor-widget elementor-widget-spacer\" data-id=\"1dcb1dc0\" data-element_type=\"widget\" data-widget_type=\"spacer.default\">\n\t\t\t\t<div class=\"elementor-widget-container\">\n\t\t\t\t\t<div class=\"elementor-spacer\">\n\t\t\t<div class=\"elementor-spacer-inner\"><\/div>\n\t\t<\/div>\n\t\t\t\t<\/div>\n\t\t\t\t<\/div>\n\t\t\t\t<div class=\"elementor-element elementor-element-2334fcd6 elementor-view-default elementor-position-top elementor-widget elementor-widget-themo-header\" data-id=\"2334fcd6\" data-element_type=\"widget\" data-widget_type=\"themo-header.default\">\n\t\t\t\t<div class=\"elementor-widget-container\">\n\t\t\t\t\t<div class=\"th-header-wrap\">\n        <div class=\"elementor-icon-box-wrapper th-show-icon\">\n                            <div class=\"elementor-icon-box-icon th-icon-size-lg\">\n                    <span class=\"elementor-icon \">\n                        <i class=\"th-trip travelpack-mountains-snow\" aria-hidden=\"true\" fff><\/i>                    <\/span>\n                <\/div>\n                                <div class=\"elementor-icon-box-content\">\n                    <h2 class=\"elementor-icon-box-title\">\n                        G\u00f3ra Magli\u0107                    <\/h2>\n                                        <p class=\"elementor-icon-box-description\">Magli\u0107 to najwy\u017cszy szczyt Bo\u015bni i Hercegowiny o wysoko\u015bci 2386 m n.p.m., ze wzgl\u0119du na strome zbocza ta g\u00f3ra zawsze by\u0142a wyzwaniem dla profesjonalnych alpinist\u00f3w, sportowc\u00f3w i poszukiwaczy przyg\u00f3d. G\u00f3ra jest pokryta bukowymi i wiecznie zielonymi lasami, a podn\u00f3\u017ca i wszystkie zbocza s\u0105 bogate w wod\u0119. Na wysoko\u015bci 2000 m w miejscu znanym jako Carev Do znajduje si\u0119 \u017ar\u00f3d\u0142o wody, co jest rzadko\u015bci\u0105 na tej wysoko\u015bci. Granica mi\u0119dzy Bo\u015bni\u0105 i Hercegowin\u0105 a Czarnog\u00f3r\u0105 przebiega na samym szczycie. U podn\u00f3\u017ca g\u00f3ry znajduje si\u0119 jezioro Trnova\u010dko, najpi\u0119kniejsze jezioro polodowcowe w tym rejonie, ulubione miejsce spotka\u0144 alpinist\u00f3w, kempingowicz\u00f3w i poszukiwaczy przyg\u00f3d.<\/p>\n\n                                    <\/div>\n            <\/div>\n\n        <\/div>\n\n\t\t\t\t<\/div>\n\t\t\t\t<\/div>\n\t\t\t\t\t\t<\/div>\n\t\t\t\t\t<\/div>\n\t\t<\/div>\n\t\t\t\t\t\t\t\t<\/div>\n\t\t\t\t\t<\/div>\n\t\t<\/section>\n\t\t\t\t<section class=\"elementor-section elementor-top-section elementor-element elementor-element-3ca2db09 elementor-section-boxed elementor-section-height-default elementor-section-height-default\" data-id=\"3ca2db09\" data-element_type=\"section\">\n\t\t\t\t\t\t<div class=\"elementor-container elementor-column-gap-default\">\n\t\t\t\t\t\t\t<div class=\"elementor-row\">\n\t\t\t\t\t<div class=\"elementor-column elementor-col-100 elementor-top-column elementor-element elementor-element-63f999d4\" data-id=\"63f999d4\" data-element_type=\"column\">\n\t\t\t<div class=\"elementor-column-wrap elementor-element-populated\">\n\t\t\t\t\t\t\t<div class=\"elementor-widget-wrap\">\n\t\t\t\t\t\t<div class=\"elementor-element elementor-element-1d41a29c elementor-widget elementor-widget-spacer\" data-id=\"1d41a29c\" data-element_type=\"widget\" data-widget_type=\"spacer.default\">\n\t\t\t\t<div class=\"elementor-widget-container\">\n\t\t\t\t\t<div class=\"elementor-spacer\">\n\t\t\t<div class=\"elementor-spacer-inner\"><\/div>\n\t\t<\/div>\n\t\t\t\t<\/div>\n\t\t\t\t<\/div>\n\t\t\t\t\t\t<\/div>\n\t\t\t\t\t<\/div>\n\t\t<\/div>\n\t\t\t\t\t\t\t\t<\/div>\n\t\t\t\t\t<\/div>\n\t\t<\/section>\n\t\t\t\t<section class=\"elementor-section elementor-top-section elementor-element elementor-element-324c24f6 elementor-section-boxed elementor-section-height-default elementor-section-height-default\" data-id=\"324c24f6\" data-element_type=\"section\">\n\t\t\t\t\t\t<div class=\"elementor-container elementor-column-gap-default\">\n\t\t\t\t\t\t\t<div class=\"elementor-row\">\n\t\t\t\t\t<div class=\"elementor-column elementor-col-100 elementor-top-column elementor-element elementor-element-290e92a9\" data-id=\"290e92a9\" data-element_type=\"column\">\n\t\t\t<div class=\"elementor-column-wrap elementor-element-populated\">\n\t\t\t\t\t\t\t<div class=\"elementor-widget-wrap\">\n\t\t\t\t\t\t<div class=\"elementor-element elementor-element-662475a2 elementor-widget elementor-widget-themo-tour-grid\" data-id=\"662475a2\" data-element_type=\"widget\" data-widget_type=\"themo-tour-grid.default\">\n\t\t\t\t<div class=\"elementor-widget-container\">\n\t\t\t\n                <div id=\"th-portfolio-content-6a0912a965e94\" class=\"th-portfolio\">\n\n            \n            <div id=\"th-portfolio-row\" class=\"th-portfolio-row row portfolio_content  three-columns th-port-gutter\">\n\n                                        <div id=\"post-8195\" class=\"th-portfolio-item item col-md-4 col-sm-6 p-jeep-safari p-maglic-pl p-np-sutjeska p-one-day-tours p-zelengora-pl post-8195 themo_tour type-themo_tour status-publish format-standard has-post-thumbnail hentry themo_tour_type-jeep-safari themo_tour_type-maglic-pl themo_tour_type-np-sutjeska themo_tour_type-one-day-tours themo_tour_type-zelengora-pl\">\n                            <div class=\"th-port-wrap\">\n                                <img decoding=\"async\" width=\"605\" height=\"605\" src=\"https:\/\/divljarijeka.com\/wp-content\/uploads\/2018\/04\/jeep-safari-sutjeska-bosnia-003-605x605.jpg\" class=\"img-responsive th-port-img wp-post-image\" alt=\"jeep safari sutjeska\" \/>\n                                <div class=\"th-port-overlay\"><\/div>\n                                <div class=\"th-port-inner\">\n                                                                            <div class=\"th-port-top-text\">Jednodniowa Wycieczka Safari Jeepem<\/div>\n                                                                        <div class=\"th-port-center\">\n                                        <h3 class=\"th-port-title\">Jeep safari Sutjeska \u2013 Bo\u015bnia<\/h3>\n                                        <p class=\"th-port-sub\">Odkryj pi\u0119kno Parku Narodowego Sutjeska podczas przeja\u017cd\u017cki samochodem terenowym.<\/p>                                                                                    <span class=\"th-port-btn\">ZOBACZ WYCIECZK\u0118<\/span>\n                                                                            <\/div>\n                                    <a href=\"https:\/\/divljarijeka.com\/pl\/tour\/jeep-safari-sutjeska\/\" class=\"th-port-link\" ><\/a>                                <\/div>\n                            <\/div>\n                        <\/div>\n                                                <div id=\"post-8274\" class=\"th-portfolio-item item col-md-4 col-sm-6 p-hiking p-maglic-pl p-np-sutjeska p-one-day-tours p-perucica-pl p-trnovacko-lake post-8274 themo_tour type-themo_tour status-publish format-standard has-post-thumbnail hentry themo_tour_type-hiking themo_tour_type-maglic-pl themo_tour_type-np-sutjeska themo_tour_type-one-day-tours themo_tour_type-perucica-pl themo_tour_type-trnovacko-lake\">\n                            <div class=\"th-port-wrap\">\n                                <img decoding=\"async\" width=\"605\" height=\"605\" src=\"https:\/\/divljarijeka.com\/wp-content\/uploads\/2018\/04\/lake-trnovacko-.hiking-001-605x605.jpg\" class=\"img-responsive th-port-img wp-post-image\" alt=\"Trnova\u010dko lake, Vi\u0161egrad and Andri\u0107grad\" \/>\n                                <div class=\"th-port-overlay\"><\/div>\n                                <div class=\"th-port-inner\">\n                                                                            <div class=\"th-port-top-text\">Piesze wycieczki - Jednodniowa Wycieczka<\/div>\n                                                                        <div class=\"th-port-center\">\n                                        <h3 class=\"th-port-title\">Jezioro Trnova\u010dko \u2013 Zasmakuj Nieba<\/h3>\n                                        <p class=\"th-port-sub\">Pi\u0119kne g\u00f3rskie jezioro u podn\u00f3\u017ca najwy\u017cszego szczytu g\u00f3rskiego w Bo\u015bni i Hercegowinie.<\/p>                                                                                    <span class=\"th-port-btn\">ZOBACZ WYCIECZK\u0118<\/span>\n                                                                            <\/div>\n                                    <a href=\"https:\/\/divljarijeka.com\/pl\/tour\/jezioro-trnovacko\/\" class=\"th-port-link\" ><\/a>                                <\/div>\n                            <\/div>\n                        <\/div>\n                                                <div id=\"post-8309\" class=\"th-portfolio-item item col-md-4 col-sm-6 p-hiking p-maglic-pl p-np-sutjeska p-one-day-tours p-perucica-pl p-trekking-pl post-8309 themo_tour type-themo_tour status-publish format-standard has-post-thumbnail hentry themo_tour_type-hiking themo_tour_type-maglic-pl themo_tour_type-np-sutjeska themo_tour_type-one-day-tours themo_tour_type-perucica-pl themo_tour_type-trekking-pl\">\n                            <div class=\"th-port-wrap\">\n                                <img decoding=\"async\" width=\"394\" height=\"394\" src=\"https:\/\/divljarijeka.com\/wp-content\/uploads\/2018\/04\/maglic-montain-hike-001-394x394.jpg\" class=\"img-responsive th-port-img wp-post-image\" alt=\"Hiking\" \/>\n                                <div class=\"th-port-overlay\"><\/div>\n                                <div class=\"th-port-inner\">\n                                                                            <div class=\"th-port-top-text\">Piesze wycieczki - jednodniowa wycieczka<\/div>\n                                                                        <div class=\"th-port-center\">\n                                        <h3 class=\"th-port-title\">Magli\u0107 - Najwy\u017cszy szczyt<\/h3>\n                                        <p class=\"th-port-sub\">Magli\u0107 (2386 m n.p.m.) jest najwy\u017cszym szczytem g\u00f3rskim Bo\u015bni i Hercegowiny.<\/p>                                                                                    <span class=\"th-port-btn\">ZOBACZ WYCIECZK\u0118<\/span>\n                                                                            <\/div>\n                                    <a href=\"https:\/\/divljarijeka.com\/pl\/tour\/maglic\/\" class=\"th-port-link\" ><\/a>                                <\/div>\n                            <\/div>\n                        <\/div>\n                        \n            <\/div>\n\n        <\/div>\n\n        \t\t<\/div>\n\t\t\t\t<\/div>\n\t\t\t\t\t\t<\/div>\n\t\t\t\t\t<\/div>\n\t\t<\/div>\n\t\t\t\t\t\t\t\t<\/div>\n\t\t\t\t\t<\/div>\n\t\t<\/section>\n\t\t\t\t<section class=\"elementor-section elementor-top-section elementor-element elementor-element-481ad577 elementor-section-boxed elementor-section-height-default elementor-section-height-default\" data-id=\"481ad577\" data-element_type=\"section\">\n\t\t\t\t\t\t<div class=\"elementor-container elementor-column-gap-default\">\n\t\t\t\t\t\t\t<div class=\"elementor-row\">\n\t\t\t\t\t<div class=\"elementor-column elementor-col-100 elementor-top-column elementor-element elementor-element-ca4eaf4\" data-id=\"ca4eaf4\" data-element_type=\"column\">\n\t\t\t<div class=\"elementor-column-wrap elementor-element-populated\">\n\t\t\t\t\t\t\t<div class=\"elementor-widget-wrap\">\n\t\t\t\t\t\t<div class=\"elementor-element elementor-element-fdf3d8c elementor-widget elementor-widget-html\" data-id=\"fdf3d8c\" data-element_type=\"widget\" data-widget_type=\"html.default\">\n\t\t\t\t<div class=\"elementor-widget-container\">\n\t\t\t<iframe loading=\"lazy\" src=\"https:\/\/www.google.com\/maps\/d\/embed?mid=12qwbkYBGm8oSTmweopFLhkuWuHXi1LpL\" width=\"640\" height=\"480\"><\/iframe>\t\t<\/div>\n\t\t\t\t<\/div>\n\t\t\t\t\t\t<\/div>\n\t\t\t\t\t<\/div>\n\t\t<\/div>\n\t\t\t\t\t\t\t\t<\/div>\n\t\t\t\t\t<\/div>\n\t\t<\/section>\n\t\t\t\t\t\t\t\t\t<\/div>\n\t\t\t<\/div>\n\t\t\t\t\t<\/div>\n\t\t","protected":false},"excerpt":{"rendered":"<p>Magli\u0107 G\u00f3ra Magli\u0107 Magli\u0107 to najwy\u017cszy szczyt Bo\u015bni i Hercegowiny o wysoko\u015bci 2386 m n.p.m., ze wzgl\u0119du na strome zbocza ta g\u00f3ra zawsze by\u0142a wyzwaniem dla profesjonalnych alpinist\u00f3w, sportowc\u00f3w i poszukiwaczy przyg\u00f3d. G\u00f3ra jest pokryta bukowymi i wiecznie zielonymi lasami, &hellip; <a href=\"https:\/\/divljarijeka.com\/pl\/tour\/maglic\/\">Read More<\/a><\/p>\n","protected":false},"author":6,"featured_media":657,"parent":8016,"menu_order":0,"comment_status":"closed","ping_status":"closed","template":"","meta":{"inline_featured_image":false,"footnotes":""},"class_list":["post-8029","page","type-page","status-publish","has-post-thumbnail","hentry"],"yoast_head":"<!-- This site is optimized with the Yoast SEO Premium plugin v27.4 (Yoast SEO v27.4) - https:\/\/yoast.com\/product\/yoast-seo-premium-wordpress\/ -->\n<title>Magli\u0107 -Najwy\u017cszy szczyt Bo\u015bni | Rafting Tara Divlja Rijeka<\/title>\n<meta name=\"description\" content=\"Magli\u0107 to najwy\u017cszy szczyt Bo\u015bni i Hercegowiny. G\u00f3ra pokryta jest bukami i wiecznie zielonymi lasami, a wszystkie zbocza s\u0105 bogate w wod\u0119.\" \/>\n<meta name=\"robots\" content=\"index, follow, max-snippet:-1, max-image-preview:large, max-video-preview:-1\" \/>\n<link rel=\"canonical\" href=\"https:\/\/divljarijeka.com\/pl\/atractions\/maglic\/\" \/>\n<meta property=\"og:locale\" content=\"pl_PL\" \/>\n<meta property=\"og:type\" content=\"article\" \/>\n<meta property=\"og:title\" content=\"Magli\u0107\" \/>\n<meta property=\"og:description\" content=\"Magli\u0107 to najwy\u017cszy szczyt Bo\u015bni i Hercegowiny. G\u00f3ra pokryta jest bukami i wiecznie zielonymi lasami, a wszystkie zbocza s\u0105 bogate w wod\u0119.\" \/>\n<meta property=\"og:url\" content=\"https:\/\/divljarijeka.com\/pl\/atractions\/maglic\/\" \/>\n<meta property=\"og:site_name\" content=\"Rafting Tara Divlja Rijeka\" \/>\n<meta property=\"article:publisher\" content=\"https:\/\/www.facebook.com\/kampdivljarijeka\/\" \/>\n<meta property=\"article:modified_time\" content=\"2025-02-18T08:53:48+00:00\" \/>\n<meta property=\"og:image\" content=\"https:\/\/divljarijeka.com\/wp-content\/uploads\/2018\/04\/jeep-safari-sutjeska-bosnia-001.jpg\" \/>\n\t<meta property=\"og:image:width\" content=\"1300\" \/>\n\t<meta property=\"og:image:height\" content=\"868\" \/>\n\t<meta property=\"og:image:type\" content=\"image\/jpeg\" \/>\n<meta name=\"twitter:card\" content=\"summary_large_image\" \/>\n<meta name=\"twitter:site\" content=\"@DivljaRijeka\" \/>\n<meta name=\"twitter:label1\" content=\"Szacowany czas czytania\" \/>\n\t<meta name=\"twitter:data1\" content=\"1 minuta\" \/>\n<script type=\"application\/ld+json\" class=\"yoast-schema-graph\">{\"@context\":\"https:\\\/\\\/schema.org\",\"@graph\":[{\"@type\":\"WebPage\",\"@id\":\"https:\\\/\\\/divljarijeka.com\\\/pl\\\/atractions\\\/maglic\\\/\",\"url\":\"https:\\\/\\\/divljarijeka.com\\\/pl\\\/atractions\\\/maglic\\\/\",\"name\":\"Magli\u0107 -Najwy\u017cszy szczyt Bo\u015bni | Rafting Tara Divlja Rijeka\",\"isPartOf\":{\"@id\":\"https:\\\/\\\/divljarijeka.com\\\/pl\\\/#website\"},\"primaryImageOfPage\":{\"@id\":\"https:\\\/\\\/divljarijeka.com\\\/pl\\\/atractions\\\/maglic\\\/#primaryimage\"},\"image\":{\"@id\":\"https:\\\/\\\/divljarijeka.com\\\/pl\\\/atractions\\\/maglic\\\/#primaryimage\"},\"thumbnailUrl\":\"https:\\\/\\\/divljarijeka.com\\\/wp-content\\\/uploads\\\/2018\\\/04\\\/jeep-safari-sutjeska-bosnia-001.jpg\",\"datePublished\":\"2025-02-18T08:53:08+00:00\",\"dateModified\":\"2025-02-18T08:53:48+00:00\",\"description\":\"Magli\u0107 to najwy\u017cszy szczyt Bo\u015bni i Hercegowiny. G\u00f3ra pokryta jest bukami i wiecznie zielonymi lasami, a wszystkie zbocza s\u0105 bogate w wod\u0119.\",\"breadcrumb\":{\"@id\":\"https:\\\/\\\/divljarijeka.com\\\/pl\\\/atractions\\\/maglic\\\/#breadcrumb\"},\"inLanguage\":\"pl-PL\",\"potentialAction\":[{\"@type\":\"ReadAction\",\"target\":[\"https:\\\/\\\/divljarijeka.com\\\/pl\\\/atractions\\\/maglic\\\/\"]}]},{\"@type\":\"ImageObject\",\"inLanguage\":\"pl-PL\",\"@id\":\"https:\\\/\\\/divljarijeka.com\\\/pl\\\/atractions\\\/maglic\\\/#primaryimage\",\"url\":\"https:\\\/\\\/divljarijeka.com\\\/wp-content\\\/uploads\\\/2018\\\/04\\\/jeep-safari-sutjeska-bosnia-001.jpg\",\"contentUrl\":\"https:\\\/\\\/divljarijeka.com\\\/wp-content\\\/uploads\\\/2018\\\/04\\\/jeep-safari-sutjeska-bosnia-001.jpg\",\"width\":1300,\"height\":868,\"caption\":\"jeep safari sutjeska, Magli\u0107\"},{\"@type\":\"BreadcrumbList\",\"@id\":\"https:\\\/\\\/divljarijeka.com\\\/pl\\\/atractions\\\/maglic\\\/#breadcrumb\",\"itemListElement\":[{\"@type\":\"ListItem\",\"position\":1,\"name\":\"Home\",\"item\":\"https:\\\/\\\/divljarijeka.com\\\/pl\\\/\"},{\"@type\":\"ListItem\",\"position\":2,\"name\":\"Wdzi\u0119ki kobiece\",\"item\":\"https:\\\/\\\/divljarijeka.com\\\/pl\\\/atractions\\\/\"},{\"@type\":\"ListItem\",\"position\":3,\"name\":\"Magli\u0107\"}]},{\"@type\":\"WebSite\",\"@id\":\"https:\\\/\\\/divljarijeka.com\\\/pl\\\/#website\",\"url\":\"https:\\\/\\\/divljarijeka.com\\\/pl\\\/\",\"name\":\"Rafting Tara Divlja Rijeka\",\"description\":\"\",\"publisher\":{\"@id\":\"https:\\\/\\\/divljarijeka.com\\\/pl\\\/#organization\"},\"potentialAction\":[{\"@type\":\"SearchAction\",\"target\":{\"@type\":\"EntryPoint\",\"urlTemplate\":\"https:\\\/\\\/divljarijeka.com\\\/pl\\\/?s={search_term_string}\"},\"query-input\":{\"@type\":\"PropertyValueSpecification\",\"valueRequired\":true,\"valueName\":\"search_term_string\"}}],\"inLanguage\":\"pl-PL\"},{\"@type\":\"Organization\",\"@id\":\"https:\\\/\\\/divljarijeka.com\\\/pl\\\/#organization\",\"name\":\"Rafting Tara Divlja Rijeka\",\"url\":\"https:\\\/\\\/divljarijeka.com\\\/pl\\\/\",\"logo\":{\"@type\":\"ImageObject\",\"inLanguage\":\"pl-PL\",\"@id\":\"https:\\\/\\\/divljarijeka.com\\\/pl\\\/#\\\/schema\\\/logo\\\/image\\\/\",\"url\":\"https:\\\/\\\/divljarijeka.com\\\/wp-content\\\/uploads\\\/2018\\\/08\\\/cropped-divlja-rijeka-rafting-publisher.png\",\"contentUrl\":\"https:\\\/\\\/divljarijeka.com\\\/wp-content\\\/uploads\\\/2018\\\/08\\\/cropped-divlja-rijeka-rafting-publisher.png\",\"width\":104,\"height\":60,\"caption\":\"Rafting Tara Divlja Rijeka\"},\"image\":{\"@id\":\"https:\\\/\\\/divljarijeka.com\\\/pl\\\/#\\\/schema\\\/logo\\\/image\\\/\"},\"sameAs\":[\"https:\\\/\\\/www.facebook.com\\\/kampdivljarijeka\\\/\",\"https:\\\/\\\/x.com\\\/DivljaRijeka\",\"https:\\\/\\\/www.instagram.com\\\/kampdivljarijeka\\\/\"]}]}<\/script>\n<!-- \/ Yoast SEO Premium plugin. -->","yoast_head_json":{"title":"Magli\u0107 -Najwy\u017cszy szczyt Bo\u015bni | Rafting Tara Divlja Rijeka","description":"Magli\u0107 to najwy\u017cszy szczyt Bo\u015bni i Hercegowiny. G\u00f3ra pokryta jest bukami i wiecznie zielonymi lasami, a wszystkie zbocza s\u0105 bogate w wod\u0119.","robots":{"index":"index","follow":"follow","max-snippet":"max-snippet:-1","max-image-preview":"max-image-preview:large","max-video-preview":"max-video-preview:-1"},"canonical":"https:\/\/divljarijeka.com\/pl\/atractions\/maglic\/","og_locale":"pl_PL","og_type":"article","og_title":"Magli\u0107","og_description":"Magli\u0107 to najwy\u017cszy szczyt Bo\u015bni i Hercegowiny. G\u00f3ra pokryta jest bukami i wiecznie zielonymi lasami, a wszystkie zbocza s\u0105 bogate w wod\u0119.","og_url":"https:\/\/divljarijeka.com\/pl\/atractions\/maglic\/","og_site_name":"Rafting Tara Divlja Rijeka","article_publisher":"https:\/\/www.facebook.com\/kampdivljarijeka\/","article_modified_time":"2025-02-18T08:53:48+00:00","og_image":[{"width":1300,"height":868,"url":"https:\/\/divljarijeka.com\/wp-content\/uploads\/2018\/04\/jeep-safari-sutjeska-bosnia-001.jpg","type":"image\/jpeg"}],"twitter_card":"summary_large_image","twitter_site":"@DivljaRijeka","twitter_misc":{"Szacowany czas czytania":"1 minuta"},"schema":{"@context":"https:\/\/schema.org","@graph":[{"@type":"WebPage","@id":"https:\/\/divljarijeka.com\/pl\/atractions\/maglic\/","url":"https:\/\/divljarijeka.com\/pl\/atractions\/maglic\/","name":"Magli\u0107 -Najwy\u017cszy szczyt Bo\u015bni | Rafting Tara Divlja Rijeka","isPartOf":{"@id":"https:\/\/divljarijeka.com\/pl\/#website"},"primaryImageOfPage":{"@id":"https:\/\/divljarijeka.com\/pl\/atractions\/maglic\/#primaryimage"},"image":{"@id":"https:\/\/divljarijeka.com\/pl\/atractions\/maglic\/#primaryimage"},"thumbnailUrl":"https:\/\/divljarijeka.com\/wp-content\/uploads\/2018\/04\/jeep-safari-sutjeska-bosnia-001.jpg","datePublished":"2025-02-18T08:53:08+00:00","dateModified":"2025-02-18T08:53:48+00:00","description":"Magli\u0107 to najwy\u017cszy szczyt Bo\u015bni i Hercegowiny. G\u00f3ra pokryta jest bukami i wiecznie zielonymi lasami, a wszystkie zbocza s\u0105 bogate w wod\u0119.","breadcrumb":{"@id":"https:\/\/divljarijeka.com\/pl\/atractions\/maglic\/#breadcrumb"},"inLanguage":"pl-PL","potentialAction":[{"@type":"ReadAction","target":["https:\/\/divljarijeka.com\/pl\/atractions\/maglic\/"]}]},{"@type":"ImageObject","inLanguage":"pl-PL","@id":"https:\/\/divljarijeka.com\/pl\/atractions\/maglic\/#primaryimage","url":"https:\/\/divljarijeka.com\/wp-content\/uploads\/2018\/04\/jeep-safari-sutjeska-bosnia-001.jpg","contentUrl":"https:\/\/divljarijeka.com\/wp-content\/uploads\/2018\/04\/jeep-safari-sutjeska-bosnia-001.jpg","width":1300,"height":868,"caption":"jeep safari sutjeska, Magli\u0107"},{"@type":"BreadcrumbList","@id":"https:\/\/divljarijeka.com\/pl\/atractions\/maglic\/#breadcrumb","itemListElement":[{"@type":"ListItem","position":1,"name":"Home","item":"https:\/\/divljarijeka.com\/pl\/"},{"@type":"ListItem","position":2,"name":"Wdzi\u0119ki kobiece","item":"https:\/\/divljarijeka.com\/pl\/atractions\/"},{"@type":"ListItem","position":3,"name":"Magli\u0107"}]},{"@type":"WebSite","@id":"https:\/\/divljarijeka.com\/pl\/#website","url":"https:\/\/divljarijeka.com\/pl\/","name":"Rafting Tara Divlja Rijeka","description":"","publisher":{"@id":"https:\/\/divljarijeka.com\/pl\/#organization"},"potentialAction":[{"@type":"SearchAction","target":{"@type":"EntryPoint","urlTemplate":"https:\/\/divljarijeka.com\/pl\/?s={search_term_string}"},"query-input":{"@type":"PropertyValueSpecification","valueRequired":true,"valueName":"search_term_string"}}],"inLanguage":"pl-PL"},{"@type":"Organization","@id":"https:\/\/divljarijeka.com\/pl\/#organization","name":"Rafting Tara Divlja Rijeka","url":"https:\/\/divljarijeka.com\/pl\/","logo":{"@type":"ImageObject","inLanguage":"pl-PL","@id":"https:\/\/divljarijeka.com\/pl\/#\/schema\/logo\/image\/","url":"https:\/\/divljarijeka.com\/wp-content\/uploads\/2018\/08\/cropped-divlja-rijeka-rafting-publisher.png","contentUrl":"https:\/\/divljarijeka.com\/wp-content\/uploads\/2018\/08\/cropped-divlja-rijeka-rafting-publisher.png","width":104,"height":60,"caption":"Rafting Tara Divlja Rijeka"},"image":{"@id":"https:\/\/divljarijeka.com\/pl\/#\/schema\/logo\/image\/"},"sameAs":["https:\/\/www.facebook.com\/kampdivljarijeka\/","https:\/\/x.com\/DivljaRijeka","https:\/\/www.instagram.com\/kampdivljarijeka\/"]}]}},"_links":{"self":[{"href":"https:\/\/divljarijeka.com\/pl\/wp-json\/wp\/v2\/pages\/8029","targetHints":{"allow":["GET"]}}],"collection":[{"href":"https:\/\/divljarijeka.com\/pl\/wp-json\/wp\/v2\/pages"}],"about":[{"href":"https:\/\/divljarijeka.com\/pl\/wp-json\/wp\/v2\/types\/page"}],"author":[{"embeddable":true,"href":"https:\/\/divljarijeka.com\/pl\/wp-json\/wp\/v2\/users\/6"}],"replies":[{"embeddable":true,"href":"https:\/\/divljarijeka.com\/pl\/wp-json\/wp\/v2\/comments?post=8029"}],"version-history":[{"count":4,"href":"https:\/\/divljarijeka.com\/pl\/wp-json\/wp\/v2\/pages\/8029\/revisions"}],"predecessor-version":[{"id":8033,"href":"https:\/\/divljarijeka.com\/pl\/wp-json\/wp\/v2\/pages\/8029\/revisions\/8033"}],"up":[{"embeddable":true,"href":"https:\/\/divljarijeka.com\/pl\/wp-json\/wp\/v2\/pages\/8016"}],"wp:featuredmedia":[{"embeddable":true,"href":"https:\/\/divljarijeka.com\/pl\/wp-json\/wp\/v2\/media\/657"}],"wp:attachment":[{"href":"https:\/\/divljarijeka.com\/pl\/wp-json\/wp\/v2\/media?parent=8029"}],"curies":[{"name":"wp","href":"https:\/\/api.w.org\/{rel}","templated":true}]}}