{"id":8034,"date":"2025-02-18T08:54:40","date_gmt":"2025-02-18T08:54:40","guid":{"rendered":"https:\/\/divljarijeka.com\/?page_id=8034"},"modified":"2025-02-18T08:55:14","modified_gmt":"2025-02-18T08:55:14","slug":"kanion-nevidio","status":"publish","type":"page","link":"https:\/\/divljarijeka.com\/pl\/atractions\/kanion-nevidio\/","title":{"rendered":"Kanion Nevidio"},"content":{"rendered":"\t\t<div data-elementor-type=\"wp-page\" data-elementor-id=\"8034\" class=\"elementor elementor-8034 elementor-155\">\n\t\t\t\t\t\t<div class=\"elementor-inner\">\n\t\t\t\t<div class=\"elementor-section-wrap\">\n\t\t\t\t\t\t\t\t\t<section class=\"elementor-section elementor-top-section elementor-element elementor-element-73888ec8 elementor-section-full_width elementor-section-height-min-height elementor-section-height-default elementor-section-items-middle\" data-id=\"73888ec8\" data-element_type=\"section\" data-settings=\"{&quot;background_background&quot;:&quot;classic&quot;}\">\n\t\t\t\t\t\t\t<div class=\"elementor-background-overlay\"><\/div>\n\t\t\t\t\t\t\t<div class=\"elementor-container elementor-column-gap-default\">\n\t\t\t\t\t\t\t<div class=\"elementor-row\">\n\t\t\t\t\t<div class=\"elementor-column elementor-col-100 elementor-top-column elementor-element elementor-element-4ecf2a15\" data-id=\"4ecf2a15\" data-element_type=\"column\">\n\t\t\t<div class=\"elementor-column-wrap elementor-element-populated\">\n\t\t\t\t\t\t\t<div class=\"elementor-widget-wrap\">\n\t\t\t\t\t\t<div class=\"elementor-element elementor-element-33332e47 elementor-view-default elementor-position-top elementor-widget elementor-widget-themo-header\" data-id=\"33332e47\" data-element_type=\"widget\" data-widget_type=\"themo-header.default\">\n\t\t\t\t<div class=\"elementor-widget-container\">\n\t\t\t\t\t<div class=\"th-header-wrap\">\n        <div class=\"elementor-icon-box-wrapper \">\n                            <div class=\"elementor-icon-box-content\">\n                    <h1 class=\"elementor-icon-box-title\">\n                        Kanion Nevidio                    <\/h1>\n                                        <p class=\"elementor-icon-box-description\"><\/p>\n\n                                    <\/div>\n            <\/div>\n\n        <\/div>\n\n\t\t\t\t<\/div>\n\t\t\t\t<\/div>\n\t\t\t\t\t\t<\/div>\n\t\t\t\t\t<\/div>\n\t\t<\/div>\n\t\t\t\t\t\t\t\t<\/div>\n\t\t\t\t\t<\/div>\n\t\t<\/section>\n\t\t\t\t<section class=\"elementor-section elementor-top-section elementor-element elementor-element-7756ce7 elementor-section-boxed elementor-section-height-default elementor-section-height-default\" data-id=\"7756ce7\" data-element_type=\"section\">\n\t\t\t\t\t\t<div class=\"elementor-container elementor-column-gap-default\">\n\t\t\t\t\t\t\t<div class=\"elementor-row\">\n\t\t\t\t\t<div class=\"elementor-column elementor-col-100 elementor-top-column elementor-element elementor-element-27bc428e\" data-id=\"27bc428e\" data-element_type=\"column\">\n\t\t\t<div class=\"elementor-column-wrap elementor-element-populated\">\n\t\t\t\t\t\t\t<div class=\"elementor-widget-wrap\">\n\t\t\t\t\t\t<div class=\"elementor-element elementor-element-be21fae elementor-widget elementor-widget-spacer\" data-id=\"be21fae\" data-element_type=\"widget\" data-widget_type=\"spacer.default\">\n\t\t\t\t<div class=\"elementor-widget-container\">\n\t\t\t\t\t<div class=\"elementor-spacer\">\n\t\t\t<div class=\"elementor-spacer-inner\"><\/div>\n\t\t<\/div>\n\t\t\t\t<\/div>\n\t\t\t\t<\/div>\n\t\t\t\t<div class=\"elementor-element elementor-element-70fb0d40 elementor-view-default elementor-position-top elementor-widget elementor-widget-themo-header\" data-id=\"70fb0d40\" data-element_type=\"widget\" data-widget_type=\"themo-header.default\">\n\t\t\t\t<div class=\"elementor-widget-container\">\n\t\t\t\t\t<div class=\"th-header-wrap\">\n        <div class=\"elementor-icon-box-wrapper th-show-icon\">\n                            <div class=\"elementor-icon-box-icon th-icon-size-lg\">\n                    <span class=\"elementor-icon \">\n                        <i class=\"th-trip travelpack-mountains-snow\" aria-hidden=\"true\" fff><\/i>                    <\/span>\n                <\/div>\n                                <div class=\"elementor-icon-box-content\">\n                    <h2 class=\"elementor-icon-box-title\">\n                        Kanion Nevidio                    <\/h2>\n                                        <p class=\"elementor-icon-box-description\">Kanion ten jest cz\u0119\u015bci\u0105 rzeki Komarnica w <a href=\"https:\/\/www.britannica.com\/place\/Montenegro\">p\u00f3\u0142nocno-zachodniej Czarnog\u00f3rze<\/a> i jest uwa\u017cany za najbardziej nieprzejezdny Kanion Nevidio w Europie, a\u017c do 1965 roku, kiedy to zosta\u0142 ostatecznie zdobyty, po kilku pr\u00f3bach, przez grup\u0119 lokalnych alpinist\u00f3w.\nKanion Nevidio ma oko\u0142o 3,8 km d\u0142ugo\u015bci i w niekt\u00f3rych miejscach oko\u0142o 450 m g\u0142\u0119boko\u015bci. Obecnie jest to bardzo <a href=\"https:\/\/divljarijeka.com\/\">popularny cel podr\u00f3\u017cy<\/a> dla tych, kt\u00f3rzy lubi\u0105 ekstremalny kanioning i zastrzyk adrenaliny.<\/p>\n\n                                    <\/div>\n            <\/div>\n\n        <\/div>\n\n\t\t\t\t<\/div>\n\t\t\t\t<\/div>\n\t\t\t\t\t\t<\/div>\n\t\t\t\t\t<\/div>\n\t\t<\/div>\n\t\t\t\t\t\t\t\t<\/div>\n\t\t\t\t\t<\/div>\n\t\t<\/section>\n\t\t\t\t<section class=\"elementor-section elementor-top-section elementor-element elementor-element-7f276e55 elementor-section-boxed elementor-section-height-default elementor-section-height-default\" data-id=\"7f276e55\" data-element_type=\"section\">\n\t\t\t\t\t\t<div class=\"elementor-container elementor-column-gap-default\">\n\t\t\t\t\t\t\t<div class=\"elementor-row\">\n\t\t\t\t\t<div class=\"elementor-column elementor-col-100 elementor-top-column elementor-element elementor-element-2b981304\" data-id=\"2b981304\" data-element_type=\"column\">\n\t\t\t<div class=\"elementor-column-wrap elementor-element-populated\">\n\t\t\t\t\t\t\t<div class=\"elementor-widget-wrap\">\n\t\t\t\t\t\t<div class=\"elementor-element elementor-element-1f4df8d8 elementor-widget elementor-widget-spacer\" data-id=\"1f4df8d8\" data-element_type=\"widget\" data-widget_type=\"spacer.default\">\n\t\t\t\t<div class=\"elementor-widget-container\">\n\t\t\t\t\t<div class=\"elementor-spacer\">\n\t\t\t<div class=\"elementor-spacer-inner\"><\/div>\n\t\t<\/div>\n\t\t\t\t<\/div>\n\t\t\t\t<\/div>\n\t\t\t\t\t\t<\/div>\n\t\t\t\t\t<\/div>\n\t\t<\/div>\n\t\t\t\t\t\t\t\t<\/div>\n\t\t\t\t\t<\/div>\n\t\t<\/section>\n\t\t\t\t<section class=\"elementor-section elementor-top-section elementor-element elementor-element-59e10cef elementor-section-boxed elementor-section-height-default elementor-section-height-default\" data-id=\"59e10cef\" data-element_type=\"section\">\n\t\t\t\t\t\t<div class=\"elementor-container elementor-column-gap-default\">\n\t\t\t\t\t\t\t<div class=\"elementor-row\">\n\t\t\t\t\t<div class=\"elementor-column elementor-col-100 elementor-top-column elementor-element elementor-element-4c74b62d\" data-id=\"4c74b62d\" data-element_type=\"column\">\n\t\t\t<div class=\"elementor-column-wrap elementor-element-populated\">\n\t\t\t\t\t\t\t<div class=\"elementor-widget-wrap\">\n\t\t\t\t\t\t<div class=\"elementor-element elementor-element-7e0a6388 elementor-widget elementor-widget-themo-tour-grid\" data-id=\"7e0a6388\" data-element_type=\"widget\" data-widget_type=\"themo-tour-grid.default\">\n\t\t\t\t<div class=\"elementor-widget-container\">\n\t\t\t\n                <div id=\"th-portfolio-content-6a08ffb5ca921\" class=\"th-portfolio\">\n\n            \n            <div id=\"th-portfolio-row\" class=\"th-portfolio-row row portfolio_content  three-columns th-port-gutter\">\n\n                                        <div id=\"post-8341\" class=\"th-portfolio-item item col-md-4 col-sm-6 p-canyoning p-np-durmitor p-one-day-tours post-8341 themo_tour type-themo_tour status-publish format-standard has-post-thumbnail hentry themo_tour_type-canyoning themo_tour_type-np-durmitor themo_tour_type-one-day-tours\">\n                            <div class=\"th-port-wrap\">\n                                <img decoding=\"async\" width=\"605\" height=\"605\" src=\"https:\/\/divljarijeka.com\/wp-content\/uploads\/2018\/04\/adrenaline-canyoning-nevidio-605x605.jpg\" class=\"img-responsive th-port-img wp-post-image\" alt=\"Canyoning\" \/>\n                                <div class=\"th-port-overlay\"><\/div>\n                                <div class=\"th-port-inner\">\n                                                                            <div class=\"th-port-top-text\">Kanioning \u2013 Jednodniowa Wycieczka<\/div>\n                                                                        <div class=\"th-port-center\">\n                                        <h3 class=\"th-port-title\">Kanioning Adrenaliny - Nevidio<\/h3>\n                                        <p class=\"th-port-sub\">Kanion Nevidio jest jednym z ostatnich zdobytych kanion\u00f3w w Europie.<\/p>                                                                                    <span class=\"th-port-btn\">ZOBACZ WYCIECZK\u0118<\/span>\n                                                                            <\/div>\n                                    <a href=\"https:\/\/divljarijeka.com\/pl\/tour\/kanioning-nevidio\/\" class=\"th-port-link\" ><\/a>                                <\/div>\n                            <\/div>\n                        <\/div>\n                        \n            <\/div>\n\n        <\/div>\n\n        \t\t<\/div>\n\t\t\t\t<\/div>\n\t\t\t\t\t\t<\/div>\n\t\t\t\t\t<\/div>\n\t\t<\/div>\n\t\t\t\t\t\t\t\t<\/div>\n\t\t\t\t\t<\/div>\n\t\t<\/section>\n\t\t\t\t<section class=\"elementor-section elementor-top-section elementor-element elementor-element-6af20e05 elementor-section-boxed elementor-section-height-default elementor-section-height-default\" data-id=\"6af20e05\" data-element_type=\"section\">\n\t\t\t\t\t\t<div class=\"elementor-container elementor-column-gap-default\">\n\t\t\t\t\t\t\t<div class=\"elementor-row\">\n\t\t\t\t\t<div class=\"elementor-column elementor-col-100 elementor-top-column elementor-element elementor-element-624fa1ed\" data-id=\"624fa1ed\" data-element_type=\"column\">\n\t\t\t<div class=\"elementor-column-wrap\">\n\t\t\t\t\t\t\t<div class=\"elementor-widget-wrap\">\n\t\t\t\t\t\t\t\t<\/div>\n\t\t\t\t\t<\/div>\n\t\t<\/div>\n\t\t\t\t\t\t\t\t<\/div>\n\t\t\t\t\t<\/div>\n\t\t<\/section>\n\t\t\t\t<section class=\"elementor-section elementor-top-section elementor-element elementor-element-e04e129 elementor-section-boxed elementor-section-height-default elementor-section-height-default\" data-id=\"e04e129\" data-element_type=\"section\">\n\t\t\t\t\t\t<div class=\"elementor-container elementor-column-gap-default\">\n\t\t\t\t\t\t\t<div class=\"elementor-row\">\n\t\t\t\t\t<div class=\"elementor-column elementor-col-100 elementor-top-column elementor-element elementor-element-f84fd2a\" data-id=\"f84fd2a\" data-element_type=\"column\">\n\t\t\t<div class=\"elementor-column-wrap elementor-element-populated\">\n\t\t\t\t\t\t\t<div class=\"elementor-widget-wrap\">\n\t\t\t\t\t\t<div class=\"elementor-element elementor-element-bce6ee6 elementor-widget elementor-widget-html\" data-id=\"bce6ee6\" data-element_type=\"widget\" data-widget_type=\"html.default\">\n\t\t\t\t<div class=\"elementor-widget-container\">\n\t\t\t<iframe loading=\"lazy\" src=\"https:\/\/www.google.com\/maps\/d\/embed?mid=1hAPv72fvfq6aphexEpqmS-E6-LZ2PAf5\" width=\"640\" height=\"480\"><\/iframe>\t\t<\/div>\n\t\t\t\t<\/div>\n\t\t\t\t\t\t<\/div>\n\t\t\t\t\t<\/div>\n\t\t<\/div>\n\t\t\t\t\t\t\t\t<\/div>\n\t\t\t\t\t<\/div>\n\t\t<\/section>\n\t\t\t\t\t\t\t\t\t<\/div>\n\t\t\t<\/div>\n\t\t\t\t\t<\/div>\n\t\t","protected":false},"excerpt":{"rendered":"<p>Kanion Nevidio Kanion Nevidio Kanion ten jest cz\u0119\u015bci\u0105 rzeki Komarnica w p\u00f3\u0142nocno-zachodniej Czarnog\u00f3rze i jest uwa\u017cany za najbardziej nieprzejezdny Kanion Nevidio w Europie, a\u017c do 1965 roku, kiedy to zosta\u0142 ostatecznie zdobyty, po kilku pr\u00f3bach, przez grup\u0119 lokalnych alpinist\u00f3w. Kanion &hellip; <a href=\"https:\/\/divljarijeka.com\/pl\/tour\/kanioning-nevidio\/\">Read More<\/a><\/p>\n","protected":false},"author":6,"featured_media":0,"parent":8016,"menu_order":0,"comment_status":"closed","ping_status":"closed","template":"","meta":{"inline_featured_image":false,"footnotes":""},"class_list":["post-8034","page","type-page","status-publish","hentry"],"yoast_head":"<!-- This site is optimized with the Yoast SEO Premium plugin v27.4 (Yoast SEO v27.4) - https:\/\/yoast.com\/product\/yoast-seo-premium-wordpress\/ -->\n<title>Nevidio Canyon - Atrakcje | Rafting Tara Divlja Rijeka<\/title>\n<meta name=\"description\" content=\"Kanion Nevidio jest cz\u0119\u015bci\u0105 rzeki Komarnica w Czarnog\u00f3rze. Jest popularny w\u015br\u00f3d mi\u0142o\u015bnik\u00f3w kanioningu i adrenaliny. Ciesz si\u0119 latem z nami!\" \/>\n<meta name=\"robots\" content=\"index, follow, max-snippet:-1, max-image-preview:large, max-video-preview:-1\" \/>\n<link rel=\"canonical\" href=\"https:\/\/divljarijeka.com\/pl\/atractions\/kanion-nevidio\/\" \/>\n<meta property=\"og:locale\" content=\"pl_PL\" \/>\n<meta property=\"og:type\" content=\"article\" \/>\n<meta property=\"og:title\" content=\"Kanion Nevidio\" \/>\n<meta property=\"og:description\" content=\"Kanion Nevidio jest cz\u0119\u015bci\u0105 rzeki Komarnica w Czarnog\u00f3rze. Jest popularny w\u015br\u00f3d mi\u0142o\u015bnik\u00f3w kanioningu i adrenaliny. Ciesz si\u0119 latem z nami!\" \/>\n<meta property=\"og:url\" content=\"https:\/\/divljarijeka.com\/pl\/atractions\/kanion-nevidio\/\" \/>\n<meta property=\"og:site_name\" content=\"Rafting Tara Divlja Rijeka\" \/>\n<meta property=\"article:publisher\" content=\"https:\/\/www.facebook.com\/kampdivljarijeka\/\" \/>\n<meta property=\"article:modified_time\" content=\"2025-02-18T08:55:14+00:00\" \/>\n<meta property=\"og:image\" content=\"https:\/\/divljarijeka.com\/wp-content\/uploads\/2018\/04\/rafting-tara-chill.jpg\" \/>\n\t<meta property=\"og:image:width\" content=\"1300\" \/>\n\t<meta property=\"og:image:height\" content=\"868\" \/>\n\t<meta property=\"og:image:type\" content=\"image\/jpeg\" \/>\n<meta name=\"twitter:card\" content=\"summary_large_image\" \/>\n<meta name=\"twitter:site\" content=\"@DivljaRijeka\" \/>\n<meta name=\"twitter:label1\" content=\"Szacowany czas czytania\" \/>\n\t<meta name=\"twitter:data1\" content=\"1 minuta\" \/>\n<script type=\"application\/ld+json\" class=\"yoast-schema-graph\">{\"@context\":\"https:\\\/\\\/schema.org\",\"@graph\":[{\"@type\":\"WebPage\",\"@id\":\"https:\\\/\\\/divljarijeka.com\\\/pl\\\/atractions\\\/kanion-nevidio\\\/\",\"url\":\"https:\\\/\\\/divljarijeka.com\\\/pl\\\/atractions\\\/kanion-nevidio\\\/\",\"name\":\"Nevidio Canyon - Atrakcje | Rafting Tara Divlja Rijeka\",\"isPartOf\":{\"@id\":\"https:\\\/\\\/divljarijeka.com\\\/pl\\\/#website\"},\"datePublished\":\"2025-02-18T08:54:40+00:00\",\"dateModified\":\"2025-02-18T08:55:14+00:00\",\"description\":\"Kanion Nevidio jest cz\u0119\u015bci\u0105 rzeki Komarnica w Czarnog\u00f3rze. Jest popularny w\u015br\u00f3d mi\u0142o\u015bnik\u00f3w kanioningu i adrenaliny. Ciesz si\u0119 latem z nami!\",\"breadcrumb\":{\"@id\":\"https:\\\/\\\/divljarijeka.com\\\/pl\\\/atractions\\\/kanion-nevidio\\\/#breadcrumb\"},\"inLanguage\":\"pl-PL\",\"potentialAction\":[{\"@type\":\"ReadAction\",\"target\":[\"https:\\\/\\\/divljarijeka.com\\\/pl\\\/atractions\\\/kanion-nevidio\\\/\"]}]},{\"@type\":\"BreadcrumbList\",\"@id\":\"https:\\\/\\\/divljarijeka.com\\\/pl\\\/atractions\\\/kanion-nevidio\\\/#breadcrumb\",\"itemListElement\":[{\"@type\":\"ListItem\",\"position\":1,\"name\":\"Home\",\"item\":\"https:\\\/\\\/divljarijeka.com\\\/pl\\\/\"},{\"@type\":\"ListItem\",\"position\":2,\"name\":\"Wdzi\u0119ki kobiece\",\"item\":\"https:\\\/\\\/divljarijeka.com\\\/pl\\\/atractions\\\/\"},{\"@type\":\"ListItem\",\"position\":3,\"name\":\"Kanion Nevidio\"}]},{\"@type\":\"WebSite\",\"@id\":\"https:\\\/\\\/divljarijeka.com\\\/pl\\\/#website\",\"url\":\"https:\\\/\\\/divljarijeka.com\\\/pl\\\/\",\"name\":\"Rafting Tara Divlja Rijeka\",\"description\":\"\",\"publisher\":{\"@id\":\"https:\\\/\\\/divljarijeka.com\\\/pl\\\/#organization\"},\"potentialAction\":[{\"@type\":\"SearchAction\",\"target\":{\"@type\":\"EntryPoint\",\"urlTemplate\":\"https:\\\/\\\/divljarijeka.com\\\/pl\\\/?s={search_term_string}\"},\"query-input\":{\"@type\":\"PropertyValueSpecification\",\"valueRequired\":true,\"valueName\":\"search_term_string\"}}],\"inLanguage\":\"pl-PL\"},{\"@type\":\"Organization\",\"@id\":\"https:\\\/\\\/divljarijeka.com\\\/pl\\\/#organization\",\"name\":\"Rafting Tara Divlja Rijeka\",\"url\":\"https:\\\/\\\/divljarijeka.com\\\/pl\\\/\",\"logo\":{\"@type\":\"ImageObject\",\"inLanguage\":\"pl-PL\",\"@id\":\"https:\\\/\\\/divljarijeka.com\\\/pl\\\/#\\\/schema\\\/logo\\\/image\\\/\",\"url\":\"https:\\\/\\\/divljarijeka.com\\\/wp-content\\\/uploads\\\/2018\\\/08\\\/cropped-divlja-rijeka-rafting-publisher.png\",\"contentUrl\":\"https:\\\/\\\/divljarijeka.com\\\/wp-content\\\/uploads\\\/2018\\\/08\\\/cropped-divlja-rijeka-rafting-publisher.png\",\"width\":104,\"height\":60,\"caption\":\"Rafting Tara Divlja Rijeka\"},\"image\":{\"@id\":\"https:\\\/\\\/divljarijeka.com\\\/pl\\\/#\\\/schema\\\/logo\\\/image\\\/\"},\"sameAs\":[\"https:\\\/\\\/www.facebook.com\\\/kampdivljarijeka\\\/\",\"https:\\\/\\\/x.com\\\/DivljaRijeka\",\"https:\\\/\\\/www.instagram.com\\\/kampdivljarijeka\\\/\"]}]}<\/script>\n<!-- \/ Yoast SEO Premium plugin. -->","yoast_head_json":{"title":"Nevidio Canyon - Atrakcje | Rafting Tara Divlja Rijeka","description":"Kanion Nevidio jest cz\u0119\u015bci\u0105 rzeki Komarnica w Czarnog\u00f3rze. Jest popularny w\u015br\u00f3d mi\u0142o\u015bnik\u00f3w kanioningu i adrenaliny. Ciesz si\u0119 latem z nami!","robots":{"index":"index","follow":"follow","max-snippet":"max-snippet:-1","max-image-preview":"max-image-preview:large","max-video-preview":"max-video-preview:-1"},"canonical":"https:\/\/divljarijeka.com\/pl\/atractions\/kanion-nevidio\/","og_locale":"pl_PL","og_type":"article","og_title":"Kanion Nevidio","og_description":"Kanion Nevidio jest cz\u0119\u015bci\u0105 rzeki Komarnica w Czarnog\u00f3rze. Jest popularny w\u015br\u00f3d mi\u0142o\u015bnik\u00f3w kanioningu i adrenaliny. Ciesz si\u0119 latem z nami!","og_url":"https:\/\/divljarijeka.com\/pl\/atractions\/kanion-nevidio\/","og_site_name":"Rafting Tara Divlja Rijeka","article_publisher":"https:\/\/www.facebook.com\/kampdivljarijeka\/","article_modified_time":"2025-02-18T08:55:14+00:00","og_image":[{"width":1300,"height":868,"url":"https:\/\/divljarijeka.com\/wp-content\/uploads\/2018\/04\/rafting-tara-chill.jpg","type":"image\/jpeg"}],"twitter_card":"summary_large_image","twitter_site":"@DivljaRijeka","twitter_misc":{"Szacowany czas czytania":"1 minuta"},"schema":{"@context":"https:\/\/schema.org","@graph":[{"@type":"WebPage","@id":"https:\/\/divljarijeka.com\/pl\/atractions\/kanion-nevidio\/","url":"https:\/\/divljarijeka.com\/pl\/atractions\/kanion-nevidio\/","name":"Nevidio Canyon - Atrakcje | Rafting Tara Divlja Rijeka","isPartOf":{"@id":"https:\/\/divljarijeka.com\/pl\/#website"},"datePublished":"2025-02-18T08:54:40+00:00","dateModified":"2025-02-18T08:55:14+00:00","description":"Kanion Nevidio jest cz\u0119\u015bci\u0105 rzeki Komarnica w Czarnog\u00f3rze. Jest popularny w\u015br\u00f3d mi\u0142o\u015bnik\u00f3w kanioningu i adrenaliny. Ciesz si\u0119 latem z nami!","breadcrumb":{"@id":"https:\/\/divljarijeka.com\/pl\/atractions\/kanion-nevidio\/#breadcrumb"},"inLanguage":"pl-PL","potentialAction":[{"@type":"ReadAction","target":["https:\/\/divljarijeka.com\/pl\/atractions\/kanion-nevidio\/"]}]},{"@type":"BreadcrumbList","@id":"https:\/\/divljarijeka.com\/pl\/atractions\/kanion-nevidio\/#breadcrumb","itemListElement":[{"@type":"ListItem","position":1,"name":"Home","item":"https:\/\/divljarijeka.com\/pl\/"},{"@type":"ListItem","position":2,"name":"Wdzi\u0119ki kobiece","item":"https:\/\/divljarijeka.com\/pl\/atractions\/"},{"@type":"ListItem","position":3,"name":"Kanion Nevidio"}]},{"@type":"WebSite","@id":"https:\/\/divljarijeka.com\/pl\/#website","url":"https:\/\/divljarijeka.com\/pl\/","name":"Rafting Tara Divlja Rijeka","description":"","publisher":{"@id":"https:\/\/divljarijeka.com\/pl\/#organization"},"potentialAction":[{"@type":"SearchAction","target":{"@type":"EntryPoint","urlTemplate":"https:\/\/divljarijeka.com\/pl\/?s={search_term_string}"},"query-input":{"@type":"PropertyValueSpecification","valueRequired":true,"valueName":"search_term_string"}}],"inLanguage":"pl-PL"},{"@type":"Organization","@id":"https:\/\/divljarijeka.com\/pl\/#organization","name":"Rafting Tara Divlja Rijeka","url":"https:\/\/divljarijeka.com\/pl\/","logo":{"@type":"ImageObject","inLanguage":"pl-PL","@id":"https:\/\/divljarijeka.com\/pl\/#\/schema\/logo\/image\/","url":"https:\/\/divljarijeka.com\/wp-content\/uploads\/2018\/08\/cropped-divlja-rijeka-rafting-publisher.png","contentUrl":"https:\/\/divljarijeka.com\/wp-content\/uploads\/2018\/08\/cropped-divlja-rijeka-rafting-publisher.png","width":104,"height":60,"caption":"Rafting Tara Divlja Rijeka"},"image":{"@id":"https:\/\/divljarijeka.com\/pl\/#\/schema\/logo\/image\/"},"sameAs":["https:\/\/www.facebook.com\/kampdivljarijeka\/","https:\/\/x.com\/DivljaRijeka","https:\/\/www.instagram.com\/kampdivljarijeka\/"]}]}},"_links":{"self":[{"href":"https:\/\/divljarijeka.com\/pl\/wp-json\/wp\/v2\/pages\/8034","targetHints":{"allow":["GET"]}}],"collection":[{"href":"https:\/\/divljarijeka.com\/pl\/wp-json\/wp\/v2\/pages"}],"about":[{"href":"https:\/\/divljarijeka.com\/pl\/wp-json\/wp\/v2\/types\/page"}],"author":[{"embeddable":true,"href":"https:\/\/divljarijeka.com\/pl\/wp-json\/wp\/v2\/users\/6"}],"replies":[{"embeddable":true,"href":"https:\/\/divljarijeka.com\/pl\/wp-json\/wp\/v2\/comments?post=8034"}],"version-history":[{"count":4,"href":"https:\/\/divljarijeka.com\/pl\/wp-json\/wp\/v2\/pages\/8034\/revisions"}],"predecessor-version":[{"id":8039,"href":"https:\/\/divljarijeka.com\/pl\/wp-json\/wp\/v2\/pages\/8034\/revisions\/8039"}],"up":[{"embeddable":true,"href":"https:\/\/divljarijeka.com\/pl\/wp-json\/wp\/v2\/pages\/8016"}],"wp:attachment":[{"href":"https:\/\/divljarijeka.com\/pl\/wp-json\/wp\/v2\/media?parent=8034"}],"curies":[{"name":"wp","href":"https:\/\/api.w.org\/{rel}","templated":true}]}}