{"id":8040,"date":"2025-02-18T08:56:32","date_gmt":"2025-02-18T08:56:32","guid":{"rendered":"https:\/\/divljarijeka.com\/?page_id=8040"},"modified":"2025-02-18T08:57:19","modified_gmt":"2025-02-18T08:57:19","slug":"park-narodowy-durmitor","status":"publish","type":"page","link":"https:\/\/divljarijeka.com\/pl\/atractions\/park-narodowy-durmitor\/","title":{"rendered":"Park Narodowy Durmitor"},"content":{"rendered":"\t\t<div data-elementor-type=\"wp-page\" data-elementor-id=\"8040\" class=\"elementor elementor-8040 elementor-160\">\n\t\t\t\t\t\t<div class=\"elementor-inner\">\n\t\t\t\t<div class=\"elementor-section-wrap\">\n\t\t\t\t\t\t\t\t\t<section class=\"elementor-section elementor-top-section elementor-element elementor-element-4726fdad elementor-section-full_width elementor-section-height-min-height elementor-section-height-default elementor-section-items-middle\" data-id=\"4726fdad\" data-element_type=\"section\" data-settings=\"{&quot;background_background&quot;:&quot;classic&quot;}\">\n\t\t\t\t\t\t\t<div class=\"elementor-background-overlay\"><\/div>\n\t\t\t\t\t\t\t<div class=\"elementor-container elementor-column-gap-default\">\n\t\t\t\t\t\t\t<div class=\"elementor-row\">\n\t\t\t\t\t<div class=\"elementor-column elementor-col-100 elementor-top-column elementor-element elementor-element-1e559120\" data-id=\"1e559120\" data-element_type=\"column\">\n\t\t\t<div class=\"elementor-column-wrap elementor-element-populated\">\n\t\t\t\t\t\t\t<div class=\"elementor-widget-wrap\">\n\t\t\t\t\t\t<div class=\"elementor-element elementor-element-3d5033fd elementor-view-default elementor-position-top elementor-widget elementor-widget-themo-header\" data-id=\"3d5033fd\" data-element_type=\"widget\" data-widget_type=\"themo-header.default\">\n\t\t\t\t<div class=\"elementor-widget-container\">\n\t\t\t\t\t<div class=\"th-header-wrap\">\n        <div class=\"elementor-icon-box-wrapper \">\n                            <div class=\"elementor-icon-box-content\">\n                    <h1 class=\"elementor-icon-box-title\">\n                        Park Narodowy Durmitor                    <\/h1>\n                                        <p class=\"elementor-icon-box-description\"><\/p>\n\n                                    <\/div>\n            <\/div>\n\n        <\/div>\n\n\t\t\t\t<\/div>\n\t\t\t\t<\/div>\n\t\t\t\t\t\t<\/div>\n\t\t\t\t\t<\/div>\n\t\t<\/div>\n\t\t\t\t\t\t\t\t<\/div>\n\t\t\t\t\t<\/div>\n\t\t<\/section>\n\t\t\t\t<section class=\"elementor-section elementor-top-section elementor-element elementor-element-58f82d57 elementor-section-boxed elementor-section-height-default elementor-section-height-default\" data-id=\"58f82d57\" data-element_type=\"section\">\n\t\t\t\t\t\t<div class=\"elementor-container elementor-column-gap-default\">\n\t\t\t\t\t\t\t<div class=\"elementor-row\">\n\t\t\t\t\t<div class=\"elementor-column elementor-col-100 elementor-top-column elementor-element elementor-element-3a50c48c\" data-id=\"3a50c48c\" data-element_type=\"column\">\n\t\t\t<div class=\"elementor-column-wrap elementor-element-populated\">\n\t\t\t\t\t\t\t<div class=\"elementor-widget-wrap\">\n\t\t\t\t\t\t<div class=\"elementor-element elementor-element-57d835c elementor-widget elementor-widget-spacer\" data-id=\"57d835c\" data-element_type=\"widget\" data-widget_type=\"spacer.default\">\n\t\t\t\t<div class=\"elementor-widget-container\">\n\t\t\t\t\t<div class=\"elementor-spacer\">\n\t\t\t<div class=\"elementor-spacer-inner\"><\/div>\n\t\t<\/div>\n\t\t\t\t<\/div>\n\t\t\t\t<\/div>\n\t\t\t\t<div class=\"elementor-element elementor-element-5dfd506b elementor-view-default elementor-position-top elementor-widget elementor-widget-themo-header\" data-id=\"5dfd506b\" data-element_type=\"widget\" data-widget_type=\"themo-header.default\">\n\t\t\t\t<div class=\"elementor-widget-container\">\n\t\t\t\t\t<div class=\"th-header-wrap\">\n        <div class=\"elementor-icon-box-wrapper th-show-icon\">\n                            <div class=\"elementor-icon-box-icon th-icon-size-lg\">\n                    <span class=\"elementor-icon \">\n                        <i class=\"th-trip travelpack-mountains-snow\" aria-hidden=\"true\" fff><\/i>                    <\/span>\n                <\/div>\n                                <div class=\"elementor-icon-box-content\">\n                    <h2 class=\"elementor-icon-box-title\">\n                        Park Narodowy Durmitor                    <\/h2>\n                                        <p class=\"elementor-icon-box-description\">Ten zapieraj\u0105cy dech w piersiach park narodowy Durmitor, zosta\u0142 utworzony przez lodowce i jest poprzecinany rzekami i podziemnymi strumieniami. Park znajduje si\u0119 w szerokim regionie g\u00f3rskim w p\u00f3\u0142nocno-zachodniej cz\u0119\u015bci <a href=\"https:\/\/www.state.gov\/countries-areas\/montenegro\/\">Czarnog\u00f3ry<\/a>, otoczony rzekami Piva i Tara, a tak\u017ce 23 szczyty g\u00f3rskie o wysoko\u015bci ponad 2300 metr\u00f3w. Najwy\u017cszy szczyt w parku narodowym, Bobotov Kuk, ma wysoko\u015b\u0107 2523 m. Ta kolekcja szczyt\u00f3w tworzy niesamowite kaniony i doliny, dzi\u0119ki czemu park narodowy Durmitor jest idealny do uprawiania turystyki pieszej, kolarstwa g\u00f3rskiego, kanioningu i <a href=\"https:\/\/divljarijeka.com\/\">raftingu<\/a>. Jest to r\u00f3wnie\u017c raj dla fotograf\u00f3w chc\u0105cych uchwyci\u0107 osza\u0142amiaj\u0105ce, r\u00f3\u017cnorodne widoki.<\/p>\n\n                                    <\/div>\n            <\/div>\n\n        <\/div>\n\n\t\t\t\t<\/div>\n\t\t\t\t<\/div>\n\t\t\t\t\t\t<\/div>\n\t\t\t\t\t<\/div>\n\t\t<\/div>\n\t\t\t\t\t\t\t\t<\/div>\n\t\t\t\t\t<\/div>\n\t\t<\/section>\n\t\t\t\t<section class=\"elementor-section elementor-top-section elementor-element elementor-element-463b60a9 elementor-section-boxed elementor-section-height-default elementor-section-height-default\" data-id=\"463b60a9\" data-element_type=\"section\">\n\t\t\t\t\t\t<div class=\"elementor-container elementor-column-gap-default\">\n\t\t\t\t\t\t\t<div class=\"elementor-row\">\n\t\t\t\t\t<div class=\"elementor-column elementor-col-100 elementor-top-column elementor-element elementor-element-2ed28aa5\" data-id=\"2ed28aa5\" data-element_type=\"column\">\n\t\t\t<div class=\"elementor-column-wrap elementor-element-populated\">\n\t\t\t\t\t\t\t<div class=\"elementor-widget-wrap\">\n\t\t\t\t\t\t<div class=\"elementor-element elementor-element-3ab4c672 elementor-widget elementor-widget-spacer\" data-id=\"3ab4c672\" data-element_type=\"widget\" data-widget_type=\"spacer.default\">\n\t\t\t\t<div class=\"elementor-widget-container\">\n\t\t\t\t\t<div class=\"elementor-spacer\">\n\t\t\t<div class=\"elementor-spacer-inner\"><\/div>\n\t\t<\/div>\n\t\t\t\t<\/div>\n\t\t\t\t<\/div>\n\t\t\t\t\t\t<\/div>\n\t\t\t\t\t<\/div>\n\t\t<\/div>\n\t\t\t\t\t\t\t\t<\/div>\n\t\t\t\t\t<\/div>\n\t\t<\/section>\n\t\t\t\t<section class=\"elementor-section elementor-top-section elementor-element elementor-element-1726d15a elementor-section-boxed elementor-section-height-default elementor-section-height-default\" data-id=\"1726d15a\" data-element_type=\"section\">\n\t\t\t\t\t\t<div class=\"elementor-container elementor-column-gap-default\">\n\t\t\t\t\t\t\t<div class=\"elementor-row\">\n\t\t\t\t\t<div class=\"elementor-column elementor-col-100 elementor-top-column elementor-element elementor-element-64730dab\" data-id=\"64730dab\" data-element_type=\"column\">\n\t\t\t<div class=\"elementor-column-wrap elementor-element-populated\">\n\t\t\t\t\t\t\t<div class=\"elementor-widget-wrap\">\n\t\t\t\t\t\t<div class=\"elementor-element elementor-element-73ab527c elementor-widget elementor-widget-themo-tour-grid\" data-id=\"73ab527c\" data-element_type=\"widget\" data-widget_type=\"themo-tour-grid.default\">\n\t\t\t\t<div class=\"elementor-widget-container\">\n\t\t\t\n                <div id=\"th-portfolio-content-69f0c419aade6\" class=\"th-portfolio\">\n\n            \n            <div id=\"th-portfolio-row\" class=\"th-portfolio-row row portfolio_content  three-columns th-port-gutter\">\n\n                <div class=\"alert\">Sorry, no results were found.<\/div><form role=\"search\" method=\"get\" class=\"search-form form-inline\" action=\"https:\/\/divljarijeka.com\/pl\/\">\n  <div class=\"input-group\">\n    <input type=\"search\" value=\"\" name=\"s\" class=\"search-field form-control\" placeholder=\"Search Rafting Tara Divlja Rijeka\">\n    <label class=\"hide\">Search for:<\/label>\n    <span class=\"input-group-btn\">\n      <button type=\"submit\" class=\"search-submit btn btn-default\">Search<\/button>\n    <\/span>\n  <\/div>\n<\/form>\n            <\/div>\n\n        <\/div>\n\n        \t\t<\/div>\n\t\t\t\t<\/div>\n\t\t\t\t\t\t<\/div>\n\t\t\t\t\t<\/div>\n\t\t<\/div>\n\t\t\t\t\t\t\t\t<\/div>\n\t\t\t\t\t<\/div>\n\t\t<\/section>\n\t\t\t\t<section class=\"elementor-section elementor-top-section elementor-element elementor-element-219b4e81 elementor-section-boxed elementor-section-height-default elementor-section-height-default\" data-id=\"219b4e81\" data-element_type=\"section\">\n\t\t\t\t\t\t<div class=\"elementor-container elementor-column-gap-default\">\n\t\t\t\t\t\t\t<div class=\"elementor-row\">\n\t\t\t\t\t<div class=\"elementor-column elementor-col-100 elementor-top-column elementor-element elementor-element-79137342\" data-id=\"79137342\" data-element_type=\"column\">\n\t\t\t<div class=\"elementor-column-wrap elementor-element-populated\">\n\t\t\t\t\t\t\t<div class=\"elementor-widget-wrap\">\n\t\t\t\t\t\t<div class=\"elementor-element elementor-element-94edcbf elementor-widget elementor-widget-html\" data-id=\"94edcbf\" data-element_type=\"widget\" data-widget_type=\"html.default\">\n\t\t\t\t<div class=\"elementor-widget-container\">\n\t\t\t<iframe loading=\"lazy\" src=\"https:\/\/www.google.com\/maps\/d\/embed?mid=1QrkprlqIGRyIdDrhAAfuXYBfAS45czLL\" width=\"640\" height=\"480\"><\/iframe>\t\t<\/div>\n\t\t\t\t<\/div>\n\t\t\t\t\t\t<\/div>\n\t\t\t\t\t<\/div>\n\t\t<\/div>\n\t\t\t\t\t\t\t\t<\/div>\n\t\t\t\t\t<\/div>\n\t\t<\/section>\n\t\t\t\t\t\t\t\t\t<\/div>\n\t\t\t<\/div>\n\t\t\t\t\t<\/div>\n\t\t","protected":false},"excerpt":{"rendered":"<p>Park Narodowy Durmitor Park Narodowy Durmitor Ten zapieraj\u0105cy dech w piersiach park narodowy Durmitor, zosta\u0142 utworzony przez lodowce i jest poprzecinany rzekami i podziemnymi strumieniami. Park znajduje si\u0119 w szerokim regionie g\u00f3rskim w p\u00f3\u0142nocno-zachodniej cz\u0119\u015bci Czarnog\u00f3ry, otoczony rzekami Piva i &hellip; <a href=\"https:\/\/divljarijeka.com\/pl\/tour\/kanioning-hrcavka\/\">Read More<\/a><\/p>\n","protected":false},"author":6,"featured_media":881,"parent":8016,"menu_order":0,"comment_status":"closed","ping_status":"closed","template":"","meta":{"inline_featured_image":false,"footnotes":""},"class_list":["post-8040","page","type-page","status-publish","has-post-thumbnail","hentry"],"yoast_head":"<!-- This site is optimized with the Yoast SEO Premium plugin v27.4 (Yoast SEO v27.4) - https:\/\/yoast.com\/product\/yoast-seo-premium-wordpress\/ -->\n<title>Park Narodowy Durmitor - Przygody - Rafting Tara Divlja Rijeka<\/title>\n<meta name=\"description\" content=\"Te szczyty tworz\u0105 niesamowite kaniony i doliny, dzi\u0119ki czemu Park Narodowy Durmitor jest idealnym miejscem do uprawiania pieszych w\u0119dr\u00f3wek...\" \/>\n<meta name=\"robots\" content=\"index, follow, max-snippet:-1, max-image-preview:large, max-video-preview:-1\" \/>\n<link rel=\"canonical\" href=\"https:\/\/divljarijeka.com\/pl\/atractions\/park-narodowy-durmitor\/\" \/>\n<meta property=\"og:locale\" content=\"pl_PL\" \/>\n<meta property=\"og:type\" content=\"article\" \/>\n<meta property=\"og:title\" content=\"Park Narodowy Durmitor\" \/>\n<meta property=\"og:description\" content=\"Te szczyty tworz\u0105 niesamowite kaniony i doliny, dzi\u0119ki czemu Park Narodowy Durmitor jest idealnym miejscem do uprawiania pieszych w\u0119dr\u00f3wek...\" \/>\n<meta property=\"og:url\" content=\"https:\/\/divljarijeka.com\/pl\/atractions\/park-narodowy-durmitor\/\" \/>\n<meta property=\"og:site_name\" content=\"Rafting Tara Divlja Rijeka\" \/>\n<meta property=\"article:publisher\" content=\"https:\/\/www.facebook.com\/kampdivljarijeka\/\" \/>\n<meta property=\"article:modified_time\" content=\"2025-02-18T08:57:19+00:00\" \/>\n<meta property=\"og:image\" content=\"https:\/\/divljarijeka.com\/wp-content\/uploads\/2018\/05\/bobotov-kuk.jpg\" \/>\n\t<meta property=\"og:image:width\" content=\"1400\" \/>\n\t<meta property=\"og:image:height\" content=\"746\" \/>\n\t<meta property=\"og:image:type\" content=\"image\/jpeg\" \/>\n<meta name=\"twitter:card\" content=\"summary_large_image\" \/>\n<meta name=\"twitter:site\" content=\"@DivljaRijeka\" \/>\n<meta name=\"twitter:label1\" content=\"Szacowany czas czytania\" \/>\n\t<meta name=\"twitter:data1\" content=\"1 minuta\" \/>\n<script type=\"application\/ld+json\" class=\"yoast-schema-graph\">{\"@context\":\"https:\\\/\\\/schema.org\",\"@graph\":[{\"@type\":\"WebPage\",\"@id\":\"https:\\\/\\\/divljarijeka.com\\\/pl\\\/atractions\\\/park-narodowy-durmitor\\\/\",\"url\":\"https:\\\/\\\/divljarijeka.com\\\/pl\\\/atractions\\\/park-narodowy-durmitor\\\/\",\"name\":\"Park Narodowy Durmitor - Przygody - Rafting Tara Divlja Rijeka\",\"isPartOf\":{\"@id\":\"https:\\\/\\\/divljarijeka.com\\\/pl\\\/#website\"},\"primaryImageOfPage\":{\"@id\":\"https:\\\/\\\/divljarijeka.com\\\/pl\\\/atractions\\\/park-narodowy-durmitor\\\/#primaryimage\"},\"image\":{\"@id\":\"https:\\\/\\\/divljarijeka.com\\\/pl\\\/atractions\\\/park-narodowy-durmitor\\\/#primaryimage\"},\"thumbnailUrl\":\"https:\\\/\\\/divljarijeka.com\\\/wp-content\\\/uploads\\\/2018\\\/05\\\/bobotov-kuk.jpg\",\"datePublished\":\"2025-02-18T08:56:32+00:00\",\"dateModified\":\"2025-02-18T08:57:19+00:00\",\"description\":\"Te szczyty tworz\u0105 niesamowite kaniony i doliny, dzi\u0119ki czemu Park Narodowy Durmitor jest idealnym miejscem do uprawiania pieszych w\u0119dr\u00f3wek...\",\"breadcrumb\":{\"@id\":\"https:\\\/\\\/divljarijeka.com\\\/pl\\\/atractions\\\/park-narodowy-durmitor\\\/#breadcrumb\"},\"inLanguage\":\"pl-PL\",\"potentialAction\":[{\"@type\":\"ReadAction\",\"target\":[\"https:\\\/\\\/divljarijeka.com\\\/pl\\\/atractions\\\/park-narodowy-durmitor\\\/\"]}]},{\"@type\":\"ImageObject\",\"inLanguage\":\"pl-PL\",\"@id\":\"https:\\\/\\\/divljarijeka.com\\\/pl\\\/atractions\\\/park-narodowy-durmitor\\\/#primaryimage\",\"url\":\"https:\\\/\\\/divljarijeka.com\\\/wp-content\\\/uploads\\\/2018\\\/05\\\/bobotov-kuk.jpg\",\"contentUrl\":\"https:\\\/\\\/divljarijeka.com\\\/wp-content\\\/uploads\\\/2018\\\/05\\\/bobotov-kuk.jpg\",\"width\":1400,\"height\":746,\"caption\":\"National Park Durmitor\"},{\"@type\":\"BreadcrumbList\",\"@id\":\"https:\\\/\\\/divljarijeka.com\\\/pl\\\/atractions\\\/park-narodowy-durmitor\\\/#breadcrumb\",\"itemListElement\":[{\"@type\":\"ListItem\",\"position\":1,\"name\":\"Home\",\"item\":\"https:\\\/\\\/divljarijeka.com\\\/pl\\\/\"},{\"@type\":\"ListItem\",\"position\":2,\"name\":\"Wdzi\u0119ki kobiece\",\"item\":\"https:\\\/\\\/divljarijeka.com\\\/pl\\\/atractions\\\/\"},{\"@type\":\"ListItem\",\"position\":3,\"name\":\"Park Narodowy Durmitor\"}]},{\"@type\":\"WebSite\",\"@id\":\"https:\\\/\\\/divljarijeka.com\\\/pl\\\/#website\",\"url\":\"https:\\\/\\\/divljarijeka.com\\\/pl\\\/\",\"name\":\"Rafting Tara Divlja Rijeka\",\"description\":\"\",\"publisher\":{\"@id\":\"https:\\\/\\\/divljarijeka.com\\\/pl\\\/#organization\"},\"potentialAction\":[{\"@type\":\"SearchAction\",\"target\":{\"@type\":\"EntryPoint\",\"urlTemplate\":\"https:\\\/\\\/divljarijeka.com\\\/pl\\\/?s={search_term_string}\"},\"query-input\":{\"@type\":\"PropertyValueSpecification\",\"valueRequired\":true,\"valueName\":\"search_term_string\"}}],\"inLanguage\":\"pl-PL\"},{\"@type\":\"Organization\",\"@id\":\"https:\\\/\\\/divljarijeka.com\\\/pl\\\/#organization\",\"name\":\"Rafting Tara Divlja Rijeka\",\"url\":\"https:\\\/\\\/divljarijeka.com\\\/pl\\\/\",\"logo\":{\"@type\":\"ImageObject\",\"inLanguage\":\"pl-PL\",\"@id\":\"https:\\\/\\\/divljarijeka.com\\\/pl\\\/#\\\/schema\\\/logo\\\/image\\\/\",\"url\":\"https:\\\/\\\/divljarijeka.com\\\/wp-content\\\/uploads\\\/2018\\\/08\\\/cropped-divlja-rijeka-rafting-publisher.png\",\"contentUrl\":\"https:\\\/\\\/divljarijeka.com\\\/wp-content\\\/uploads\\\/2018\\\/08\\\/cropped-divlja-rijeka-rafting-publisher.png\",\"width\":104,\"height\":60,\"caption\":\"Rafting Tara Divlja Rijeka\"},\"image\":{\"@id\":\"https:\\\/\\\/divljarijeka.com\\\/pl\\\/#\\\/schema\\\/logo\\\/image\\\/\"},\"sameAs\":[\"https:\\\/\\\/www.facebook.com\\\/kampdivljarijeka\\\/\",\"https:\\\/\\\/x.com\\\/DivljaRijeka\",\"https:\\\/\\\/www.instagram.com\\\/kampdivljarijeka\\\/\"]}]}<\/script>\n<!-- \/ Yoast SEO Premium plugin. -->","yoast_head_json":{"title":"Park Narodowy Durmitor - Przygody - Rafting Tara Divlja Rijeka","description":"Te szczyty tworz\u0105 niesamowite kaniony i doliny, dzi\u0119ki czemu Park Narodowy Durmitor jest idealnym miejscem do uprawiania pieszych w\u0119dr\u00f3wek...","robots":{"index":"index","follow":"follow","max-snippet":"max-snippet:-1","max-image-preview":"max-image-preview:large","max-video-preview":"max-video-preview:-1"},"canonical":"https:\/\/divljarijeka.com\/pl\/atractions\/park-narodowy-durmitor\/","og_locale":"pl_PL","og_type":"article","og_title":"Park Narodowy Durmitor","og_description":"Te szczyty tworz\u0105 niesamowite kaniony i doliny, dzi\u0119ki czemu Park Narodowy Durmitor jest idealnym miejscem do uprawiania pieszych w\u0119dr\u00f3wek...","og_url":"https:\/\/divljarijeka.com\/pl\/atractions\/park-narodowy-durmitor\/","og_site_name":"Rafting Tara Divlja Rijeka","article_publisher":"https:\/\/www.facebook.com\/kampdivljarijeka\/","article_modified_time":"2025-02-18T08:57:19+00:00","og_image":[{"width":1400,"height":746,"url":"https:\/\/divljarijeka.com\/wp-content\/uploads\/2018\/05\/bobotov-kuk.jpg","type":"image\/jpeg"}],"twitter_card":"summary_large_image","twitter_site":"@DivljaRijeka","twitter_misc":{"Szacowany czas czytania":"1 minuta"},"schema":{"@context":"https:\/\/schema.org","@graph":[{"@type":"WebPage","@id":"https:\/\/divljarijeka.com\/pl\/atractions\/park-narodowy-durmitor\/","url":"https:\/\/divljarijeka.com\/pl\/atractions\/park-narodowy-durmitor\/","name":"Park Narodowy Durmitor - Przygody - Rafting Tara Divlja Rijeka","isPartOf":{"@id":"https:\/\/divljarijeka.com\/pl\/#website"},"primaryImageOfPage":{"@id":"https:\/\/divljarijeka.com\/pl\/atractions\/park-narodowy-durmitor\/#primaryimage"},"image":{"@id":"https:\/\/divljarijeka.com\/pl\/atractions\/park-narodowy-durmitor\/#primaryimage"},"thumbnailUrl":"https:\/\/divljarijeka.com\/wp-content\/uploads\/2018\/05\/bobotov-kuk.jpg","datePublished":"2025-02-18T08:56:32+00:00","dateModified":"2025-02-18T08:57:19+00:00","description":"Te szczyty tworz\u0105 niesamowite kaniony i doliny, dzi\u0119ki czemu Park Narodowy Durmitor jest idealnym miejscem do uprawiania pieszych w\u0119dr\u00f3wek...","breadcrumb":{"@id":"https:\/\/divljarijeka.com\/pl\/atractions\/park-narodowy-durmitor\/#breadcrumb"},"inLanguage":"pl-PL","potentialAction":[{"@type":"ReadAction","target":["https:\/\/divljarijeka.com\/pl\/atractions\/park-narodowy-durmitor\/"]}]},{"@type":"ImageObject","inLanguage":"pl-PL","@id":"https:\/\/divljarijeka.com\/pl\/atractions\/park-narodowy-durmitor\/#primaryimage","url":"https:\/\/divljarijeka.com\/wp-content\/uploads\/2018\/05\/bobotov-kuk.jpg","contentUrl":"https:\/\/divljarijeka.com\/wp-content\/uploads\/2018\/05\/bobotov-kuk.jpg","width":1400,"height":746,"caption":"National Park Durmitor"},{"@type":"BreadcrumbList","@id":"https:\/\/divljarijeka.com\/pl\/atractions\/park-narodowy-durmitor\/#breadcrumb","itemListElement":[{"@type":"ListItem","position":1,"name":"Home","item":"https:\/\/divljarijeka.com\/pl\/"},{"@type":"ListItem","position":2,"name":"Wdzi\u0119ki kobiece","item":"https:\/\/divljarijeka.com\/pl\/atractions\/"},{"@type":"ListItem","position":3,"name":"Park Narodowy Durmitor"}]},{"@type":"WebSite","@id":"https:\/\/divljarijeka.com\/pl\/#website","url":"https:\/\/divljarijeka.com\/pl\/","name":"Rafting Tara Divlja Rijeka","description":"","publisher":{"@id":"https:\/\/divljarijeka.com\/pl\/#organization"},"potentialAction":[{"@type":"SearchAction","target":{"@type":"EntryPoint","urlTemplate":"https:\/\/divljarijeka.com\/pl\/?s={search_term_string}"},"query-input":{"@type":"PropertyValueSpecification","valueRequired":true,"valueName":"search_term_string"}}],"inLanguage":"pl-PL"},{"@type":"Organization","@id":"https:\/\/divljarijeka.com\/pl\/#organization","name":"Rafting Tara Divlja Rijeka","url":"https:\/\/divljarijeka.com\/pl\/","logo":{"@type":"ImageObject","inLanguage":"pl-PL","@id":"https:\/\/divljarijeka.com\/pl\/#\/schema\/logo\/image\/","url":"https:\/\/divljarijeka.com\/wp-content\/uploads\/2018\/08\/cropped-divlja-rijeka-rafting-publisher.png","contentUrl":"https:\/\/divljarijeka.com\/wp-content\/uploads\/2018\/08\/cropped-divlja-rijeka-rafting-publisher.png","width":104,"height":60,"caption":"Rafting Tara Divlja Rijeka"},"image":{"@id":"https:\/\/divljarijeka.com\/pl\/#\/schema\/logo\/image\/"},"sameAs":["https:\/\/www.facebook.com\/kampdivljarijeka\/","https:\/\/x.com\/DivljaRijeka","https:\/\/www.instagram.com\/kampdivljarijeka\/"]}]}},"_links":{"self":[{"href":"https:\/\/divljarijeka.com\/pl\/wp-json\/wp\/v2\/pages\/8040","targetHints":{"allow":["GET"]}}],"collection":[{"href":"https:\/\/divljarijeka.com\/pl\/wp-json\/wp\/v2\/pages"}],"about":[{"href":"https:\/\/divljarijeka.com\/pl\/wp-json\/wp\/v2\/types\/page"}],"author":[{"embeddable":true,"href":"https:\/\/divljarijeka.com\/pl\/wp-json\/wp\/v2\/users\/6"}],"replies":[{"embeddable":true,"href":"https:\/\/divljarijeka.com\/pl\/wp-json\/wp\/v2\/comments?post=8040"}],"version-history":[{"count":4,"href":"https:\/\/divljarijeka.com\/pl\/wp-json\/wp\/v2\/pages\/8040\/revisions"}],"predecessor-version":[{"id":8045,"href":"https:\/\/divljarijeka.com\/pl\/wp-json\/wp\/v2\/pages\/8040\/revisions\/8045"}],"up":[{"embeddable":true,"href":"https:\/\/divljarijeka.com\/pl\/wp-json\/wp\/v2\/pages\/8016"}],"wp:featuredmedia":[{"embeddable":true,"href":"https:\/\/divljarijeka.com\/pl\/wp-json\/wp\/v2\/media\/881"}],"wp:attachment":[{"href":"https:\/\/divljarijeka.com\/pl\/wp-json\/wp\/v2\/media?parent=8040"}],"curies":[{"name":"wp","href":"https:\/\/api.w.org\/{rel}","templated":true}]}}