{"id":8052,"date":"2025-02-18T09:00:39","date_gmt":"2025-02-18T09:00:39","guid":{"rendered":"https:\/\/divljarijeka.com\/?page_id=8052"},"modified":"2025-02-18T09:01:38","modified_gmt":"2025-02-18T09:01:38","slug":"las-perucica","status":"publish","type":"page","link":"https:\/\/divljarijeka.com\/pl\/atractions\/las-perucica\/","title":{"rendered":"Las Peru\u0107ica"},"content":{"rendered":"\t\t<div data-elementor-type=\"wp-page\" data-elementor-id=\"8052\" class=\"elementor elementor-8052 elementor-157\">\n\t\t\t\t\t\t<div class=\"elementor-inner\">\n\t\t\t\t<div class=\"elementor-section-wrap\">\n\t\t\t\t\t\t\t\t\t<section class=\"elementor-section elementor-top-section elementor-element elementor-element-640aa06 elementor-section-full_width elementor-section-height-min-height elementor-section-height-default elementor-section-items-middle\" data-id=\"640aa06\" data-element_type=\"section\" data-settings=\"{&quot;background_background&quot;:&quot;classic&quot;}\">\n\t\t\t\t\t\t\t<div class=\"elementor-background-overlay\"><\/div>\n\t\t\t\t\t\t\t<div class=\"elementor-container elementor-column-gap-default\">\n\t\t\t\t\t\t\t<div class=\"elementor-row\">\n\t\t\t\t\t<div class=\"elementor-column elementor-col-100 elementor-top-column elementor-element elementor-element-7cb16485\" data-id=\"7cb16485\" data-element_type=\"column\">\n\t\t\t<div class=\"elementor-column-wrap elementor-element-populated\">\n\t\t\t\t\t\t\t<div class=\"elementor-widget-wrap\">\n\t\t\t\t\t\t<div class=\"elementor-element elementor-element-1d9909e7 elementor-view-default elementor-position-top elementor-widget elementor-widget-themo-header\" data-id=\"1d9909e7\" data-element_type=\"widget\" data-widget_type=\"themo-header.default\">\n\t\t\t\t<div class=\"elementor-widget-container\">\n\t\t\t\t\t<div class=\"th-header-wrap\">\n        <div class=\"elementor-icon-box-wrapper \">\n                            <div class=\"elementor-icon-box-content\">\n                    <h1 class=\"elementor-icon-box-title\">\n                        Las Peru\u0107ica                    <\/h1>\n                                        <p class=\"elementor-icon-box-description\"><\/p>\n\n                                    <\/div>\n            <\/div>\n\n        <\/div>\n\n\t\t\t\t<\/div>\n\t\t\t\t<\/div>\n\t\t\t\t\t\t<\/div>\n\t\t\t\t\t<\/div>\n\t\t<\/div>\n\t\t\t\t\t\t\t\t<\/div>\n\t\t\t\t\t<\/div>\n\t\t<\/section>\n\t\t\t\t<section class=\"elementor-section elementor-top-section elementor-element elementor-element-4f201b02 elementor-section-boxed elementor-section-height-default elementor-section-height-default\" data-id=\"4f201b02\" data-element_type=\"section\">\n\t\t\t\t\t\t<div class=\"elementor-container elementor-column-gap-default\">\n\t\t\t\t\t\t\t<div class=\"elementor-row\">\n\t\t\t\t\t<div class=\"elementor-column elementor-col-100 elementor-top-column elementor-element elementor-element-17c452b7\" data-id=\"17c452b7\" data-element_type=\"column\">\n\t\t\t<div class=\"elementor-column-wrap elementor-element-populated\">\n\t\t\t\t\t\t\t<div class=\"elementor-widget-wrap\">\n\t\t\t\t\t\t<div class=\"elementor-element elementor-element-2a6ee0dc elementor-widget elementor-widget-spacer\" data-id=\"2a6ee0dc\" data-element_type=\"widget\" data-widget_type=\"spacer.default\">\n\t\t\t\t<div class=\"elementor-widget-container\">\n\t\t\t\t\t<div class=\"elementor-spacer\">\n\t\t\t<div class=\"elementor-spacer-inner\"><\/div>\n\t\t<\/div>\n\t\t\t\t<\/div>\n\t\t\t\t<\/div>\n\t\t\t\t<div class=\"elementor-element elementor-element-1f0352d5 elementor-view-default elementor-position-top elementor-widget elementor-widget-themo-header\" data-id=\"1f0352d5\" data-element_type=\"widget\" data-widget_type=\"themo-header.default\">\n\t\t\t\t<div class=\"elementor-widget-container\">\n\t\t\t\t\t<div class=\"th-header-wrap\">\n        <div class=\"elementor-icon-box-wrapper th-show-icon\">\n                            <div class=\"elementor-icon-box-icon th-icon-size-lg\">\n                    <span class=\"elementor-icon \">\n                        <i class=\"th-trip travelpack-mountains-snow\" aria-hidden=\"true\" fff><\/i>                    <\/span>\n                <\/div>\n                                <div class=\"elementor-icon-box-content\">\n                    <h2 class=\"elementor-icon-box-title\">\n                        Puszcza Peru\u0107ica                    <\/h2>\n                                        <p class=\"elementor-icon-box-description\">Peru\u0107ica jest cz\u0119\u015bci\u0105 <a href=\"https:\/\/divljarijeka.com\/atractions\/np-sutjeska\/\">Parku Narodowego Sutjeska<\/a> i jednego z ostatnich zachowanych las\u00f3w pierwotnych w Europie. Niepowtarzalne pi\u0119kno Peru\u0107icy zosta\u0142o odkryte w 1952 roku, kiedy to og\u0142oszono j\u0105 obszarem \u015bcis\u0142ej ochrony, kt\u00f3ry mo\u017ce by\u0107 wykorzystywany wy\u0142\u0105cznie w celach naukowych i edukacyjnych. To, co czyni ten las wyj\u0105tkowym, to jego wiek wynosz\u0105cy oko\u0142o 20 000 lat, a tak\u017ce masa drewna i wysoko\u015b\u0107 du\u017cej liczby drzew, kt\u00f3ra czasami przekracza 50 m, podczas gdy ich wiek si\u0119ga nawet 300 lat. W 1954 roku Peru\u0107ica zosta\u0142a obj\u0119ta ochron\u0105 pa\u0144stwa i uznana za rezerwat przyrody. Po jej utworzeniu w 1962 roku sta\u0142a si\u0119 cz\u0119\u015bci\u0105 Parku Narodowego Sutjeska. Szczeg\u00f3ln\u0105 atrakcj\u0105 tego lasu jest wodospad Skakavac, kt\u00f3ry powsta\u0142 na Peru\u0107icy, ma\u0142ej rzece, a dok\u0142adniej g\u00f3rskim potoku, po\u0142o\u017conym g\u0142\u0119boko w pierwotnym lesie Peru\u0107ica. Jest to jeden z <a href=\"https:\/\/www.infoplease.com\/world\/geography\/highest-waterfalls-world\">najwy\u017cszych wodospad\u00f3w<\/a> w tym kraju (75 m wysoko\u015bci).<\/p>\n\n                                    <\/div>\n            <\/div>\n\n        <\/div>\n\n\t\t\t\t<\/div>\n\t\t\t\t<\/div>\n\t\t\t\t\t\t<\/div>\n\t\t\t\t\t<\/div>\n\t\t<\/div>\n\t\t\t\t\t\t\t\t<\/div>\n\t\t\t\t\t<\/div>\n\t\t<\/section>\n\t\t\t\t<section class=\"elementor-section elementor-top-section elementor-element elementor-element-5d96b551 elementor-section-boxed elementor-section-height-default elementor-section-height-default\" data-id=\"5d96b551\" data-element_type=\"section\">\n\t\t\t\t\t\t<div class=\"elementor-container elementor-column-gap-default\">\n\t\t\t\t\t\t\t<div class=\"elementor-row\">\n\t\t\t\t\t<div class=\"elementor-column elementor-col-100 elementor-top-column elementor-element elementor-element-653e7e98\" data-id=\"653e7e98\" data-element_type=\"column\">\n\t\t\t<div class=\"elementor-column-wrap elementor-element-populated\">\n\t\t\t\t\t\t\t<div class=\"elementor-widget-wrap\">\n\t\t\t\t\t\t<div class=\"elementor-element elementor-element-27cfb201 elementor-widget elementor-widget-spacer\" data-id=\"27cfb201\" data-element_type=\"widget\" data-widget_type=\"spacer.default\">\n\t\t\t\t<div class=\"elementor-widget-container\">\n\t\t\t\t\t<div class=\"elementor-spacer\">\n\t\t\t<div class=\"elementor-spacer-inner\"><\/div>\n\t\t<\/div>\n\t\t\t\t<\/div>\n\t\t\t\t<\/div>\n\t\t\t\t\t\t<\/div>\n\t\t\t\t\t<\/div>\n\t\t<\/div>\n\t\t\t\t\t\t\t\t<\/div>\n\t\t\t\t\t<\/div>\n\t\t<\/section>\n\t\t\t\t<section class=\"elementor-section elementor-top-section elementor-element elementor-element-3e765545 elementor-section-boxed elementor-section-height-default elementor-section-height-default\" data-id=\"3e765545\" data-element_type=\"section\">\n\t\t\t\t\t\t<div class=\"elementor-container elementor-column-gap-default\">\n\t\t\t\t\t\t\t<div class=\"elementor-row\">\n\t\t\t\t\t<div class=\"elementor-column elementor-col-100 elementor-top-column elementor-element elementor-element-346c39aa\" data-id=\"346c39aa\" data-element_type=\"column\">\n\t\t\t<div class=\"elementor-column-wrap elementor-element-populated\">\n\t\t\t\t\t\t\t<div class=\"elementor-widget-wrap\">\n\t\t\t\t\t\t<div class=\"elementor-element elementor-element-3a122c0d elementor-widget elementor-widget-themo-tour-grid\" data-id=\"3a122c0d\" data-element_type=\"widget\" data-widget_type=\"themo-tour-grid.default\">\n\t\t\t\t<div class=\"elementor-widget-container\">\n\t\t\t\n                <div id=\"th-portfolio-content-6a09129168edd\" class=\"th-portfolio\">\n\n            \n            <div id=\"th-portfolio-row\" class=\"th-portfolio-row row portfolio_content  three-columns th-port-gutter\">\n\n                <div class=\"alert\">Sorry, no results were found.<\/div><form role=\"search\" method=\"get\" class=\"search-form form-inline\" action=\"https:\/\/divljarijeka.com\/pl\/\">\n  <div class=\"input-group\">\n    <input type=\"search\" value=\"\" name=\"s\" class=\"search-field form-control\" placeholder=\"Search Rafting Tara Divlja Rijeka\">\n    <label class=\"hide\">Search for:<\/label>\n    <span class=\"input-group-btn\">\n      <button type=\"submit\" class=\"search-submit btn btn-default\">Search<\/button>\n    <\/span>\n  <\/div>\n<\/form>\n            <\/div>\n\n        <\/div>\n\n        \t\t<\/div>\n\t\t\t\t<\/div>\n\t\t\t\t\t\t<\/div>\n\t\t\t\t\t<\/div>\n\t\t<\/div>\n\t\t\t\t\t\t\t\t<\/div>\n\t\t\t\t\t<\/div>\n\t\t<\/section>\n\t\t\t\t<section class=\"elementor-section elementor-top-section elementor-element elementor-element-1fdd7168 elementor-section-boxed elementor-section-height-default elementor-section-height-default\" data-id=\"1fdd7168\" data-element_type=\"section\">\n\t\t\t\t\t\t<div class=\"elementor-container elementor-column-gap-default\">\n\t\t\t\t\t\t\t<div class=\"elementor-row\">\n\t\t\t\t\t<div class=\"elementor-column elementor-col-100 elementor-top-column elementor-element elementor-element-6742565a\" data-id=\"6742565a\" data-element_type=\"column\">\n\t\t\t<div class=\"elementor-column-wrap elementor-element-populated\">\n\t\t\t\t\t\t\t<div class=\"elementor-widget-wrap\">\n\t\t\t\t\t\t<div class=\"elementor-element elementor-element-309ff6e elementor-widget elementor-widget-html\" data-id=\"309ff6e\" data-element_type=\"widget\" data-widget_type=\"html.default\">\n\t\t\t\t<div class=\"elementor-widget-container\">\n\t\t\t<iframe loading=\"lazy\" src=\"https:\/\/www.google.com\/maps\/d\/embed?mid=1ya99AhRIZXYQCi22XiJx2QxEzEAuoU0x\" width=\"640\" height=\"480\"><\/iframe>\t\t<\/div>\n\t\t\t\t<\/div>\n\t\t\t\t\t\t<\/div>\n\t\t\t\t\t<\/div>\n\t\t<\/div>\n\t\t\t\t\t\t\t\t<\/div>\n\t\t\t\t\t<\/div>\n\t\t<\/section>\n\t\t\t\t\t\t\t\t\t<\/div>\n\t\t\t<\/div>\n\t\t\t\t\t<\/div>\n\t\t","protected":false},"excerpt":{"rendered":"<p>Las Peru\u0107ica Puszcza Peru\u0107ica Peru\u0107ica jest cz\u0119\u015bci\u0105 Parku Narodowego Sutjeska i jednego z ostatnich zachowanych las\u00f3w pierwotnych w Europie. Niepowtarzalne pi\u0119kno Peru\u0107icy zosta\u0142o odkryte w 1952 roku, kiedy to og\u0142oszono j\u0105 obszarem \u015bcis\u0142ej ochrony, kt\u00f3ry mo\u017ce by\u0107 wykorzystywany wy\u0142\u0105cznie w &hellip; <a href=\"https:\/\/divljarijeka.com\/pl\/tour\/kanioning-hrcavka\/\">Read More<\/a><\/p>\n","protected":false},"author":6,"featured_media":0,"parent":8016,"menu_order":0,"comment_status":"closed","ping_status":"closed","template":"","meta":{"inline_featured_image":false,"footnotes":""},"class_list":["post-8052","page","type-page","status-publish","hentry"],"yoast_head":"<!-- This site is optimized with the Yoast SEO Premium plugin v27.4 (Yoast SEO v27.4) - https:\/\/yoast.com\/product\/yoast-seo-premium-wordpress\/ -->\n<title>Las Peru\u0107ica - Przygody | Rafting Tara Divlja Rijeka<\/title>\n<meta name=\"description\" content=\"Peru\u0107ica jest cz\u0119\u015bci\u0105 Parku Narodowego Sutjeska i jednym z ostatnich las\u00f3w pierwotnych w Europie. Wodospad Skakavac jest szczeg\u00f3ln\u0105 atrakcj\u0105.\" \/>\n<meta name=\"robots\" content=\"index, follow, max-snippet:-1, max-image-preview:large, max-video-preview:-1\" \/>\n<link rel=\"canonical\" href=\"https:\/\/divljarijeka.com\/pl\/atractions\/las-perucica\/\" \/>\n<meta property=\"og:locale\" content=\"pl_PL\" \/>\n<meta property=\"og:type\" content=\"article\" \/>\n<meta property=\"og:title\" content=\"Las Peru\u0107ica\" \/>\n<meta property=\"og:description\" content=\"Peru\u0107ica jest cz\u0119\u015bci\u0105 Parku Narodowego Sutjeska i jednym z ostatnich las\u00f3w pierwotnych w Europie. Wodospad Skakavac jest szczeg\u00f3ln\u0105 atrakcj\u0105.\" \/>\n<meta property=\"og:url\" content=\"https:\/\/divljarijeka.com\/pl\/atractions\/las-perucica\/\" \/>\n<meta property=\"og:site_name\" content=\"Rafting Tara Divlja Rijeka\" \/>\n<meta property=\"article:publisher\" content=\"https:\/\/www.facebook.com\/kampdivljarijeka\/\" \/>\n<meta property=\"article:modified_time\" content=\"2025-02-18T09:01:38+00:00\" \/>\n<meta property=\"og:image\" content=\"https:\/\/divljarijeka.com\/wp-content\/uploads\/2018\/04\/rafting-tara-chill.jpg\" \/>\n\t<meta property=\"og:image:width\" content=\"1300\" \/>\n\t<meta property=\"og:image:height\" content=\"868\" \/>\n\t<meta property=\"og:image:type\" content=\"image\/jpeg\" \/>\n<meta name=\"twitter:card\" content=\"summary_large_image\" \/>\n<meta name=\"twitter:site\" content=\"@DivljaRijeka\" \/>\n<meta name=\"twitter:label1\" content=\"Szacowany czas czytania\" \/>\n\t<meta name=\"twitter:data1\" content=\"1 minuta\" \/>\n<script type=\"application\/ld+json\" class=\"yoast-schema-graph\">{\"@context\":\"https:\\\/\\\/schema.org\",\"@graph\":[{\"@type\":\"WebPage\",\"@id\":\"https:\\\/\\\/divljarijeka.com\\\/pl\\\/atractions\\\/las-perucica\\\/\",\"url\":\"https:\\\/\\\/divljarijeka.com\\\/pl\\\/atractions\\\/las-perucica\\\/\",\"name\":\"Las Peru\u0107ica - Przygody | Rafting Tara Divlja Rijeka\",\"isPartOf\":{\"@id\":\"https:\\\/\\\/divljarijeka.com\\\/pl\\\/#website\"},\"datePublished\":\"2025-02-18T09:00:39+00:00\",\"dateModified\":\"2025-02-18T09:01:38+00:00\",\"description\":\"Peru\u0107ica jest cz\u0119\u015bci\u0105 Parku Narodowego Sutjeska i jednym z ostatnich las\u00f3w pierwotnych w Europie. Wodospad Skakavac jest szczeg\u00f3ln\u0105 atrakcj\u0105.\",\"breadcrumb\":{\"@id\":\"https:\\\/\\\/divljarijeka.com\\\/pl\\\/atractions\\\/las-perucica\\\/#breadcrumb\"},\"inLanguage\":\"pl-PL\",\"potentialAction\":[{\"@type\":\"ReadAction\",\"target\":[\"https:\\\/\\\/divljarijeka.com\\\/pl\\\/atractions\\\/las-perucica\\\/\"]}]},{\"@type\":\"BreadcrumbList\",\"@id\":\"https:\\\/\\\/divljarijeka.com\\\/pl\\\/atractions\\\/las-perucica\\\/#breadcrumb\",\"itemListElement\":[{\"@type\":\"ListItem\",\"position\":1,\"name\":\"Home\",\"item\":\"https:\\\/\\\/divljarijeka.com\\\/pl\\\/\"},{\"@type\":\"ListItem\",\"position\":2,\"name\":\"Wdzi\u0119ki kobiece\",\"item\":\"https:\\\/\\\/divljarijeka.com\\\/pl\\\/atractions\\\/\"},{\"@type\":\"ListItem\",\"position\":3,\"name\":\"Las Peru\u0107ica\"}]},{\"@type\":\"WebSite\",\"@id\":\"https:\\\/\\\/divljarijeka.com\\\/pl\\\/#website\",\"url\":\"https:\\\/\\\/divljarijeka.com\\\/pl\\\/\",\"name\":\"Rafting Tara Divlja Rijeka\",\"description\":\"\",\"publisher\":{\"@id\":\"https:\\\/\\\/divljarijeka.com\\\/pl\\\/#organization\"},\"potentialAction\":[{\"@type\":\"SearchAction\",\"target\":{\"@type\":\"EntryPoint\",\"urlTemplate\":\"https:\\\/\\\/divljarijeka.com\\\/pl\\\/?s={search_term_string}\"},\"query-input\":{\"@type\":\"PropertyValueSpecification\",\"valueRequired\":true,\"valueName\":\"search_term_string\"}}],\"inLanguage\":\"pl-PL\"},{\"@type\":\"Organization\",\"@id\":\"https:\\\/\\\/divljarijeka.com\\\/pl\\\/#organization\",\"name\":\"Rafting Tara Divlja Rijeka\",\"url\":\"https:\\\/\\\/divljarijeka.com\\\/pl\\\/\",\"logo\":{\"@type\":\"ImageObject\",\"inLanguage\":\"pl-PL\",\"@id\":\"https:\\\/\\\/divljarijeka.com\\\/pl\\\/#\\\/schema\\\/logo\\\/image\\\/\",\"url\":\"https:\\\/\\\/divljarijeka.com\\\/wp-content\\\/uploads\\\/2018\\\/08\\\/cropped-divlja-rijeka-rafting-publisher.png\",\"contentUrl\":\"https:\\\/\\\/divljarijeka.com\\\/wp-content\\\/uploads\\\/2018\\\/08\\\/cropped-divlja-rijeka-rafting-publisher.png\",\"width\":104,\"height\":60,\"caption\":\"Rafting Tara Divlja Rijeka\"},\"image\":{\"@id\":\"https:\\\/\\\/divljarijeka.com\\\/pl\\\/#\\\/schema\\\/logo\\\/image\\\/\"},\"sameAs\":[\"https:\\\/\\\/www.facebook.com\\\/kampdivljarijeka\\\/\",\"https:\\\/\\\/x.com\\\/DivljaRijeka\",\"https:\\\/\\\/www.instagram.com\\\/kampdivljarijeka\\\/\"]}]}<\/script>\n<!-- \/ Yoast SEO Premium plugin. -->","yoast_head_json":{"title":"Las Peru\u0107ica - Przygody | Rafting Tara Divlja Rijeka","description":"Peru\u0107ica jest cz\u0119\u015bci\u0105 Parku Narodowego Sutjeska i jednym z ostatnich las\u00f3w pierwotnych w Europie. Wodospad Skakavac jest szczeg\u00f3ln\u0105 atrakcj\u0105.","robots":{"index":"index","follow":"follow","max-snippet":"max-snippet:-1","max-image-preview":"max-image-preview:large","max-video-preview":"max-video-preview:-1"},"canonical":"https:\/\/divljarijeka.com\/pl\/atractions\/las-perucica\/","og_locale":"pl_PL","og_type":"article","og_title":"Las Peru\u0107ica","og_description":"Peru\u0107ica jest cz\u0119\u015bci\u0105 Parku Narodowego Sutjeska i jednym z ostatnich las\u00f3w pierwotnych w Europie. Wodospad Skakavac jest szczeg\u00f3ln\u0105 atrakcj\u0105.","og_url":"https:\/\/divljarijeka.com\/pl\/atractions\/las-perucica\/","og_site_name":"Rafting Tara Divlja Rijeka","article_publisher":"https:\/\/www.facebook.com\/kampdivljarijeka\/","article_modified_time":"2025-02-18T09:01:38+00:00","og_image":[{"width":1300,"height":868,"url":"https:\/\/divljarijeka.com\/wp-content\/uploads\/2018\/04\/rafting-tara-chill.jpg","type":"image\/jpeg"}],"twitter_card":"summary_large_image","twitter_site":"@DivljaRijeka","twitter_misc":{"Szacowany czas czytania":"1 minuta"},"schema":{"@context":"https:\/\/schema.org","@graph":[{"@type":"WebPage","@id":"https:\/\/divljarijeka.com\/pl\/atractions\/las-perucica\/","url":"https:\/\/divljarijeka.com\/pl\/atractions\/las-perucica\/","name":"Las Peru\u0107ica - Przygody | Rafting Tara Divlja Rijeka","isPartOf":{"@id":"https:\/\/divljarijeka.com\/pl\/#website"},"datePublished":"2025-02-18T09:00:39+00:00","dateModified":"2025-02-18T09:01:38+00:00","description":"Peru\u0107ica jest cz\u0119\u015bci\u0105 Parku Narodowego Sutjeska i jednym z ostatnich las\u00f3w pierwotnych w Europie. Wodospad Skakavac jest szczeg\u00f3ln\u0105 atrakcj\u0105.","breadcrumb":{"@id":"https:\/\/divljarijeka.com\/pl\/atractions\/las-perucica\/#breadcrumb"},"inLanguage":"pl-PL","potentialAction":[{"@type":"ReadAction","target":["https:\/\/divljarijeka.com\/pl\/atractions\/las-perucica\/"]}]},{"@type":"BreadcrumbList","@id":"https:\/\/divljarijeka.com\/pl\/atractions\/las-perucica\/#breadcrumb","itemListElement":[{"@type":"ListItem","position":1,"name":"Home","item":"https:\/\/divljarijeka.com\/pl\/"},{"@type":"ListItem","position":2,"name":"Wdzi\u0119ki kobiece","item":"https:\/\/divljarijeka.com\/pl\/atractions\/"},{"@type":"ListItem","position":3,"name":"Las Peru\u0107ica"}]},{"@type":"WebSite","@id":"https:\/\/divljarijeka.com\/pl\/#website","url":"https:\/\/divljarijeka.com\/pl\/","name":"Rafting Tara Divlja Rijeka","description":"","publisher":{"@id":"https:\/\/divljarijeka.com\/pl\/#organization"},"potentialAction":[{"@type":"SearchAction","target":{"@type":"EntryPoint","urlTemplate":"https:\/\/divljarijeka.com\/pl\/?s={search_term_string}"},"query-input":{"@type":"PropertyValueSpecification","valueRequired":true,"valueName":"search_term_string"}}],"inLanguage":"pl-PL"},{"@type":"Organization","@id":"https:\/\/divljarijeka.com\/pl\/#organization","name":"Rafting Tara Divlja Rijeka","url":"https:\/\/divljarijeka.com\/pl\/","logo":{"@type":"ImageObject","inLanguage":"pl-PL","@id":"https:\/\/divljarijeka.com\/pl\/#\/schema\/logo\/image\/","url":"https:\/\/divljarijeka.com\/wp-content\/uploads\/2018\/08\/cropped-divlja-rijeka-rafting-publisher.png","contentUrl":"https:\/\/divljarijeka.com\/wp-content\/uploads\/2018\/08\/cropped-divlja-rijeka-rafting-publisher.png","width":104,"height":60,"caption":"Rafting Tara Divlja Rijeka"},"image":{"@id":"https:\/\/divljarijeka.com\/pl\/#\/schema\/logo\/image\/"},"sameAs":["https:\/\/www.facebook.com\/kampdivljarijeka\/","https:\/\/x.com\/DivljaRijeka","https:\/\/www.instagram.com\/kampdivljarijeka\/"]}]}},"_links":{"self":[{"href":"https:\/\/divljarijeka.com\/pl\/wp-json\/wp\/v2\/pages\/8052","targetHints":{"allow":["GET"]}}],"collection":[{"href":"https:\/\/divljarijeka.com\/pl\/wp-json\/wp\/v2\/pages"}],"about":[{"href":"https:\/\/divljarijeka.com\/pl\/wp-json\/wp\/v2\/types\/page"}],"author":[{"embeddable":true,"href":"https:\/\/divljarijeka.com\/pl\/wp-json\/wp\/v2\/users\/6"}],"replies":[{"embeddable":true,"href":"https:\/\/divljarijeka.com\/pl\/wp-json\/wp\/v2\/comments?post=8052"}],"version-history":[{"count":4,"href":"https:\/\/divljarijeka.com\/pl\/wp-json\/wp\/v2\/pages\/8052\/revisions"}],"predecessor-version":[{"id":8056,"href":"https:\/\/divljarijeka.com\/pl\/wp-json\/wp\/v2\/pages\/8052\/revisions\/8056"}],"up":[{"embeddable":true,"href":"https:\/\/divljarijeka.com\/pl\/wp-json\/wp\/v2\/pages\/8016"}],"wp:attachment":[{"href":"https:\/\/divljarijeka.com\/pl\/wp-json\/wp\/v2\/media?parent=8052"}],"curies":[{"name":"wp","href":"https:\/\/api.w.org\/{rel}","templated":true}]}}