{"id":8067,"date":"2025-02-18T09:06:31","date_gmt":"2025-02-18T09:06:31","guid":{"rendered":"https:\/\/divljarijeka.com\/?page_id=8067"},"modified":"2025-02-18T09:07:13","modified_gmt":"2025-02-18T09:07:13","slug":"zelengora","status":"publish","type":"page","link":"https:\/\/divljarijeka.com\/pl\/atractions\/zelengora\/","title":{"rendered":"Zelengora"},"content":{"rendered":"\t\t<div data-elementor-type=\"wp-post\" data-elementor-id=\"8067\" class=\"elementor elementor-8067 elementor-161\">\n\t\t\t\t\t\t<div class=\"elementor-inner\">\n\t\t\t\t<div class=\"elementor-section-wrap\">\n\t\t\t\t\t\t\t\t\t<section class=\"elementor-section elementor-top-section elementor-element elementor-element-3c28f167 elementor-section-full_width elementor-section-height-min-height elementor-section-height-default elementor-section-items-middle\" data-id=\"3c28f167\" data-element_type=\"section\" data-settings=\"{&quot;background_background&quot;:&quot;classic&quot;}\">\n\t\t\t\t\t\t\t<div class=\"elementor-background-overlay\"><\/div>\n\t\t\t\t\t\t\t<div class=\"elementor-container elementor-column-gap-default\">\n\t\t\t\t\t\t\t<div class=\"elementor-row\">\n\t\t\t\t\t<div class=\"elementor-column elementor-col-100 elementor-top-column elementor-element elementor-element-4ff7124e\" data-id=\"4ff7124e\" data-element_type=\"column\">\n\t\t\t<div class=\"elementor-column-wrap elementor-element-populated\">\n\t\t\t\t\t\t\t<div class=\"elementor-widget-wrap\">\n\t\t\t\t\t\t<div class=\"elementor-element elementor-element-1602b409 elementor-view-default elementor-position-top elementor-widget elementor-widget-themo-header\" data-id=\"1602b409\" data-element_type=\"widget\" data-widget_type=\"themo-header.default\">\n\t\t\t\t<div class=\"elementor-widget-container\">\n\t\t\t\t\t<div class=\"th-header-wrap\">\n        <div class=\"elementor-icon-box-wrapper \">\n                            <div class=\"elementor-icon-box-content\">\n                    <h1 class=\"elementor-icon-box-title\">\n                        Zelengora                    <\/h1>\n                                        <p class=\"elementor-icon-box-description\"><\/p>\n\n                                    <\/div>\n            <\/div>\n\n        <\/div>\n\n\t\t\t\t<\/div>\n\t\t\t\t<\/div>\n\t\t\t\t\t\t<\/div>\n\t\t\t\t\t<\/div>\n\t\t<\/div>\n\t\t\t\t\t\t\t\t<\/div>\n\t\t\t\t\t<\/div>\n\t\t<\/section>\n\t\t\t\t<section class=\"elementor-section elementor-top-section elementor-element elementor-element-459988d8 elementor-section-boxed elementor-section-height-default elementor-section-height-default\" data-id=\"459988d8\" data-element_type=\"section\">\n\t\t\t\t\t\t<div class=\"elementor-container elementor-column-gap-default\">\n\t\t\t\t\t\t\t<div class=\"elementor-row\">\n\t\t\t\t\t<div class=\"elementor-column elementor-col-100 elementor-top-column elementor-element elementor-element-201669e\" data-id=\"201669e\" data-element_type=\"column\">\n\t\t\t<div class=\"elementor-column-wrap elementor-element-populated\">\n\t\t\t\t\t\t\t<div class=\"elementor-widget-wrap\">\n\t\t\t\t\t\t<div class=\"elementor-element elementor-element-38e2ae0b elementor-widget elementor-widget-spacer\" data-id=\"38e2ae0b\" data-element_type=\"widget\" data-widget_type=\"spacer.default\">\n\t\t\t\t<div class=\"elementor-widget-container\">\n\t\t\t\t\t<div class=\"elementor-spacer\">\n\t\t\t<div class=\"elementor-spacer-inner\"><\/div>\n\t\t<\/div>\n\t\t\t\t<\/div>\n\t\t\t\t<\/div>\n\t\t\t\t<div class=\"elementor-element elementor-element-23b0a3d0 elementor-view-default elementor-position-top elementor-widget elementor-widget-themo-header\" data-id=\"23b0a3d0\" data-element_type=\"widget\" data-widget_type=\"themo-header.default\">\n\t\t\t\t<div class=\"elementor-widget-container\">\n\t\t\t\t\t<div class=\"th-header-wrap\">\n        <div class=\"elementor-icon-box-wrapper th-show-icon\">\n                            <div class=\"elementor-icon-box-icon th-icon-size-lg\">\n                    <span class=\"elementor-icon \">\n                        <i class=\"th-trip travelpack-mountains-snow\" aria-hidden=\"true\" fff><\/i>                    <\/span>\n                <\/div>\n                                <div class=\"elementor-icon-box-content\">\n                    <h2 class=\"elementor-icon-box-title\">\n                        G\u00f3ra Zelengora                    <\/h2>\n                                        <p class=\"elementor-icon-box-description\">Zelengora, co dos\u0142ownie oznacza \u201ezielona g\u00f3ra\u201d, jest prawdopodobnie najpi\u0119kniejsz\u0105 <a href=\"https:\/\/www.tarasportrafting.com\/blog\/most-beautiful-mountains-montenegro-and-bosnia-herzegovina\">g\u00f3r\u0105 w Bo\u015bni<\/a> i Hercegowinie. Rozleg\u0142e zielone zbocza s\u0105 usiane jeziorami polodowcowymi znanymi jako \u201eoczy g\u00f3rskie\u201d, oko\u0142o tuzina jezior, z kt\u00f3rych wszystkie znajduj\u0105 si\u0119 na wysoko\u015bci od 1380 do 1650 m n.p.m. <a href=\"https:\/\/divljarijeka.com\/activities\/hiking\/\">dziko\u015b\u0107 natury<\/a> i ca\u0142kowity brak \u015blad\u00f3w wsp\u00f3\u0142czesnej cywilizacji nadaj\u0105 tym g\u00f3rom szczeg\u00f3lny urok.<\/p>\n\n                                    <\/div>\n            <\/div>\n\n        <\/div>\n\n\t\t\t\t<\/div>\n\t\t\t\t<\/div>\n\t\t\t\t\t\t<\/div>\n\t\t\t\t\t<\/div>\n\t\t<\/div>\n\t\t\t\t\t\t\t\t<\/div>\n\t\t\t\t\t<\/div>\n\t\t<\/section>\n\t\t\t\t<section class=\"elementor-section elementor-top-section elementor-element elementor-element-5ed27bb9 elementor-section-boxed elementor-section-height-default elementor-section-height-default\" data-id=\"5ed27bb9\" data-element_type=\"section\">\n\t\t\t\t\t\t<div class=\"elementor-container elementor-column-gap-default\">\n\t\t\t\t\t\t\t<div class=\"elementor-row\">\n\t\t\t\t\t<div class=\"elementor-column elementor-col-100 elementor-top-column elementor-element elementor-element-4dbcb7bd\" data-id=\"4dbcb7bd\" data-element_type=\"column\">\n\t\t\t<div class=\"elementor-column-wrap elementor-element-populated\">\n\t\t\t\t\t\t\t<div class=\"elementor-widget-wrap\">\n\t\t\t\t\t\t<div class=\"elementor-element elementor-element-78d03036 elementor-widget elementor-widget-spacer\" data-id=\"78d03036\" data-element_type=\"widget\" data-widget_type=\"spacer.default\">\n\t\t\t\t<div class=\"elementor-widget-container\">\n\t\t\t\t\t<div class=\"elementor-spacer\">\n\t\t\t<div class=\"elementor-spacer-inner\"><\/div>\n\t\t<\/div>\n\t\t\t\t<\/div>\n\t\t\t\t<\/div>\n\t\t\t\t\t\t<\/div>\n\t\t\t\t\t<\/div>\n\t\t<\/div>\n\t\t\t\t\t\t\t\t<\/div>\n\t\t\t\t\t<\/div>\n\t\t<\/section>\n\t\t\t\t<section class=\"elementor-section elementor-top-section elementor-element elementor-element-6429aa80 elementor-section-boxed elementor-section-height-default elementor-section-height-default\" data-id=\"6429aa80\" data-element_type=\"section\">\n\t\t\t\t\t\t<div class=\"elementor-container elementor-column-gap-default\">\n\t\t\t\t\t\t\t<div class=\"elementor-row\">\n\t\t\t\t\t<div class=\"elementor-column elementor-col-100 elementor-top-column elementor-element elementor-element-3e34fe4f\" data-id=\"3e34fe4f\" data-element_type=\"column\">\n\t\t\t<div class=\"elementor-column-wrap elementor-element-populated\">\n\t\t\t\t\t\t\t<div class=\"elementor-widget-wrap\">\n\t\t\t\t\t\t<div class=\"elementor-element elementor-element-4caeb112 elementor-widget elementor-widget-themo-tour-grid\" data-id=\"4caeb112\" data-element_type=\"widget\" data-widget_type=\"themo-tour-grid.default\">\n\t\t\t\t<div class=\"elementor-widget-container\">\n\t\t\t\n                <div id=\"th-portfolio-content-6a091360abaa3\" class=\"th-portfolio\">\n\n            \n            <div id=\"th-portfolio-row\" class=\"th-portfolio-row row portfolio_content  three-columns th-port-gutter\">\n\n                                        <div id=\"post-8195\" class=\"th-portfolio-item item col-md-4 col-sm-6 p-jeep-safari p-maglic-pl p-np-sutjeska p-one-day-tours p-zelengora-pl post-8195 themo_tour type-themo_tour status-publish format-standard has-post-thumbnail hentry themo_tour_type-jeep-safari themo_tour_type-maglic-pl themo_tour_type-np-sutjeska themo_tour_type-one-day-tours themo_tour_type-zelengora-pl\">\n                            <div class=\"th-port-wrap\">\n                                <img decoding=\"async\" width=\"605\" height=\"605\" src=\"https:\/\/divljarijeka.com\/wp-content\/uploads\/2018\/04\/jeep-safari-sutjeska-bosnia-003-605x605.jpg\" class=\"img-responsive th-port-img wp-post-image\" alt=\"jeep safari sutjeska\" \/>\n                                <div class=\"th-port-overlay\"><\/div>\n                                <div class=\"th-port-inner\">\n                                                                            <div class=\"th-port-top-text\">Jednodniowa Wycieczka Safari Jeepem<\/div>\n                                                                        <div class=\"th-port-center\">\n                                        <h3 class=\"th-port-title\">Jeep safari Sutjeska \u2013 Bo\u015bnia<\/h3>\n                                        <p class=\"th-port-sub\">Odkryj pi\u0119kno Parku Narodowego Sutjeska podczas przeja\u017cd\u017cki samochodem terenowym.<\/p>                                                                                    <span class=\"th-port-btn\">ZOBACZ WYCIECZK\u0118<\/span>\n                                                                            <\/div>\n                                    <a href=\"https:\/\/divljarijeka.com\/pl\/tour\/jeep-safari-sutjeska\/\" class=\"th-port-link\" ><\/a>                                <\/div>\n                            <\/div>\n                        <\/div>\n                        \n            <\/div>\n\n        <\/div>\n\n        \t\t<\/div>\n\t\t\t\t<\/div>\n\t\t\t\t\t\t<\/div>\n\t\t\t\t\t<\/div>\n\t\t<\/div>\n\t\t\t\t\t\t\t\t<\/div>\n\t\t\t\t\t<\/div>\n\t\t<\/section>\n\t\t\t\t<section class=\"elementor-section elementor-top-section elementor-element elementor-element-21786772 elementor-section-boxed elementor-section-height-default elementor-section-height-default\" data-id=\"21786772\" data-element_type=\"section\">\n\t\t\t\t\t\t<div class=\"elementor-container elementor-column-gap-default\">\n\t\t\t\t\t\t\t<div class=\"elementor-row\">\n\t\t\t\t\t<div class=\"elementor-column elementor-col-100 elementor-top-column elementor-element elementor-element-32545960\" data-id=\"32545960\" data-element_type=\"column\">\n\t\t\t<div class=\"elementor-column-wrap elementor-element-populated\">\n\t\t\t\t\t\t\t<div class=\"elementor-widget-wrap\">\n\t\t\t\t\t\t<div class=\"elementor-element elementor-element-e8dcfc7 elementor-widget elementor-widget-html\" data-id=\"e8dcfc7\" data-element_type=\"widget\" data-widget_type=\"html.default\">\n\t\t\t\t<div class=\"elementor-widget-container\">\n\t\t\t<iframe loading=\"lazy\" src=\"https:\/\/www.google.com\/maps\/d\/embed?mid=12gOgM5x11BmMyq8BHynd17LHfvLpBK5l\" width=\"640\" height=\"480\"><\/iframe>\t\t<\/div>\n\t\t\t\t<\/div>\n\t\t\t\t\t\t<\/div>\n\t\t\t\t\t<\/div>\n\t\t<\/div>\n\t\t\t\t\t\t\t\t<\/div>\n\t\t\t\t\t<\/div>\n\t\t<\/section>\n\t\t\t\t\t\t\t\t\t<\/div>\n\t\t\t<\/div>\n\t\t\t\t\t<\/div>\n\t\t","protected":false},"excerpt":{"rendered":"<p>Zelengora G\u00f3ra Zelengora Zelengora, co dos\u0142ownie oznacza \u201ezielona g\u00f3ra\u201d, jest prawdopodobnie najpi\u0119kniejsz\u0105 g\u00f3r\u0105 w Bo\u015bni i Hercegowinie. Rozleg\u0142e zielone zbocza s\u0105 usiane jeziorami polodowcowymi znanymi jako \u201eoczy g\u00f3rskie\u201d, oko\u0142o tuzina jezior, z kt\u00f3rych wszystkie znajduj\u0105 si\u0119 na wysoko\u015bci od 1380 &hellip; <a href=\"https:\/\/divljarijeka.com\/pl\/tour\/jeep-safari-sutjeska\/\">Read More<\/a><\/p>\n","protected":false},"author":6,"featured_media":889,"parent":8016,"menu_order":0,"comment_status":"closed","ping_status":"closed","template":"","meta":{"inline_featured_image":false,"footnotes":""},"class_list":["post-8067","page","type-page","status-publish","has-post-thumbnail","hentry"],"yoast_head":"<!-- This site is optimized with the Yoast SEO Premium plugin v27.4 (Yoast SEO v27.4) - https:\/\/yoast.com\/product\/yoast-seo-premium-wordpress\/ -->\n<title>Zelengora - Najpi\u0119kniejsza G\u00f3ra | Rafting Tara Divlja Rijeka<\/title>\n<meta name=\"description\" content=\"Zelengora jest najpi\u0119kniejsz\u0105 g\u00f3r\u0105 w Bo\u015bni. Dziko\u015b\u0107 natury i brak nowoczesnej cywilizacji nadaj\u0105 jej szczeg\u00f3lny urok.\" \/>\n<meta name=\"robots\" content=\"index, follow, max-snippet:-1, max-image-preview:large, max-video-preview:-1\" \/>\n<link rel=\"canonical\" href=\"https:\/\/divljarijeka.com\/pl\/atractions\/zelengora\/\" \/>\n<meta property=\"og:locale\" content=\"pl_PL\" \/>\n<meta property=\"og:type\" content=\"article\" \/>\n<meta property=\"og:title\" content=\"Zelengora\" \/>\n<meta property=\"og:description\" content=\"Zelengora jest najpi\u0119kniejsz\u0105 g\u00f3r\u0105 w Bo\u015bni. Dziko\u015b\u0107 natury i brak nowoczesnej cywilizacji nadaj\u0105 jej szczeg\u00f3lny urok.\" \/>\n<meta property=\"og:url\" content=\"https:\/\/divljarijeka.com\/pl\/atractions\/zelengora\/\" \/>\n<meta property=\"og:site_name\" content=\"Rafting Tara Divlja Rijeka\" \/>\n<meta property=\"article:publisher\" content=\"https:\/\/www.facebook.com\/kampdivljarijeka\/\" \/>\n<meta property=\"article:modified_time\" content=\"2025-02-18T09:07:13+00:00\" \/>\n<meta property=\"og:image\" content=\"https:\/\/divljarijeka.com\/wp-content\/uploads\/2018\/05\/Orlovacko_Zelengora.jpg\" \/>\n\t<meta property=\"og:image:width\" content=\"1500\" \/>\n\t<meta property=\"og:image:height\" content=\"832\" \/>\n\t<meta property=\"og:image:type\" content=\"image\/jpeg\" \/>\n<meta name=\"twitter:card\" content=\"summary_large_image\" \/>\n<meta name=\"twitter:site\" content=\"@DivljaRijeka\" \/>\n<meta name=\"twitter:label1\" content=\"Szacowany czas czytania\" \/>\n\t<meta name=\"twitter:data1\" content=\"1 minuta\" \/>\n<script type=\"application\/ld+json\" class=\"yoast-schema-graph\">{\"@context\":\"https:\\\/\\\/schema.org\",\"@graph\":[{\"@type\":\"WebPage\",\"@id\":\"https:\\\/\\\/divljarijeka.com\\\/pl\\\/atractions\\\/zelengora\\\/\",\"url\":\"https:\\\/\\\/divljarijeka.com\\\/pl\\\/atractions\\\/zelengora\\\/\",\"name\":\"Zelengora - Najpi\u0119kniejsza G\u00f3ra | Rafting Tara Divlja Rijeka\",\"isPartOf\":{\"@id\":\"https:\\\/\\\/divljarijeka.com\\\/pl\\\/#website\"},\"primaryImageOfPage\":{\"@id\":\"https:\\\/\\\/divljarijeka.com\\\/pl\\\/atractions\\\/zelengora\\\/#primaryimage\"},\"image\":{\"@id\":\"https:\\\/\\\/divljarijeka.com\\\/pl\\\/atractions\\\/zelengora\\\/#primaryimage\"},\"thumbnailUrl\":\"https:\\\/\\\/divljarijeka.com\\\/wp-content\\\/uploads\\\/2018\\\/05\\\/Orlovacko_Zelengora.jpg\",\"datePublished\":\"2025-02-18T09:06:31+00:00\",\"dateModified\":\"2025-02-18T09:07:13+00:00\",\"description\":\"Zelengora jest najpi\u0119kniejsz\u0105 g\u00f3r\u0105 w Bo\u015bni. Dziko\u015b\u0107 natury i brak nowoczesnej cywilizacji nadaj\u0105 jej szczeg\u00f3lny urok.\",\"breadcrumb\":{\"@id\":\"https:\\\/\\\/divljarijeka.com\\\/pl\\\/atractions\\\/zelengora\\\/#breadcrumb\"},\"inLanguage\":\"pl-PL\",\"potentialAction\":[{\"@type\":\"ReadAction\",\"target\":[\"https:\\\/\\\/divljarijeka.com\\\/pl\\\/atractions\\\/zelengora\\\/\"]}]},{\"@type\":\"ImageObject\",\"inLanguage\":\"pl-PL\",\"@id\":\"https:\\\/\\\/divljarijeka.com\\\/pl\\\/atractions\\\/zelengora\\\/#primaryimage\",\"url\":\"https:\\\/\\\/divljarijeka.com\\\/wp-content\\\/uploads\\\/2018\\\/05\\\/Orlovacko_Zelengora.jpg\",\"contentUrl\":\"https:\\\/\\\/divljarijeka.com\\\/wp-content\\\/uploads\\\/2018\\\/05\\\/Orlovacko_Zelengora.jpg\",\"width\":1500,\"height\":832,\"caption\":\"Zelengora\"},{\"@type\":\"BreadcrumbList\",\"@id\":\"https:\\\/\\\/divljarijeka.com\\\/pl\\\/atractions\\\/zelengora\\\/#breadcrumb\",\"itemListElement\":[{\"@type\":\"ListItem\",\"position\":1,\"name\":\"Home\",\"item\":\"https:\\\/\\\/divljarijeka.com\\\/pl\\\/\"},{\"@type\":\"ListItem\",\"position\":2,\"name\":\"Wdzi\u0119ki kobiece\",\"item\":\"https:\\\/\\\/divljarijeka.com\\\/pl\\\/atractions\\\/\"},{\"@type\":\"ListItem\",\"position\":3,\"name\":\"Zelengora\"}]},{\"@type\":\"WebSite\",\"@id\":\"https:\\\/\\\/divljarijeka.com\\\/pl\\\/#website\",\"url\":\"https:\\\/\\\/divljarijeka.com\\\/pl\\\/\",\"name\":\"Rafting Tara Divlja Rijeka\",\"description\":\"\",\"publisher\":{\"@id\":\"https:\\\/\\\/divljarijeka.com\\\/pl\\\/#organization\"},\"potentialAction\":[{\"@type\":\"SearchAction\",\"target\":{\"@type\":\"EntryPoint\",\"urlTemplate\":\"https:\\\/\\\/divljarijeka.com\\\/pl\\\/?s={search_term_string}\"},\"query-input\":{\"@type\":\"PropertyValueSpecification\",\"valueRequired\":true,\"valueName\":\"search_term_string\"}}],\"inLanguage\":\"pl-PL\"},{\"@type\":\"Organization\",\"@id\":\"https:\\\/\\\/divljarijeka.com\\\/pl\\\/#organization\",\"name\":\"Rafting Tara Divlja Rijeka\",\"url\":\"https:\\\/\\\/divljarijeka.com\\\/pl\\\/\",\"logo\":{\"@type\":\"ImageObject\",\"inLanguage\":\"pl-PL\",\"@id\":\"https:\\\/\\\/divljarijeka.com\\\/pl\\\/#\\\/schema\\\/logo\\\/image\\\/\",\"url\":\"https:\\\/\\\/divljarijeka.com\\\/wp-content\\\/uploads\\\/2018\\\/08\\\/cropped-divlja-rijeka-rafting-publisher.png\",\"contentUrl\":\"https:\\\/\\\/divljarijeka.com\\\/wp-content\\\/uploads\\\/2018\\\/08\\\/cropped-divlja-rijeka-rafting-publisher.png\",\"width\":104,\"height\":60,\"caption\":\"Rafting Tara Divlja Rijeka\"},\"image\":{\"@id\":\"https:\\\/\\\/divljarijeka.com\\\/pl\\\/#\\\/schema\\\/logo\\\/image\\\/\"},\"sameAs\":[\"https:\\\/\\\/www.facebook.com\\\/kampdivljarijeka\\\/\",\"https:\\\/\\\/x.com\\\/DivljaRijeka\",\"https:\\\/\\\/www.instagram.com\\\/kampdivljarijeka\\\/\"]}]}<\/script>\n<!-- \/ Yoast SEO Premium plugin. -->","yoast_head_json":{"title":"Zelengora - Najpi\u0119kniejsza G\u00f3ra | Rafting Tara Divlja Rijeka","description":"Zelengora jest najpi\u0119kniejsz\u0105 g\u00f3r\u0105 w Bo\u015bni. Dziko\u015b\u0107 natury i brak nowoczesnej cywilizacji nadaj\u0105 jej szczeg\u00f3lny urok.","robots":{"index":"index","follow":"follow","max-snippet":"max-snippet:-1","max-image-preview":"max-image-preview:large","max-video-preview":"max-video-preview:-1"},"canonical":"https:\/\/divljarijeka.com\/pl\/atractions\/zelengora\/","og_locale":"pl_PL","og_type":"article","og_title":"Zelengora","og_description":"Zelengora jest najpi\u0119kniejsz\u0105 g\u00f3r\u0105 w Bo\u015bni. Dziko\u015b\u0107 natury i brak nowoczesnej cywilizacji nadaj\u0105 jej szczeg\u00f3lny urok.","og_url":"https:\/\/divljarijeka.com\/pl\/atractions\/zelengora\/","og_site_name":"Rafting Tara Divlja Rijeka","article_publisher":"https:\/\/www.facebook.com\/kampdivljarijeka\/","article_modified_time":"2025-02-18T09:07:13+00:00","og_image":[{"width":1500,"height":832,"url":"https:\/\/divljarijeka.com\/wp-content\/uploads\/2018\/05\/Orlovacko_Zelengora.jpg","type":"image\/jpeg"}],"twitter_card":"summary_large_image","twitter_site":"@DivljaRijeka","twitter_misc":{"Szacowany czas czytania":"1 minuta"},"schema":{"@context":"https:\/\/schema.org","@graph":[{"@type":"WebPage","@id":"https:\/\/divljarijeka.com\/pl\/atractions\/zelengora\/","url":"https:\/\/divljarijeka.com\/pl\/atractions\/zelengora\/","name":"Zelengora - Najpi\u0119kniejsza G\u00f3ra | Rafting Tara Divlja Rijeka","isPartOf":{"@id":"https:\/\/divljarijeka.com\/pl\/#website"},"primaryImageOfPage":{"@id":"https:\/\/divljarijeka.com\/pl\/atractions\/zelengora\/#primaryimage"},"image":{"@id":"https:\/\/divljarijeka.com\/pl\/atractions\/zelengora\/#primaryimage"},"thumbnailUrl":"https:\/\/divljarijeka.com\/wp-content\/uploads\/2018\/05\/Orlovacko_Zelengora.jpg","datePublished":"2025-02-18T09:06:31+00:00","dateModified":"2025-02-18T09:07:13+00:00","description":"Zelengora jest najpi\u0119kniejsz\u0105 g\u00f3r\u0105 w Bo\u015bni. Dziko\u015b\u0107 natury i brak nowoczesnej cywilizacji nadaj\u0105 jej szczeg\u00f3lny urok.","breadcrumb":{"@id":"https:\/\/divljarijeka.com\/pl\/atractions\/zelengora\/#breadcrumb"},"inLanguage":"pl-PL","potentialAction":[{"@type":"ReadAction","target":["https:\/\/divljarijeka.com\/pl\/atractions\/zelengora\/"]}]},{"@type":"ImageObject","inLanguage":"pl-PL","@id":"https:\/\/divljarijeka.com\/pl\/atractions\/zelengora\/#primaryimage","url":"https:\/\/divljarijeka.com\/wp-content\/uploads\/2018\/05\/Orlovacko_Zelengora.jpg","contentUrl":"https:\/\/divljarijeka.com\/wp-content\/uploads\/2018\/05\/Orlovacko_Zelengora.jpg","width":1500,"height":832,"caption":"Zelengora"},{"@type":"BreadcrumbList","@id":"https:\/\/divljarijeka.com\/pl\/atractions\/zelengora\/#breadcrumb","itemListElement":[{"@type":"ListItem","position":1,"name":"Home","item":"https:\/\/divljarijeka.com\/pl\/"},{"@type":"ListItem","position":2,"name":"Wdzi\u0119ki kobiece","item":"https:\/\/divljarijeka.com\/pl\/atractions\/"},{"@type":"ListItem","position":3,"name":"Zelengora"}]},{"@type":"WebSite","@id":"https:\/\/divljarijeka.com\/pl\/#website","url":"https:\/\/divljarijeka.com\/pl\/","name":"Rafting Tara Divlja Rijeka","description":"","publisher":{"@id":"https:\/\/divljarijeka.com\/pl\/#organization"},"potentialAction":[{"@type":"SearchAction","target":{"@type":"EntryPoint","urlTemplate":"https:\/\/divljarijeka.com\/pl\/?s={search_term_string}"},"query-input":{"@type":"PropertyValueSpecification","valueRequired":true,"valueName":"search_term_string"}}],"inLanguage":"pl-PL"},{"@type":"Organization","@id":"https:\/\/divljarijeka.com\/pl\/#organization","name":"Rafting Tara Divlja Rijeka","url":"https:\/\/divljarijeka.com\/pl\/","logo":{"@type":"ImageObject","inLanguage":"pl-PL","@id":"https:\/\/divljarijeka.com\/pl\/#\/schema\/logo\/image\/","url":"https:\/\/divljarijeka.com\/wp-content\/uploads\/2018\/08\/cropped-divlja-rijeka-rafting-publisher.png","contentUrl":"https:\/\/divljarijeka.com\/wp-content\/uploads\/2018\/08\/cropped-divlja-rijeka-rafting-publisher.png","width":104,"height":60,"caption":"Rafting Tara Divlja Rijeka"},"image":{"@id":"https:\/\/divljarijeka.com\/pl\/#\/schema\/logo\/image\/"},"sameAs":["https:\/\/www.facebook.com\/kampdivljarijeka\/","https:\/\/x.com\/DivljaRijeka","https:\/\/www.instagram.com\/kampdivljarijeka\/"]}]}},"_links":{"self":[{"href":"https:\/\/divljarijeka.com\/pl\/wp-json\/wp\/v2\/pages\/8067","targetHints":{"allow":["GET"]}}],"collection":[{"href":"https:\/\/divljarijeka.com\/pl\/wp-json\/wp\/v2\/pages"}],"about":[{"href":"https:\/\/divljarijeka.com\/pl\/wp-json\/wp\/v2\/types\/page"}],"author":[{"embeddable":true,"href":"https:\/\/divljarijeka.com\/pl\/wp-json\/wp\/v2\/users\/6"}],"replies":[{"embeddable":true,"href":"https:\/\/divljarijeka.com\/pl\/wp-json\/wp\/v2\/comments?post=8067"}],"version-history":[{"count":4,"href":"https:\/\/divljarijeka.com\/pl\/wp-json\/wp\/v2\/pages\/8067\/revisions"}],"predecessor-version":[{"id":8073,"href":"https:\/\/divljarijeka.com\/pl\/wp-json\/wp\/v2\/pages\/8067\/revisions\/8073"}],"up":[{"embeddable":true,"href":"https:\/\/divljarijeka.com\/pl\/wp-json\/wp\/v2\/pages\/8016"}],"wp:featuredmedia":[{"embeddable":true,"href":"https:\/\/divljarijeka.com\/pl\/wp-json\/wp\/v2\/media\/889"}],"wp:attachment":[{"href":"https:\/\/divljarijeka.com\/pl\/wp-json\/wp\/v2\/media?parent=8067"}],"curies":[{"name":"wp","href":"https:\/\/api.w.org\/{rel}","templated":true}]}}