{"id":8155,"date":"2025-02-18T09:31:16","date_gmt":"2025-02-18T09:31:16","guid":{"rendered":"https:\/\/divljarijeka.com\/?page_id=8155"},"modified":"2025-02-18T09:31:16","modified_gmt":"2025-02-18T09:31:16","slug":"edukacyjny","status":"publish","type":"page","link":"https:\/\/divljarijeka.com\/pl\/wycieczki\/edukacyjny\/","title":{"rendered":"Edukacyjny"},"content":{"rendered":"\t\t<div data-elementor-type=\"wp-page\" data-elementor-id=\"8155\" class=\"elementor elementor-8155 elementor-138 elementor-bc-flex-widget\">\n\t\t\t\t\t\t<div class=\"elementor-inner\">\n\t\t\t\t<div class=\"elementor-section-wrap\">\n\t\t\t\t\t\t\t\t\t<section class=\"elementor-section elementor-top-section elementor-element elementor-element-3d3eec7 elementor-section-boxed elementor-section-height-default elementor-section-height-default\" data-id=\"3d3eec7\" data-element_type=\"section\">\n\t\t\t\t\t\t<div class=\"elementor-container elementor-column-gap-default\">\n\t\t\t\t\t\t\t<div class=\"elementor-row\">\n\t\t\t\t\t<div class=\"elementor-column elementor-col-100 elementor-top-column elementor-element elementor-element-d238e30\" data-id=\"d238e30\" data-element_type=\"column\">\n\t\t\t<div class=\"elementor-column-wrap elementor-element-populated\">\n\t\t\t\t\t\t\t<div class=\"elementor-widget-wrap\">\n\t\t\t\t\t\t<div class=\"elementor-element elementor-element-1386d2f elementor-widget elementor-widget-themo-tour-grid\" data-id=\"1386d2f\" data-element_type=\"widget\" data-widget_type=\"themo-tour-grid.default\">\n\t\t\t\t<div class=\"elementor-widget-container\">\n\t\t\t\n                <div id=\"th-portfolio-content-6a0913123bf11\" class=\"th-portfolio\">\n\n            \n            <div id=\"th-portfolio-row\" class=\"th-portfolio-row row portfolio_content  three-columns th-port-gutter\">\n\n                                        <div id=\"post-8223\" class=\"th-portfolio-item item col-md-4 col-sm-6 p-educational p-expeditions p-multi-day-tours p-np-durmitor p-rafting-pl p-tara-pl post-8223 themo_tour type-themo_tour status-publish format-standard has-post-thumbnail hentry themo_tour_type-educational themo_tour_type-expeditions themo_tour_type-multi-day-tours themo_tour_type-np-durmitor themo_tour_type-rafting-pl themo_tour_type-tara-pl\">\n                            <div class=\"th-port-wrap\">\n                                <img decoding=\"async\" width=\"605\" height=\"605\" src=\"https:\/\/divljarijeka.com\/wp-content\/uploads\/2018\/04\/tara-canyon-expedition-001-1-605x605.jpg\" class=\"img-responsive th-port-img wp-post-image\" alt=\"tara canyon\" \/>\n                                <div class=\"th-port-overlay\"><\/div>\n                                <div class=\"th-port-inner\">\n                                                                            <div class=\"th-port-top-text\">Rafting - Wycieczka Kilkudniowa<\/div>\n                                                                        <div class=\"th-port-center\">\n                                        <h3 class=\"th-port-title\">Wyprawa \u2013 POWR\u00d3T DO KORZENI<\/h3>\n                                        <p class=\"th-port-sub\">Sprawd\u017a swoje granice, naucz si\u0119 nowych umiej\u0119tno\u015bci i odkryj kanion Tary w tej wyj\u0105tkowej scenerii.<\/p>                                                                                    <span class=\"th-port-btn\">ZOBACZ WYCIECZK\u0118<\/span>\n                                                                            <\/div>\n                                    <a href=\"https:\/\/divljarijeka.com\/pl\/tour\/wyprawa-do-kanionu-tara\/\" class=\"th-port-link\" ><\/a>                                <\/div>\n                            <\/div>\n                        <\/div>\n                                                <div id=\"post-8242\" class=\"th-portfolio-item item col-md-4 col-sm-6 p-multi-day-tours p-np-durmitor post-8242 themo_tour type-themo_tour status-publish format-standard has-post-thumbnail hentry themo_tour_type-multi-day-tours themo_tour_type-np-durmitor\">\n                            <div class=\"th-port-wrap\">\n                                <img decoding=\"async\" width=\"605\" height=\"605\" src=\"https:\/\/divljarijeka.com\/wp-content\/uploads\/2018\/04\/true-tara-rafting-experience-605x605.jpg\" class=\"img-responsive th-port-img wp-post-image\" alt=\"Divlja Rijeka, True tara rafting expiriance with 5 man in deepest canyon in Europe\" \/>\n                                <div class=\"th-port-overlay\"><\/div>\n                                <div class=\"th-port-inner\">\n                                                                            <div class=\"th-port-top-text\">Tara Rafting - Wycieczka Kilkudniowa<\/div>\n                                                                        <div class=\"th-port-center\">\n                                        <h3 class=\"th-port-title\">Prawdziwe wra\u017cenia z raftingu na Tarze<\/h3>\n                                        <p class=\"th-port-sub\">Dwudniowy rafting w najg\u0142\u0119bszym kanionie Europy.<\/p>                                                                                    <span class=\"th-port-btn\">ZOBACZ WYCIECZK\u0118<\/span>\n                                                                            <\/div>\n                                    <a href=\"https:\/\/divljarijeka.com\/pl\/tour\/tara-rafting-prawdziwe-doswiadczenie\/\" class=\"th-port-link\" ><\/a>                                <\/div>\n                            <\/div>\n                        <\/div>\n                                                <div id=\"post-8297\" class=\"th-portfolio-item item col-md-4 col-sm-6 p-educational p-hiking p-np-sutjeska p-one-day-tours p-perucica-pl p-trekking-pl post-8297 themo_tour type-themo_tour status-publish format-standard has-post-thumbnail hentry themo_tour_type-educational themo_tour_type-hiking themo_tour_type-np-sutjeska themo_tour_type-one-day-tours themo_tour_type-perucica-pl themo_tour_type-trekking-pl\">\n                            <div class=\"th-port-wrap\">\n                                <img decoding=\"async\" width=\"394\" height=\"394\" src=\"https:\/\/divljarijeka.com\/wp-content\/uploads\/2018\/04\/perucica-hiking-002-394x394.jpg\" class=\"img-responsive th-port-img wp-post-image\" alt=\"\" \/>\n                                <div class=\"th-port-overlay\"><\/div>\n                                <div class=\"th-port-inner\">\n                                                                            <div class=\"th-port-top-text\">Piesze wycieczki - Jednodniowa Wycieczka<\/div>\n                                                                        <div class=\"th-port-center\">\n                                        <h3 class=\"th-port-title\">Peru\u0107ica - Dziwny Las<\/h3>\n                                        <p class=\"th-port-sub\">Pierwotny Las, Kt\u00f3ry Zapiera Dech W Pierwotnym Podziwie<\/p>                                                                                    <span class=\"th-port-btn\">ZOBACZ WYCIECZK\u0118<\/span>\n                                                                            <\/div>\n                                    <a href=\"https:\/\/divljarijeka.com\/pl\/tour\/las-deszczowy-peruwianski\/\" class=\"th-port-link\" ><\/a>                                <\/div>\n                            <\/div>\n                        <\/div>\n                        \n            <\/div>\n\n        <\/div>\n\n        \t\t<\/div>\n\t\t\t\t<\/div>\n\t\t\t\t\t\t<\/div>\n\t\t\t\t\t<\/div>\n\t\t<\/div>\n\t\t\t\t\t\t\t\t<\/div>\n\t\t\t\t\t<\/div>\n\t\t<\/section>\n\t\t\t\t\t\t\t\t\t<\/div>\n\t\t\t<\/div>\n\t\t\t\t\t<\/div>\n\t\t","protected":false},"excerpt":{"rendered":"<p>Hiking &#8211; One Day Tour Peru\u0107ica &#8211; Strange Forest Primeval Forest That Takes Your Breath Away VIEW TOUR Tara Rafting &#8211; Multi-Day Tour True Tara Rafting Experience Sport rafting tour for 2 days in the deepest European canyon. VIEW TOUR &hellip; <a href=\"https:\/\/divljarijeka.com\/pl\/tour\/las-deszczowy-peruwianski\/\">Read More<\/a><\/p>\n","protected":false},"author":6,"featured_media":415,"parent":8150,"menu_order":0,"comment_status":"closed","ping_status":"closed","template":"","meta":{"inline_featured_image":false,"footnotes":""},"class_list":["post-8155","page","type-page","status-publish","has-post-thumbnail","hentry"],"yoast_head":"<!-- This site is optimized with the Yoast SEO Premium plugin v27.4 (Yoast SEO v27.4) - https:\/\/yoast.com\/product\/yoast-seo-premium-wordpress\/ -->\n<title>Edukacyjny - Rafting Tara Divlja Rijeka | Najlepsze przygody<\/title>\n<meta name=\"description\" content=\"Niezwyk\u0142e przygody w najg\u0142\u0119bszym europejskim kanionie - kanionie rzeki Tara. Naucz si\u0119 nowych umiej\u0119tno\u015bci i odkryj edukacj\u0119.\" \/>\n<meta name=\"robots\" content=\"index, follow, max-snippet:-1, max-image-preview:large, max-video-preview:-1\" \/>\n<link rel=\"canonical\" href=\"https:\/\/divljarijeka.com\/pl\/wycieczki\/edukacyjny\/\" \/>\n<meta property=\"og:locale\" content=\"pl_PL\" \/>\n<meta property=\"og:type\" content=\"article\" \/>\n<meta property=\"og:title\" content=\"Edukacyjny\" \/>\n<meta property=\"og:description\" content=\"Niezwyk\u0142e przygody w najg\u0142\u0119bszym europejskim kanionie - kanionie rzeki Tara. Naucz si\u0119 nowych umiej\u0119tno\u015bci i odkryj edukacj\u0119.\" \/>\n<meta property=\"og:url\" content=\"https:\/\/divljarijeka.com\/pl\/wycieczki\/edukacyjny\/\" \/>\n<meta property=\"og:site_name\" content=\"Rafting Tara Divlja Rijeka\" \/>\n<meta property=\"article:publisher\" content=\"https:\/\/www.facebook.com\/kampdivljarijeka\/\" \/>\n<meta property=\"og:image\" content=\"https:\/\/divljarijeka.com\/wp-content\/uploads\/2018\/04\/lake-trnovacko-hiking-002.jpg\" \/>\n\t<meta property=\"og:image:width\" content=\"900\" \/>\n\t<meta property=\"og:image:height\" content=\"601\" \/>\n\t<meta property=\"og:image:type\" content=\"image\/jpeg\" \/>\n<meta name=\"twitter:card\" content=\"summary_large_image\" \/>\n<meta name=\"twitter:site\" content=\"@DivljaRijeka\" \/>\n<meta name=\"twitter:label1\" content=\"Szacowany czas czytania\" \/>\n\t<meta name=\"twitter:data1\" content=\"2 minuty\" \/>\n<script type=\"application\/ld+json\" class=\"yoast-schema-graph\">{\"@context\":\"https:\\\/\\\/schema.org\",\"@graph\":[{\"@type\":\"WebPage\",\"@id\":\"https:\\\/\\\/divljarijeka.com\\\/pl\\\/wycieczki\\\/edukacyjny\\\/\",\"url\":\"https:\\\/\\\/divljarijeka.com\\\/pl\\\/wycieczki\\\/edukacyjny\\\/\",\"name\":\"Edukacyjny - Rafting Tara Divlja Rijeka | Najlepsze przygody\",\"isPartOf\":{\"@id\":\"https:\\\/\\\/divljarijeka.com\\\/pl\\\/#website\"},\"primaryImageOfPage\":{\"@id\":\"https:\\\/\\\/divljarijeka.com\\\/pl\\\/wycieczki\\\/edukacyjny\\\/#primaryimage\"},\"image\":{\"@id\":\"https:\\\/\\\/divljarijeka.com\\\/pl\\\/wycieczki\\\/edukacyjny\\\/#primaryimage\"},\"thumbnailUrl\":\"https:\\\/\\\/divljarijeka.com\\\/wp-content\\\/uploads\\\/2018\\\/04\\\/lake-trnovacko-hiking-002.jpg\",\"datePublished\":\"2025-02-18T09:31:16+00:00\",\"description\":\"Niezwyk\u0142e przygody w najg\u0142\u0119bszym europejskim kanionie - kanionie rzeki Tara. Naucz si\u0119 nowych umiej\u0119tno\u015bci i odkryj edukacj\u0119.\",\"breadcrumb\":{\"@id\":\"https:\\\/\\\/divljarijeka.com\\\/pl\\\/wycieczki\\\/edukacyjny\\\/#breadcrumb\"},\"inLanguage\":\"pl-PL\",\"potentialAction\":[{\"@type\":\"ReadAction\",\"target\":[\"https:\\\/\\\/divljarijeka.com\\\/pl\\\/wycieczki\\\/edukacyjny\\\/\"]}]},{\"@type\":\"ImageObject\",\"inLanguage\":\"pl-PL\",\"@id\":\"https:\\\/\\\/divljarijeka.com\\\/pl\\\/wycieczki\\\/edukacyjny\\\/#primaryimage\",\"url\":\"https:\\\/\\\/divljarijeka.com\\\/wp-content\\\/uploads\\\/2018\\\/04\\\/lake-trnovacko-hiking-002.jpg\",\"contentUrl\":\"https:\\\/\\\/divljarijeka.com\\\/wp-content\\\/uploads\\\/2018\\\/04\\\/lake-trnovacko-hiking-002.jpg\",\"width\":900,\"height\":601,\"caption\":\"Educational\"},{\"@type\":\"BreadcrumbList\",\"@id\":\"https:\\\/\\\/divljarijeka.com\\\/pl\\\/wycieczki\\\/edukacyjny\\\/#breadcrumb\",\"itemListElement\":[{\"@type\":\"ListItem\",\"position\":1,\"name\":\"Home\",\"item\":\"https:\\\/\\\/divljarijeka.com\\\/pl\\\/\"},{\"@type\":\"ListItem\",\"position\":2,\"name\":\"Wycieczki\",\"item\":\"https:\\\/\\\/divljarijeka.com\\\/pl\\\/tours\\\/\"},{\"@type\":\"ListItem\",\"position\":3,\"name\":\"Edukacyjny\"}]},{\"@type\":\"WebSite\",\"@id\":\"https:\\\/\\\/divljarijeka.com\\\/pl\\\/#website\",\"url\":\"https:\\\/\\\/divljarijeka.com\\\/pl\\\/\",\"name\":\"Rafting Tara Divlja Rijeka\",\"description\":\"\",\"publisher\":{\"@id\":\"https:\\\/\\\/divljarijeka.com\\\/pl\\\/#organization\"},\"potentialAction\":[{\"@type\":\"SearchAction\",\"target\":{\"@type\":\"EntryPoint\",\"urlTemplate\":\"https:\\\/\\\/divljarijeka.com\\\/pl\\\/?s={search_term_string}\"},\"query-input\":{\"@type\":\"PropertyValueSpecification\",\"valueRequired\":true,\"valueName\":\"search_term_string\"}}],\"inLanguage\":\"pl-PL\"},{\"@type\":\"Organization\",\"@id\":\"https:\\\/\\\/divljarijeka.com\\\/pl\\\/#organization\",\"name\":\"Rafting Tara Divlja Rijeka\",\"url\":\"https:\\\/\\\/divljarijeka.com\\\/pl\\\/\",\"logo\":{\"@type\":\"ImageObject\",\"inLanguage\":\"pl-PL\",\"@id\":\"https:\\\/\\\/divljarijeka.com\\\/pl\\\/#\\\/schema\\\/logo\\\/image\\\/\",\"url\":\"https:\\\/\\\/divljarijeka.com\\\/wp-content\\\/uploads\\\/2018\\\/08\\\/cropped-divlja-rijeka-rafting-publisher.png\",\"contentUrl\":\"https:\\\/\\\/divljarijeka.com\\\/wp-content\\\/uploads\\\/2018\\\/08\\\/cropped-divlja-rijeka-rafting-publisher.png\",\"width\":104,\"height\":60,\"caption\":\"Rafting Tara Divlja Rijeka\"},\"image\":{\"@id\":\"https:\\\/\\\/divljarijeka.com\\\/pl\\\/#\\\/schema\\\/logo\\\/image\\\/\"},\"sameAs\":[\"https:\\\/\\\/www.facebook.com\\\/kampdivljarijeka\\\/\",\"https:\\\/\\\/x.com\\\/DivljaRijeka\",\"https:\\\/\\\/www.instagram.com\\\/kampdivljarijeka\\\/\"]}]}<\/script>\n<!-- \/ Yoast SEO Premium plugin. -->","yoast_head_json":{"title":"Edukacyjny - Rafting Tara Divlja Rijeka | Najlepsze przygody","description":"Niezwyk\u0142e przygody w najg\u0142\u0119bszym europejskim kanionie - kanionie rzeki Tara. Naucz si\u0119 nowych umiej\u0119tno\u015bci i odkryj edukacj\u0119.","robots":{"index":"index","follow":"follow","max-snippet":"max-snippet:-1","max-image-preview":"max-image-preview:large","max-video-preview":"max-video-preview:-1"},"canonical":"https:\/\/divljarijeka.com\/pl\/wycieczki\/edukacyjny\/","og_locale":"pl_PL","og_type":"article","og_title":"Edukacyjny","og_description":"Niezwyk\u0142e przygody w najg\u0142\u0119bszym europejskim kanionie - kanionie rzeki Tara. Naucz si\u0119 nowych umiej\u0119tno\u015bci i odkryj edukacj\u0119.","og_url":"https:\/\/divljarijeka.com\/pl\/wycieczki\/edukacyjny\/","og_site_name":"Rafting Tara Divlja Rijeka","article_publisher":"https:\/\/www.facebook.com\/kampdivljarijeka\/","og_image":[{"width":900,"height":601,"url":"https:\/\/divljarijeka.com\/wp-content\/uploads\/2018\/04\/lake-trnovacko-hiking-002.jpg","type":"image\/jpeg"}],"twitter_card":"summary_large_image","twitter_site":"@DivljaRijeka","twitter_misc":{"Szacowany czas czytania":"2 minuty"},"schema":{"@context":"https:\/\/schema.org","@graph":[{"@type":"WebPage","@id":"https:\/\/divljarijeka.com\/pl\/wycieczki\/edukacyjny\/","url":"https:\/\/divljarijeka.com\/pl\/wycieczki\/edukacyjny\/","name":"Edukacyjny - Rafting Tara Divlja Rijeka | Najlepsze przygody","isPartOf":{"@id":"https:\/\/divljarijeka.com\/pl\/#website"},"primaryImageOfPage":{"@id":"https:\/\/divljarijeka.com\/pl\/wycieczki\/edukacyjny\/#primaryimage"},"image":{"@id":"https:\/\/divljarijeka.com\/pl\/wycieczki\/edukacyjny\/#primaryimage"},"thumbnailUrl":"https:\/\/divljarijeka.com\/wp-content\/uploads\/2018\/04\/lake-trnovacko-hiking-002.jpg","datePublished":"2025-02-18T09:31:16+00:00","description":"Niezwyk\u0142e przygody w najg\u0142\u0119bszym europejskim kanionie - kanionie rzeki Tara. Naucz si\u0119 nowych umiej\u0119tno\u015bci i odkryj edukacj\u0119.","breadcrumb":{"@id":"https:\/\/divljarijeka.com\/pl\/wycieczki\/edukacyjny\/#breadcrumb"},"inLanguage":"pl-PL","potentialAction":[{"@type":"ReadAction","target":["https:\/\/divljarijeka.com\/pl\/wycieczki\/edukacyjny\/"]}]},{"@type":"ImageObject","inLanguage":"pl-PL","@id":"https:\/\/divljarijeka.com\/pl\/wycieczki\/edukacyjny\/#primaryimage","url":"https:\/\/divljarijeka.com\/wp-content\/uploads\/2018\/04\/lake-trnovacko-hiking-002.jpg","contentUrl":"https:\/\/divljarijeka.com\/wp-content\/uploads\/2018\/04\/lake-trnovacko-hiking-002.jpg","width":900,"height":601,"caption":"Educational"},{"@type":"BreadcrumbList","@id":"https:\/\/divljarijeka.com\/pl\/wycieczki\/edukacyjny\/#breadcrumb","itemListElement":[{"@type":"ListItem","position":1,"name":"Home","item":"https:\/\/divljarijeka.com\/pl\/"},{"@type":"ListItem","position":2,"name":"Wycieczki","item":"https:\/\/divljarijeka.com\/pl\/tours\/"},{"@type":"ListItem","position":3,"name":"Edukacyjny"}]},{"@type":"WebSite","@id":"https:\/\/divljarijeka.com\/pl\/#website","url":"https:\/\/divljarijeka.com\/pl\/","name":"Rafting Tara Divlja Rijeka","description":"","publisher":{"@id":"https:\/\/divljarijeka.com\/pl\/#organization"},"potentialAction":[{"@type":"SearchAction","target":{"@type":"EntryPoint","urlTemplate":"https:\/\/divljarijeka.com\/pl\/?s={search_term_string}"},"query-input":{"@type":"PropertyValueSpecification","valueRequired":true,"valueName":"search_term_string"}}],"inLanguage":"pl-PL"},{"@type":"Organization","@id":"https:\/\/divljarijeka.com\/pl\/#organization","name":"Rafting Tara Divlja Rijeka","url":"https:\/\/divljarijeka.com\/pl\/","logo":{"@type":"ImageObject","inLanguage":"pl-PL","@id":"https:\/\/divljarijeka.com\/pl\/#\/schema\/logo\/image\/","url":"https:\/\/divljarijeka.com\/wp-content\/uploads\/2018\/08\/cropped-divlja-rijeka-rafting-publisher.png","contentUrl":"https:\/\/divljarijeka.com\/wp-content\/uploads\/2018\/08\/cropped-divlja-rijeka-rafting-publisher.png","width":104,"height":60,"caption":"Rafting Tara Divlja Rijeka"},"image":{"@id":"https:\/\/divljarijeka.com\/pl\/#\/schema\/logo\/image\/"},"sameAs":["https:\/\/www.facebook.com\/kampdivljarijeka\/","https:\/\/x.com\/DivljaRijeka","https:\/\/www.instagram.com\/kampdivljarijeka\/"]}]}},"_links":{"self":[{"href":"https:\/\/divljarijeka.com\/pl\/wp-json\/wp\/v2\/pages\/8155","targetHints":{"allow":["GET"]}}],"collection":[{"href":"https:\/\/divljarijeka.com\/pl\/wp-json\/wp\/v2\/pages"}],"about":[{"href":"https:\/\/divljarijeka.com\/pl\/wp-json\/wp\/v2\/types\/page"}],"author":[{"embeddable":true,"href":"https:\/\/divljarijeka.com\/pl\/wp-json\/wp\/v2\/users\/6"}],"replies":[{"embeddable":true,"href":"https:\/\/divljarijeka.com\/pl\/wp-json\/wp\/v2\/comments?post=8155"}],"version-history":[{"count":1,"href":"https:\/\/divljarijeka.com\/pl\/wp-json\/wp\/v2\/pages\/8155\/revisions"}],"predecessor-version":[{"id":8156,"href":"https:\/\/divljarijeka.com\/pl\/wp-json\/wp\/v2\/pages\/8155\/revisions\/8156"}],"up":[{"embeddable":true,"href":"https:\/\/divljarijeka.com\/pl\/wp-json\/wp\/v2\/pages\/8150"}],"wp:featuredmedia":[{"embeddable":true,"href":"https:\/\/divljarijeka.com\/pl\/wp-json\/wp\/v2\/media\/415"}],"wp:attachment":[{"href":"https:\/\/divljarijeka.com\/pl\/wp-json\/wp\/v2\/media?parent=8155"}],"curies":[{"name":"wp","href":"https:\/\/api.w.org\/{rel}","templated":true}]}}