{"id":8159,"date":"2025-02-18T09:34:46","date_gmt":"2025-02-18T09:34:46","guid":{"rendered":"https:\/\/divljarijeka.com\/?page_id=8159"},"modified":"2025-02-21T16:24:08","modified_gmt":"2025-02-21T16:24:08","slug":"wycieczki-rodzinne","status":"publish","type":"page","link":"https:\/\/divljarijeka.com\/pl\/wycieczki\/wycieczki-rodzinne\/","title":{"rendered":"Wycieczki rodzinne"},"content":{"rendered":"\t\t<div data-elementor-type=\"wp-page\" data-elementor-id=\"8159\" class=\"elementor elementor-8159 elementor-137\">\n\t\t\t\t\t\t<div class=\"elementor-inner\">\n\t\t\t\t<div class=\"elementor-section-wrap\">\n\t\t\t\t\t\t\t\t\t<section class=\"elementor-section elementor-top-section elementor-element elementor-element-6fc9f27 elementor-section-boxed elementor-section-height-default elementor-section-height-default\" data-id=\"6fc9f27\" data-element_type=\"section\">\n\t\t\t\t\t\t<div class=\"elementor-container elementor-column-gap-default\">\n\t\t\t\t\t\t\t<div class=\"elementor-row\">\n\t\t\t\t\t<div class=\"elementor-column elementor-col-100 elementor-top-column elementor-element elementor-element-c537f4d\" data-id=\"c537f4d\" data-element_type=\"column\">\n\t\t\t<div class=\"elementor-column-wrap elementor-element-populated\">\n\t\t\t\t\t\t\t<div class=\"elementor-widget-wrap\">\n\t\t\t\t\t\t<div class=\"elementor-element elementor-element-6b9fdf8 elementor-widget elementor-widget-themo-tour-grid\" data-id=\"6b9fdf8\" data-element_type=\"widget\" data-widget_type=\"themo-tour-grid.default\">\n\t\t\t\t<div class=\"elementor-widget-container\">\n\t\t\t\n                <div id=\"th-portfolio-content-6a09132fdaf21\" class=\"th-portfolio\">\n\n            \n            <div id=\"th-portfolio-row\" class=\"th-portfolio-row row portfolio_content  three-columns th-port-gutter\">\n\n                                        <div id=\"post-8233\" class=\"th-portfolio-item item col-md-4 col-sm-6 p-educational p-family-tours p-multi-day-tours p-np-durmitor p-rafting-pl p-tara-pl post-8233 themo_tour type-themo_tour status-publish format-standard has-post-thumbnail hentry themo_tour_type-educational themo_tour_type-family-tours themo_tour_type-multi-day-tours themo_tour_type-np-durmitor themo_tour_type-rafting-pl themo_tour_type-tara-pl\">\n                            <div class=\"th-port-wrap\">\n                                <img decoding=\"async\" width=\"605\" height=\"605\" src=\"https:\/\/divljarijeka.com\/wp-content\/uploads\/2018\/04\/family-tara-rafting-experience-001-605x605.jpg\" class=\"img-responsive th-port-img wp-post-image\" alt=\"\" \/>\n                                <div class=\"th-port-overlay\"><\/div>\n                                <div class=\"th-port-inner\">\n                                                                            <div class=\"th-port-top-text\">Rafting - Wycieczka Kilkudniowa<\/div>\n                                                                        <div class=\"th-port-center\">\n                                        <h3 class=\"th-port-title\">Rodzinny rafting na rzece Tara<\/h3>\n                                        <p class=\"th-port-sub\">Przygoda dostosowana specjalnie do Ciebie i Twojej rodziny.<\/p>                                                                                    <span class=\"th-port-btn\">ZOBACZ WYCIECZK\u0118<\/span>\n                                                                            <\/div>\n                                    <a href=\"https:\/\/divljarijeka.com\/pl\/tour\/rodzinne-rafting-w-tarze-doswiadczenie\/\" class=\"th-port-link\" ><\/a>                                <\/div>\n                            <\/div>\n                        <\/div>\n                        \n            <\/div>\n\n        <\/div>\n\n        \t\t<\/div>\n\t\t\t\t<\/div>\n\t\t\t\t\t\t<\/div>\n\t\t\t\t\t<\/div>\n\t\t<\/div>\n\t\t\t\t\t\t\t\t<\/div>\n\t\t\t\t\t<\/div>\n\t\t<\/section>\n\t\t\t\t\t\t\t\t\t<\/div>\n\t\t\t<\/div>\n\t\t\t\t\t<\/div>\n\t\t","protected":false},"excerpt":{"rendered":"<p>Rafting &#8211; Multi-Day Tour Family Rafting Tara Experience Adventure adjusted just for you and your family. VIEW TOUR<\/p>\n","protected":false},"author":6,"featured_media":1280,"parent":8150,"menu_order":0,"comment_status":"closed","ping_status":"closed","template":"","meta":{"inline_featured_image":false,"footnotes":""},"class_list":["post-8159","page","type-page","status-publish","has-post-thumbnail","hentry"],"yoast_head":"<!-- This site is optimized with the Yoast SEO Premium plugin v27.4 (Yoast SEO v27.4) - https:\/\/yoast.com\/product\/yoast-seo-premium-wordpress\/ -->\n<title>Wycieczki rodzinne - Rafting Tara Divlja Rijeka | Najlepsze przygody<\/title>\n<meta name=\"description\" content=\"Ciesz si\u0119 raftingiem, kajakarstwem, kanioningiem, w\u0119dr\u00f3wkami, trekkingiem, jeep safari i innymi przygodami w Drinie i Tarze.\" \/>\n<meta name=\"robots\" content=\"index, follow, max-snippet:-1, max-image-preview:large, max-video-preview:-1\" \/>\n<link rel=\"canonical\" href=\"https:\/\/divljarijeka.com\/pl\/wycieczki\/wycieczki-rodzinne\/\" \/>\n<meta property=\"og:locale\" content=\"pl_PL\" \/>\n<meta property=\"og:type\" content=\"article\" \/>\n<meta property=\"og:title\" content=\"Wycieczki rodzinne\" \/>\n<meta property=\"og:description\" content=\"Ciesz si\u0119 raftingiem, kajakarstwem, kanioningiem, w\u0119dr\u00f3wkami, trekkingiem, jeep safari i innymi przygodami w Drinie i Tarze.\" \/>\n<meta property=\"og:url\" content=\"https:\/\/divljarijeka.com\/pl\/wycieczki\/wycieczki-rodzinne\/\" \/>\n<meta property=\"og:site_name\" content=\"Rafting Tara Divlja Rijeka\" \/>\n<meta property=\"article:publisher\" content=\"https:\/\/www.facebook.com\/kampdivljarijeka\/\" \/>\n<meta property=\"article:modified_time\" content=\"2025-02-21T16:24:08+00:00\" \/>\n<meta property=\"og:image\" content=\"https:\/\/divljarijeka.com\/wp-content\/uploads\/2018\/06\/tara-rafting-2018-003.jpg\" \/>\n\t<meta property=\"og:image:width\" content=\"900\" \/>\n\t<meta property=\"og:image:height\" content=\"601\" \/>\n\t<meta property=\"og:image:type\" content=\"image\/jpeg\" \/>\n<meta name=\"twitter:card\" content=\"summary_large_image\" \/>\n<meta name=\"twitter:site\" content=\"@DivljaRijeka\" \/>\n<meta name=\"twitter:label1\" content=\"Szacowany czas czytania\" \/>\n\t<meta name=\"twitter:data1\" content=\"6 minut\" \/>\n<script type=\"application\/ld+json\" class=\"yoast-schema-graph\">{\"@context\":\"https:\\\/\\\/schema.org\",\"@graph\":[{\"@type\":\"WebPage\",\"@id\":\"https:\\\/\\\/divljarijeka.com\\\/pl\\\/wycieczki\\\/wycieczki-rodzinne\\\/\",\"url\":\"https:\\\/\\\/divljarijeka.com\\\/pl\\\/wycieczki\\\/wycieczki-rodzinne\\\/\",\"name\":\"Wycieczki rodzinne - Rafting Tara Divlja Rijeka | Najlepsze przygody\",\"isPartOf\":{\"@id\":\"https:\\\/\\\/divljarijeka.com\\\/pl\\\/#website\"},\"primaryImageOfPage\":{\"@id\":\"https:\\\/\\\/divljarijeka.com\\\/pl\\\/wycieczki\\\/wycieczki-rodzinne\\\/#primaryimage\"},\"image\":{\"@id\":\"https:\\\/\\\/divljarijeka.com\\\/pl\\\/wycieczki\\\/wycieczki-rodzinne\\\/#primaryimage\"},\"thumbnailUrl\":\"https:\\\/\\\/divljarijeka.com\\\/wp-content\\\/uploads\\\/2018\\\/06\\\/tara-rafting-2018-003.jpg\",\"datePublished\":\"2025-02-18T09:34:46+00:00\",\"dateModified\":\"2025-02-21T16:24:08+00:00\",\"description\":\"Ciesz si\u0119 raftingiem, kajakarstwem, kanioningiem, w\u0119dr\u00f3wkami, trekkingiem, jeep safari i innymi przygodami w Drinie i Tarze.\",\"breadcrumb\":{\"@id\":\"https:\\\/\\\/divljarijeka.com\\\/pl\\\/wycieczki\\\/wycieczki-rodzinne\\\/#breadcrumb\"},\"inLanguage\":\"pl-PL\",\"potentialAction\":[{\"@type\":\"ReadAction\",\"target\":[\"https:\\\/\\\/divljarijeka.com\\\/pl\\\/wycieczki\\\/wycieczki-rodzinne\\\/\"]}]},{\"@type\":\"ImageObject\",\"inLanguage\":\"pl-PL\",\"@id\":\"https:\\\/\\\/divljarijeka.com\\\/pl\\\/wycieczki\\\/wycieczki-rodzinne\\\/#primaryimage\",\"url\":\"https:\\\/\\\/divljarijeka.com\\\/wp-content\\\/uploads\\\/2018\\\/06\\\/tara-rafting-2018-003.jpg\",\"contentUrl\":\"https:\\\/\\\/divljarijeka.com\\\/wp-content\\\/uploads\\\/2018\\\/06\\\/tara-rafting-2018-003.jpg\",\"width\":900,\"height\":601,\"caption\":\"Family Tours\"},{\"@type\":\"BreadcrumbList\",\"@id\":\"https:\\\/\\\/divljarijeka.com\\\/pl\\\/wycieczki\\\/wycieczki-rodzinne\\\/#breadcrumb\",\"itemListElement\":[{\"@type\":\"ListItem\",\"position\":1,\"name\":\"Home\",\"item\":\"https:\\\/\\\/divljarijeka.com\\\/pl\\\/\"},{\"@type\":\"ListItem\",\"position\":2,\"name\":\"Wycieczki\",\"item\":\"https:\\\/\\\/divljarijeka.com\\\/pl\\\/tours\\\/\"},{\"@type\":\"ListItem\",\"position\":3,\"name\":\"Wycieczki rodzinne\"}]},{\"@type\":\"WebSite\",\"@id\":\"https:\\\/\\\/divljarijeka.com\\\/pl\\\/#website\",\"url\":\"https:\\\/\\\/divljarijeka.com\\\/pl\\\/\",\"name\":\"Rafting Tara Divlja Rijeka\",\"description\":\"\",\"publisher\":{\"@id\":\"https:\\\/\\\/divljarijeka.com\\\/pl\\\/#organization\"},\"potentialAction\":[{\"@type\":\"SearchAction\",\"target\":{\"@type\":\"EntryPoint\",\"urlTemplate\":\"https:\\\/\\\/divljarijeka.com\\\/pl\\\/?s={search_term_string}\"},\"query-input\":{\"@type\":\"PropertyValueSpecification\",\"valueRequired\":true,\"valueName\":\"search_term_string\"}}],\"inLanguage\":\"pl-PL\"},{\"@type\":\"Organization\",\"@id\":\"https:\\\/\\\/divljarijeka.com\\\/pl\\\/#organization\",\"name\":\"Rafting Tara Divlja Rijeka\",\"url\":\"https:\\\/\\\/divljarijeka.com\\\/pl\\\/\",\"logo\":{\"@type\":\"ImageObject\",\"inLanguage\":\"pl-PL\",\"@id\":\"https:\\\/\\\/divljarijeka.com\\\/pl\\\/#\\\/schema\\\/logo\\\/image\\\/\",\"url\":\"https:\\\/\\\/divljarijeka.com\\\/wp-content\\\/uploads\\\/2018\\\/08\\\/cropped-divlja-rijeka-rafting-publisher.png\",\"contentUrl\":\"https:\\\/\\\/divljarijeka.com\\\/wp-content\\\/uploads\\\/2018\\\/08\\\/cropped-divlja-rijeka-rafting-publisher.png\",\"width\":104,\"height\":60,\"caption\":\"Rafting Tara Divlja Rijeka\"},\"image\":{\"@id\":\"https:\\\/\\\/divljarijeka.com\\\/pl\\\/#\\\/schema\\\/logo\\\/image\\\/\"},\"sameAs\":[\"https:\\\/\\\/www.facebook.com\\\/kampdivljarijeka\\\/\",\"https:\\\/\\\/x.com\\\/DivljaRijeka\",\"https:\\\/\\\/www.instagram.com\\\/kampdivljarijeka\\\/\"]}]}<\/script>\n<!-- \/ Yoast SEO Premium plugin. -->","yoast_head_json":{"title":"Wycieczki rodzinne - Rafting Tara Divlja Rijeka | Najlepsze przygody","description":"Ciesz si\u0119 raftingiem, kajakarstwem, kanioningiem, w\u0119dr\u00f3wkami, trekkingiem, jeep safari i innymi przygodami w Drinie i Tarze.","robots":{"index":"index","follow":"follow","max-snippet":"max-snippet:-1","max-image-preview":"max-image-preview:large","max-video-preview":"max-video-preview:-1"},"canonical":"https:\/\/divljarijeka.com\/pl\/wycieczki\/wycieczki-rodzinne\/","og_locale":"pl_PL","og_type":"article","og_title":"Wycieczki rodzinne","og_description":"Ciesz si\u0119 raftingiem, kajakarstwem, kanioningiem, w\u0119dr\u00f3wkami, trekkingiem, jeep safari i innymi przygodami w Drinie i Tarze.","og_url":"https:\/\/divljarijeka.com\/pl\/wycieczki\/wycieczki-rodzinne\/","og_site_name":"Rafting Tara Divlja Rijeka","article_publisher":"https:\/\/www.facebook.com\/kampdivljarijeka\/","article_modified_time":"2025-02-21T16:24:08+00:00","og_image":[{"width":900,"height":601,"url":"https:\/\/divljarijeka.com\/wp-content\/uploads\/2018\/06\/tara-rafting-2018-003.jpg","type":"image\/jpeg"}],"twitter_card":"summary_large_image","twitter_site":"@DivljaRijeka","twitter_misc":{"Szacowany czas czytania":"6 minut"},"schema":{"@context":"https:\/\/schema.org","@graph":[{"@type":"WebPage","@id":"https:\/\/divljarijeka.com\/pl\/wycieczki\/wycieczki-rodzinne\/","url":"https:\/\/divljarijeka.com\/pl\/wycieczki\/wycieczki-rodzinne\/","name":"Wycieczki rodzinne - Rafting Tara Divlja Rijeka | Najlepsze przygody","isPartOf":{"@id":"https:\/\/divljarijeka.com\/pl\/#website"},"primaryImageOfPage":{"@id":"https:\/\/divljarijeka.com\/pl\/wycieczki\/wycieczki-rodzinne\/#primaryimage"},"image":{"@id":"https:\/\/divljarijeka.com\/pl\/wycieczki\/wycieczki-rodzinne\/#primaryimage"},"thumbnailUrl":"https:\/\/divljarijeka.com\/wp-content\/uploads\/2018\/06\/tara-rafting-2018-003.jpg","datePublished":"2025-02-18T09:34:46+00:00","dateModified":"2025-02-21T16:24:08+00:00","description":"Ciesz si\u0119 raftingiem, kajakarstwem, kanioningiem, w\u0119dr\u00f3wkami, trekkingiem, jeep safari i innymi przygodami w Drinie i Tarze.","breadcrumb":{"@id":"https:\/\/divljarijeka.com\/pl\/wycieczki\/wycieczki-rodzinne\/#breadcrumb"},"inLanguage":"pl-PL","potentialAction":[{"@type":"ReadAction","target":["https:\/\/divljarijeka.com\/pl\/wycieczki\/wycieczki-rodzinne\/"]}]},{"@type":"ImageObject","inLanguage":"pl-PL","@id":"https:\/\/divljarijeka.com\/pl\/wycieczki\/wycieczki-rodzinne\/#primaryimage","url":"https:\/\/divljarijeka.com\/wp-content\/uploads\/2018\/06\/tara-rafting-2018-003.jpg","contentUrl":"https:\/\/divljarijeka.com\/wp-content\/uploads\/2018\/06\/tara-rafting-2018-003.jpg","width":900,"height":601,"caption":"Family Tours"},{"@type":"BreadcrumbList","@id":"https:\/\/divljarijeka.com\/pl\/wycieczki\/wycieczki-rodzinne\/#breadcrumb","itemListElement":[{"@type":"ListItem","position":1,"name":"Home","item":"https:\/\/divljarijeka.com\/pl\/"},{"@type":"ListItem","position":2,"name":"Wycieczki","item":"https:\/\/divljarijeka.com\/pl\/tours\/"},{"@type":"ListItem","position":3,"name":"Wycieczki rodzinne"}]},{"@type":"WebSite","@id":"https:\/\/divljarijeka.com\/pl\/#website","url":"https:\/\/divljarijeka.com\/pl\/","name":"Rafting Tara Divlja Rijeka","description":"","publisher":{"@id":"https:\/\/divljarijeka.com\/pl\/#organization"},"potentialAction":[{"@type":"SearchAction","target":{"@type":"EntryPoint","urlTemplate":"https:\/\/divljarijeka.com\/pl\/?s={search_term_string}"},"query-input":{"@type":"PropertyValueSpecification","valueRequired":true,"valueName":"search_term_string"}}],"inLanguage":"pl-PL"},{"@type":"Organization","@id":"https:\/\/divljarijeka.com\/pl\/#organization","name":"Rafting Tara Divlja Rijeka","url":"https:\/\/divljarijeka.com\/pl\/","logo":{"@type":"ImageObject","inLanguage":"pl-PL","@id":"https:\/\/divljarijeka.com\/pl\/#\/schema\/logo\/image\/","url":"https:\/\/divljarijeka.com\/wp-content\/uploads\/2018\/08\/cropped-divlja-rijeka-rafting-publisher.png","contentUrl":"https:\/\/divljarijeka.com\/wp-content\/uploads\/2018\/08\/cropped-divlja-rijeka-rafting-publisher.png","width":104,"height":60,"caption":"Rafting Tara Divlja Rijeka"},"image":{"@id":"https:\/\/divljarijeka.com\/pl\/#\/schema\/logo\/image\/"},"sameAs":["https:\/\/www.facebook.com\/kampdivljarijeka\/","https:\/\/x.com\/DivljaRijeka","https:\/\/www.instagram.com\/kampdivljarijeka\/"]}]}},"_links":{"self":[{"href":"https:\/\/divljarijeka.com\/pl\/wp-json\/wp\/v2\/pages\/8159","targetHints":{"allow":["GET"]}}],"collection":[{"href":"https:\/\/divljarijeka.com\/pl\/wp-json\/wp\/v2\/pages"}],"about":[{"href":"https:\/\/divljarijeka.com\/pl\/wp-json\/wp\/v2\/types\/page"}],"author":[{"embeddable":true,"href":"https:\/\/divljarijeka.com\/pl\/wp-json\/wp\/v2\/users\/6"}],"replies":[{"embeddable":true,"href":"https:\/\/divljarijeka.com\/pl\/wp-json\/wp\/v2\/comments?post=8159"}],"version-history":[{"count":4,"href":"https:\/\/divljarijeka.com\/pl\/wp-json\/wp\/v2\/pages\/8159\/revisions"}],"predecessor-version":[{"id":8412,"href":"https:\/\/divljarijeka.com\/pl\/wp-json\/wp\/v2\/pages\/8159\/revisions\/8412"}],"up":[{"embeddable":true,"href":"https:\/\/divljarijeka.com\/pl\/wp-json\/wp\/v2\/pages\/8150"}],"wp:featuredmedia":[{"embeddable":true,"href":"https:\/\/divljarijeka.com\/pl\/wp-json\/wp\/v2\/media\/1280"}],"wp:attachment":[{"href":"https:\/\/divljarijeka.com\/pl\/wp-json\/wp\/v2\/media?parent=8159"}],"curies":[{"name":"wp","href":"https:\/\/api.w.org\/{rel}","templated":true}]}}