{"id":1911,"date":"2018-08-03T14:03:11","date_gmt":"2018-08-03T14:03:11","guid":{"rendered":"http:\/\/divljarijeka.com\/?page_id=1911\/"},"modified":"2023-03-15T17:30:10","modified_gmt":"2023-03-15T17:30:10","slug":"reka-drina","status":"publish","type":"page","link":"https:\/\/divljarijeka.com\/sr\/atrakcije\/reka-drina\/","title":{"rendered":"Reka Drina"},"content":{"rendered":"\t\t<div data-elementor-type=\"wp-page\" data-elementor-id=\"1911\" class=\"elementor elementor-1911 elementor-153\">\n\t\t\t\t\t\t<div class=\"elementor-inner\">\n\t\t\t\t<div class=\"elementor-section-wrap\">\n\t\t\t\t\t\t\t\t\t<section class=\"elementor-section elementor-top-section elementor-element elementor-element-7f22000a elementor-section-full_width elementor-section-height-min-height elementor-section-height-default elementor-section-items-middle\" data-id=\"7f22000a\" data-element_type=\"section\" data-settings=\"{&quot;background_background&quot;:&quot;classic&quot;}\">\n\t\t\t\t\t\t\t<div class=\"elementor-background-overlay\"><\/div>\n\t\t\t\t\t\t\t<div class=\"elementor-container elementor-column-gap-default\">\n\t\t\t\t\t\t\t<div class=\"elementor-row\">\n\t\t\t\t\t<div class=\"elementor-column elementor-col-100 elementor-top-column elementor-element elementor-element-4d1aac05\" data-id=\"4d1aac05\" data-element_type=\"column\">\n\t\t\t<div class=\"elementor-column-wrap elementor-element-populated\">\n\t\t\t\t\t\t\t<div class=\"elementor-widget-wrap\">\n\t\t\t\t\t\t<div class=\"elementor-element elementor-element-1681e4c5 elementor-view-default elementor-position-top elementor-widget elementor-widget-themo-header\" data-id=\"1681e4c5\" data-element_type=\"widget\" data-widget_type=\"themo-header.default\">\n\t\t\t\t<div class=\"elementor-widget-container\">\n\t\t\t\t\t<div class=\"th-header-wrap\">\n        <div class=\"elementor-icon-box-wrapper \">\n                            <div class=\"elementor-icon-box-content\">\n                    <h1 class=\"elementor-icon-box-title\">\n                        Rijeka Drina                    <\/h1>\n                                        <p class=\"elementor-icon-box-description\"><\/p>\n\n                                    <\/div>\n            <\/div>\n\n        <\/div>\n\n\t\t\t\t<\/div>\n\t\t\t\t<\/div>\n\t\t\t\t\t\t<\/div>\n\t\t\t\t\t<\/div>\n\t\t<\/div>\n\t\t\t\t\t\t\t\t<\/div>\n\t\t\t\t\t<\/div>\n\t\t<\/section>\n\t\t\t\t<section class=\"elementor-section elementor-top-section elementor-element elementor-element-69b6e932 elementor-section-boxed elementor-section-height-default elementor-section-height-default\" data-id=\"69b6e932\" data-element_type=\"section\">\n\t\t\t\t\t\t<div class=\"elementor-container elementor-column-gap-default\">\n\t\t\t\t\t\t\t<div class=\"elementor-row\">\n\t\t\t\t\t<div class=\"elementor-column elementor-col-100 elementor-top-column elementor-element elementor-element-7ee0632c\" data-id=\"7ee0632c\" data-element_type=\"column\">\n\t\t\t<div class=\"elementor-column-wrap elementor-element-populated\">\n\t\t\t\t\t\t\t<div class=\"elementor-widget-wrap\">\n\t\t\t\t\t\t<div class=\"elementor-element elementor-element-318eda72 elementor-widget elementor-widget-spacer\" data-id=\"318eda72\" data-element_type=\"widget\" data-widget_type=\"spacer.default\">\n\t\t\t\t<div class=\"elementor-widget-container\">\n\t\t\t\t\t<div class=\"elementor-spacer\">\n\t\t\t<div class=\"elementor-spacer-inner\"><\/div>\n\t\t<\/div>\n\t\t\t\t<\/div>\n\t\t\t\t<\/div>\n\t\t\t\t<div class=\"elementor-element elementor-element-38856d05 elementor-view-default elementor-position-top elementor-widget elementor-widget-themo-header\" data-id=\"38856d05\" data-element_type=\"widget\" data-widget_type=\"themo-header.default\">\n\t\t\t\t<div class=\"elementor-widget-container\">\n\t\t\t\t\t<div class=\"th-header-wrap\">\n        <div class=\"elementor-icon-box-wrapper th-show-icon\">\n                            <div class=\"elementor-icon-box-icon th-icon-size-lg\">\n                    <span class=\"elementor-icon \">\n                        <i class=\"th-trip travelpack-inflatable-raft\" aria-hidden=\"true\" fff><\/i>                    <\/span>\n                <\/div>\n                                <div class=\"elementor-icon-box-content\">\n                    <h2 class=\"elementor-icon-box-title\">\n                        Rijeka Drina                    <\/h2>\n                                        <p class=\"elementor-icon-box-description\">Drina po\u010dinje od u\u0161\u0107a rijeka Tare i Pive, gdje obje teku iz Crne Gore i konvergiraju na granicu Bosne i Hercegovine, u Humu i \u0160\u0107epan Polju. Rijeka Drina smatra se jednim od najljep\u0161ih rijeka na zapadnom Balkanu i najdu\u017ea je rijeka u Dinarinskim Alpama. U pro\u0161losti je bila poznata po svojoj divljoj prirodi i splavarima koji su njene talase krotili.<\/p>\n\n                                    <\/div>\n            <\/div>\n\n        <\/div>\n\n\t\t\t\t<\/div>\n\t\t\t\t<\/div>\n\t\t\t\t\t\t<\/div>\n\t\t\t\t\t<\/div>\n\t\t<\/div>\n\t\t\t\t\t\t\t\t<\/div>\n\t\t\t\t\t<\/div>\n\t\t<\/section>\n\t\t\t\t<section class=\"elementor-section elementor-top-section elementor-element elementor-element-5c89e04a elementor-section-boxed elementor-section-height-default elementor-section-height-default\" data-id=\"5c89e04a\" data-element_type=\"section\">\n\t\t\t\t\t\t<div class=\"elementor-container elementor-column-gap-default\">\n\t\t\t\t\t\t\t<div class=\"elementor-row\">\n\t\t\t\t\t<div class=\"elementor-column elementor-col-100 elementor-top-column elementor-element elementor-element-4e12f6fb\" data-id=\"4e12f6fb\" data-element_type=\"column\">\n\t\t\t<div class=\"elementor-column-wrap elementor-element-populated\">\n\t\t\t\t\t\t\t<div class=\"elementor-widget-wrap\">\n\t\t\t\t\t\t<div class=\"elementor-element elementor-element-14333fb1 elementor-widget elementor-widget-themo-tour-grid\" data-id=\"14333fb1\" data-element_type=\"widget\" data-widget_type=\"themo-tour-grid.default\">\n\t\t\t\t<div class=\"elementor-widget-container\">\n\t\t\t\n                <div id=\"th-portfolio-content-69f0dc71bc879\" class=\"th-portfolio\">\n\n            \n            <div id=\"th-portfolio-row\" class=\"th-portfolio-row row portfolio_content  three-columns th-port-gutter\">\n\n                                        <div id=\"post-1463\" class=\"th-portfolio-item item col-md-4 col-sm-6 p-drina-sr p-jednodnevni-izleti p-kajaking p-obrazovni post-1463 themo_tour type-themo_tour status-publish format-standard has-post-thumbnail hentry themo_tour_type-drina-sr themo_tour_type-jednodnevni-izleti themo_tour_type-kajaking themo_tour_type-obrazovni\">\n                            <div class=\"th-port-wrap\">\n                                <img decoding=\"async\" width=\"605\" height=\"605\" src=\"https:\/\/divljarijeka.com\/wp-content\/uploads\/2018\/04\/kayaking-on-drina-003-605x605.jpg\" class=\"img-responsive th-port-img wp-post-image\" alt=\"Drina kayaking tour wtih two kayaks\" \/>\n                                <div class=\"th-port-overlay\"><\/div>\n                                <div class=\"th-port-inner\">\n                                                                            <div class=\"th-port-top-text\">Kajaking - Jednodnevna tura<\/div>\n                                                                        <div class=\"th-port-center\">\n                                        <h3 class=\"th-port-title\">Kajaking na Drini<\/h3>\n                                        <p class=\"th-port-sub\">Danas, pru\u017eamo jedinstvenu avanturu, samo za vas, da vam pomognemo da otkrijete gornji dio kanjona Drine<\/p>                                                                                    <span class=\"th-port-btn\">POGLEDAJ TURU<\/span>\n                                                                            <\/div>\n                                    <a href=\"https:\/\/divljarijeka.com\/sr\/tour\/kajaking-na-drini\/\" class=\"th-port-link\" ><\/a>                                <\/div>\n                            <\/div>\n                        <\/div>\n                                                <div id=\"post-1553\" class=\"th-portfolio-item item col-md-4 col-sm-6 p-drina-sr p-jednodnevni-izleti p-rafting-sr post-1553 themo_tour type-themo_tour status-publish format-standard has-post-thumbnail hentry themo_tour_type-drina-sr themo_tour_type-jednodnevni-izleti themo_tour_type-rafting-sr\">\n                            <div class=\"th-port-wrap\">\n                                <img decoding=\"async\" width=\"605\" height=\"605\" src=\"https:\/\/divljarijeka.com\/wp-content\/uploads\/2018\/04\/drina-river-rafting-tour-605x605.jpg\" class=\"img-responsive th-port-img wp-post-image\" alt=\"\" \/>\n                                <div class=\"th-port-overlay\"><\/div>\n                                <div class=\"th-port-inner\">\n                                                                            <div class=\"th-port-top-text\">Drina Raftng - Jednodnevni Izlet<\/div>\n                                                                        <div class=\"th-port-center\">\n                                        <h3 class=\"th-port-title\">Rafting Drinom<\/h3>\n                                        <p class=\"th-port-sub\">Rafting u gornjem toku rijeke Drine.<\/p>                                                                                    <span class=\"th-port-btn\">POGLEDAJ TURU<\/span>\n                                                                            <\/div>\n                                    <a href=\"https:\/\/divljarijeka.com\/sr\/tour\/rafting-drinom\/\" class=\"th-port-link\" ><\/a>                                <\/div>\n                            <\/div>\n                        <\/div>\n                        \n            <\/div>\n\n        <\/div>\n\n        \t\t<\/div>\n\t\t\t\t<\/div>\n\t\t\t\t\t\t<\/div>\n\t\t\t\t\t<\/div>\n\t\t<\/div>\n\t\t\t\t\t\t\t\t<\/div>\n\t\t\t\t\t<\/div>\n\t\t<\/section>\n\t\t\t\t<section class=\"elementor-section elementor-top-section elementor-element elementor-element-4ee25ef2 elementor-section-boxed elementor-section-height-default elementor-section-height-default\" data-id=\"4ee25ef2\" data-element_type=\"section\">\n\t\t\t\t\t\t<div class=\"elementor-container elementor-column-gap-default\">\n\t\t\t\t\t\t\t<div class=\"elementor-row\">\n\t\t\t\t\t<div class=\"elementor-column elementor-col-100 elementor-top-column elementor-element elementor-element-76bea27\" data-id=\"76bea27\" data-element_type=\"column\">\n\t\t\t<div class=\"elementor-column-wrap elementor-element-populated\">\n\t\t\t\t\t\t\t<div class=\"elementor-widget-wrap\">\n\t\t\t\t\t\t<div class=\"elementor-element elementor-element-644954f2 elementor-widget elementor-widget-html\" data-id=\"644954f2\" data-element_type=\"widget\" data-widget_type=\"html.default\">\n\t\t\t\t<div class=\"elementor-widget-container\">\n\t\t\t<iframe loading=\"lazy\" src=\"https:\/\/www.google.com\/maps\/d\/embed?mid=14WnDqpoXes8EBcfgpTUlFifjplpEGgto\" width=\"640\" height=\"480\"><\/iframe>\t\t<\/div>\n\t\t\t\t<\/div>\n\t\t\t\t\t\t<\/div>\n\t\t\t\t\t<\/div>\n\t\t<\/div>\n\t\t\t\t\t\t\t\t<\/div>\n\t\t\t\t\t<\/div>\n\t\t<\/section>\n\t\t\t\t\t\t\t\t\t<\/div>\n\t\t\t<\/div>\n\t\t\t\t\t<\/div>\n\t\t","protected":false},"excerpt":{"rendered":"<p>Rijeka Drina Rijeka Drina Drina po\u010dinje od u\u0161\u0107a rijeka Tare i Pive, gdje obje teku iz Crne Gore i konvergiraju na granicu Bosne i Hercegovine, u Humu i \u0160\u0107epan Polju. Rijeka Drina smatra se jednim od najljep\u0161ih rijeka na zapadnom &hellip; <a href=\"https:\/\/divljarijeka.com\/sr\/tour\/rafting-drinom\/\">Read More<\/a><\/p>\n","protected":false},"author":6,"featured_media":0,"parent":1893,"menu_order":8,"comment_status":"closed","ping_status":"closed","template":"","meta":{"inline_featured_image":false,"footnotes":""},"class_list":["post-1911","page","type-page","status-publish","hentry"],"yoast_head":"<!-- This site is optimized with the Yoast SEO Premium plugin v27.4 (Yoast SEO v27.4) - https:\/\/yoast.com\/product\/yoast-seo-premium-wordpress\/ -->\n<title>Reka Drina - Rafting Tara Divlja Rijeka<\/title>\n<meta name=\"robots\" content=\"index, follow, max-snippet:-1, max-image-preview:large, max-video-preview:-1\" \/>\n<link rel=\"canonical\" href=\"https:\/\/divljarijeka.com\/sr\/atrakcije\/reka-drina\/\" \/>\n<meta property=\"og:locale\" content=\"sr_RS\" \/>\n<meta property=\"og:type\" content=\"article\" \/>\n<meta property=\"og:title\" content=\"Reka Drina\" \/>\n<meta property=\"og:description\" content=\"Rijeka Drina Rijeka Drina Drina po\u010dinje od u\u0161\u0107a rijeka Tare i Pive, gdje obje teku iz Crne Gore i konvergiraju na granicu Bosne i Hercegovine, u Humu i \u0160\u0107epan Polju. Rijeka Drina smatra se jednim od najljep\u0161ih rijeka na zapadnom &hellip; Read More\" \/>\n<meta property=\"og:url\" content=\"https:\/\/divljarijeka.com\/sr\/atrakcije\/reka-drina\/\" \/>\n<meta property=\"og:site_name\" content=\"Rafting Tara Divlja Rijeka\" \/>\n<meta property=\"article:publisher\" content=\"https:\/\/www.facebook.com\/kampdivljarijeka\/\" \/>\n<meta property=\"article:modified_time\" content=\"2023-03-15T17:30:10+00:00\" \/>\n<meta property=\"og:image\" content=\"https:\/\/divljarijeka.com\/wp-content\/uploads\/2018\/04\/kayaking-on-drina-003-605x605.jpg\" \/>\n<meta name=\"twitter:card\" content=\"summary_large_image\" \/>\n<meta name=\"twitter:site\" content=\"@DivljaRijeka\" \/>\n<meta name=\"twitter:label1\" content=\"\u041f\u0440\u043e\u0446\u0435\u045a\u0435\u043d\u043e \u0432\u0440\u0435\u043c\u0435 \u0447\u0438\u0442\u0430\u045a\u0430\" \/>\n\t<meta name=\"twitter:data1\" content=\"1 \u043c\u0438\u043d\u0443\u0442\" \/>\n<script type=\"application\/ld+json\" class=\"yoast-schema-graph\">{\"@context\":\"https:\\\/\\\/schema.org\",\"@graph\":[{\"@type\":\"WebPage\",\"@id\":\"https:\\\/\\\/divljarijeka.com\\\/sr\\\/atrakcije\\\/reka-drina\\\/\",\"url\":\"https:\\\/\\\/divljarijeka.com\\\/sr\\\/atrakcije\\\/reka-drina\\\/\",\"name\":\"Reka Drina - Rafting Tara Divlja Rijeka\",\"isPartOf\":{\"@id\":\"https:\\\/\\\/divljarijeka.com\\\/sr\\\/#website\"},\"primaryImageOfPage\":{\"@id\":\"https:\\\/\\\/divljarijeka.com\\\/sr\\\/atrakcije\\\/reka-drina\\\/#primaryimage\"},\"image\":{\"@id\":\"https:\\\/\\\/divljarijeka.com\\\/sr\\\/atrakcije\\\/reka-drina\\\/#primaryimage\"},\"thumbnailUrl\":\"https:\\\/\\\/divljarijeka.com\\\/wp-content\\\/uploads\\\/2018\\\/04\\\/kayaking-on-drina-003-605x605.jpg\",\"datePublished\":\"2018-08-03T14:03:11+00:00\",\"dateModified\":\"2023-03-15T17:30:10+00:00\",\"breadcrumb\":{\"@id\":\"https:\\\/\\\/divljarijeka.com\\\/sr\\\/atrakcije\\\/reka-drina\\\/#breadcrumb\"},\"inLanguage\":\"sr-RS\",\"potentialAction\":[{\"@type\":\"ReadAction\",\"target\":[\"https:\\\/\\\/divljarijeka.com\\\/sr\\\/atrakcije\\\/reka-drina\\\/\"]}]},{\"@type\":\"ImageObject\",\"inLanguage\":\"sr-RS\",\"@id\":\"https:\\\/\\\/divljarijeka.com\\\/sr\\\/atrakcije\\\/reka-drina\\\/#primaryimage\",\"url\":\"https:\\\/\\\/divljarijeka.com\\\/wp-content\\\/uploads\\\/2018\\\/04\\\/kayaking-on-drina-003-605x605.jpg\",\"contentUrl\":\"https:\\\/\\\/divljarijeka.com\\\/wp-content\\\/uploads\\\/2018\\\/04\\\/kayaking-on-drina-003-605x605.jpg\"},{\"@type\":\"BreadcrumbList\",\"@id\":\"https:\\\/\\\/divljarijeka.com\\\/sr\\\/atrakcije\\\/reka-drina\\\/#breadcrumb\",\"itemListElement\":[{\"@type\":\"ListItem\",\"position\":1,\"name\":\"Home\",\"item\":\"https:\\\/\\\/divljarijeka.com\\\/sr\\\/\"},{\"@type\":\"ListItem\",\"position\":2,\"name\":\"Atrakcije\",\"item\":\"https:\\\/\\\/divljarijeka.com\\\/sr\\\/atrakcije\\\/\"},{\"@type\":\"ListItem\",\"position\":3,\"name\":\"Reka Drina\"}]},{\"@type\":\"WebSite\",\"@id\":\"https:\\\/\\\/divljarijeka.com\\\/sr\\\/#website\",\"url\":\"https:\\\/\\\/divljarijeka.com\\\/sr\\\/\",\"name\":\"Rafting Tara Divlja Rijeka\",\"description\":\"\",\"publisher\":{\"@id\":\"https:\\\/\\\/divljarijeka.com\\\/sr\\\/#organization\"},\"potentialAction\":[{\"@type\":\"SearchAction\",\"target\":{\"@type\":\"EntryPoint\",\"urlTemplate\":\"https:\\\/\\\/divljarijeka.com\\\/sr\\\/?s={search_term_string}\"},\"query-input\":{\"@type\":\"PropertyValueSpecification\",\"valueRequired\":true,\"valueName\":\"search_term_string\"}}],\"inLanguage\":\"sr-RS\"},{\"@type\":\"Organization\",\"@id\":\"https:\\\/\\\/divljarijeka.com\\\/sr\\\/#organization\",\"name\":\"Rafting Tara Divlja Rijeka\",\"url\":\"https:\\\/\\\/divljarijeka.com\\\/sr\\\/\",\"logo\":{\"@type\":\"ImageObject\",\"inLanguage\":\"sr-RS\",\"@id\":\"https:\\\/\\\/divljarijeka.com\\\/sr\\\/#\\\/schema\\\/logo\\\/image\\\/\",\"url\":\"https:\\\/\\\/divljarijeka.com\\\/wp-content\\\/uploads\\\/2018\\\/08\\\/cropped-divlja-rijeka-rafting-publisher.png\",\"contentUrl\":\"https:\\\/\\\/divljarijeka.com\\\/wp-content\\\/uploads\\\/2018\\\/08\\\/cropped-divlja-rijeka-rafting-publisher.png\",\"width\":104,\"height\":60,\"caption\":\"Rafting Tara Divlja Rijeka\"},\"image\":{\"@id\":\"https:\\\/\\\/divljarijeka.com\\\/sr\\\/#\\\/schema\\\/logo\\\/image\\\/\"},\"sameAs\":[\"https:\\\/\\\/www.facebook.com\\\/kampdivljarijeka\\\/\",\"https:\\\/\\\/x.com\\\/DivljaRijeka\",\"https:\\\/\\\/www.instagram.com\\\/kampdivljarijeka\\\/\"]}]}<\/script>\n<!-- \/ Yoast SEO Premium plugin. -->","yoast_head_json":{"title":"Reka Drina - Rafting Tara Divlja Rijeka","robots":{"index":"index","follow":"follow","max-snippet":"max-snippet:-1","max-image-preview":"max-image-preview:large","max-video-preview":"max-video-preview:-1"},"canonical":"https:\/\/divljarijeka.com\/sr\/atrakcije\/reka-drina\/","og_locale":"sr_RS","og_type":"article","og_title":"Reka Drina","og_description":"Rijeka Drina Rijeka Drina Drina po\u010dinje od u\u0161\u0107a rijeka Tare i Pive, gdje obje teku iz Crne Gore i konvergiraju na granicu Bosne i Hercegovine, u Humu i \u0160\u0107epan Polju. Rijeka Drina smatra se jednim od najljep\u0161ih rijeka na zapadnom &hellip; Read More","og_url":"https:\/\/divljarijeka.com\/sr\/atrakcije\/reka-drina\/","og_site_name":"Rafting Tara Divlja Rijeka","article_publisher":"https:\/\/www.facebook.com\/kampdivljarijeka\/","article_modified_time":"2023-03-15T17:30:10+00:00","og_image":[{"url":"https:\/\/divljarijeka.com\/wp-content\/uploads\/2018\/04\/kayaking-on-drina-003-605x605.jpg","type":"","width":"","height":""}],"twitter_card":"summary_large_image","twitter_site":"@DivljaRijeka","twitter_misc":{"\u041f\u0440\u043e\u0446\u0435\u045a\u0435\u043d\u043e \u0432\u0440\u0435\u043c\u0435 \u0447\u0438\u0442\u0430\u045a\u0430":"1 \u043c\u0438\u043d\u0443\u0442"},"schema":{"@context":"https:\/\/schema.org","@graph":[{"@type":"WebPage","@id":"https:\/\/divljarijeka.com\/sr\/atrakcije\/reka-drina\/","url":"https:\/\/divljarijeka.com\/sr\/atrakcije\/reka-drina\/","name":"Reka Drina - Rafting Tara Divlja Rijeka","isPartOf":{"@id":"https:\/\/divljarijeka.com\/sr\/#website"},"primaryImageOfPage":{"@id":"https:\/\/divljarijeka.com\/sr\/atrakcije\/reka-drina\/#primaryimage"},"image":{"@id":"https:\/\/divljarijeka.com\/sr\/atrakcije\/reka-drina\/#primaryimage"},"thumbnailUrl":"https:\/\/divljarijeka.com\/wp-content\/uploads\/2018\/04\/kayaking-on-drina-003-605x605.jpg","datePublished":"2018-08-03T14:03:11+00:00","dateModified":"2023-03-15T17:30:10+00:00","breadcrumb":{"@id":"https:\/\/divljarijeka.com\/sr\/atrakcije\/reka-drina\/#breadcrumb"},"inLanguage":"sr-RS","potentialAction":[{"@type":"ReadAction","target":["https:\/\/divljarijeka.com\/sr\/atrakcije\/reka-drina\/"]}]},{"@type":"ImageObject","inLanguage":"sr-RS","@id":"https:\/\/divljarijeka.com\/sr\/atrakcije\/reka-drina\/#primaryimage","url":"https:\/\/divljarijeka.com\/wp-content\/uploads\/2018\/04\/kayaking-on-drina-003-605x605.jpg","contentUrl":"https:\/\/divljarijeka.com\/wp-content\/uploads\/2018\/04\/kayaking-on-drina-003-605x605.jpg"},{"@type":"BreadcrumbList","@id":"https:\/\/divljarijeka.com\/sr\/atrakcije\/reka-drina\/#breadcrumb","itemListElement":[{"@type":"ListItem","position":1,"name":"Home","item":"https:\/\/divljarijeka.com\/sr\/"},{"@type":"ListItem","position":2,"name":"Atrakcije","item":"https:\/\/divljarijeka.com\/sr\/atrakcije\/"},{"@type":"ListItem","position":3,"name":"Reka Drina"}]},{"@type":"WebSite","@id":"https:\/\/divljarijeka.com\/sr\/#website","url":"https:\/\/divljarijeka.com\/sr\/","name":"Rafting Tara Divlja Rijeka","description":"","publisher":{"@id":"https:\/\/divljarijeka.com\/sr\/#organization"},"potentialAction":[{"@type":"SearchAction","target":{"@type":"EntryPoint","urlTemplate":"https:\/\/divljarijeka.com\/sr\/?s={search_term_string}"},"query-input":{"@type":"PropertyValueSpecification","valueRequired":true,"valueName":"search_term_string"}}],"inLanguage":"sr-RS"},{"@type":"Organization","@id":"https:\/\/divljarijeka.com\/sr\/#organization","name":"Rafting Tara Divlja Rijeka","url":"https:\/\/divljarijeka.com\/sr\/","logo":{"@type":"ImageObject","inLanguage":"sr-RS","@id":"https:\/\/divljarijeka.com\/sr\/#\/schema\/logo\/image\/","url":"https:\/\/divljarijeka.com\/wp-content\/uploads\/2018\/08\/cropped-divlja-rijeka-rafting-publisher.png","contentUrl":"https:\/\/divljarijeka.com\/wp-content\/uploads\/2018\/08\/cropped-divlja-rijeka-rafting-publisher.png","width":104,"height":60,"caption":"Rafting Tara Divlja Rijeka"},"image":{"@id":"https:\/\/divljarijeka.com\/sr\/#\/schema\/logo\/image\/"},"sameAs":["https:\/\/www.facebook.com\/kampdivljarijeka\/","https:\/\/x.com\/DivljaRijeka","https:\/\/www.instagram.com\/kampdivljarijeka\/"]}]}},"_links":{"self":[{"href":"https:\/\/divljarijeka.com\/sr\/wp-json\/wp\/v2\/pages\/1911","targetHints":{"allow":["GET"]}}],"collection":[{"href":"https:\/\/divljarijeka.com\/sr\/wp-json\/wp\/v2\/pages"}],"about":[{"href":"https:\/\/divljarijeka.com\/sr\/wp-json\/wp\/v2\/types\/page"}],"author":[{"embeddable":true,"href":"https:\/\/divljarijeka.com\/sr\/wp-json\/wp\/v2\/users\/6"}],"replies":[{"embeddable":true,"href":"https:\/\/divljarijeka.com\/sr\/wp-json\/wp\/v2\/comments?post=1911"}],"version-history":[{"count":0,"href":"https:\/\/divljarijeka.com\/sr\/wp-json\/wp\/v2\/pages\/1911\/revisions"}],"up":[{"embeddable":true,"href":"https:\/\/divljarijeka.com\/sr\/wp-json\/wp\/v2\/pages\/1893"}],"wp:attachment":[{"href":"https:\/\/divljarijeka.com\/sr\/wp-json\/wp\/v2\/media?parent=1911"}],"curies":[{"name":"wp","href":"https:\/\/api.w.org\/{rel}","templated":true}]}}